{"id":311,"date":"2020-03-05T08:53:30","date_gmt":"2020-03-05T08:53:30","guid":{"rendered":"https:\/\/blogsaverroes.juntadeandalucia.es\/ceipferrobus\/?page_id=311"},"modified":"2022-11-10T18:20:17","modified_gmt":"2022-11-10T18:20:17","slug":"proyecto-educativo","status":"publish","type":"page","link":"https:\/\/blogsaverroes.juntadeandalucia.es\/ceipferrobus\/proyecto-educativo\/","title":{"rendered":"Proyecto Educativo"},"content":{"rendered":"<p>DOCUMENTOS DEL PROYECTO EDUCATIVO DE CENTRO. CURSO 2022\/2023<\/p>\n<p>El Proyecto educativo es un documento prolijo y vivo que est\u00e1 continuamente en revisi\u00f3n y actualizaci\u00f3n. Algunos de los documentos est\u00e1n pendientes de actualizaci\u00f3n conforme a la LOMLOE.<\/p>\n<p><a href=\"https:\/\/blogsaverroes.juntadeandalucia.es\/ceipferrobus\/proyecto-educativo\/documento-1-objetivos-propios-para-la-mejora-del-rendimiento-escolar\/\" rel=\"attachment wp-att-746\">DOCUMENTO 1.- OBJETIVOS PROPIOS PARA LA MEJORA DEL RENDIMIENTO ESCOLAR (2019)<\/a><\/p>\n<p><a href=\"https:\/\/blogsaverroes.juntadeandalucia.es\/ceipferrobus\/proyecto-educativo\/documento-2-lineas-generales-de-actuacion-pedagogica-copia\/\" rel=\"attachment wp-att-747\">DOCUMENTO 2.-LINEAS GENERALES DE ACTUACI\u00d3N PEDAG\u00d3GICA (2012)<\/a><\/p>\n<p><a href=\"https:\/\/blogsaverroes.juntadeandalucia.es\/ceipferrobus\/proyecto-educativo\/documento-3-coordinacion-y-concrecion-de-los-contenidos-curriculares-copia\/\" rel=\"attachment wp-att-748\">DOCUMENTO 3.- COORDINACI\u00d3N Y CONCRECI\u00d3N DE LOS CONTENIDOS CURRICULARES (2012)<\/a><\/p>\n<p><a href=\"https:\/\/blogsaverroes.juntadeandalucia.es\/ceipferrobus\/proyecto-educativo\/documento-3-7-curriculo-de-educacion-infantil-copia-2\/\" rel=\"attachment wp-att-778\">DOCUMENTO 3.1 .- Curr\u00edculo de Educacion infantil (2012)<\/a><\/p>\n<p><a href=\"https:\/\/blogsaverroes.juntadeandalucia.es\/ceipferrobus\/proyecto-educativo\/documento-3-8-curriculo-de-1o-ciclo\/\" rel=\"attachment wp-att-750\">DOCUMENTO 3.2 .-Curr\u00edculo de 1\u00ba ciclo (2012)<\/a><\/p>\n<p><a href=\"https:\/\/blogsaverroes.juntadeandalucia.es\/ceipferrobus\/proyecto-educativo\/documento-3-9-curriculo-de-2o-ciclo\/\" rel=\"attachment wp-att-751\">DOCUMENTO 3.3 .-Curr\u00edculo de 2\u00ba ciclo (2012)<\/a><\/p>\n<p><a href=\"https:\/\/blogsaverroes.juntadeandalucia.es\/ceipferrobus\/proyecto-educativo\/documento-3-10-curriculo-de-3o-ciclo\/\" rel=\"attachment wp-att-752\">DOCUMENTO 3.4. Curr\u00edculo de 3\u00ba ciclo (2012)<\/a><\/p>\n<p><a href=\"https:\/\/blogsaverroes.juntadeandalucia.es\/ceipferrobus\/proyecto-educativo\/documento-4-los-criterios-pedagogicos\/\" rel=\"attachment wp-att-753\">DOCUMENTO 4.- Los criterios pedag\u00f3gicos (2012)<\/a><\/p>\n<p><a href=\"https:\/\/blogsaverroes.juntadeandalucia.es\/ceipferrobus\/proyecto-educativo\/documento-5-procedimientos-y-criterios-de-evaluacion-revision-21-22\/\" rel=\"attachment wp-att-754\">DOCUMENTO 5. Procedimientos y criterios de evaluaci\u00f3n Revisi\u00f3n 21-22 (2022)<\/a><\/p>\n<p><a href=\"https:\/\/blogsaverroes.juntadeandalucia.es\/ceipferrobus\/proyecto-educativo\/documento-5-1-criterios-de-evaluacion-1o-ciclo-colores\/\" rel=\"attachment wp-att-755\">DOCUMENTO 5.1. CRITERIOS DE EVALUACI\u00d3N 1\u00ba CICLO (2022)<\/a><\/p>\n<p><a href=\"https:\/\/blogsaverroes.juntadeandalucia.es\/ceipferrobus\/proyecto-educativo\/documento-5-2-criterios-de-evaluacion-2o-ciclo-completo\/\" rel=\"attachment wp-att-756\">DOCUMENTO 5.2. CRITERIOS DE EVALUACI\u00d3N 2\u00ba CICLO COMPLETO (2022)<\/a><\/p>\n<p><a href=\"https:\/\/blogsaverroes.juntadeandalucia.es\/ceipferrobus\/proyecto-educativo\/documento-5-3-criterios-de-evaluacion-3o-ciclo-completo\/\" rel=\"attachment wp-att-757\">DOCUMENTO 5.3. CRITERIOS DE EVALUACI\u00d3N 3\u00ba CICLO (2022)<\/a><\/p>\n<p><a href=\"https:\/\/blogsaverroes.juntadeandalucia.es\/ceipferrobus\/proyecto-educativo\/documento-5-4-areas-diversas-para-proyecto-educativo\/\" rel=\"attachment wp-att-758\">DOCUMENTO 5.4. \u00c1REAS DIVERSAS PARA PROYECTO EDUCATIVO (2022)<\/a><\/p>\n<p><a href=\"https:\/\/blogsaverroes.juntadeandalucia.es\/ceipferrobus\/proyecto-educativo\/documento-6-la-forma-de-atencion-a-la-diversidad\/\" rel=\"attachment wp-att-759\">DOCUMENTO 6. La forma de atenci\u00f3n a la diversidad (2022)<\/a><\/p>\n<p><a href=\"https:\/\/blogsaverroes.juntadeandalucia.es\/ceipferrobus\/proyecto-educativo\/documento-7-7-organizacion-de-las-actividades-de-refuerzo-y-recuperacion\/\" rel=\"attachment wp-att-760\">DOCUMENTO 7.-7. Organizaci\u00f3n de las actividades de refuerzo y recuperaci\u00f3n&nbsp; (2022)<\/a><\/p>\n<p><a href=\"https:\/\/blogsaverroes.juntadeandalucia.es\/ceipferrobus\/proyecto-educativo\/documento-8-plan-de-orientacion-y-accion-tutorial-2\/\" rel=\"attachment wp-att-761\">DOCUMENTO 8. Plan de orientaci\u00f3n y acci\u00f3n tutorial (2022)<\/a><\/p>\n<p><a href=\"https:\/\/blogsaverroes.juntadeandalucia.es\/ceipferrobus\/proyecto-educativo\/documento-9-procedimientos-para-suscribir-compromisos-con-la-familia\/\" rel=\"attachment wp-att-762\">DOCUMENTO 9.- Procedimientos para suscribir compromisos con la familia (2022)<\/a><\/p>\n<p><a href=\"https:\/\/blogsaverroes.juntadeandalucia.es\/ceipferrobus\/proyecto-educativo\/documento-10-plan-de-convivencia-proceso22-23\/\" rel=\"attachment wp-att-763\">DOCUMENTO 10.- Plan de convivencia. (2022)<\/a><\/p>\n<p><a href=\"https:\/\/blogsaverroes.juntadeandalucia.es\/ceipferrobus\/proyecto-educativo\/documento-11-plan-de-formacion-del-profesorado-y-plan-tde-21-22proceso\/\" rel=\"attachment wp-att-764\">DOCUMENTO 11. Plan de formaci\u00f3n del profesorado y Plan TDE (2022)<\/a><\/p>\n<p><a href=\"https:\/\/blogsaverroes.juntadeandalucia.es\/ceipferrobus\/proyecto-educativo\/documento-12-los-criterios-para-organizar-y-distribuir-el-tiempo-escolar\/\" rel=\"attachment wp-att-765\">DOCUMENTO 12. Los criterios para organizar y distribuir el tiempo escolar (2022)<\/a><\/p>\n<p><a href=\"https:\/\/blogsaverroes.juntadeandalucia.es\/ceipferrobus\/proyecto-educativo\/documento-13-procedimientos-de-evaluacion-interna-rev-20-21\/\" rel=\"attachment wp-att-766\">DOCUMENTO 13. Procedimientos de evaluaci\u00f3n interna (2021)<\/a><\/p>\n<p><a href=\"https:\/\/blogsaverroes.juntadeandalucia.es\/ceipferrobus\/proyecto-educativo\/documento-14-los-criterios-para-establecer-los-agrupamientos-del-alumnado\/\" rel=\"attachment wp-att-767\">DOCUMENTO 14.- Los criterios para establecer los agrupamientos del alumnado<\/a><\/p>\n<p><a href=\"https:\/\/blogsaverroes.juntadeandalucia.es\/ceipferrobus\/proyecto-educativo\/documento-15-criterios-generales-para-elaborar-las-programaciones-y-criterio-para-la-seleccion-de-libros-de-texto\/\" rel=\"attachment wp-att-768\">DOCUMENTO 15.- Criterios generales para elaborar las programaciones y criterio&nbsp; para la selecci\u00f3n de libros de texto (2022)<\/a><\/p>\n<p><a href=\"https:\/\/blogsaverroes.juntadeandalucia.es\/ceipferrobus\/proyecto-educativo\/documento-16-planes-estrategicos-que-se-desarrollan-en-el-centro-proceso\/\" rel=\"attachment wp-att-769\">DOCUMENTO 16. Planes estrat\u00e9gicos que se desarrollan en el centro (2022)<\/a><\/p>\n<p><a href=\"https:\/\/blogsaverroes.juntadeandalucia.es\/ceipferrobus\/proyecto-educativo\/plan-de-gestion-ferrobus-20-21\/\" rel=\"attachment wp-att-770\">PLAN DE GESTION FERROBUS 20-21<\/a> <a href=\"https:\/\/blogsaverroes.juntadeandalucia.es\/ceipferrobus\/proyecto-educativo\/plc-ceip-ferrobus-revision21-22proceso\/\" rel=\"attachment wp-att-771\">PLC CEIP FERROB\u00daS (2022)<\/a><\/p>\n<p><a href=\"https:\/\/blogsaverroes.juntadeandalucia.es\/ceipferrobus\/proyecto-educativo\/plc-ceip-ferrobus-revision21-22proceso\/\" rel=\"attachment wp-att-771\">PROCESO<\/a> <a href=\"https:\/\/blogsaverroes.juntadeandalucia.es\/ceipferrobus\/proyecto-educativo\/proyecto-bilingue-ceip-ferrobus-1\/\" rel=\"attachment wp-att-772\">Proyecto biling\u00fce-CEIP Ferrob\u00fas (2021)<\/a><\/p>\n<p>&nbsp;<\/p>\n<p>&nbsp;<\/p>\n<p>&nbsp; &nbsp; &nbsp; &nbsp; &nbsp; &nbsp; &nbsp; &nbsp; &nbsp;<\/p>\n<p>&nbsp;<\/p>\n<p>&nbsp;<\/p>\n","protected":false},"excerpt":{"rendered":"<p>DOCUMENTOS DEL PROYECTO EDUCATIVO DE CENTRO. CURSO 2022\/2023 El Proyecto educativo es un documento prolijo y vivo que est\u00e1 continuamente en revisi\u00f3n y actualizaci\u00f3n. Algunos de los documentos est\u00e1n pendientes de actualizaci\u00f3n conforme a&#46;&#46;&#46;<\/p>\n","protected":false},"author":4989,"featured_media":0,"parent":0,"menu_order":0,"comment_status":"closed","ping_status":"closed","template":"","meta":{"ngg_post_thumbnail":0,"footnotes":""},"aioseo_notices":[],"_links":{"self":[{"href":"https:\/\/blogsaverroes.juntadeandalucia.es\/ceipferrobus\/wp-json\/wp\/v2\/pages\/311"}],"collection":[{"href":"https:\/\/blogsaverroes.juntadeandalucia.es\/ceipferrobus\/wp-json\/wp\/v2\/pages"}],"about":[{"href":"https:\/\/blogsaverroes.juntadeandalucia.es\/ceipferrobus\/wp-json\/wp\/v2\/types\/page"}],"author":[{"embeddable":true,"href":"https:\/\/blogsaverroes.juntadeandalucia.es\/ceipferrobus\/wp-json\/wp\/v2\/users\/4989"}],"replies":[{"embeddable":true,"href":"https:\/\/blogsaverroes.juntadeandalucia.es\/ceipferrobus\/wp-json\/wp\/v2\/comments?post=311"}],"version-history":[{"count":7,"href":"https:\/\/blogsaverroes.juntadeandalucia.es\/ceipferrobus\/wp-json\/wp\/v2\/pages\/311\/revisions"}],"predecessor-version":[{"id":779,"href":"https:\/\/blogsaverroes.juntadeandalucia.es\/ceipferrobus\/wp-json\/wp\/v2\/pages\/311\/revisions\/779"}],"wp:attachment":[{"href":"https:\/\/blogsaverroes.juntadeandalucia.es\/ceipferrobus\/wp-json\/wp\/v2\/media?parent=311"}],"curies":[{"name":"wp","href":"https:\/\/api.w.org\/{rel}","templated":true}]}}