{"id":350,"date":"2020-03-26T10:48:40","date_gmt":"2020-03-26T10:48:40","guid":{"rendered":"https:\/\/blogsaverroes.juntadeandalucia.es\/ceipferrobus\/?page_id=350"},"modified":"2020-10-19T15:25:39","modified_gmt":"2020-10-19T15:25:39","slug":"videos","status":"publish","type":"page","link":"https:\/\/blogsaverroes.juntadeandalucia.es\/ceipferrobus\/videos\/","title":{"rendered":"V\u00cdDEOS"},"content":{"rendered":"<p><img loading=\"lazy\" decoding=\"async\" class=\"aligncenter  wp-image-447\" src=\"https:\/\/blogsaverroes.juntadeandalucia.es\/ceipferrobus\/files\/2020\/10\/reproductor-de-video-150x150.png\" alt=\"\" width=\"102\" height=\"102\" srcset=\"https:\/\/blogsaverroes.juntadeandalucia.es\/ceipferrobus\/files\/2020\/10\/reproductor-de-video-150x150.png 150w, https:\/\/blogsaverroes.juntadeandalucia.es\/ceipferrobus\/files\/2020\/10\/reproductor-de-video-300x300.png 300w, https:\/\/blogsaverroes.juntadeandalucia.es\/ceipferrobus\/files\/2020\/10\/reproductor-de-video-100x100.png 100w, https:\/\/blogsaverroes.juntadeandalucia.es\/ceipferrobus\/files\/2020\/10\/reproductor-de-video-24x24.png 24w, https:\/\/blogsaverroes.juntadeandalucia.es\/ceipferrobus\/files\/2020\/10\/reproductor-de-video-36x36.png 36w, https:\/\/blogsaverroes.juntadeandalucia.es\/ceipferrobus\/files\/2020\/10\/reproductor-de-video-48x48.png 48w, https:\/\/blogsaverroes.juntadeandalucia.es\/ceipferrobus\/files\/2020\/10\/reproductor-de-video.png 512w\" sizes=\"(max-width: 102px) 100vw, 102px\" \/><\/p>\n<p>D\u00cdA MUNDIAL DE CONCIENCIACI\u00d3N SOBRE EL AUTISMO<a href=\"https:\/\/www.youtube.com\/watch?v=2PlqncbVPGU\"><iframe loading=\"lazy\" src=\"\/\/www.youtube.com\/embed\/2PlqncbVPGU\" width=\"560\" height=\"314\"><\/iframe>o<\/a><\/p>\n<p>&nbsp;<\/p>\n<p>&nbsp;<\/p>\n<p>D\u00cdA MUNDIAL DEL S\u00cdNDROME DE DOWN<\/p>\n<p><iframe loading=\"lazy\" title=\"21 MARZO 2020  S\u00cdNDROME DE DOWN   CEIP FERROB\u00daS\" width=\"500\" height=\"281\" src=\"https:\/\/www.youtube.com\/embed\/65i47UIQFBQ?feature=oembed&#038;wmode=opaque\" frameborder=\"0\" allow=\"accelerometer; autoplay; clipboard-write; encrypted-media; gyroscope; picture-in-picture; web-share\" referrerpolicy=\"strict-origin-when-cross-origin\" allowfullscreen><\/iframe><\/p>\n<p><a href=\"https:\/\/www.youtube.com\/watch?v=65i47UIQFBQ\">https:\/\/www.youtube.com\/watch?v=65i47UIQFBQ<\/a><\/p>\n<p>&nbsp;<\/p>\n<p>&nbsp;<\/p>\n<div class=\"copy-wrapper hide-phone--xs\">\n<div class=\"row copy-holder\"><span class=\"attribution_text\" style=\"font-size: 8pt\">&lt;div&gt;Iconos dise\u00f1ados por &lt;a href=\u00bbhttps:\/\/www.flaticon.es\/autores\/freepik\u00bb title=\u00bbFreepik\u00bb&gt;Freepik&lt;\/a&gt; from &lt;a href=\u00bbhttps:\/\/www.flaticon.es\/\u00bb title=\u00bbFlaticon\u00bb&gt;www.flaticon.es&lt;\/a&gt;&lt;\/div&gt;<\/span><\/div>\n<\/div>\n","protected":false},"excerpt":{"rendered":"<p>D\u00cdA MUNDIAL DE CONCIENCIACI\u00d3N SOBRE EL AUTISMOo &nbsp; &nbsp; D\u00cdA MUNDIAL DEL S\u00cdNDROME DE DOWN https:\/\/www.youtube.com\/watch?v=65i47UIQFBQ &nbsp; &nbsp; &lt;div&gt;Iconos dise\u00f1ados por &lt;a href=\u00bbhttps:\/\/www.flaticon.es\/autores\/freepik\u00bb title=\u00bbFreepik\u00bb&gt;Freepik&lt;\/a&gt; from &lt;a href=\u00bbhttps:\/\/www.flaticon.es\/\u00bb title=\u00bbFlaticon\u00bb&gt;www.flaticon.es&lt;\/a&gt;&lt;\/div&gt;<\/p>\n","protected":false},"author":4989,"featured_media":0,"parent":0,"menu_order":0,"comment_status":"closed","ping_status":"closed","template":"","meta":{"ngg_post_thumbnail":0,"footnotes":""},"aioseo_notices":[],"_links":{"self":[{"href":"https:\/\/blogsaverroes.juntadeandalucia.es\/ceipferrobus\/wp-json\/wp\/v2\/pages\/350"}],"collection":[{"href":"https:\/\/blogsaverroes.juntadeandalucia.es\/ceipferrobus\/wp-json\/wp\/v2\/pages"}],"about":[{"href":"https:\/\/blogsaverroes.juntadeandalucia.es\/ceipferrobus\/wp-json\/wp\/v2\/types\/page"}],"author":[{"embeddable":true,"href":"https:\/\/blogsaverroes.juntadeandalucia.es\/ceipferrobus\/wp-json\/wp\/v2\/users\/4989"}],"replies":[{"embeddable":true,"href":"https:\/\/blogsaverroes.juntadeandalucia.es\/ceipferrobus\/wp-json\/wp\/v2\/comments?post=350"}],"version-history":[{"count":6,"href":"https:\/\/blogsaverroes.juntadeandalucia.es\/ceipferrobus\/wp-json\/wp\/v2\/pages\/350\/revisions"}],"predecessor-version":[{"id":449,"href":"https:\/\/blogsaverroes.juntadeandalucia.es\/ceipferrobus\/wp-json\/wp\/v2\/pages\/350\/revisions\/449"}],"wp:attachment":[{"href":"https:\/\/blogsaverroes.juntadeandalucia.es\/ceipferrobus\/wp-json\/wp\/v2\/media?parent=350"}],"curies":[{"name":"wp","href":"https:\/\/api.w.org\/{rel}","templated":true}]}}