{"id":411,"date":"2020-10-17T12:09:13","date_gmt":"2020-10-17T12:09:13","guid":{"rendered":"https:\/\/blogsaverroes.juntadeandalucia.es\/ceipferrobus\/?page_id=411"},"modified":"2026-02-11T15:52:10","modified_gmt":"2026-02-11T15:52:10","slug":"contactos-profesorado","status":"publish","type":"page","link":"https:\/\/blogsaverroes.juntadeandalucia.es\/ceipferrobus\/contactos-profesorado\/","title":{"rendered":"CONTACTOS PROFESORADO"},"content":{"rendered":"<p><img loading=\"lazy\" decoding=\"async\" class=\"aligncenter wp-image-426\" src=\"https:\/\/blogsaverroes.juntadeandalucia.es\/ceipferrobus\/files\/2020\/10\/mensajes-de-correo-electronico-150x150.png\" alt=\"\" width=\"160\" height=\"160\" srcset=\"https:\/\/blogsaverroes.juntadeandalucia.es\/ceipferrobus\/files\/2020\/10\/mensajes-de-correo-electronico-150x150.png 150w, https:\/\/blogsaverroes.juntadeandalucia.es\/ceipferrobus\/files\/2020\/10\/mensajes-de-correo-electronico-300x300.png 300w, https:\/\/blogsaverroes.juntadeandalucia.es\/ceipferrobus\/files\/2020\/10\/mensajes-de-correo-electronico-100x100.png 100w, https:\/\/blogsaverroes.juntadeandalucia.es\/ceipferrobus\/files\/2020\/10\/mensajes-de-correo-electronico-24x24.png 24w, https:\/\/blogsaverroes.juntadeandalucia.es\/ceipferrobus\/files\/2020\/10\/mensajes-de-correo-electronico-36x36.png 36w, https:\/\/blogsaverroes.juntadeandalucia.es\/ceipferrobus\/files\/2020\/10\/mensajes-de-correo-electronico-48x48.png 48w, https:\/\/blogsaverroes.juntadeandalucia.es\/ceipferrobus\/files\/2020\/10\/mensajes-de-correo-electronico.png 512w\" sizes=\"(max-width: 160px) 100vw, 160px\" \/><\/p>\n<p>EQUIPO DIRECTIVO<\/p>\n<ul>\n<li>Directora: Ana ;\u00aa Mu\u00f1oz Doblado&nbsp; &nbsp; &nbsp; &nbsp; &nbsp; &nbsp; &nbsp; &nbsp; &nbsp; &nbsp; &nbsp; &nbsp; &nbsp; amundob851@g.educaand.es<\/li>\n<li>Jefa de estudios: M\u00aa Angustias&nbsp; Quiles Burgos&nbsp; &nbsp; &nbsp; mquibur328@g.educaand.es<\/li>\n<li>Secretaria:&nbsp; Yolanda Heredia Valenzuela &nbsp; &nbsp; &nbsp;yherval927@g.educaand.es &nbsp; &nbsp; &nbsp; &nbsp; &nbsp; &nbsp; &nbsp; &nbsp; &nbsp; &nbsp; &nbsp;<\/li>\n<\/ul>\n<p>&nbsp;<\/p>\n<p>EDUCACI\u00d3N INFANTIL<\/p>\n<p>&nbsp;<\/p>\n<p>&nbsp;<\/p>\n<ul>\n<li>Tutora EI 3 a\u00f1os: Ana Luz Adri\u00e1n Borrallo&nbsp; &nbsp; &nbsp; &nbsp; &nbsp; &nbsp; &nbsp; &nbsp; &nbsp; &nbsp; aadrbor561@g.educaand.es<\/li>\n<li>Tutora EI 4 a\u00f1os: Yolanda Heredia Valenzuela&nbsp; &nbsp; &nbsp; &nbsp; &nbsp; &nbsp; &nbsp;yherval927@g.educaand.es<\/li>\n<li>&nbsp;Tutora EI 5 a\u00f1os: Lola&nbsp; &nbsp;Haro P\u00e9rez&nbsp; &nbsp; &nbsp; &nbsp; &nbsp; &nbsp; &nbsp; &nbsp; &nbsp; &nbsp; &nbsp; &nbsp; &nbsp; &nbsp; &nbsp;mharper917@g.educaand.es<\/li>\n<\/ul>\n<p>&nbsp;<\/p>\n<p>PRIMER CICLO DE EDUCACI\u00d3N PRIMARIA<\/p>\n<ul>\n<li>Tutora 1\u00ba: Lourdes Polo Infante&nbsp; &nbsp; &nbsp; &nbsp; &nbsp; &nbsp; &nbsp; &nbsp; &nbsp; &nbsp; &nbsp; &nbsp; &nbsp; &nbsp; &nbsp;mpolinf142@g.educaand.es &nbsp; &nbsp; &nbsp; &nbsp; &nbsp; &nbsp; &nbsp; &nbsp; &nbsp; &nbsp; &nbsp; &nbsp; &nbsp; &nbsp; &nbsp; &nbsp; &nbsp; &nbsp; &nbsp; &nbsp; &nbsp; &nbsp; &nbsp; &nbsp; &nbsp; &nbsp; &nbsp; &nbsp; &nbsp; &nbsp; &nbsp; &nbsp; &nbsp; &nbsp; &nbsp; &nbsp;<\/li>\n<li>Tutora 2\u00baA: Ana M\u00aa Santos Godoy&nbsp; &nbsp; &nbsp; &nbsp; &nbsp; &nbsp; &nbsp; &nbsp; &nbsp; &nbsp; &nbsp; &nbsp; &nbsp;asangod215@g.educaand.es&nbsp; &nbsp; &nbsp; &nbsp; &nbsp; &nbsp; &nbsp; &nbsp; &nbsp; &nbsp; &nbsp;&nbsp;<\/li>\n<li>Tutora 2\u00ba B: Bel\u00e9n Platas Cuesta&nbsp; &nbsp; &nbsp; &nbsp; &nbsp; &nbsp; &nbsp; &nbsp; &nbsp; &nbsp; &nbsp; &nbsp; &nbsp; &nbsp;bplacue403@g.educaand.es<\/li>\n<\/ul>\n<p>SEGUNDO CICLO DE EDUCACI\u00d3N PRIMARIA<\/p>\n<ul>\n<li>Tutora 3\u00ba :&nbsp; Marcos Pastor Rold\u00e1n&nbsp; &nbsp; &nbsp; &nbsp; &nbsp; &nbsp; &nbsp; &nbsp; &nbsp; &nbsp; mpasrol146@g.educaand.es<\/li>\n<li>Tutora 4\u00baA: Macarena Lopera Blanco &nbsp; &nbsp; &nbsp; &nbsp; &nbsp; &nbsp; &nbsp;&nbsp;mlopbla002@g.educaand.es&nbsp;<\/li>\n<li>Tutora 4\u00ba B: Ana Garc\u00eda Sandoval&nbsp; &nbsp; &nbsp; &nbsp; &nbsp; &nbsp; &nbsp; &nbsp; &nbsp; &nbsp; agarsan215@g.educaand.es<\/li>\n<\/ul>\n<p>TERCER CICLO DE EDUCACI\u00d3N PRIMARIA<\/p>\n<ul>\n<li>Tutor 5\u00baA: Pedro Antonio Robles Jim\u00e9nez&nbsp; &nbsp; &nbsp; &nbsp; &nbsp; &nbsp; &nbsp; &nbsp; probjim678@g.educaand.es<\/li>\n<li>Tutora 5\u00ba B: Angustias Quiles Burgos&nbsp; &nbsp; &nbsp; &nbsp; &nbsp; &nbsp; &nbsp; &nbsp; &nbsp; &nbsp; &nbsp; &nbsp;mquibur328@g.educaand.es&nbsp; &nbsp; &nbsp; &nbsp; &nbsp; &nbsp; &nbsp; &nbsp; &nbsp;<\/li>\n<li>Tutor 6\u00ba A: Juan Manuel Cort\u00e9s&nbsp; &nbsp; &nbsp; &nbsp; &nbsp; &nbsp; &nbsp; &nbsp; &nbsp; &nbsp; &nbsp; &nbsp; &nbsp; &nbsp; &nbsp; &nbsp; jcorbol043@g.educaand.es&nbsp; &nbsp; &nbsp; &nbsp; &nbsp; &nbsp; &nbsp; &nbsp; &nbsp;&nbsp;<\/li>\n<li>Tutora 6\u00ba B: Mar\u00eda Jos\u00e9 Moreno P\u00e9rez&nbsp; &nbsp; &nbsp; &nbsp; &nbsp; &nbsp; &nbsp; &nbsp; &nbsp; &nbsp; jmorper373@g.educaand.es<\/li>\n<\/ul>\n<p>&nbsp;<\/p>\n<p>ESPECIALISTAS<\/p>\n<ul>\n<li>Ingl\u00e9s: M\u00aa \u00c1ngeles&nbsp; Boronat Evans&nbsp; &nbsp; &nbsp; &nbsp; &nbsp; &nbsp; &nbsp; &nbsp; &nbsp; &nbsp; &nbsp; &nbsp; &nbsp; &nbsp; &nbsp; &nbsp; &nbsp;mboreva027@g.educaand.es<\/li>\n<li>Ingl\u00e9s: Ana M\u00aa Mu\u00f1oz Doblado&nbsp; &nbsp; &nbsp; &nbsp; &nbsp; &nbsp; &nbsp; &nbsp; &nbsp; &nbsp; &nbsp; &nbsp; &nbsp; &nbsp; &nbsp; &nbsp; &nbsp; &nbsp; &nbsp; &nbsp;amundob851@g.educaand.es<\/li>\n<li>Ingl\u00e9s:&nbsp;Marcos Pastor Rold\u00e1n&nbsp; &nbsp; &nbsp; &nbsp; &nbsp; &nbsp; &nbsp; &nbsp; &nbsp; &nbsp; &nbsp; &nbsp; &nbsp; &nbsp; &nbsp; &nbsp; &nbsp; &nbsp; &nbsp; &nbsp; &nbsp;mpasrol146@g.educaand.es<\/li>\n<li>Audici\u00f3n y lenguaje: Carmen Rubio Romero&nbsp; &nbsp; &nbsp; &nbsp; &nbsp; &nbsp; &nbsp; &nbsp; &nbsp; crubrom954@g.educaand.es<\/li>\n<li>M\u00fasica: Pedro Antonio Robles Jim\u00e9nez&nbsp; &nbsp; &nbsp; &nbsp; &nbsp; &nbsp; &nbsp; &nbsp; &nbsp; &nbsp; &nbsp; &nbsp; &nbsp; probjim678@g.educaand.es<\/li>\n<li>Pedagog\u00eda terap\u00e9utica: Sara Losada Rojas&nbsp; &nbsp; &nbsp; &nbsp; &nbsp; &nbsp; &nbsp; &nbsp; &nbsp; &nbsp; slosroj963@g.educaand.es&nbsp; &nbsp; &nbsp; &nbsp; &nbsp; &nbsp; &nbsp;&nbsp;<\/li>\n<li>Educaci\u00f3n F\u00edsica: , Juan Alberto Filter Rodr\u00edguez&nbsp; &nbsp; &nbsp; &nbsp; &nbsp; &nbsp;jfilrod996@g.educaand.es<\/li>\n<li>Educaci\u00f3n F\u00edsica: Mar\u00eda Jos\u00e9 Moreno P\u00e9rez&nbsp; &nbsp; &nbsp; &nbsp; &nbsp; &nbsp; &nbsp; &nbsp; &nbsp; jmorper373@g.educaand.es<\/li>\n<li>Religi\u00f3n: Mar\u00eda&nbsp; de la Villa Garrido Martos&nbsp; &nbsp; &nbsp; &nbsp; &nbsp; &nbsp; &nbsp; &nbsp; &nbsp; &nbsp; &nbsp; mgarmar495@g.educaand.es<\/li>\n<li>Religi\u00f3n: Mar\u00eda del Carmen Arjona Garc\u00eda&nbsp; &nbsp; &nbsp; &nbsp; &nbsp; &nbsp; &nbsp; &nbsp; &nbsp; &nbsp; &nbsp; marjgar865@g.educaand.es<\/li>\n<li>Apoyo: Silvia Romero Caro&nbsp; &nbsp; &nbsp; &nbsp; &nbsp; &nbsp; &nbsp; &nbsp; &nbsp; &nbsp; &nbsp; &nbsp; &nbsp; &nbsp; &nbsp; &nbsp; &nbsp; &nbsp; &nbsp; &nbsp; &nbsp; &nbsp; &nbsp;sromcar543@g.educaand.es<\/li>\n<li>Apoyo ZTS: Concha Aguilar P\u00e9rez-Ainsua&nbsp; &nbsp; &nbsp; &nbsp; &nbsp; &nbsp; &nbsp; &nbsp; &nbsp; &nbsp; &nbsp; caguper064@g.educaand.es<\/li>\n<\/ul>\n<p>&nbsp;<\/p>\n","protected":false},"excerpt":{"rendered":"<p>EQUIPO DIRECTIVO Directora: Ana ;\u00aa Mu\u00f1oz Doblado&nbsp; &nbsp; &nbsp; &nbsp; &nbsp; &nbsp; &nbsp; &nbsp; &nbsp; &nbsp; &nbsp; &nbsp; &nbsp; amundob851@g.educaand.es Jefa de estudios: M\u00aa Angustias&nbsp; Quiles Burgos&nbsp; &nbsp; &nbsp; mquibur328@g.educaand.es Secretaria:&nbsp; Yolanda Heredia Valenzuela&#46;&#46;&#46;<\/p>\n","protected":false},"author":4989,"featured_media":0,"parent":0,"menu_order":0,"comment_status":"closed","ping_status":"closed","template":"","meta":{"ngg_post_thumbnail":0,"footnotes":""},"aioseo_notices":[],"_links":{"self":[{"href":"https:\/\/blogsaverroes.juntadeandalucia.es\/ceipferrobus\/wp-json\/wp\/v2\/pages\/411"}],"collection":[{"href":"https:\/\/blogsaverroes.juntadeandalucia.es\/ceipferrobus\/wp-json\/wp\/v2\/pages"}],"about":[{"href":"https:\/\/blogsaverroes.juntadeandalucia.es\/ceipferrobus\/wp-json\/wp\/v2\/types\/page"}],"author":[{"embeddable":true,"href":"https:\/\/blogsaverroes.juntadeandalucia.es\/ceipferrobus\/wp-json\/wp\/v2\/users\/4989"}],"replies":[{"embeddable":true,"href":"https:\/\/blogsaverroes.juntadeandalucia.es\/ceipferrobus\/wp-json\/wp\/v2\/comments?post=411"}],"version-history":[{"count":11,"href":"https:\/\/blogsaverroes.juntadeandalucia.es\/ceipferrobus\/wp-json\/wp\/v2\/pages\/411\/revisions"}],"predecessor-version":[{"id":1191,"href":"https:\/\/blogsaverroes.juntadeandalucia.es\/ceipferrobus\/wp-json\/wp\/v2\/pages\/411\/revisions\/1191"}],"wp:attachment":[{"href":"https:\/\/blogsaverroes.juntadeandalucia.es\/ceipferrobus\/wp-json\/wp\/v2\/media?parent=411"}],"curies":[{"name":"wp","href":"https:\/\/api.w.org\/{rel}","templated":true}]}}