{"id":418,"date":"2020-10-18T11:02:01","date_gmt":"2020-10-18T11:02:01","guid":{"rendered":"https:\/\/blogsaverroes.juntadeandalucia.es\/ceipferrobus\/?page_id=418"},"modified":"2026-03-20T13:18:16","modified_gmt":"2026-03-20T13:18:16","slug":"comedor-escolar","status":"publish","type":"page","link":"https:\/\/blogsaverroes.juntadeandalucia.es\/ceipferrobus\/comedor-escolar\/","title":{"rendered":"COMEDOR ESCOLAR"},"content":{"rendered":"<p><img loading=\"lazy\" decoding=\"async\" class=\"aligncenter wp-image-419 size-medium\" src=\"https:\/\/blogsaverroes.juntadeandalucia.es\/ceipferrobus\/files\/2020\/10\/comer-300x300.png\" alt=\"\" width=\"300\" height=\"300\" srcset=\"https:\/\/blogsaverroes.juntadeandalucia.es\/ceipferrobus\/files\/2020\/10\/comer-300x300.png 300w, https:\/\/blogsaverroes.juntadeandalucia.es\/ceipferrobus\/files\/2020\/10\/comer-150x150.png 150w, https:\/\/blogsaverroes.juntadeandalucia.es\/ceipferrobus\/files\/2020\/10\/comer-100x100.png 100w, https:\/\/blogsaverroes.juntadeandalucia.es\/ceipferrobus\/files\/2020\/10\/comer-24x24.png 24w, https:\/\/blogsaverroes.juntadeandalucia.es\/ceipferrobus\/files\/2020\/10\/comer-36x36.png 36w, https:\/\/blogsaverroes.juntadeandalucia.es\/ceipferrobus\/files\/2020\/10\/comer-48x48.png 48w, https:\/\/blogsaverroes.juntadeandalucia.es\/ceipferrobus\/files\/2020\/10\/comer.png 512w\" sizes=\"(max-width: 300px) 100vw, 300px\" \/><\/p>\n<p style=\"font-weight: 400\">Mediante el siguiente&nbsp; enlace se podr\u00e1 consultar el men\u00fa mensual, el cual se actualiza cada mes:<\/p>\n<p style=\"font-weight: 400\"><a href=\"https:\/\/drive.google.com\/drive\/folders\/17qaURePf8a9PKKZY3UYgDgzYl38Jgc4f\">https:\/\/drive.google.com\/drive\/folders\/17qaURePf8a9PKKZY3UYgDgzYl38Jgc4f<\/a><\/p>\n<p style=\"font-weight: 400\">&nbsp;<\/p>\n<p>MEN\u00da ABRIL 2026<\/p>\n<p><a href=\"https:\/\/blogsaverroes.juntadeandalucia.es\/ceipferrobus\/comedor-escolar\/menu-basal-abril-cc-mc-25-26_b7\/\">MEN\u00da DE ABRIL<\/a><\/p>\n<p>MENU MARZO 2026<\/p>\n<p><a href=\"https:\/\/blogsaverroes.juntadeandalucia.es\/ceipferrobus\/comedor-escolar\/menu-basal-primaria-cc-mc-25-26_b6\/\">MENU MARZO 2026<\/a><\/p>\n<p>&nbsp;<\/p>\n<p>MEN\u00da FEBRERO 2026<\/p>\n<p><a href=\"https:\/\/blogsaverroes.juntadeandalucia.es\/ceipferrobus\/comedor-escolar\/2026_02_2\/\">MENU FEBRERO 2026<\/a><\/p>\n<p>&nbsp;<\/p>\n<p>MEN\u00da ENERO-FEBRERO 2026<\/p>\n<p><a href=\"https:\/\/blogsaverroes.juntadeandalucia.es\/ceipferrobus\/comedor-escolar\/enero-febrerol-primaria-cc-mc-25-26_b5\/\">MENU ENERO-FEBRERO 2026<\/a><\/p>\n<p>&nbsp;<\/p>\n<p>MEN\u00da DICIEMBRE-ENERO 2026<\/p>\n<p><a href=\"https:\/\/blogsaverroes.juntadeandalucia.es\/ceipferrobus\/comedor-escolar\/menu-basal-primaria-cc-mc-25-26_b4\/\">MENU DICIEMBRE-ENERO 2025<\/a><\/p>\n<p>&nbsp;<\/p>\n<p>MEN\u00da NOVIEMBRE-DICIEMBRE 2025<\/p>\n<p><a href=\"https:\/\/blogsaverroes.juntadeandalucia.es\/ceipferrobus\/comedor-escolar\/menu-basal-cc-mc-25-26-b3-primarianoviembre\/\">MENU NOVIEMBRE-DICIEMBRE 2025<\/a><\/p>\n<p>&nbsp;<\/p>\n<p>MEN\u00da OCTUBRE-NOVIEMBRE 2025<\/p>\n<p><a href=\"https:\/\/blogsaverroes.juntadeandalucia.es\/ceipferrobus\/comedor-escolar\/menu-basal-oct-nov-cc-mc-25-26-b2-primaria\/\">MENU OCTUBRE-NOVIEMBRE 2025<\/a><\/p>\n<p>&nbsp;<\/p>\n<p>MEN\u00da SEPTIEMBRE 2025<\/p>\n<p><a href=\"https:\/\/blogsaverroes.juntadeandalucia.es\/ceipferrobus\/comedor-escolar\/menu-basal-transportados-25-26-primaria-_08-sept-10-oct\/\">MEN\u00da SEPTIEMBRE<\/a><\/p>\n<p>&nbsp;<\/p>\n<p>MEN\u00da FINAL DE CURSO<\/p>\n<p><a href=\"https:\/\/blogsaverroes.juntadeandalucia.es\/ceipferrobus\/comedor-escolar\/menu-basal-cc-mc-fin-curso\/\">MEN\u00da FIN DE CURSO<\/a><\/p>\n<p>&nbsp;<\/p>\n<p>MEN\u00da MAYO JUNIO 2025<\/p>\n<p><a href=\"https:\/\/blogsaverroes.juntadeandalucia.es\/ceipferrobus\/comedor-escolar\/menu-basal-primaria-cc-mc-24-25-bloque-9\/\" rel=\"attachment wp-att-1163\">Men\u00fa&nbsp; MAYO &#8211; JUNIO 2025<\/a><\/p>\n<p><strong>MEN\u00da Abril- Mayo 2025<\/strong><\/p>\n<p><strong><a href=\"https:\/\/blogsaverroes.juntadeandalucia.es\/ceipferrobus\/comedor-escolar\/menu-basal-inf-primaria-cc-mc-24-25-bloque-8-3\/\" rel=\"attachment wp-att-1138\">MEN\u00da Abril -Mayo 2025 <\/a><\/strong><\/p>\n<p>&nbsp;<\/p>\n<p><strong>MEN\u00da Marzo- abril 2025<\/strong><\/p>\n<p><a href=\"https:\/\/blogsaverroes.juntadeandalucia.es\/ceipferrobus\/comedor-escolar\/menu-basal-primaria-cc-mc-24-25-bloque-7\/\">MEN\u00da Marzo- abril 2025<\/a><\/p>\n<p>&nbsp;<\/p>\n<p>&nbsp;<\/p>\n<p><strong>MEN\u00da Febrero-marzo 2025<\/strong><\/p>\n<p><a href=\"https:\/\/blogsaverroes.juntadeandalucia.es\/ceipferrobus\/comedor-escolar\/menu-basal-primaria-cc-mc-24-25-bloque-6\/\">MEN\u00da Febrero-marzo 2025<\/a><\/p>\n<p>&nbsp;<\/p>\n<p><strong>MEN\u00da enero- Febrero 2025<\/strong><\/p>\n<p><a href=\"https:\/\/blogsaverroes.juntadeandalucia.es\/ceipferrobus\/comedor-escolar\/menu-basal-cc-mc-24-25_bloque-5\/\" rel=\"attachment wp-att-1101\">MEN\u00da ENERO- FEBRERO 2025<\/a><\/p>\n<p>&nbsp;<\/p>\n<p><strong>MEN\u00da diciembre 2024 &#8211; enero 2025<\/strong><\/p>\n<p><strong><a title=\"MEN\u00da diciembre 2024 - enero 2025\" href=\"https:\/\/blogsaverroes.juntadeandalucia.es\/ceipferrobus\/comedor-escolar\/menu-basal-cc-mc-24-25-bloque-4\/\">MEN\u00da diciembre2024 &#8211; enero 2025<\/a>&nbsp;<\/strong><\/p>\n<p>&nbsp;<\/p>\n<p><strong>MEN\u00da de noviembre &#8211; diciembre 2024<\/strong><\/p>\n<p><a href=\"https:\/\/blogsaverroes.juntadeandalucia.es\/ceipferrobus\/comedor-escolar\/menu-basal-cc-mc-24-25-bloque-3\/\">MEN\u00da de noviembre-diciembre 2024<\/a><\/p>\n<p><strong>MEN\u00da de octubre-noviembre 2024<\/strong><\/p>\n<p><a href=\"https:\/\/blogsaverroes.juntadeandalucia.es\/ceipferrobus\/comedor-escolar\/menu-basal-l-fria-mc-prim-oct-nov\/\">MEN\u00da de octubre-noviembre 2024<\/a><\/p>\n<p>&nbsp;<\/p>\n<p><strong>MEN\u00da DE septiembre-octubre 2024<\/strong><\/p>\n<p><strong><a href=\"https:\/\/blogsaverroes.juntadeandalucia.es\/ceipferrobus\/comedor-escolar\/menu-basal-cc-mc-coles-23-sept-18-oct-2024\/\">Men\u00fa septiembre-octubre 2024<\/a>&nbsp;<\/strong><\/p>\n<p>&nbsp;<\/p>\n<p><strong>MEN\u00da DE septiembre 2024<\/strong><\/p>\n<p><a href=\"https:\/\/blogsaverroes.juntadeandalucia.es\/ceipferrobus\/comedor-escolar\/menu-basal-sept-24\/\">Men\u00fa septiembre 2024<\/a><\/p>\n<p><strong>MEN\u00da DE mayo-junio 2024<\/strong><\/p>\n<p><a href=\"https:\/\/blogsaverroes.juntadeandalucia.es\/ceipferrobus\/comedor-escolar\/menu-basal-l-fria-cc-mc-23-24-primaria-bloque-9-hasta-24-jun\/\">Men\u00fa mayo-junio 2024<\/a><\/p>\n<p><strong>MEN\u00da DE abril-mayo 2024<\/strong><\/p>\n<p><a title=\"Men\u00fa abril-mayo 2024\" href=\"https:\/\/blogsaverroes.juntadeandalucia.es\/ceipferrobus\/comedor-escolar\/menu-basal-l-fria-cc-mc-23-24-infantil_-bloque-8\/\">Men\u00fa abril-mayo 2024<\/a><\/p>\n<p><strong>MEN\u00da DE abril 2024<\/strong><\/p>\n<p><a href=\"https:\/\/blogsaverroes.juntadeandalucia.es\/ceipferrobus\/comedor-escolar\/menu-basal-l-fria-cc-mc-23-24-infantil-bloque-7-2\/\">Men\u00fa abril 2024<\/a><\/p>\n<p><strong>MEN\u00da DE febrero &#8211; marzo 2024<\/strong><\/p>\n<p><a href=\"https:\/\/blogsaverroes.juntadeandalucia.es\/ceipferrobus\/comedor-escolar\/menu-basal-infantil-l-fria-cc-mc-23-24_19-feb-22-mar\/\">Men\u00fa febrero-marzo 2024<\/a><\/p>\n<p><strong>MEN\u00da DE enero &#8211; febrero 2024<\/strong><\/p>\n<p><a href=\"https:\/\/blogsaverroes.juntadeandalucia.es\/ceipferrobus\/comedor-escolar\/menu-basal-l-fria-cc-mc-23-24_bloque-5-infantil\/\">Men\u00fa enero-febrero 2024<\/a><\/p>\n<p><strong>MEN\u00da DE enero&nbsp; 2024<\/strong><\/p>\n<p><a href=\"https:\/\/blogsaverroes.juntadeandalucia.es\/ceipferrobus\/comedor-escolar\/menu-basal-cc-mc-23-24_bloque-4-infantil\/\">Men\u00fa enero 2024<\/a><\/p>\n<p><strong>MEN\u00da DE Diciembre 2023<\/strong><\/p>\n<p><a href=\"https:\/\/blogsaverroes.juntadeandalucia.es\/ceipferrobus\/comedor-escolar\/menu-basal-l-fria-mc-con-al-y-vn_dic-2023\/\">Men\u00fa diciembre 2023<\/a><\/p>\n<p><strong>MEN\u00da DE Noviembre 2023<\/strong><\/p>\n<p><a href=\"https:\/\/blogsaverroes.juntadeandalucia.es\/ceipferrobus\/comedor-escolar\/menu-basal-cc-mc-23-24_bloque-3-infantil-noviembre-2023\/\">Men\u00fa Noviembre<\/a><\/p>\n<p><strong>MEN\u00da DE Octubre-Noviembre 2023<\/strong><\/p>\n<p><a href=\"https:\/\/blogsaverroes.juntadeandalucia.es\/ceipferrobus\/comedor-escolar\/menu-basal-cc-mc-23-24_bloque-2-infantil\/\">Men\u00fa Octubre-noviembre<\/a><\/p>\n<p><strong>MEN\u00da DE Septiembre- Octubre 2023<\/strong><\/p>\n<p><a href=\"https:\/\/blogsaverroes.juntadeandalucia.es\/ceipferrobus\/comedor-escolar\/menu-basal-infantil-cc-mc-23-24_bloque-1-septiem\/\">MEN\u00da DE Septiembre- Octubre 2023<\/a><\/p>\n<p>&nbsp;<\/p>\n<p><strong>MEN\u00da DE MAYO- JUNIO 2023<\/strong><\/p>\n<p><a href=\"https:\/\/blogsaverroes.juntadeandalucia.es\/ceipferrobus\/comedor-escolar\/menu-basal-infantil-cc-mc-22-23_22-may-23-jun\/\" rel=\"attachment wp-att-940\">Men\u00fa mayo-junio<\/a><\/p>\n<p><strong>MEN\u00da DE ABRIL-MAYO&nbsp; 2023<\/strong><\/p>\n<p><a href=\"https:\/\/blogsaverroes.juntadeandalucia.es\/ceipferrobus\/comedor-escolar\/menu-basal-infantil-cc-mc-curso-22-23_bloque-8\/\">Men\u00fa abril-mayo<\/a><\/p>\n<p><strong>MEN\u00da DE MARZO-ABRIL&nbsp; 2023<\/strong><\/p>\n<p><a href=\"https:\/\/blogsaverroes.juntadeandalucia.es\/ceipferrobus\/comedor-escolar\/menu-basal-infantil-cc-mc-curso-22-23_bloque-7\/\">Men\u00fa marzo-abril<\/a><\/p>\n<p><strong>MEN\u00da DE FEBRERO&nbsp; 2023<\/strong><\/p>\n<p><a href=\"https:\/\/blogsaverroes.juntadeandalucia.es\/ceipferrobus\/comedor-escolar\/menu-basal-infantil-cc-mc-curso-22-23_bloque-6\/\">Men\u00fa febrero<\/a><\/p>\n<p><strong>MEN\u00da DE ENERO 2023<\/strong><\/p>\n<p><a href=\"https:\/\/blogsaverroes.juntadeandalucia.es\/ceipferrobus\/comedor-escolar\/menu-basal-cc-mc-infantil-22-23_9-20-ene\/\">Men\u00fa enero<\/a><\/p>\n<p>&nbsp;<\/p>\n<p><strong>MEN\u00da DE DICIEMBRE 2022<\/strong><\/p>\n<p><a href=\"https:\/\/blogsaverroes.juntadeandalucia.es\/ceipferrobus\/comedor-escolar\/menu-basal-l-fria-primaria-mc-22-23_dic_vn-y-alergenos\/\">Men\u00fa diciembre<\/a><\/p>\n<p>&nbsp;<\/p>\n<p>MEN\u00da DE NOVIEMBRE-DICIEMBRE 2022<\/p>\n<p><a href=\"https:\/\/blogsaverroes.juntadeandalucia.es\/ceipferrobus\/comedor-escolar\/menu-basal-cc-mc-infantil-22-23_bloque-3\/\">Men\u00fa noviembre-diciembre<\/a><\/p>\n<p>&nbsp;<\/p>\n<p>MEN\u00da DE OCTUBRE-NOVIEMBRE 2022<\/p>\n<p><a href=\"https:\/\/blogsaverroes.juntadeandalucia.es\/ceipferrobus\/comedor-escolar\/menu-basal-cc-mc-infantil-22-23_bloque-2\/\">Men\u00fa Octubre-noviembre<\/a><\/p>\n<p>&nbsp;<\/p>\n<p>MEN\u00da DE MAYO-JUNIO 2022<\/p>\n<p><a href=\"https:\/\/blogsaverroes.juntadeandalucia.es\/ceipferrobus\/comedor-escolar\/menu-basal-cc-mc-21-22_23-may-24-jun\/\">men\u00fa mayo-junio<\/a><\/p>\n<p>&nbsp;<\/p>\n<p>MEN\u00da DE ABRIL-MAYO 2022<\/p>\n<p><a href=\"https:\/\/drive.google.com\/drive\/folders\/17qaURePf8a9PKKZY3UYgDgzYl38Jgc4f\">Men\u00fa primaria abril-mayo<\/a><\/p>\n<p><a href=\"https:\/\/blogsaverroes.juntadeandalucia.es\/ceipferrobus\/comedor-escolar\/bloque-8\/\">Men\u00fa infantil marzo-abril<\/a><\/p>\n<p>&nbsp;<\/p>\n<p>MEN\u00da DE MARZO-ABRIL 2022<\/p>\n<p><a title=\"Men\u00fa marzo- abril primaria\" href=\"https:\/\/blogsaverroes.juntadeandalucia.es\/ceipferrobus\/comedor-escolar\/menu-basal-primaria-cc-mc-21-22_bloque-7\/\">Men\u00fa marzo- abril primaria<\/a><\/p>\n<p><a href=\"https:\/\/blogsaverroes.juntadeandalucia.es\/ceipferrobus\/comedor-escolar\/menu-basal-infantil-cc-mc-21-22_bloque-7\/\">Men\u00fa marzo- abril infantil<\/a><\/p>\n<p>&nbsp;<\/p>\n<p>MEN\u00da DE MARZO 2022<\/p>\n<p><a href=\"https:\/\/drive.google.com\/drive\/folders\/17qaURePf8a9PKKZY3UYgDgzYl38Jgc4f\">Men\u00fa MARZO<\/a><\/p>\n<p>&nbsp;<\/p>\n<p>MEN\u00da DE FEBRERO 2022<\/p>\n<p><a href=\"https:\/\/drive.google.com\/drive\/folders\/1VNpqga1P2BNBV9bo-gmsQkCUE4fF7kXj\">Men\u00fa FEBRERO<\/a><\/p>\n<p>&nbsp;<\/p>\n<p>MEN\u00da DE ENERO 2022<\/p>\n<p><a title=\"Men\u00fa ENERO\" href=\"https:\/\/drive.google.com\/drive\/folders\/1qO5VItwkT9TOPCMOauqN3ZPXHc0uOZA1\">Men\u00fa ENERO<\/a><\/p>\n<p>MEN\u00da DE DICIEMBRE 2021<\/p>\n<p><a title=\"Men\u00fa diciembre\" href=\"https:\/\/drive.google.com\/drive\/folders\/1qO5VItwkT9TOPCMOauqN3ZPXHc0uOZA1\">Men\u00fa diciembre<\/a><\/p>\n<p>&nbsp;<\/p>\n<p>MEN\u00da DE NOVIEMBRE 2021<\/p>\n<p><a href=\"https:\/\/blogsaverroes.juntadeandalucia.es\/ceipferrobus\/comedor-escolar\/menu-noviembre\/\" rel=\"attachment wp-att-631\">Men\u00fa noviembre<\/a><\/p>\n<p>&nbsp;<\/p>\n<p>MEN\u00da DE OCTUBRE 2021<\/p>\n<p><a href=\"https:\/\/blogsaverroes.juntadeandalucia.es\/ceipferrobus\/comedor-escolar\/menu-octubre\/\" rel=\"attachment wp-att-630\">Men\u00fa octubre<\/a><\/p>\n<p>&nbsp;<\/p>\n<p>MEN\u00da DE SEPTIEMBRE 2021<\/p>\n<p><a href=\"https:\/\/blogsaverroes.juntadeandalucia.es\/ceipferrobus\/comedor-escolar\/menu-septiembre-2021\/\" rel=\"attachment wp-att-614\">MEN\u00da SEPTIEMBRE 2021<\/a><\/p>\n<p>&nbsp;<\/p>\n<p>MEN\u00da DE JUNIO<\/p>\n<p><a href=\"https:\/\/blogsaverroes.juntadeandalucia.es\/ceipferrobus\/comedor-escolar\/menu-junio\/\" rel=\"attachment wp-att-574\">MEN\u00da JUNIO<\/a><\/p>\n<p><a href=\"https:\/\/blogsaverroes.juntadeandalucia.es\/ceipferrobus\/comedor-escolar\/alergias-junio\/\" rel=\"attachment wp-att-573\">ALERGIAS JUNIO<\/a><\/p>\n<p>&nbsp;<\/p>\n<p>MEN\u00da DE MAYO 2021<\/p>\n<p><a href=\"https:\/\/blogsaverroes.juntadeandalucia.es\/ceipferrobus\/comedor-escolar\/menu-mayo\/\" rel=\"attachment wp-att-568\">MEN\u00da MAYO<\/a><\/p>\n<p><a href=\"https:\/\/blogsaverroes.juntadeandalucia.es\/ceipferrobus\/comedor-escolar\/alergias-mayo\/\" rel=\"attachment wp-att-569\">ALERGIAS MAYO<\/a><\/p>\n<p>&nbsp;<\/p>\n<p>MEN\u00da DE ABRIL 2021<\/p>\n<p><a href=\"https:\/\/blogsaverroes.juntadeandalucia.es\/ceipferrobus\/comedor-escolar\/menu-abril-21\/\" rel=\"attachment wp-att-555\">MEN\u00da ABRIL 21<\/a><\/p>\n<p>&nbsp;<\/p>\n<p>MEN\u00da DE MARZO 2021<\/p>\n<p><a href=\"https:\/\/blogsaverroes.juntadeandalucia.es\/ceipferrobus\/comedor-escolar\/menu-marzo-21\/\" rel=\"attachment wp-att-550\">MEN\u00da MARZO 21<\/a><\/p>\n<p>&nbsp;<\/p>\n<p>MEN\u00da DE FEBRERO 2021<\/p>\n<p><a href=\"https:\/\/blogsaverroes.juntadeandalucia.es\/ceipferrobus\/files\/2021\/02\/Men\u00fa-febrero-21.pdf\">Men\u00fa febrero 21<\/a><\/p>\n<p><a href=\"https:\/\/blogsaverroes.juntadeandalucia.es\/ceipferrobus\/files\/2021\/02\/ALERGIAS-FEBRERO-21.pdf\">ALERGIAS FEBRERO -21<\/a><\/p>\n<p>&nbsp;<\/p>\n<p>MEN\u00da DE ENERO 2021<\/p>\n<p><a href=\"https:\/\/blogsaverroes.juntadeandalucia.es\/ceipferrobus\/files\/2021\/01\/MEN\u00da-ENERO-2021.pdf\">MEN\u00da ENERO 2021<\/a><\/p>\n<p><a href=\"https:\/\/blogsaverroes.juntadeandalucia.es\/ceipferrobus\/files\/2021\/01\/ALERGIAS-Enero-21.pdf\">ALERGIAS Enero-21<\/a><\/p>\n<p>&nbsp;<\/p>\n<p>MEN\u00da DE DICIEMBRE 2020<\/p>\n<p><a href=\"https:\/\/blogsaverroes.juntadeandalucia.es\/ceipferrobus\/files\/2020\/11\/Men\u00fa-Diciembre-CEIP-FERROB\u00daS-20-CAT-CORDOBA.pdf\">Men\u00fa Diciembre CEIP FERROB\u00daS- 20 CAT CORDOBA<\/a><\/p>\n<p><a href=\"https:\/\/blogsaverroes.juntadeandalucia.es\/ceipferrobus\/files\/2020\/11\/ALERGIAS-Dic-20-CAT-CORDOBA.pdf\">ALERGIAS Dic-20 CAT CORDOBA<\/a><\/p>\n<p>&nbsp;<\/p>\n<p>MEN\u00da DE NOVIEMBRE 2020<\/p>\n<p><a href=\"https:\/\/blogsaverroes.juntadeandalucia.es\/ceipferrobus\/files\/2020\/11\/MEN\u00da-Noviembre-20.pdf\">MEN\u00da Noviembre 20<\/a><\/p>\n<p><a href=\"https:\/\/blogsaverroes.juntadeandalucia.es\/ceipferrobus\/files\/2020\/11\/Noviembre-20-Alergias.pdf\">Noviembre 20 Alergias<\/a><\/p>\n<p>&nbsp;<\/p>\n<p>MEN\u00da DE OCTUBRE 2020<\/p>\n<p><a href=\"https:\/\/blogsaverroes.juntadeandalucia.es\/ceipferrobus\/files\/2020\/10\/Men\u00fa-Oct-20-CAT-CORDOBA.pdf\">Men\u00fa Oct 20 CAT CORDOBA<\/a><\/p>\n<p><a href=\"https:\/\/blogsaverroes.juntadeandalucia.es\/ceipferrobus\/files\/2020\/10\/Alergias-Oct-20-CAT-CORDOBA.pdf\">Alergias Oct 20 CAT CORDOBA<\/a><\/p>\n","protected":false},"excerpt":{"rendered":"<p>Mediante el siguiente&nbsp; enlace se podr\u00e1 consultar el men\u00fa mensual, el cual se actualiza cada mes: https:\/\/drive.google.com\/drive\/folders\/17qaURePf8a9PKKZY3UYgDgzYl38Jgc4f &nbsp; MEN\u00da ABRIL 2026 MEN\u00da DE ABRIL MENU MARZO 2026 MENU MARZO 2026 &nbsp; MEN\u00da FEBRERO 2026&#46;&#46;&#46;<\/p>\n","protected":false},"author":4989,"featured_media":0,"parent":0,"menu_order":0,"comment_status":"closed","ping_status":"closed","template":"","meta":{"ngg_post_thumbnail":0,"footnotes":""},"aioseo_notices":[],"_links":{"self":[{"href":"https:\/\/blogsaverroes.juntadeandalucia.es\/ceipferrobus\/wp-json\/wp\/v2\/pages\/418"}],"collection":[{"href":"https:\/\/blogsaverroes.juntadeandalucia.es\/ceipferrobus\/wp-json\/wp\/v2\/pages"}],"about":[{"href":"https:\/\/blogsaverroes.juntadeandalucia.es\/ceipferrobus\/wp-json\/wp\/v2\/types\/page"}],"author":[{"embeddable":true,"href":"https:\/\/blogsaverroes.juntadeandalucia.es\/ceipferrobus\/wp-json\/wp\/v2\/users\/4989"}],"replies":[{"embeddable":true,"href":"https:\/\/blogsaverroes.juntadeandalucia.es\/ceipferrobus\/wp-json\/wp\/v2\/comments?post=418"}],"version-history":[{"count":63,"href":"https:\/\/blogsaverroes.juntadeandalucia.es\/ceipferrobus\/wp-json\/wp\/v2\/pages\/418\/revisions"}],"predecessor-version":[{"id":1199,"href":"https:\/\/blogsaverroes.juntadeandalucia.es\/ceipferrobus\/wp-json\/wp\/v2\/pages\/418\/revisions\/1199"}],"wp:attachment":[{"href":"https:\/\/blogsaverroes.juntadeandalucia.es\/ceipferrobus\/wp-json\/wp\/v2\/media?parent=418"}],"curies":[{"name":"wp","href":"https:\/\/api.w.org\/{rel}","templated":true}]}}