{"id":56,"date":"2017-10-09T10:32:06","date_gmt":"2017-10-09T10:32:06","guid":{"rendered":"https:\/\/blogsaverroes.juntadeandalucia.es\/ceipferrobus\/?page_id=56"},"modified":"2023-09-20T18:05:38","modified_gmt":"2023-09-20T18:05:38","slug":"ampa","status":"publish","type":"page","link":"https:\/\/blogsaverroes.juntadeandalucia.es\/ceipferrobus\/ampa\/","title":{"rendered":"AMPA"},"content":{"rendered":"<p>Una vez finalizado el plazo para la presentaci\u00f3n de candidaturas a las elecciones a junta directiva del AMPA, se ha recibido una \u00fanica candidatura, en el d\u00eda de ma\u00f1ana, 20 de septiembre, se podr\u00e1n presentar alegaciones a la misma envi\u00e1ndolas al correo del AMPA 14601235.ampa@g.educaand.es<\/p>\n<p><a href=\"https:\/\/blogsaverroes.juntadeandalucia.es\/ceipferrobus\/ampa\/attachment\/20230919095159149\/\" rel=\"attachment wp-att-1044\">Presentaci\u00f3n de candidaturas 2023<\/a><\/p>\n<p>&nbsp;<\/p>\n<p>ELECCIONES A LA JUNTA DIRECTIVA DEL AMPA. CURSO 2023\/2024<\/p>\n<p>Pinchar en la documentaci\u00f3n<\/p>\n<p><a href=\"https:\/\/blogsaverroes.juntadeandalucia.es\/ceipferrobus\/ampa\/elecciones-2023-a-la-junta-directiva-del-ampa\/\" rel=\"attachment wp-att-1038\">ELECCIONES 2023 A LA JUNTA DIRECTIVA DEL AMPA<\/a><\/p>\n<p><a href=\"https:\/\/blogsaverroes.juntadeandalucia.es\/ceipferrobus\/ampa\/presentacion-candidatura-conjunta-a-la-junta-directiva-del\/\" rel=\"attachment wp-att-1039\">PRESENTACI\u00d3N CANDIDATURA CONJUNTA A LA JUNTA DIRECTIVA DEL<\/a><\/p>\n<p>&nbsp;<\/p>\n<p>&nbsp;<\/p>\n<p>SI QUIERES CONTACTAR CON NOSOTROS.<\/p>\n<p>633563297<\/p>\n<p>correo electr\u00f3nico: 14601235.ampa@g.educaand.es<\/p>\n<p>&nbsp;<\/p>\n<p>&nbsp;<\/p>\n<p>&nbsp;<\/p>\n<p><img loading=\"lazy\" decoding=\"async\" class=\"aligncenter size-thumbnail wp-image-441\" src=\"https:\/\/blogsaverroes.juntadeandalucia.es\/ceipferrobus\/files\/2020\/10\/comunidad-150x150.png\" alt=\"\" width=\"150\" height=\"150\" srcset=\"https:\/\/blogsaverroes.juntadeandalucia.es\/ceipferrobus\/files\/2020\/10\/comunidad-150x150.png 150w, https:\/\/blogsaverroes.juntadeandalucia.es\/ceipferrobus\/files\/2020\/10\/comunidad-300x300.png 300w, https:\/\/blogsaverroes.juntadeandalucia.es\/ceipferrobus\/files\/2020\/10\/comunidad-100x100.png 100w, https:\/\/blogsaverroes.juntadeandalucia.es\/ceipferrobus\/files\/2020\/10\/comunidad-24x24.png 24w, https:\/\/blogsaverroes.juntadeandalucia.es\/ceipferrobus\/files\/2020\/10\/comunidad-36x36.png 36w, https:\/\/blogsaverroes.juntadeandalucia.es\/ceipferrobus\/files\/2020\/10\/comunidad-48x48.png 48w, https:\/\/blogsaverroes.juntadeandalucia.es\/ceipferrobus\/files\/2020\/10\/comunidad.png 512w\" sizes=\"(max-width: 150px) 100vw, 150px\" \/><\/p>\n<p>La <strong>Asociaci\u00f3n de Madres y Padres del Alumnado<\/strong> participa de forma activa en las actividades del centro y dise\u00f1a otras para celebrar diferentes efem\u00e9rides. Del mismo modo, participa en el d\u00eda a d\u00eda del centro estableciendo coordinaci\u00f3n con el equipo directivo.<\/p>\n<p>En esta p\u00e1gina expondremos dichas actividades.<\/p>\n<p>&nbsp;<\/p>\n<p><strong>\u00bfCONOCES LA AMPA DEL COLE?<\/strong><\/p>\n<div style=\"width: 640px;\" class=\"wp-video\"><!--[if lt IE 9]><script>document.createElement('video');<\/script><![endif]-->\n<video class=\"wp-video-shortcode\" id=\"video-56-1\" width=\"640\" height=\"360\" preload=\"metadata\" controls=\"controls\"><source type=\"video\/mp4\" src=\"https:\/\/blogsaverroes.juntadeandalucia.es\/ceipferrobus\/files\/2021\/09\/WhatsApp-Video-2021-09-10-at-17.48.49.mp4?_=1\" \/><a href=\"https:\/\/blogsaverroes.juntadeandalucia.es\/ceipferrobus\/files\/2021\/09\/WhatsApp-Video-2021-09-10-at-17.48.49.mp4\">https:\/\/blogsaverroes.juntadeandalucia.es\/ceipferrobus\/files\/2021\/09\/WhatsApp-Video-2021-09-10-at-17.48.49.mp4<\/a><\/video><\/div>\n<p>&nbsp;<\/p>\n<p><strong>ENTREGA DE PREMIOS CONCURSO DE DIBUJOS \u00abDISE\u00d1A TU AMPA\u00bb<\/strong><\/p>\n<p>Aprovechando el d\u00eda festivo vivido hoy en el centro con motivo de la celebraci\u00f3n del d\u00eda de Andaluc\u00eda, adem\u00e1s de disfrutar del tradicional desayuno molinero, desde AMPA hemos procedido a la entrega de premios del concurso de dibujo \u00bb Dise\u00f1a tu AMPA\u00bb, en el cual se buscaba la elaboraci\u00f3n de un logotipo que identificara a nuestra asociaci\u00f3n en cada uno de los eventos en la que esta tenga a bien intervenir u organizar. La entrega ha corrido a cargo de las tutoras de los finalistas, as\u00ed como de la directora del centro. Como siempre desde la direcci\u00f3n de la asociaci\u00f3n damos las gracias y animamos a todos los componentes del centro a la colaboraci\u00f3n y participaci\u00f3n de nuestros proyectos.<\/p>\n<p>&nbsp;<\/p>\n<p><span style=\"font-size: 36pt\"> <img loading=\"lazy\" decoding=\"async\" class=\"aligncenter size-full wp-image-543\" src=\"https:\/\/blogsaverroes.juntadeandalucia.es\/ceipferrobus\/files\/2021\/02\/Luc\u00eda-1.jpg\" alt=\"\" width=\"462\" height=\"613\" srcset=\"https:\/\/blogsaverroes.juntadeandalucia.es\/ceipferrobus\/files\/2021\/02\/Luc\u00eda-1.jpg 462w, https:\/\/blogsaverroes.juntadeandalucia.es\/ceipferrobus\/files\/2021\/02\/Luc\u00eda-1-226x300.jpg 226w\" sizes=\"(max-width: 462px) 100vw, 462px\" \/><\/span><\/p>\n<p style=\"text-align: center\">Primer premio: Julia Avila Acosta<\/p>\n<p>&nbsp;<\/p>\n<p style=\"text-align: center\">&nbsp;<\/p>\n<p><img loading=\"lazy\" decoding=\"async\" class=\"aligncenter size-full wp-image-537\" src=\"https:\/\/blogsaverroes.juntadeandalucia.es\/ceipferrobus\/files\/2021\/02\/WhatsApp-Image-2021-02-25-at-21.06.02.jpeg\" alt=\"\" width=\"1200\" height=\"1600\" srcset=\"https:\/\/blogsaverroes.juntadeandalucia.es\/ceipferrobus\/files\/2021\/02\/WhatsApp-Image-2021-02-25-at-21.06.02.jpeg 1200w, https:\/\/blogsaverroes.juntadeandalucia.es\/ceipferrobus\/files\/2021\/02\/WhatsApp-Image-2021-02-25-at-21.06.02-225x300.jpeg 225w, https:\/\/blogsaverroes.juntadeandalucia.es\/ceipferrobus\/files\/2021\/02\/WhatsApp-Image-2021-02-25-at-21.06.02-768x1024.jpeg 768w, https:\/\/blogsaverroes.juntadeandalucia.es\/ceipferrobus\/files\/2021\/02\/WhatsApp-Image-2021-02-25-at-21.06.02-1152x1536.jpeg 1152w\" sizes=\"(max-width: 1200px) 100vw, 1200px\" \/><\/p>\n<p style=\"text-align: center\">Segundo premio: No\u00e9 Palmero Garrido<\/p>\n<p>&nbsp;<\/p>\n<p>&nbsp;<\/p>\n<p><img loading=\"lazy\" decoding=\"async\" class=\"aligncenter size-full wp-image-538\" src=\"https:\/\/blogsaverroes.juntadeandalucia.es\/ceipferrobus\/files\/2021\/02\/WhatsApp-Image-2021-02-25-at-21.06.33.jpeg\" alt=\"\" width=\"1200\" height=\"1600\" srcset=\"https:\/\/blogsaverroes.juntadeandalucia.es\/ceipferrobus\/files\/2021\/02\/WhatsApp-Image-2021-02-25-at-21.06.33.jpeg 1200w, https:\/\/blogsaverroes.juntadeandalucia.es\/ceipferrobus\/files\/2021\/02\/WhatsApp-Image-2021-02-25-at-21.06.33-225x300.jpeg 225w, https:\/\/blogsaverroes.juntadeandalucia.es\/ceipferrobus\/files\/2021\/02\/WhatsApp-Image-2021-02-25-at-21.06.33-768x1024.jpeg 768w, https:\/\/blogsaverroes.juntadeandalucia.es\/ceipferrobus\/files\/2021\/02\/WhatsApp-Image-2021-02-25-at-21.06.33-1152x1536.jpeg 1152w\" sizes=\"(max-width: 1200px) 100vw, 1200px\" \/><\/p>\n<p style=\"text-align: center\">Tercer premio: Isa\u00edas Palmero Gamboa<\/p>\n<p>&nbsp;<\/p>\n<p>&nbsp;<\/p>\n<p><img loading=\"lazy\" decoding=\"async\" class=\"aligncenter size-full wp-image-539\" src=\"https:\/\/blogsaverroes.juntadeandalucia.es\/ceipferrobus\/files\/2021\/02\/WhatsApp-Image-2021-02-25-at-21.08.49.jpeg\" alt=\"\" width=\"1600\" height=\"1200\" srcset=\"https:\/\/blogsaverroes.juntadeandalucia.es\/ceipferrobus\/files\/2021\/02\/WhatsApp-Image-2021-02-25-at-21.08.49.jpeg 1600w, https:\/\/blogsaverroes.juntadeandalucia.es\/ceipferrobus\/files\/2021\/02\/WhatsApp-Image-2021-02-25-at-21.08.49-300x225.jpeg 300w, https:\/\/blogsaverroes.juntadeandalucia.es\/ceipferrobus\/files\/2021\/02\/WhatsApp-Image-2021-02-25-at-21.08.49-1024x768.jpeg 1024w, https:\/\/blogsaverroes.juntadeandalucia.es\/ceipferrobus\/files\/2021\/02\/WhatsApp-Image-2021-02-25-at-21.08.49-768x576.jpeg 768w, https:\/\/blogsaverroes.juntadeandalucia.es\/ceipferrobus\/files\/2021\/02\/WhatsApp-Image-2021-02-25-at-21.08.49-1536x1152.jpeg 1536w\" sizes=\"(max-width: 1600px) 100vw, 1600px\" \/><\/p>\n<p style=\"text-align: center\">Dibujo Ganador&nbsp;<\/p>\n","protected":false},"excerpt":{"rendered":"<p>Una vez finalizado el plazo para la presentaci\u00f3n de candidaturas a las elecciones a junta directiva del AMPA, se ha recibido una \u00fanica candidatura, en el d\u00eda de ma\u00f1ana, 20 de septiembre, se podr\u00e1n&#46;&#46;&#46;<\/p>\n","protected":false},"author":4989,"featured_media":0,"parent":0,"menu_order":0,"comment_status":"closed","ping_status":"closed","template":"","meta":{"ngg_post_thumbnail":0,"footnotes":""},"aioseo_notices":[],"_links":{"self":[{"href":"https:\/\/blogsaverroes.juntadeandalucia.es\/ceipferrobus\/wp-json\/wp\/v2\/pages\/56"}],"collection":[{"href":"https:\/\/blogsaverroes.juntadeandalucia.es\/ceipferrobus\/wp-json\/wp\/v2\/pages"}],"about":[{"href":"https:\/\/blogsaverroes.juntadeandalucia.es\/ceipferrobus\/wp-json\/wp\/v2\/types\/page"}],"author":[{"embeddable":true,"href":"https:\/\/blogsaverroes.juntadeandalucia.es\/ceipferrobus\/wp-json\/wp\/v2\/users\/4989"}],"replies":[{"embeddable":true,"href":"https:\/\/blogsaverroes.juntadeandalucia.es\/ceipferrobus\/wp-json\/wp\/v2\/comments?post=56"}],"version-history":[{"count":10,"href":"https:\/\/blogsaverroes.juntadeandalucia.es\/ceipferrobus\/wp-json\/wp\/v2\/pages\/56\/revisions"}],"predecessor-version":[{"id":1045,"href":"https:\/\/blogsaverroes.juntadeandalucia.es\/ceipferrobus\/wp-json\/wp\/v2\/pages\/56\/revisions\/1045"}],"wp:attachment":[{"href":"https:\/\/blogsaverroes.juntadeandalucia.es\/ceipferrobus\/wp-json\/wp\/v2\/media?parent=56"}],"curies":[{"name":"wp","href":"https:\/\/api.w.org\/{rel}","templated":true}]}}