{"id":672,"date":"2022-04-01T19:36:07","date_gmt":"2022-04-01T19:36:07","guid":{"rendered":"https:\/\/blogsaverroes.juntadeandalucia.es\/ceipferrobus\/?page_id=672"},"modified":"2023-05-23T11:20:39","modified_gmt":"2023-05-23T11:20:39","slug":"criterios-de-evalucion-del-centro","status":"publish","type":"page","link":"https:\/\/blogsaverroes.juntadeandalucia.es\/ceipferrobus\/criterios-de-evalucion-del-centro\/","title":{"rendered":"CRITERIOS DE EVALUCI\u00d3N DEL CENTRO. GARANTIAS PROCEDIMENTALES"},"content":{"rendered":"<p>CRONOGRAMA DE GARANTIAS PROCEDIMENTALES CURSO 22\/23<\/p>\n<p>CRITERIOS DE EVALUACI\u00d3N Y PROMOCI\u00d3N<\/p>\n<p><a href=\"https:\/\/blogsaverroes.juntadeandalucia.es\/ceipferrobus\/criterios-de-evalucion-del-centro\/documento-5-procedimientos-y-criterios-de-evaluacion-revision-21-22-2\/\" rel=\"attachment wp-att-932\">DOCUMENTO 5. Procedimientos y criterios de evaluaci\u00f3n Revisi\u00f3n.<\/a><\/p>\n<p>&nbsp;<\/p>\n<p>Puedes consultar los criterios de evaluaci\u00f3n de nuestro centro en los siguientes enlaces:<\/p>\n<p><a href=\"https:\/\/blogsaverroes.juntadeandalucia.es\/ceipferrobus\/criterios-de-evalucion-del-centro\/criterios-de-evaluacion-1o-ciclo-completo\/\" rel=\"attachment wp-att-681\">CRITERIOS DE EVALUACI\u00d3N 1\u00ba CICLO <\/a><\/p>\n<p><a href=\"https:\/\/blogsaverroes.juntadeandalucia.es\/ceipferrobus\/criterios-de-evalucion-del-centro\/criterios-de-evaluacion-2o-ciclo-completo\/\" rel=\"attachment wp-att-682\">CRITERIOS DE EVALUACI\u00d3N 2\u00ba CICLO <\/a><\/p>\n<p><a href=\"https:\/\/blogsaverroes.juntadeandalucia.es\/ceipferrobus\/criterios-de-evalucion-del-centro\/criterios-de-evaluacion-3o-ciclo-completo\/\" rel=\"attachment wp-att-683\">CRITERIOS DE EVALUACI\u00d3N 3\u00ba CICLO<\/a><\/p>\n<p>GARANTIAS PROCEDIMENTA<\/p>\n<p><a href=\"https:\/\/blogsaverroes.juntadeandalucia.es\/ceipferrobus\/criterios-de-evalucion-del-centro\/anexo-documental-g-p-en-primaria-2023\/\" rel=\"attachment wp-att-934\">ANEXO DOCUMENTAL G. P. en Primaria 2023<\/a><\/p>\n","protected":false},"excerpt":{"rendered":"<p>CRONOGRAMA DE GARANTIAS PROCEDIMENTALES CURSO 22\/23 CRITERIOS DE EVALUACI\u00d3N Y PROMOCI\u00d3N DOCUMENTO 5. Procedimientos y criterios de evaluaci\u00f3n Revisi\u00f3n. &nbsp; Puedes consultar los criterios de evaluaci\u00f3n de nuestro centro en los siguientes enlaces: CRITERIOS&#46;&#46;&#46;<\/p>\n","protected":false},"author":4989,"featured_media":0,"parent":0,"menu_order":0,"comment_status":"closed","ping_status":"closed","template":"","meta":{"ngg_post_thumbnail":0,"footnotes":""},"aioseo_notices":[],"_links":{"self":[{"href":"https:\/\/blogsaverroes.juntadeandalucia.es\/ceipferrobus\/wp-json\/wp\/v2\/pages\/672"}],"collection":[{"href":"https:\/\/blogsaverroes.juntadeandalucia.es\/ceipferrobus\/wp-json\/wp\/v2\/pages"}],"about":[{"href":"https:\/\/blogsaverroes.juntadeandalucia.es\/ceipferrobus\/wp-json\/wp\/v2\/types\/page"}],"author":[{"embeddable":true,"href":"https:\/\/blogsaverroes.juntadeandalucia.es\/ceipferrobus\/wp-json\/wp\/v2\/users\/4989"}],"replies":[{"embeddable":true,"href":"https:\/\/blogsaverroes.juntadeandalucia.es\/ceipferrobus\/wp-json\/wp\/v2\/comments?post=672"}],"version-history":[{"count":9,"href":"https:\/\/blogsaverroes.juntadeandalucia.es\/ceipferrobus\/wp-json\/wp\/v2\/pages\/672\/revisions"}],"predecessor-version":[{"id":939,"href":"https:\/\/blogsaverroes.juntadeandalucia.es\/ceipferrobus\/wp-json\/wp\/v2\/pages\/672\/revisions\/939"}],"wp:attachment":[{"href":"https:\/\/blogsaverroes.juntadeandalucia.es\/ceipferrobus\/wp-json\/wp\/v2\/media?parent=672"}],"curies":[{"name":"wp","href":"https:\/\/api.w.org\/{rel}","templated":true}]}}