{"id":703,"date":"2022-05-15T10:06:53","date_gmt":"2022-05-15T10:06:53","guid":{"rendered":"https:\/\/blogsaverroes.juntadeandalucia.es\/ceipferrobus\/?page_id=703"},"modified":"2024-10-15T09:30:47","modified_gmt":"2024-10-15T09:30:47","slug":"proyecto-de-direccion","status":"publish","type":"page","link":"https:\/\/blogsaverroes.juntadeandalucia.es\/ceipferrobus\/proyecto-de-direccion\/","title":{"rendered":"PROYECTO DE DIRECCI\u00d3N."},"content":{"rendered":"<p>MEMORIA DE DIRECCI\u00d3N Y CONCRECI\u00d3N DEL PROYECTO DE DIRECCI\u00d3N PARA EL CURSO 2024\/2025<\/p>\n<p><a href=\"https:\/\/blogsaverroes.juntadeandalucia.es\/ceipferrobus\/proyecto-de-direccion\/proyecto-de-direccion-24-25\/\" rel=\"attachment wp-att-1088\">Proyecto-de-direcci\u00f3n-24.25<\/a><\/p>\n<p>&nbsp;<\/p>\n<p>MEMORIA CURSO 22\/23 Y CONCRECI\u00d3N DEL PROYECTO DE DIRECCI\u00d3N CURSO 23\/24&nbsp;<\/p>\n<p><a href=\"https:\/\/blogsaverroes.juntadeandalucia.es\/ceipferrobus\/proyecto-de-direccion\/proyecto-de-direccion-23-24\/\" rel=\"attachment wp-att-1031\">Memoria 22\/23 y proyecto-de-direcci\u00f3n-23.24-<\/a><\/p>\n<p>&nbsp;<\/p>\n<p>&nbsp;<\/p>\n<p>CONCRECI\u00d3N DEL PROYECTO DE DIRECCI\u00d3N PARA EL CURSO 2022\/2023<\/p>\n<p><a href=\"https:\/\/blogsaverroes.juntadeandalucia.es\/ceipferrobus\/proyecto-de-direccion\/proyecto-de-direccion-22-23\/\" rel=\"attachment wp-att-719\">Proyecto de direcci\u00f3n 22.23<\/a><\/p>\n<p>MEORIA DE AUTOEVALUACI\u00d3N DE LA DIRECCI\u00d3N<\/p>\n<p><a href=\"https:\/\/blogsaverroes.juntadeandalucia.es\/ceipferrobus\/proyecto-de-direccion\/presentacion-memoria-autoevaluacion-de-la-direccion\/\" rel=\"attachment wp-att-704\">PRESENTACI\u00d3N MEMORIA AUTOEVALUACI\u00d3N DE LA DIRECCI\u00d3N<\/a> <a href=\"https:\/\/blogsaverroes.juntadeandalucia.es\/ceipferrobus\/proyecto-de-direccion\/memoria-autoevaluacion-direccion-2018-2022\/\" rel=\"attachment wp-att-705\">Memoria autoevaluaci\u00f3n direcci\u00f3n 2018.2022<\/a><\/p>\n<p>&nbsp;<\/p>\n<p><a href=\"https:\/\/blogsaverroes.juntadeandalucia.es\/ceipferrobus\/proyecto-de-direccion\/memoria-autoevaluacion-direccion-2018-2022\/\" rel=\"attachment wp-att-705\">Memoria MEMORIA&nbsp; DE AUTOEVALUACI\u00d3N DE LA DIRECCI\u00d3N 2018\/2022<\/a><\/p>\n","protected":false},"excerpt":{"rendered":"<p>MEMORIA DE DIRECCI\u00d3N Y CONCRECI\u00d3N DEL PROYECTO DE DIRECCI\u00d3N PARA EL CURSO 2024\/2025 Proyecto-de-direcci\u00f3n-24.25 &nbsp; MEMORIA CURSO 22\/23 Y CONCRECI\u00d3N DEL PROYECTO DE DIRECCI\u00d3N CURSO 23\/24&nbsp; Memoria 22\/23 y proyecto-de-direcci\u00f3n-23.24- &nbsp; &nbsp; CONCRECI\u00d3N DEL&#46;&#46;&#46;<\/p>\n","protected":false},"author":4989,"featured_media":0,"parent":0,"menu_order":0,"comment_status":"closed","ping_status":"closed","template":"","meta":{"ngg_post_thumbnail":0,"footnotes":""},"aioseo_notices":[],"_links":{"self":[{"href":"https:\/\/blogsaverroes.juntadeandalucia.es\/ceipferrobus\/wp-json\/wp\/v2\/pages\/703"}],"collection":[{"href":"https:\/\/blogsaverroes.juntadeandalucia.es\/ceipferrobus\/wp-json\/wp\/v2\/pages"}],"about":[{"href":"https:\/\/blogsaverroes.juntadeandalucia.es\/ceipferrobus\/wp-json\/wp\/v2\/types\/page"}],"author":[{"embeddable":true,"href":"https:\/\/blogsaverroes.juntadeandalucia.es\/ceipferrobus\/wp-json\/wp\/v2\/users\/4989"}],"replies":[{"embeddable":true,"href":"https:\/\/blogsaverroes.juntadeandalucia.es\/ceipferrobus\/wp-json\/wp\/v2\/comments?post=703"}],"version-history":[{"count":8,"href":"https:\/\/blogsaverroes.juntadeandalucia.es\/ceipferrobus\/wp-json\/wp\/v2\/pages\/703\/revisions"}],"predecessor-version":[{"id":1089,"href":"https:\/\/blogsaverroes.juntadeandalucia.es\/ceipferrobus\/wp-json\/wp\/v2\/pages\/703\/revisions\/1089"}],"wp:attachment":[{"href":"https:\/\/blogsaverroes.juntadeandalucia.es\/ceipferrobus\/wp-json\/wp\/v2\/media?parent=703"}],"curies":[{"name":"wp","href":"https:\/\/api.w.org\/{rel}","templated":true}]}}