{"id":1058,"date":"2024-10-26T19:13:02","date_gmt":"2024-10-26T18:13:02","guid":{"rendered":"https:\/\/blogsaverroes.juntadeandalucia.es\/ceipfranciscobadillo\/?page_id=1058"},"modified":"2024-11-13T20:32:15","modified_gmt":"2024-11-13T19:32:15","slug":"tutoriales-familias","status":"publish","type":"page","link":"https:\/\/blogsaverroes.juntadeandalucia.es\/ceipfranciscobadillo\/tutoriales-familias\/","title":{"rendered":"TUTORIALES FAMILIAS"},"content":{"rendered":"<p><span style=\"font-size: 18pt\"><b style=\"color: red\">TUTORIALES iPASEN<\/b><\/span><\/p>\n<div><a style=\"clear: left;float: left;margin-bottom: 1em;margin-right: 1em\" href=\"https:\/\/view.genial.ly\/5f760aecf8bf4d102a26739c\/horizontal-infographic-review-videotutoriales-para-familias\" target=\"_blank\" rel=\"noopener\"><img loading=\"lazy\" decoding=\"async\" class=\"alignnone\" src=\"https:\/\/blogger.googleusercontent.com\/img\/b\/R29vZ2xl\/AVvXsEhK4VFWdek7BJ7C_khlzQbn4mbqgSjuuSrIcf7tA4uwQucLnsp22PCQm822G57eLKjv79XEXEP194Ewxg7QN25Id8NShcK5Gfz0ONGthh9TXsQNsKxQ4NAR0SnedfIcSRBkHAzyMP2dVtrTEmA48UjoLr7i0RHgtt7RvBWFBft4fe-wkc8aEpk_W59m\/w283-h400\/TUTORIALES%20FAMILIAS%20iPASEN.jpg\" alt=\"\" width=\"330\" height=\"467\" border=\"0\" data-original-height=\"2339\" data-original-width=\"1654\"><\/a><\/div>\n<div>\n<p><b><span style=\"color: red;font-size: medium\">TUTORIALES Google CLASSROOM<\/span><\/b><\/p>\n<div>\n<div>&nbsp;<\/div>\n<div><a href=\"https:\/\/www.youtube.com\/watch?v=MycvBy8LSN4&amp;list=PLnVD0pPf7Gn_tX5lg6uoNPLnDypjohLzk&amp;index=2&amp;t=228s\" target=\"_blank\" rel=\"noopener\">Tutorial 1.<\/a>&nbsp;Gu\u00eda general alumnado y familias.<\/div>\n<div>&nbsp;<\/div>\n<div><a href=\"https:\/\/www.youtube.com\/watch?reload=9&amp;v=EicVQuWfMcA&amp;feature=youtu.be\" target=\"_blank\" rel=\"noopener\">Tutorial 2.<\/a>&nbsp;Gu\u00eda general alumnado y familias.<\/div>\n<div>&nbsp;<\/div>\n<div><a href=\"https:\/\/www.youtube.com\/watch?v=RCZVKTfnNmg&amp;feature=emb_logo\" target=\"_blank\" rel=\"noopener\">Tutorial 3.<\/a>&nbsp;Gu\u00eda general alumnado y familias.<\/div>\n<div>&nbsp;<\/div>\n<div><a href=\"https:\/\/www.youtube.com\/watch?v=Kn29Q7d3em0\" target=\"_blank\" rel=\"noopener\">Tutorial 4.<\/a>&nbsp;Entregar tareas desde el m\u00f3vil.<\/div>\n<div>&nbsp;<\/div>\n<div><a href=\"https:\/\/www.youtube.com\/watch?v=VPuKFVUU0dE\" target=\"_blank\" rel=\"noopener\">Tutorial 5.<\/a>&nbsp;Enviar una foro como tarea.<\/div>\n<div>&nbsp;<\/div>\n<div><a href=\"https:\/\/www.youtube.com\/watch?v=2z-eyD3-bik&amp;feature=youtu.be\" target=\"_blank\" rel=\"noopener\">Tutorial 6.<\/a>&nbsp;Gu\u00eda r\u00e1pida Classroom.<\/div>\n<div>&nbsp;<\/div>\n<div>\n<p><a href=\"https:\/\/drive.google.com\/file\/d\/1GLGHn105DeB5pXW3d4FDBoDdgAZ-qJN4\/view?usp=sharing\" target=\"_blank\" rel=\"noopener\">Tutorial 7.<\/a>&nbsp;Manual PDF alumnado y familias.<\/p>\n<div>&nbsp;<\/div>\n<div>&nbsp;<\/div>\n<\/div>\n<p>&nbsp;<\/p>\n<\/div>\n<\/div>\n","protected":false},"excerpt":{"rendered":"<p>TUTORIALES iPASEN TUTORIALES Google CLASSROOM &nbsp; Tutorial 1.&nbsp;Gu\u00eda general alumnado y familias. &nbsp; Tutorial 2.&nbsp;Gu\u00eda general alumnado y familias. &nbsp; Tutorial 3.&nbsp;Gu\u00eda general alumnado y familias. &nbsp; Tutorial 4.&nbsp;Entregar tareas desde el m\u00f3vil. &nbsp; Tutorial 5.&nbsp;Enviar una foro como tarea. &nbsp; Tutorial 6.&nbsp;Gu\u00eda r\u00e1pida Classroom. &nbsp; Tutorial 7.&nbsp;Manual PDF alumnado y familias. &nbsp; &nbsp; &nbsp;<\/p>\n","protected":false},"author":8073,"featured_media":0,"parent":0,"menu_order":0,"comment_status":"closed","ping_status":"closed","template":"","meta":{"_et_pb_use_builder":"","_et_pb_old_content":"","_et_gb_content_width":"","ngg_post_thumbnail":0,"footnotes":""},"aioseo_notices":[],"_links":{"self":[{"href":"https:\/\/blogsaverroes.juntadeandalucia.es\/ceipfranciscobadillo\/wp-json\/wp\/v2\/pages\/1058"}],"collection":[{"href":"https:\/\/blogsaverroes.juntadeandalucia.es\/ceipfranciscobadillo\/wp-json\/wp\/v2\/pages"}],"about":[{"href":"https:\/\/blogsaverroes.juntadeandalucia.es\/ceipfranciscobadillo\/wp-json\/wp\/v2\/types\/page"}],"author":[{"embeddable":true,"href":"https:\/\/blogsaverroes.juntadeandalucia.es\/ceipfranciscobadillo\/wp-json\/wp\/v2\/users\/8073"}],"replies":[{"embeddable":true,"href":"https:\/\/blogsaverroes.juntadeandalucia.es\/ceipfranciscobadillo\/wp-json\/wp\/v2\/comments?post=1058"}],"version-history":[{"count":4,"href":"https:\/\/blogsaverroes.juntadeandalucia.es\/ceipfranciscobadillo\/wp-json\/wp\/v2\/pages\/1058\/revisions"}],"predecessor-version":[{"id":1761,"href":"https:\/\/blogsaverroes.juntadeandalucia.es\/ceipfranciscobadillo\/wp-json\/wp\/v2\/pages\/1058\/revisions\/1761"}],"wp:attachment":[{"href":"https:\/\/blogsaverroes.juntadeandalucia.es\/ceipfranciscobadillo\/wp-json\/wp\/v2\/media?parent=1058"}],"curies":[{"name":"wp","href":"https:\/\/api.w.org\/{rel}","templated":true}]}}