{"id":1060,"date":"2024-10-26T19:13:42","date_gmt":"2024-10-26T18:13:42","guid":{"rendered":"https:\/\/blogsaverroes.juntadeandalucia.es\/ceipfranciscobadillo\/?page_id=1060"},"modified":"2024-10-26T19:13:42","modified_gmt":"2024-10-26T18:13:42","slug":"recursos-primaria","status":"publish","type":"page","link":"https:\/\/blogsaverroes.juntadeandalucia.es\/ceipfranciscobadillo\/recursos-primaria\/","title":{"rendered":"RECURSOS PRIMARIA"},"content":{"rendered":"<p><span style=\"color: red\"><b>RECURSOS PRIMARIA<\/b><\/span><br \/>\n<span style=\"color: red\"><b><br \/><\/b><\/span><br \/>\n<a href=\"http:\/\/tiny.cc\/wxuslz\" target=\"_blank\" rel=\"noopener\">Libro 1. Experimentos para 1ero, 2do y 3ro de primaria<\/a><\/p>\n<p><a href=\"http:\/\/tiny.cc\/iwuslz\" target=\"_blank\" rel=\"noopener\">Libro 2. Experimentos para 4to, 5to y 6to de primaria<\/a><\/p>\n<p><a href=\"http:\/\/tiny.cc\/pvuslz\" target=\"_blank\" rel=\"noopener\">Lista v\u00eddeos experimentos YouTube<\/a><span style=\"color: red\"><\/span><\/p>\n<p><a href=\"https:\/\/drive.google.com\/open?id=1kTQPimYmxUNGsqWl_1nvvl52DyICzuus\" target=\"_blank\" rel=\"noopener\">Cuadernillos de trabajo de 1\u00ba a 6\u00ba<\/a><\/p>\n<p><a href=\"https:\/\/drive.google.com\/drive\/folders\/1o2dAa4RCzozBdF0Ha1SZ2uKuhZnCkp5G?usp=sharing\" target=\"_blank\" rel=\"noopener\">Actividades Repaso Lengua<\/a><\/p>\n<p><a href=\"https:\/\/drive.google.com\/drive\/folders\/1zxx-LaeGGULfW4zOoxKrbjjjIyk894gk?usp=sharing\" target=\"_blank\" rel=\"noopener\">Actividades Repaso Matem\u00e1ticas<\/a><\/p>\n<p><a href=\"https:\/\/drive.google.com\/drive\/folders\/1d8-7p7iWlBcaKsHeDqDWoUktrsE_K0A4?usp=sharing\" target=\"_blank\" rel=\"noopener\">Refuerzo Lengua<\/a><\/p>\n<p><a href=\"https:\/\/drive.google.com\/drive\/folders\/143ELsojMJAR1RIHqVmBL0cd98teWWrno?usp=sharing\" target=\"_blank\" rel=\"noopener\">Refuerzo Matem\u00e1ticas<\/a><\/p>\n<p><a href=\"https:\/\/drive.google.com\/file\/d\/1dMslS1Kj7Z2J5FFKVy1U-UT5QZHIeFo9\/view?usp=sharing\" target=\"_blank\" rel=\"noopener\">Libro Matem\u00e1ticas 5\u00ba<\/a><\/p>\n<p><a href=\"http:\/\/anabelenbelen4.blogspot.com\/2010\/11\/fichas-2-primaria-lengua-matematicas-y.html\" target=\"_blank\" rel=\"noopener\">Enlace recursos 2\u00ba de Primaria<\/a><\/p>\n<p><a href=\"https:\/\/refuerzocaravaca.jimdofree.com\/actividades-de-repaso-por-%C3%A1reas-y-niveles\/lengua-repaso\/\" target=\"_blank\" rel=\"noopener\">Enlace recursos Lengua todos lo niveles Primaria<\/a><\/p>\n<p><a href=\"https:\/\/refuerzocaravaca.jimdofree.com\/actividades-de-repaso-por-%C3%A1reas-y-niveles\/matem%C3%A1ticas-repaso\/\" target=\"_blank\" rel=\"noopener\">Enlace recursos Matem\u00e1ticas todos los niveles Primaria<\/a><\/p>\n<p><a href=\"http:\/\/mestreacasa.gva.es\/web\/manes_mil\/24\" target=\"_blank\" rel=\"noopener\">Enlace fichas Primaria<\/a><\/p>\n<p><a href=\"http:\/\/mestreacasa.gva.es\/web\/manes_mil\/24\" target=\"_blank\" rel=\"noopener\">Web con material de diferentes cursos de Primaria.<\/a><\/p>\n","protected":false},"excerpt":{"rendered":"<p>RECURSOS PRIMARIA Libro 1. Experimentos para 1ero, 2do y 3ro de primaria Libro 2. Experimentos para 4to, 5to y 6to de primaria Lista v\u00eddeos experimentos YouTube Cuadernillos de trabajo de 1\u00ba a 6\u00ba Actividades Repaso Lengua Actividades Repaso Matem\u00e1ticas Refuerzo Lengua Refuerzo Matem\u00e1ticas Libro Matem\u00e1ticas 5\u00ba Enlace recursos 2\u00ba de Primaria Enlace recursos Lengua todos [&hellip;]<\/p>\n","protected":false},"author":8073,"featured_media":0,"parent":0,"menu_order":0,"comment_status":"closed","ping_status":"closed","template":"","meta":{"_et_pb_use_builder":"","_et_pb_old_content":"","_et_gb_content_width":"","ngg_post_thumbnail":0,"footnotes":""},"aioseo_notices":[],"_links":{"self":[{"href":"https:\/\/blogsaverroes.juntadeandalucia.es\/ceipfranciscobadillo\/wp-json\/wp\/v2\/pages\/1060"}],"collection":[{"href":"https:\/\/blogsaverroes.juntadeandalucia.es\/ceipfranciscobadillo\/wp-json\/wp\/v2\/pages"}],"about":[{"href":"https:\/\/blogsaverroes.juntadeandalucia.es\/ceipfranciscobadillo\/wp-json\/wp\/v2\/types\/page"}],"author":[{"embeddable":true,"href":"https:\/\/blogsaverroes.juntadeandalucia.es\/ceipfranciscobadillo\/wp-json\/wp\/v2\/users\/8073"}],"replies":[{"embeddable":true,"href":"https:\/\/blogsaverroes.juntadeandalucia.es\/ceipfranciscobadillo\/wp-json\/wp\/v2\/comments?post=1060"}],"version-history":[{"count":1,"href":"https:\/\/blogsaverroes.juntadeandalucia.es\/ceipfranciscobadillo\/wp-json\/wp\/v2\/pages\/1060\/revisions"}],"predecessor-version":[{"id":1061,"href":"https:\/\/blogsaverroes.juntadeandalucia.es\/ceipfranciscobadillo\/wp-json\/wp\/v2\/pages\/1060\/revisions\/1061"}],"wp:attachment":[{"href":"https:\/\/blogsaverroes.juntadeandalucia.es\/ceipfranciscobadillo\/wp-json\/wp\/v2\/media?parent=1060"}],"curies":[{"name":"wp","href":"https:\/\/api.w.org\/{rel}","templated":true}]}}