{"id":1079,"date":"2024-10-26T19:22:06","date_gmt":"2024-10-26T18:22:06","guid":{"rendered":"https:\/\/blogsaverroes.juntadeandalucia.es\/ceipfranciscobadillo\/?page_id=1079"},"modified":"2025-09-03T17:03:32","modified_gmt":"2025-09-03T16:03:32","slug":"claustro-2024-2025","status":"publish","type":"page","link":"https:\/\/blogsaverroes.juntadeandalucia.es\/ceipfranciscobadillo\/claustro-2024-2025\/","title":{"rendered":"CLAUSTRO 2025-2026"},"content":{"rendered":"<p>[et_pb_section fb_built=&#8221;1&#8243; _builder_version=&#8221;4.24.2&#8243; _module_preset=&#8221;default&#8221; global_colors_info=&#8221;{}&#8221;][et_pb_row _builder_version=&#8221;4.24.2&#8243; _module_preset=&#8221;default&#8221; global_colors_info=&#8221;{}&#8221;][et_pb_column type=&#8221;4_4&#8243; _builder_version=&#8221;4.24.2&#8243; _module_preset=&#8221;default&#8221; global_colors_info=&#8221;{}&#8221;][et_pb_image src=&#8221;https:\/\/blogsaverroes.juntadeandalucia.es\/ceipfranciscobadillo\/files\/2025\/09\/Claustro-2025-2026-scaled.jpeg&#8221; title_text=&#8221;Claustro 2025-2026&#8243; _builder_version=&#8221;4.24.2&#8243; _module_preset=&#8221;default&#8221; hover_enabled=&#8221;0&#8243; global_colors_info=&#8221;{}&#8221; sticky_enabled=&#8221;0&#8243;][\/et_pb_image][et_pb_text _builder_version=&#8221;4.24.2&#8243; _module_preset=&#8221;default&#8221; text_font=&#8221;ABeeZee|700|||||||&#8221; header_font=&#8221;ABeeZee|700|||||||&#8221; hover_enabled=&#8221;0&#8243; global_colors_info=&#8221;{}&#8221; sticky_enabled=&#8221;0&#8243;]<\/p>\n<table style=\"border-style: solid;width: 129.878%;border-color: #000000\" width=\"1077\">\n<tbody>\n<tr>\n<td style=\"border-style: solid;border-color: #000000;width: 26.9231%;background-color: #0af7d8\" width=\"284\"><strong>PUESTO \/ CURSO<\/strong><\/td>\n<td style=\"border-style: solid;border-color: #000000;width: 26.9231%;background-color: #0af7d8\" width=\"284\"><strong>NOMBRE<\/strong><\/td>\n<td style=\"width: 45.2158%\">&nbsp;<\/td>\n<\/tr>\n<tr>\n<td style=\"border-style: solid;border-color: #000000;width: 99.062%;background-color: #0ff572\" colspan=\"3\" width=\"1077\"><strong>CICLO INFANTIL<\/strong><\/td>\n<\/tr>\n<tr>\n<td style=\"border-style: solid;border-color: #000000;width: 26.9231%\" width=\"284\"><strong>ED. INFANTIL &#8211; A-3<\/strong><\/td>\n<td style=\"border-style: solid;border-color: #000000;width: 26.9231%\" width=\"284\"><strong>M\u00aa P.G.C.&nbsp;<\/strong><\/td>\n<td style=\"width: 45.2158%\">&nbsp;<\/td>\n<\/tr>\n<tr>\n<td style=\"border-style: solid;border-color: #000000;width: 26.9231%\" width=\"284\"><strong>ED. INFANTIL &#8211; B-3<\/strong><\/td>\n<td style=\"border-style: solid;border-color: #000000;width: 26.9231%\" width=\"284\"><strong>F.L.Z.<\/strong><\/td>\n<td style=\"width: 45.2158%\">&nbsp;<\/td>\n<\/tr>\n<tr>\n<td style=\"border-style: solid;border-color: #000000;width: 26.9231%\" width=\"284\"><strong>ED. INFANTIL &#8211; A-4<\/strong><\/td>\n<td style=\"border-style: solid;border-color: #000000;width: 26.9231%\" width=\"284\"><strong>M\u00aa L.G.M.<\/strong><\/td>\n<td style=\"width: 45.2158%\">&nbsp;<\/td>\n<\/tr>\n<tr>\n<td style=\"border-style: solid;border-color: #000000;width: 26.9231%\" width=\"284\"><strong>ED. INFANTIL &#8211; B-4<\/strong><\/td>\n<td style=\"border-style: solid;border-color: #000000;width: 26.9231%\" width=\"284\"><strong>M\u00aa M.C.G.<\/strong><\/td>\n<td style=\"width: 45.2158%\">&nbsp;<\/td>\n<\/tr>\n<tr>\n<td style=\"border-style: solid;border-color: #000000;width: 26.9231%\" width=\"284\"><strong>ED. INFANTIL &#8211; A-5<\/strong><\/td>\n<td style=\"border-style: solid;border-color: #000000;width: 26.9231%\" width=\"284\"><strong>M\u00aa I.P.T.<\/strong><\/td>\n<td style=\"width: 45.2158%\">&nbsp;<\/td>\n<\/tr>\n<tr>\n<td style=\"border-style: solid;border-color: #000000;width: 26.9231%\" width=\"284\"><strong>ED. INFANTIL &#8211; B-5 COORD. CICLO<\/strong><\/td>\n<td style=\"border-style: solid;border-color: #000000;width: 26.9231%\" width=\"284\"><strong>J.S.M<\/strong><\/td>\n<td style=\"width: 45.2158%\">&nbsp;<\/td>\n<\/tr>\n<tr>\n<td style=\"border-style: solid;border-color: #000000;width: 26.9231%\" width=\"284\"><strong>ED. INFANTIL \u2013 APOYO&nbsp;<\/strong><\/td>\n<td style=\"border-style: solid;border-color: #000000;width: 26.9231%\" width=\"284\"><strong>A.M\u00aa.G.F.<\/strong><\/td>\n<td style=\"width: 45.2158%\">&nbsp;<\/td>\n<\/tr>\n<tr>\n<td style=\"border-style: solid;border-color: #000000;width: 99.062%;background-color: #1ceb15\" colspan=\"3\" width=\"1077\"><strong>PRIMER CICLO<\/strong><\/td>\n<\/tr>\n<tr>\n<td style=\"border-style: solid;border-color: #000000;width: 26.9231%\" width=\"284\"><strong>ED. PRIMARIA &#8211; 1\u00baA<\/strong><\/td>\n<td style=\"border-style: solid;border-color: #000000;width: 26.9231%\" width=\"284\"><strong>B.R.M.<\/strong><\/td>\n<td style=\"width: 45.2158%\">&nbsp;<\/td>\n<\/tr>\n<tr>\n<td style=\"border-style: solid;border-color: #000000;width: 26.9231%\" width=\"284\"><strong>ED. PRIMARIA BIL. &#8211; 1\u00baB COORD. CICLO<\/strong><\/td>\n<td style=\"border-style: solid;border-color: #000000;width: 26.9231%\" width=\"284\"><strong>I.N.A.<\/strong><\/td>\n<td style=\"width: 45.2158%\">&nbsp;<\/td>\n<\/tr>\n<tr>\n<td style=\"border-style: solid;border-color: #000000;width: 26.9231%\" width=\"284\"><strong>SECRETARIA &#8211; <\/strong><strong>ED. PRIMARIA &#8211; 2\u00baA<\/strong><\/td>\n<td style=\"border-style: solid;border-color: #000000;width: 26.9231%\" width=\"284\"><strong>I.M.J.<\/strong><\/td>\n<td style=\"width: 45.2158%\">&nbsp;<\/td>\n<\/tr>\n<tr>\n<td style=\"border-style: solid;border-color: #000000;width: 26.9231%\" width=\"284\"><strong>ED. PRIMARIA BILING\u00daE\u2013 2\u00baB<\/strong><\/td>\n<td style=\"border-style: solid;border-color: #000000;width: 26.9231%\" width=\"284\"><strong>R.A.R.<\/strong><\/td>\n<td style=\"width: 45.2158%\">&nbsp;<\/td>\n<\/tr>\n<tr>\n<td style=\"border-style: solid;border-color: #000000;width: 26.9231%\" width=\"284\"><strong>RELIGI\u00d3N<\/strong><\/td>\n<td style=\"border-style: solid;border-color: #000000;width: 26.9231%\" width=\"284\"><strong>\u00da.L.M.<\/strong><\/td>\n<td style=\"width: 45.2158%\">&nbsp;<\/td>\n<\/tr>\n<tr>\n<td style=\"border-style: solid;border-color: #000000;width: 26.9231%\" width=\"284\"><strong>ED. PRIMARIA \u2013 REFUERZO<\/strong><\/td>\n<td style=\"border-style: solid;border-color: #000000;width: 26.9231%\" width=\"284\"><strong>M\u00aa G.A.D.<\/strong><\/td>\n<td style=\"width: 45.2158%\">&nbsp;<\/td>\n<\/tr>\n<tr>\n<td style=\"border-style: solid;border-color: #000000;width: 99.062%;background-color: #24ed15\" colspan=\"3\" width=\"1077\"><strong>SEGUNDO CICLO<\/strong><\/td>\n<\/tr>\n<tr>\n<td style=\"border-style: solid;border-color: #000000;width: 26.9231%\" width=\"284\"><strong>ED. PRIMARIA \u2013 3\u00baA<\/strong><\/td>\n<td style=\"border-style: solid;border-color: #000000;width: 26.9231%\" width=\"284\"><strong>A.T.O.<\/strong><\/td>\n<td style=\"width: 45.2158%\">&nbsp;<\/td>\n<\/tr>\n<tr>\n<td style=\"border-style: solid;border-color: #000000;width: 26.9231%\" width=\"284\"><strong>E. F\u00cdSICA BILING\u00daE INGL\u00c9S \u2013 3\u00baB<\/strong><\/td>\n<td style=\"border-style: solid;border-color: #000000;width: 26.9231%\" width=\"284\"><strong>M\u00aa P.H.V.<\/strong><\/td>\n<td style=\"width: 45.2158%\">&nbsp;<\/td>\n<\/tr>\n<tr>\n<td style=\"border-style: solid;border-color: #000000;width: 26.9231%\" width=\"284\"><strong>ED. PRIMARIA BILING\u00daE \u2013 4\u00baA<\/strong><\/td>\n<td style=\"border-style: solid;border-color: #000000;width: 26.9231%\" width=\"284\"><strong>J.M.D.<\/strong><\/td>\n<td style=\"width: 45.2158%\">&nbsp;<\/td>\n<\/tr>\n<tr>\n<td style=\"border-style: solid;border-color: #000000;width: 26.9231%\" width=\"284\"><strong>ED. PRIM. INGL\u00c9S \u2013 4\u00baB COORD. <\/strong><strong>CICLO<\/strong><\/td>\n<td style=\"border-style: solid;border-color: #000000;width: 26.9231%\" width=\"284\"><strong>A.C.H.V.<\/strong><\/td>\n<td style=\"width: 45.2158%\">&nbsp;<\/td>\n<\/tr>\n<tr>\n<td style=\"border-style: solid;border-color: #000000;width: 26.9231%\" width=\"284\"><strong>E. F\u00cdSICA PRIMARIA <\/strong><\/td>\n<td style=\"border-style: solid;border-color: #000000;width: 26.9231%\" width=\"284\"><strong>JP.H.C.<\/strong><\/td>\n<td style=\"width: 45.2158%\">&nbsp;<\/td>\n<\/tr>\n<tr>\n<td style=\"border-style: solid;border-color: #000000;width: 99.062%;background-color: #16f016\" colspan=\"3\" width=\"1077\"><strong>TERCER CICLO<\/strong><\/td>\n<\/tr>\n<tr>\n<td style=\"border-style: solid;border-color: #000000;width: 26.9231%\" width=\"284\"><strong>DIRECCI\u00d3N &#8211; ED. PRIMARIA \u2013 5\u00baA<\/strong><\/td>\n<td style=\"border-style: solid;border-color: #000000;width: 26.9231%\" width=\"284\"><strong>AM\u00aa.C.C.<\/strong><\/td>\n<td style=\"width: 45.2158%\">&nbsp;<\/td>\n<\/tr>\n<tr>\n<td style=\"border-style: solid;border-color: #000000;width: 26.9231%\" width=\"284\"><strong>ED. PRIMARIA \u2013 5\u00baB COORD. CICLO<\/strong><\/td>\n<td style=\"border-style: solid;border-color: #000000;width: 26.9231%\" width=\"284\"><strong>M.G.J.<\/strong><\/td>\n<td style=\"width: 45.2158%\">&nbsp;<\/td>\n<\/tr>\n<tr>\n<td style=\"border-style: solid;border-color: #000000;width: 26.9231%\" width=\"284\"><strong>ED. PRIMARIA FRANC\u00c9S <\/strong><strong>&#8211; 6\u00baA<\/strong><\/td>\n<td style=\"border-style: solid;border-color: #000000;width: 26.9231%\" width=\"284\"><strong>I.D.L.<\/strong><\/td>\n<td style=\"width: 45.2158%\">&nbsp;<\/td>\n<\/tr>\n<tr>\n<td style=\"border-style: solid;border-color: #000000;width: 26.9231%\" width=\"284\"><strong>ED. PRIMARIA BILING\u00daE &#8211; 6\u00baB&nbsp;<\/strong><\/td>\n<td style=\"border-style: solid;border-color: #000000;width: 26.9231%\" width=\"284\"><strong>E.G.C.<\/strong><\/td>\n<td style=\"width: 45.2158%\">&nbsp;<\/td>\n<\/tr>\n<tr>\n<td style=\"border-style: solid;border-color: #000000;width: 26.9231%\" width=\"284\"><strong>JEFATURA &#8211;<\/strong><strong> LENGUA EXT. &#8211; INGL\u00c9S<\/strong><\/td>\n<td style=\"border-style: solid;border-color: #000000;width: 26.9231%\" width=\"284\"><strong>JA.M.R.<\/strong><\/td>\n<td style=\"width: 45.2158%\">&nbsp;<\/td>\n<\/tr>\n<tr>\n<td style=\"border-style: solid;border-color: #000000;width: 26.9231%\" width=\"284\"><strong>M\u00daSICA BILING\u00daE INGL\u00c9S<\/strong><\/td>\n<td style=\"border-style: solid;border-color: #000000;width: 26.9231%\" width=\"284\"><strong>B.R.M.<\/strong><\/td>\n<td style=\"width: 45.2158%\">&nbsp;<\/td>\n<\/tr>\n<tr>\n<td style=\"border-style: solid;border-color: #000000;width: 99.062%;background-color: #1eeb1e\" colspan=\"3\" width=\"1077\"><strong>EQUIPO DE ORIENTACI\u00d3N<\/strong><\/td>\n<\/tr>\n<tr>\n<td style=\"border-style: solid;border-color: #000000;width: 26.9231%\" width=\"284\"><strong>P. TERAPEUTICA (A. ESP.)<\/strong><strong> COORD. CICLO<\/strong><\/td>\n<td style=\"border-style: solid;border-color: #000000;width: 26.9231%\" width=\"284\"><strong>M\u00aaD.D.C.<\/strong><\/td>\n<td style=\"width: 45.2158%\">&nbsp;<\/td>\n<\/tr>\n<tr>\n<td style=\"border-style: solid;border-color: #000000;width: 26.9231%\" width=\"284\"><strong>PEDAGOG\u00cdA TERAPEUTICA<\/strong><\/td>\n<td style=\"border-style: solid;border-color: #000000;width: 26.9231%\" width=\"284\"><strong>R.R.L.<\/strong><\/td>\n<td style=\"width: 45.2158%\">&nbsp;<\/td>\n<\/tr>\n<tr>\n<td style=\"border-style: solid;border-color: #000000;width: 26.9231%\" width=\"284\"><strong>AUDICI\u00d3N Y LENGUAJE<\/strong><\/td>\n<td style=\"border-style: solid;border-color: #000000;width: 26.9231%\" width=\"284\"><strong>J.M.J.<\/strong><\/td>\n<td style=\"width: 45.2158%\">&nbsp;<\/td>\n<\/tr>\n<tr>\n<td style=\"border-style: solid;border-color: #000000;width: 26.9231%\" width=\"284\"><strong>ORIENTADORA<\/strong><\/td>\n<td style=\"border-style: solid;border-color: #000000;width: 26.9231%\" width=\"284\"><strong>J.<\/strong><\/td>\n<td style=\"width: 45.2158%\">&nbsp;<\/td>\n<\/tr>\n<tr>\n<td style=\"border-style: solid;border-color: #000000;width: 26.9231%\" width=\"284\"><strong>MONITOR (PTIS)<\/strong><\/td>\n<td style=\"border-style: solid;border-color: #000000;width: 26.9231%\" width=\"284\"><strong>J.H.M.<\/strong><\/td>\n<td style=\"width: 45.2158%\">&nbsp;<\/td>\n<\/tr>\n<tr>\n<td style=\"border-style: solid;border-color: #000000;width: 26.9231%\" width=\"284\"><strong>MONITORA (PTIS)<\/strong><\/td>\n<td style=\"border-style: solid;border-color: #000000;width: 26.9231%\" width=\"284\"><strong>P.L.M.<\/strong><\/td>\n<td style=\"width: 45.2158%\">&nbsp;<\/td>\n<\/tr>\n<tr>\n<td style=\"width: 99.062%;background-color: #1ceb20;border-style: solid;border-color: #000000\" colspan=\"3\" width=\"1077\"><strong>ADMINISTRACI\u00d3N Y SERVICIOS<\/strong><\/td>\n<\/tr>\n<tr>\n<td style=\"width: 26.9231%;border-style: solid;border-color: #000000\" width=\"284\"><strong>ADMINISTRATIVA<\/strong><\/td>\n<td style=\"width: 26.9231%;border-style: solid;border-color: #000000\" width=\"284\"><strong>A.B.C.<\/strong><\/td>\n<td style=\"width: 45.2158%;border-style: solid;border-color: #000000\">&nbsp;<\/td>\n<\/tr>\n<tr>\n<td style=\"width: 26.9231%;border-style: solid;border-color: #000000\" width=\"284\"><strong>CONSERJE<\/strong><\/td>\n<td style=\"width: 26.9231%;border-style: solid;border-color: #000000\" width=\"284\"><strong>A.M.N<\/strong><\/td>\n<td style=\"width: 45.2158%;border-style: solid;border-color: #000000\">&nbsp;<\/td>\n<\/tr>\n<tr>\n<td style=\"width: 99.062%;background-color: #36eb26;border-style: solid;border-color: #000000\" colspan=\"3\" width=\"1077\"><strong>AUXILIAR LING\u00dc\u00cdSTICO<\/strong><\/td>\n<\/tr>\n<tr>\n<td style=\"width: 26.9231%;border-style: solid;border-color: #000000\" width=\"284\"><strong>AUXILIAR BILILING\u00dcISMO<\/strong><\/td>\n<td style=\"width: 26.9231%;border-style: solid;border-color: #000000\" width=\"284\">&nbsp;<\/td>\n<td style=\"width: 45.2158%;border-style: solid;border-color: #000000\">&nbsp;<\/td>\n<\/tr>\n<\/tbody>\n<\/table>\n<p>[\/et_pb_text][\/et_pb_column][\/et_pb_row][\/et_pb_section]<\/p>\n","protected":false},"excerpt":{"rendered":"<p>PUESTO \/ CURSO NOMBRE &nbsp; CICLO INFANTIL ED. INFANTIL &#8211; A-3 M\u00aa P.G.C.&nbsp; &nbsp; ED. INFANTIL &#8211; B-3 F.L.Z. &nbsp; ED. INFANTIL &#8211; A-4 M\u00aa L.G.M. &nbsp; ED. INFANTIL &#8211; B-4 M\u00aa M.C.G. &nbsp; ED. INFANTIL &#8211; A-5 M\u00aa I.P.T. &nbsp; ED. INFANTIL &#8211; B-5 COORD. CICLO J.S.M &nbsp; ED. INFANTIL \u2013 APOYO&nbsp; A.M\u00aa.G.F. &nbsp; [&hellip;]<\/p>\n","protected":false},"author":8073,"featured_media":0,"parent":0,"menu_order":0,"comment_status":"closed","ping_status":"closed","template":"","meta":{"_et_pb_use_builder":"on","_et_pb_old_content":"","_et_gb_content_width":"","ngg_post_thumbnail":0,"footnotes":""},"aioseo_notices":[],"_links":{"self":[{"href":"https:\/\/blogsaverroes.juntadeandalucia.es\/ceipfranciscobadillo\/wp-json\/wp\/v2\/pages\/1079"}],"collection":[{"href":"https:\/\/blogsaverroes.juntadeandalucia.es\/ceipfranciscobadillo\/wp-json\/wp\/v2\/pages"}],"about":[{"href":"https:\/\/blogsaverroes.juntadeandalucia.es\/ceipfranciscobadillo\/wp-json\/wp\/v2\/types\/page"}],"author":[{"embeddable":true,"href":"https:\/\/blogsaverroes.juntadeandalucia.es\/ceipfranciscobadillo\/wp-json\/wp\/v2\/users\/8073"}],"replies":[{"embeddable":true,"href":"https:\/\/blogsaverroes.juntadeandalucia.es\/ceipfranciscobadillo\/wp-json\/wp\/v2\/comments?post=1079"}],"version-history":[{"count":12,"href":"https:\/\/blogsaverroes.juntadeandalucia.es\/ceipfranciscobadillo\/wp-json\/wp\/v2\/pages\/1079\/revisions"}],"predecessor-version":[{"id":2164,"href":"https:\/\/blogsaverroes.juntadeandalucia.es\/ceipfranciscobadillo\/wp-json\/wp\/v2\/pages\/1079\/revisions\/2164"}],"wp:attachment":[{"href":"https:\/\/blogsaverroes.juntadeandalucia.es\/ceipfranciscobadillo\/wp-json\/wp\/v2\/media?parent=1079"}],"curies":[{"name":"wp","href":"https:\/\/api.w.org\/{rel}","templated":true}]}}