{"id":1486,"date":"2024-11-09T20:53:09","date_gmt":"2024-11-09T19:53:09","guid":{"rendered":"https:\/\/blogsaverroes.juntadeandalucia.es\/ceipfranciscobadillo\/?page_id=1486"},"modified":"2024-11-13T20:17:01","modified_gmt":"2024-11-13T19:17:01","slug":"lecturas-y-cuentos","status":"publish","type":"page","link":"https:\/\/blogsaverroes.juntadeandalucia.es\/ceipfranciscobadillo\/lecturas-y-cuentos\/","title":{"rendered":"LECTURAS Y CUENTOS"},"content":{"rendered":"<p>[et_pb_section fb_built=&#8221;1&#8243; _builder_version=&#8221;4.24.2&#8243; _module_preset=&#8221;default&#8221; global_colors_info=&#8221;{}&#8221;][et_pb_row _builder_version=&#8221;4.24.2&#8243; _module_preset=&#8221;default&#8221; global_colors_info=&#8221;{}&#8221;][et_pb_column type=&#8221;4_4&#8243; _builder_version=&#8221;4.24.2&#8243; _module_preset=&#8221;default&#8221; global_colors_info=&#8221;{}&#8221;][et_pb_text _builder_version=&#8221;4.24.2&#8243; _module_preset=&#8221;default&#8221; global_colors_info=&#8221;{}&#8221;]<\/p>\n<div><a href=\"https:\/\/drive.google.com\/file\/d\/1VeNw4COEv2JTjx0UbdMLxu_vyATvRatE\/view?usp=sharing\" target=\"_blank\" rel=\"noopener\">Biblioteca de Cuentos<\/a><\/div>\n<div>&nbsp;<\/div>\n<div><a href=\"https:\/\/drive.google.com\/file\/d\/12qtCZ0p-ISDYofUJGpoeJ9-o4ekp4qFk\/view?usp=sharing\" target=\"_blank\" rel=\"noopener\">Biblioteca Cuentos Mafalda<\/a><\/div>\n<p><a href=\"https:\/\/drive.google.com\/drive\/folders\/1oW8qFgk59eydX0jiVHdXMQ-_pPvKXixc?usp=sharing\" target=\"_blank\" rel=\"noopener\">Lecturas en Ingl\u00e9s Primaria<\/a><\/p>\n<p><a href=\"https:\/\/drive.google.com\/file\/d\/1a053dXqkNR1uRAaS4wNXDm7MhIxdWWJH\/view?usp=sharing\" target=\"_blank\" rel=\"noopener\">Enlaces a cuentos por la Igualdad<\/a><\/p>\n<p><a href=\"https:\/\/drive.google.com\/file\/d\/1RQsJdVtWNbTIiGB-eSdNh8wa8RlXLTyB\/view?usp=sharing\" target=\"_blank\" rel=\"noopener\">Recopilatorios de V\u00eddeo-Cuentos<\/a><\/p>\n<p><a href=\"https:\/\/drive.google.com\/file\/d\/1_AktFm5mXdr5tCpWxcDiuY2n-d0Qi-tS\/view?usp=sharing\" target=\"_blank\" rel=\"noopener\">Divi\u00e9rtete con los libros:&nbsp;Gymkhana Literaria<\/a><\/p>\n<p><a href=\"https:\/\/drive.google.com\/file\/d\/10ANekqtLNktwQjXsceIsggxSxPXZsalp\/view?usp=sharing\" target=\"_blank\" rel=\"noopener\">Cuento H\u00e9roes y Hero\u00ednas<\/a><\/p>\n<p><a href=\"https:\/\/drive.google.com\/file\/d\/17U5mOtIEfv7bqLRNBa2MeSIsuqGnVB8k\/view?usp=sharing\" target=\"_blank\" rel=\"noopener\">Cuento las gotitas del agua y el arcoiris<\/a><br \/><a href=\"https:\/\/drive.google.com\/file\/d\/13NcrO_4UAwPWffEhq7snizafmDDAe-AL\/view?usp=sharing\" target=\"_blank\" rel=\"noopener\"><br \/><\/a><br \/><a href=\"https:\/\/drive.google.com\/file\/d\/13NcrO_4UAwPWffEhq7snizafmDDAe-AL\/view?usp=sharing\" target=\"_blank\" rel=\"noopener\">Cuento la flor de Juan<\/a><\/p>\n<p><a href=\"https:\/\/drive.google.com\/file\/d\/1J0L8GEtonIw_uRCFez4pY1ZZhCIMcpOL\/view?usp=sharing\" target=\"_blank\" rel=\"noopener\">Cuento monstruo de colores y el coronavirus<\/a><\/p>\n<p><a href=\"https:\/\/drive.google.com\/file\/d\/1YHWBsbhDkq_9k4rqGBuLSvwEfR0RYLlC\/view?usp=sharing\" target=\"_blank\" rel=\"noopener\">Cuentos para quedarse en casa<\/a><\/p>\n<p><a href=\"https:\/\/drive.google.com\/file\/d\/1D1C9NlRTRYC5p8BEufxQogDFx6uceSxg\/view?usp=sharing\" target=\"_blank\" rel=\"noopener\">Cuentos todos los d\u00edas<\/a><\/p>\n<p><a href=\"https:\/\/drive.google.com\/file\/d\/1n5Sz0ChUF4YWdo2VjPnqF1-F_GV7YWFe\/view?usp=sharing\" target=\"_blank\" rel=\"noopener\">Cuento: F\u00e1bula la cigarra y la hormiga<\/a><\/p>\n<p><a href=\"https:\/\/drive.google.com\/file\/d\/1ayoNfsGDuKIrXAniYo7IS1L-jddeToEA\/view?usp=sharing\" target=\"_blank\" rel=\"noopener\">F\u00e1bulas Infantiles<\/a><\/p>\n<p><a href=\"https:\/\/drive.google.com\/file\/d\/1M3jQQqXwkdg3Yu16Fkc12Y1qlg9jM-G1\/view?usp=sharing\" target=\"_blank\" rel=\"noopener\">Cuentos ilustrados<\/a><\/p>\n<p><a href=\"https:\/\/drive.google.com\/file\/d\/17jQ4LlnQiIj4yoww7JhTaGjUABVWE4Su\/view?usp=sharing\" target=\"_blank\" rel=\"noopener\">Cuento: Me llamo Coronavirus<\/a><\/p>\n<p><a href=\"https:\/\/drive.google.com\/file\/d\/1Gk5x0vRjrEAfmKZH7lEh9UZG9Antot-D\/view?usp=sharing\" target=\"_blank\" rel=\"noopener\">Cuento el oso goloso<\/a><\/p>\n<p><a href=\"https:\/\/drive.google.com\/file\/d\/1we4oZtuGXb4tzOxOqF4rujOt8LJNi3rz\/view?usp=sharing\" target=\"_blank\" rel=\"noopener\">Lectura: La piedra de los mil colores<\/a><\/p>\n<p><a href=\"https:\/\/drive.google.com\/file\/d\/13jhaNm65WgeACkNX2siIby-Jrf-CIyzl\/view?usp=sharing\" target=\"_blank\" rel=\"noopener\">Libro cuentos tradicionales para colorear<\/a><\/p>\n<p><a href=\"https:\/\/drive.google.com\/file\/d\/1zJs0Hq7JMzqikTL7Ep_Mx2JrBWb3a5Ow\/view?usp=sharing\" target=\"_blank\" rel=\"noopener\">Lectura: Los invencibles<\/a><\/p>\n<p><a href=\"https:\/\/drive.google.com\/file\/d\/1EUwg7LYNWawE6LCtmwGOvBogO2lCZscQ\/view?usp=sharing\" target=\"_blank\" rel=\"noopener\">Lectura El Lazarillo de Tormes<\/a><\/p>\n<p><a href=\"https:\/\/drive.google.com\/file\/d\/1jukmxHvhqHR6beFROD5o9X2T9X8IXuhU\/view?usp=sharing\" target=\"_blank\" rel=\"noopener\">Lectura Don Quijote de la Mancha<\/a><\/p>\n<p>[\/et_pb_text][\/et_pb_column][\/et_pb_row][\/et_pb_section]<\/p>\n","protected":false},"excerpt":{"rendered":"<p>Biblioteca de Cuentos &nbsp; Biblioteca Cuentos Mafalda Lecturas en Ingl\u00e9s Primaria Enlaces a cuentos por la Igualdad Recopilatorios de V\u00eddeo-Cuentos Divi\u00e9rtete con los libros:&nbsp;Gymkhana Literaria Cuento H\u00e9roes y Hero\u00ednas Cuento las gotitas del agua y el arcoirisCuento la flor de Juan Cuento monstruo de colores y el coronavirus Cuentos para quedarse en casa Cuentos todos [&hellip;]<\/p>\n","protected":false},"author":8073,"featured_media":0,"parent":0,"menu_order":0,"comment_status":"closed","ping_status":"closed","template":"","meta":{"_et_pb_use_builder":"on","_et_pb_old_content":"","_et_gb_content_width":"","ngg_post_thumbnail":0,"footnotes":""},"aioseo_notices":[],"_links":{"self":[{"href":"https:\/\/blogsaverroes.juntadeandalucia.es\/ceipfranciscobadillo\/wp-json\/wp\/v2\/pages\/1486"}],"collection":[{"href":"https:\/\/blogsaverroes.juntadeandalucia.es\/ceipfranciscobadillo\/wp-json\/wp\/v2\/pages"}],"about":[{"href":"https:\/\/blogsaverroes.juntadeandalucia.es\/ceipfranciscobadillo\/wp-json\/wp\/v2\/types\/page"}],"author":[{"embeddable":true,"href":"https:\/\/blogsaverroes.juntadeandalucia.es\/ceipfranciscobadillo\/wp-json\/wp\/v2\/users\/8073"}],"replies":[{"embeddable":true,"href":"https:\/\/blogsaverroes.juntadeandalucia.es\/ceipfranciscobadillo\/wp-json\/wp\/v2\/comments?post=1486"}],"version-history":[{"count":3,"href":"https:\/\/blogsaverroes.juntadeandalucia.es\/ceipfranciscobadillo\/wp-json\/wp\/v2\/pages\/1486\/revisions"}],"predecessor-version":[{"id":1739,"href":"https:\/\/blogsaverroes.juntadeandalucia.es\/ceipfranciscobadillo\/wp-json\/wp\/v2\/pages\/1486\/revisions\/1739"}],"wp:attachment":[{"href":"https:\/\/blogsaverroes.juntadeandalucia.es\/ceipfranciscobadillo\/wp-json\/wp\/v2\/media?parent=1486"}],"curies":[{"name":"wp","href":"https:\/\/api.w.org\/{rel}","templated":true}]}}