{"id":1590,"date":"2024-11-12T17:05:36","date_gmt":"2024-11-12T16:05:36","guid":{"rendered":"https:\/\/blogsaverroes.juntadeandalucia.es\/ceipfranciscobadillo\/?page_id=1590"},"modified":"2025-09-14T16:48:15","modified_gmt":"2025-09-14T15:48:15","slug":"libros-de-texto-2025-2026","status":"publish","type":"page","link":"https:\/\/blogsaverroes.juntadeandalucia.es\/ceipfranciscobadillo\/libros-de-texto-2025-2026\/","title":{"rendered":"LIBROS DE TEXTO 2025-2026"},"content":{"rendered":"<p>[et_pb_section fb_built=&#8221;1&#8243; _builder_version=&#8221;4.24.2&#8243; _module_preset=&#8221;default&#8221; global_colors_info=&#8221;{}&#8221;][et_pb_row _builder_version=&#8221;4.24.2&#8243; _module_preset=&#8221;default&#8221; global_colors_info=&#8221;{}&#8221;][et_pb_column type=&#8221;4_4&#8243; _builder_version=&#8221;4.24.2&#8243; _module_preset=&#8221;default&#8221; global_colors_info=&#8221;{}&#8221;][et_pb_text _builder_version=&#8221;4.24.2&#8243; _module_preset=&#8221;default&#8221; hover_enabled=&#8221;0&#8243; global_colors_info=&#8221;{}&#8221; sticky_enabled=&#8221;0&#8243;]<\/p>\n<p><span style=\"font-family: 'times new roman', times, serif;font-size: 14pt\"><strong>RELACI\u00d3N DE LIBROS DE TEXTOS C.E.I.P. FRANCISCO BADILLO. 2024-2025<\/strong><\/span><\/p>\n<p><span style=\"font-family: 'times new roman', times, serif;font-size: 14pt\"><strong><u>EDUCACI\u00d3N INFANTIL:<\/u><\/strong><\/span><\/p>\n<p><span style=\"font-family: 'times new roman', times, serif;font-size: 14pt\"><strong>Tres a\u00f1os:<\/strong><\/span><\/p>\n<ul>\n<li><span style=\"font-family: 'times new roman', times, serif;font-size: 14pt\">Proyecto WOW 3 a\u00f1os. Editorial VICENS VIVES.<\/span><\/li>\n<\/ul>\n<p><span style=\"font-family: 'times new roman', times, serif;font-size: 14pt\"><strong>Cuatro a\u00f1os:<\/strong><\/span><\/p>\n<ul>\n<li><span style=\"font-family: 'times new roman', times, serif;font-size: 14pt\">Proyecto WOW 4 a\u00f1os. Editorial VICENS VIVES.<\/span><\/li>\n<li><span style=\"font-family: 'times new roman', times, serif;font-size: 14pt\">Religi\u00f3n: Nuestra casa 4 a\u00f1os. Editorial SM.<\/span><\/li>\n<li><span style=\"font-family: 'times new roman', times, serif;font-size: 14pt\">Letrilandia libro de lectura I. Editorial Edelvives.<\/span><\/li>\n<\/ul>\n<p><span style=\"font-family: 'times new roman', times, serif;font-size: 14pt\"><strong>&nbsp;<\/strong><strong>Cinco a\u00f1os:<\/strong><\/span><\/p>\n<ul>\n<li><span style=\"font-family: 'times new roman', times, serif;font-size: 14pt\">Proyecto WOW 5 a\u00f1os. Editorial VICENS VIVES.<\/span><\/li>\n<li><span style=\"font-family: 'times new roman', times, serif;font-size: 14pt\">Religi\u00f3n: Nuestra casa 5 a\u00f1os. Editorial SM.<\/span><\/li>\n<li><span style=\"font-family: 'times new roman', times, serif;font-size: 14pt\">Letrilandia libro de lectura II. Editorial Edelvives.<\/span><\/li>\n<\/ul>\n<p><span style=\"font-family: 'times new roman', times, serif;font-size: 14pt\"><strong><u>EDUCACI\u00d3N PRIMARIA. 1\u00ba a 6\u00ba:<\/u><\/strong><\/span><\/p>\n<ul>\n<li><span style=\"font-family: 'times new roman', times, serif;font-size: 14pt\">Lengua: Operaci\u00f3n Mundo. Grupo Anaya, S.A.<\/span><\/li>\n<li><span style=\"font-family: 'times new roman', times, serif;font-size: 14pt\">Matem\u00e1ticas: Operaci\u00f3n Mundo. Grupo Anaya, S.A.<\/span><\/li>\n<li><span style=\"font-family: 'times new roman', times, serif;font-size: 14pt\">Conocimiento del Medio: Operaci\u00f3n Mundo. Science.&nbsp;Dual focus. Grupo Anaya, S.A.<\/span><\/li>\n<li><span style=\"font-family: 'times new roman', times, serif;font-size: 14pt\">Religi\u00f3n Cat\u00f3lica: Ven y Ver\u00e1s. Grupo Anaya, S.A.<\/span><\/li>\n<li><span style=\"font-family: 'times new roman', times, serif;font-size: 14pt\">Ingl\u00e9s: Open Up. Class Book. Andalusian Edition. Editorial OXFORD.<\/span><\/li>\n<li><span style=\"font-family: 'times new roman', times, serif;font-size: 14pt\">Educaci\u00f3n Art\u00edstica: M\u00fasica. Operaci\u00f3n Mundo. Grupo Anaya, S.A.<\/span><\/li>\n<li><span style=\"font-family: 'times new roman', times, serif;font-size: 14pt\">Franc\u00e9s (5\u00ba y 6\u00ba): Macaron 2 Andalousie. Livre de l&#8217;\u00e9l\u00e8ve. Grupo Anaya, S.A.<\/span><\/li>\n<\/ul>\n<p>&nbsp;<\/p>\n<p>[\/et_pb_text][\/et_pb_column][\/et_pb_row][\/et_pb_section]<\/p>\n","protected":false},"excerpt":{"rendered":"<p>RELACI\u00d3N DE LIBROS DE TEXTOS C.E.I.P. FRANCISCO BADILLO. 2024-2025 EDUCACI\u00d3N INFANTIL: Tres a\u00f1os: Proyecto WOW 3 a\u00f1os. Editorial VICENS VIVES. Cuatro a\u00f1os: Proyecto WOW 4 a\u00f1os. Editorial VICENS VIVES. Religi\u00f3n: Nuestra casa 4 a\u00f1os. Editorial SM. Letrilandia libro de lectura I. Editorial Edelvives. &nbsp;Cinco a\u00f1os: Proyecto WOW 5 a\u00f1os. Editorial VICENS VIVES. Religi\u00f3n: Nuestra casa [&hellip;]<\/p>\n","protected":false},"author":8073,"featured_media":0,"parent":0,"menu_order":0,"comment_status":"closed","ping_status":"closed","template":"","meta":{"_et_pb_use_builder":"on","_et_pb_old_content":"","_et_gb_content_width":"","ngg_post_thumbnail":0,"footnotes":""},"aioseo_notices":[],"_links":{"self":[{"href":"https:\/\/blogsaverroes.juntadeandalucia.es\/ceipfranciscobadillo\/wp-json\/wp\/v2\/pages\/1590"}],"collection":[{"href":"https:\/\/blogsaverroes.juntadeandalucia.es\/ceipfranciscobadillo\/wp-json\/wp\/v2\/pages"}],"about":[{"href":"https:\/\/blogsaverroes.juntadeandalucia.es\/ceipfranciscobadillo\/wp-json\/wp\/v2\/types\/page"}],"author":[{"embeddable":true,"href":"https:\/\/blogsaverroes.juntadeandalucia.es\/ceipfranciscobadillo\/wp-json\/wp\/v2\/users\/8073"}],"replies":[{"embeddable":true,"href":"https:\/\/blogsaverroes.juntadeandalucia.es\/ceipfranciscobadillo\/wp-json\/wp\/v2\/comments?post=1590"}],"version-history":[{"count":7,"href":"https:\/\/blogsaverroes.juntadeandalucia.es\/ceipfranciscobadillo\/wp-json\/wp\/v2\/pages\/1590\/revisions"}],"predecessor-version":[{"id":2220,"href":"https:\/\/blogsaverroes.juntadeandalucia.es\/ceipfranciscobadillo\/wp-json\/wp\/v2\/pages\/1590\/revisions\/2220"}],"wp:attachment":[{"href":"https:\/\/blogsaverroes.juntadeandalucia.es\/ceipfranciscobadillo\/wp-json\/wp\/v2\/media?parent=1590"}],"curies":[{"name":"wp","href":"https:\/\/api.w.org\/{rel}","templated":true}]}}