{"id":1607,"date":"2024-11-12T21:02:02","date_gmt":"2024-11-12T20:02:02","guid":{"rendered":"https:\/\/blogsaverroes.juntadeandalucia.es\/ceipfranciscobadillo\/?page_id=1607"},"modified":"2025-09-14T16:24:53","modified_gmt":"2025-09-14T15:24:53","slug":"informacion-general","status":"publish","type":"page","link":"https:\/\/blogsaverroes.juntadeandalucia.es\/ceipfranciscobadillo\/informacion-general\/","title":{"rendered":"INFORMACI\u00d3N GENERAL"},"content":{"rendered":"<p>[et_pb_section fb_built=&#8221;1&#8243; _builder_version=&#8221;4.24.2&#8243; _module_preset=&#8221;default&#8221; global_colors_info=&#8221;{}&#8221;][et_pb_row _builder_version=&#8221;4.24.2&#8243; _module_preset=&#8221;default&#8221; global_colors_info=&#8221;{}&#8221;][et_pb_column type=&#8221;4_4&#8243; _builder_version=&#8221;4.24.2&#8243; _module_preset=&#8221;default&#8221; global_colors_info=&#8221;{}&#8221;][et_pb_text _builder_version=&#8221;4.24.2&#8243; _module_preset=&#8221;default&#8221; hover_enabled=&#8221;0&#8243; global_colors_info=&#8221;{}&#8221; sticky_enabled=&#8221;0&#8243;]<\/p>\n<p><strong>PLAN DE APERTURA<\/strong><br \/>El Plan de Apertura de Centros persigue que los centros docentes, m\u00e1s all\u00e1 de la jornada lectiva tradicional, proporcionen una oferta de jornada escolar completa y que encuentren en sus centros las actividades que necesitan para completar su formaci\u00f3n y para utilizar de una manera provechosa su tiempo libre.<\/p>\n<p><strong>En nuestro centro contamos con los servicios de:<\/strong><\/p>\n<p><strong>Aula Matinal (de 07:30 a 09:00 horas)<\/strong><br \/><strong>Comedor Escolar<\/strong>&nbsp;(de 14:00 a 16:00 horas)<br \/><strong>Actividades Extraescolares (<a href=\"https:\/\/blogsaverroes.juntadeandalucia.es\/ceipfranciscobadillo\/ampa\/\" target=\"_blank\" rel=\"noopener\">AMPA<\/a>):<\/strong><br \/>&nbsp; &nbsp; &nbsp; &nbsp; &nbsp; <strong>Ingl\u00e9s<\/strong> (martes y jueves de 16:00 a 19:00 horas).<br \/><strong>&nbsp; &nbsp; &nbsp; &nbsp; &nbsp; Cuentacuentos<\/strong> (martes y mi\u00e9rcoles de 17:15 a 18:15 horas).<br \/><strong>PROA <\/strong>(martes y jueves de 16:00 a 18:00 horas).<br \/><a title=\"M\u00c1S DEPORTE\" href=\"https:\/\/blogsaverroes.juntadeandalucia.es\/ceipfranciscobadillo\/mas-deporte\/\" target=\"_blank\" rel=\"noopener\"><strong>M\u00c1S DEPORTE <\/strong><\/a>(lunes y mi\u00e9rcoles de 16:00 a 18:00 horas).<\/p>\n<p>El precio de los servicios complementarios depende de la actividad, siendo PROA y M\u00e1s DEPORTE subvencionado por la Consejer\u00eda.<\/p>\n<p>Las actividades extraescolares ofertadas por <a title=\"AMPA\" href=\"https:\/\/blogsaverroes.juntadeandalucia.es\/ceipfranciscobadillo\/ampa\/\" target=\"_blank\" rel=\"noopener\">AMPA<\/a>, depender\u00e1n del n\u00famero de sesiones, teniendo siempre un descuento los socios de <a title=\"AMPA\" href=\"https:\/\/blogsaverroes.juntadeandalucia.es\/ceipfranciscobadillo\/ampa\/\" target=\"_blank\" rel=\"noopener\">AMPA<\/a>. Podr\u00e1n encontrar m\u00e1s informaci\u00f3n en la <a href=\"https:\/\/blogsaverroes.juntadeandalucia.es\/ceipfranciscobadillo\/ampa\/\" target=\"_blank\" rel=\"noopener\">p\u00e1gina de AMPA de esta web<\/a>.<\/p>\n<p>El comedor escolar y el aula matinal, tienen la posibilidad de estar bonificado en distintos %. Para ello tendr\u00e1 que presentar la solicitud de bonificaci\u00f3n (que es opcional), en los primeros d\u00edas de septiembre para las solicitudes que se realicen con la matriculaci\u00f3n o cuando se presente el alta a lo largo del curso, dependiendo la misma del nivel de renta como factor principal.<\/p>\n<p>[\/et_pb_text][\/et_pb_column][\/et_pb_row][\/et_pb_section]<\/p>\n","protected":false},"excerpt":{"rendered":"<p>PLAN DE APERTURAEl Plan de Apertura de Centros persigue que los centros docentes, m\u00e1s all\u00e1 de la jornada lectiva tradicional, proporcionen una oferta de jornada escolar completa y que encuentren en sus centros las actividades que necesitan para completar su formaci\u00f3n y para utilizar de una manera provechosa su tiempo libre. En nuestro centro contamos [&hellip;]<\/p>\n","protected":false},"author":8073,"featured_media":0,"parent":0,"menu_order":0,"comment_status":"closed","ping_status":"closed","template":"","meta":{"_et_pb_use_builder":"on","_et_pb_old_content":"","_et_gb_content_width":"","ngg_post_thumbnail":0,"footnotes":""},"aioseo_notices":[],"_links":{"self":[{"href":"https:\/\/blogsaverroes.juntadeandalucia.es\/ceipfranciscobadillo\/wp-json\/wp\/v2\/pages\/1607"}],"collection":[{"href":"https:\/\/blogsaverroes.juntadeandalucia.es\/ceipfranciscobadillo\/wp-json\/wp\/v2\/pages"}],"about":[{"href":"https:\/\/blogsaverroes.juntadeandalucia.es\/ceipfranciscobadillo\/wp-json\/wp\/v2\/types\/page"}],"author":[{"embeddable":true,"href":"https:\/\/blogsaverroes.juntadeandalucia.es\/ceipfranciscobadillo\/wp-json\/wp\/v2\/users\/8073"}],"replies":[{"embeddable":true,"href":"https:\/\/blogsaverroes.juntadeandalucia.es\/ceipfranciscobadillo\/wp-json\/wp\/v2\/comments?post=1607"}],"version-history":[{"count":6,"href":"https:\/\/blogsaverroes.juntadeandalucia.es\/ceipfranciscobadillo\/wp-json\/wp\/v2\/pages\/1607\/revisions"}],"predecessor-version":[{"id":2203,"href":"https:\/\/blogsaverroes.juntadeandalucia.es\/ceipfranciscobadillo\/wp-json\/wp\/v2\/pages\/1607\/revisions\/2203"}],"wp:attachment":[{"href":"https:\/\/blogsaverroes.juntadeandalucia.es\/ceipfranciscobadillo\/wp-json\/wp\/v2\/media?parent=1607"}],"curies":[{"name":"wp","href":"https:\/\/api.w.org\/{rel}","templated":true}]}}