{"id":2069,"date":"2025-05-15T16:53:46","date_gmt":"2025-05-15T15:53:46","guid":{"rendered":"https:\/\/blogsaverroes.juntadeandalucia.es\/ceipfranciscobadillo\/?page_id=2069"},"modified":"2025-05-15T16:59:08","modified_gmt":"2025-05-15T15:59:08","slug":"ecoescuelas","status":"publish","type":"page","link":"https:\/\/blogsaverroes.juntadeandalucia.es\/ceipfranciscobadillo\/ecoescuelas\/","title":{"rendered":"ECOESCUELAS"},"content":{"rendered":"<div class=\"et_pb_row et_pb_row_1\">\n<div class=\"et_pb_column et_pb_column_4_4 et_pb_column_1 et_pb_css_mix_blend_mode_passthrough et-last-child\">\n<div class=\"et_pb_module et_pb_text et_pb_text_0 cima_text et_pb_text_align_left et_pb_bg_layout_dark\">\n<div class=\"et_pb_text_inner\">\n<h2><span style=\"font-family: 'comic sans ms', sans-serif;font-size: 12pt\">\u00bfEn qu\u00e9 consiste la red Ecoescuelas?<\/span><\/h2>\n<\/div>\n<\/div>\n<\/div>\n<\/div>\n<div class=\"et_pb_row et_pb_row_2\">\n<div class=\"et_pb_column et_pb_column_4_4 et_pb_column_2 et_pb_css_mix_blend_mode_passthrough et-last-child\">\n<div class=\"et_pb_module et_pb_text et_pb_text_1 cima_text et_pb_text_align_left et_pb_bg_layout_dark\">\n<div class=\"et_pb_text_inner\">\n<h2><span style=\"font-family: 'comic sans ms', sans-serif;font-size: 12pt\">Origen y fundamentos<img loading=\"lazy\" decoding=\"async\" class=\" wp-image-2064 alignleft\" src=\"https:\/\/blogsaverroes.juntadeandalucia.es\/ceipfranciscobadillo\/files\/2025\/05\/logo.jpg\" alt=\"\" width=\"205\" height=\"303\" srcset=\"https:\/\/blogsaverroes.juntadeandalucia.es\/ceipfranciscobadillo\/files\/2025\/05\/logo.jpg 267w, https:\/\/blogsaverroes.juntadeandalucia.es\/ceipfranciscobadillo\/files\/2025\/05\/logo-203x300.jpg 203w\" sizes=\"(max-width: 205px) 100vw, 205px\" \/><\/span><\/h2>\n<p style=\"text-align: justify\"><span style=\"font-family: 'comic sans ms', sans-serif;font-size: 12pt\">Ecoescuelas es un programa de \u00e1mbito internacional coordinado por la Foundation for Environmental Education (FEE) y desarrollado en Espa\u00f1a por la Asociaci\u00f3n de Educaci\u00f3n Ambiental y el Consumidor (ADEAC), miembro de FEE, cuya finalidad es introducir y\/o potenciar a nivel internacional la educaci\u00f3n ambiental para el desarrollo sostenible y la gesti\u00f3n y certificaci\u00f3n ambiental en centros de educaci\u00f3n infantil, primaria y secundaria.<\/span><\/p>\n<p style=\"text-align: justify\"><span style=\"font-family: 'comic sans ms', sans-serif;font-size: 12pt\">En este marco, la Consejer\u00eda de Desarrollo Educativo y Formaci\u00f3n Profesional desde la Direcci\u00f3n General de Innovaci\u00f3n y Formaci\u00f3n del Profesorado impulsa la Red Andaluza de Ecoescuelas como estrategia para el desarrollo integral de las diferentes l\u00edneas de actuaci\u00f3n del \u00e1mbito Educaci\u00f3n Ambiental para la Sostenibilidad (Aldea), dentro del Programa para la Innovaci\u00f3n y Mejora del Aprendizaje, en adelante Programa CIMA.<\/span><\/p>\n<p style=\"text-align: justify\"><span style=\"font-family: 'comic sans ms', sans-serif;font-size: 12pt\">Su enfoque hol\u00edstico, participativo y de aprendizaje desde y para la acci\u00f3n, hacen del citado programa una herramienta ideal para que los centros escolares se embarquen en un proceso significativo de transformaci\u00f3n para la mejora de su entorno y de la comunidad local, influenciando en la vida e implicando a la totalidad de la comunidad educativa del centro escolar: alumnado, profesorado, madres y padres, personal directivo, administrativo y de servicios. Al mismo tiempo, favorece la implicaci\u00f3n de las autoridades municipales, requiriendo su colaboraci\u00f3n para que las ideas surgidas en los centros sean llevadas a la pr\u00e1ctica dentro y fuera del entorno escolar y se facilite la participaci\u00f3n ciudadana en el desarrollo sostenible del municipio o localidad.<\/span><\/p>\n<\/div>\n<\/div>\n<\/div>\n<\/div>\n<div class=\"et_pb_row et_pb_row_3\" style=\"text-align: justify\">\n<div class=\"et_pb_column et_pb_column_4_4 et_pb_column_3 et_pb_css_mix_blend_mode_passthrough et-last-child\">\n<div class=\"et_pb_module et_pb_text et_pb_text_2 cima_text et_pb_text_align_left et_pb_bg_layout_dark\">\n<div class=\"et_pb_text_inner\">\n<h2><span style=\"font-family: 'comic sans ms', sans-serif;font-size: 12pt\">Objetivos generales<\/span><\/h2>\n<p><span style=\"font-family: 'comic sans ms', sans-serif;font-size: 12pt\">La Red Andaluza de Ecoescuelas tiene como finalidad potenciar la educaci\u00f3n ambiental para el desarrollo sostenible y la gesti\u00f3n y certificaci\u00f3n ambiental en centros de educaci\u00f3n infantil, primaria y secundaria.<\/span><\/p>\n<p align=\"justify\"><span style=\"font-family: 'comic sans ms', sans-serif;font-size: 12pt\">Dicha finalidad se concreta en los siguientes objetivos generales:<\/span><\/p>\n<p><span style=\"font-family: 'comic sans ms', sans-serif;font-size: 12pt\">a) Introducir y potenciar la educaci\u00f3n ambiental para el desarrollo sostenible, y la gesti\u00f3n y certificaci\u00f3n de calidad ambiental en centros de educaci\u00f3n infantil, primaria y secundaria.<\/span><\/p>\n<p><span style=\"font-family: 'comic sans ms', sans-serif;font-size: 12pt\">b) Incrementar la conciencia ambiental de la comunidad escolar (alumnado, profesorado, madres y padres, personal no docente, ayuntamiento, organizaciones locales, etc.).<\/span><\/p>\n<p><span style=\"font-family: 'comic sans ms', sans-serif;font-size: 12pt\">c) Concienciar e implicar a las autoridades locales, requiriendo su contribuci\u00f3n y participaci\u00f3n activa.<\/span><\/p>\n<p><span style=\"font-family: 'comic sans ms', sans-serif;font-size: 12pt\">d) Crear h\u00e1bitos en la comunidad escolar de participaci\u00f3n activa y de integraci\u00f3n de la dimensi\u00f3n ambiental en la toma de sus decisiones.<\/span><\/p>\n<p><span style=\"font-family: 'comic sans ms', sans-serif;font-size: 12pt\">e) Favorecer la participaci\u00f3n ciudadana en el desarrollo sostenible del municipio, en l\u00ednea con los Objetivos de Desarrollo Sostenible.<\/span><\/p>\n<p><span style=\"font-family: 'comic sans ms', sans-serif;font-size: 12pt\">f) Desarrollar una Red de Ecoescuelas que favorezca el intercambio de ideas, proyectos, materiales, experiencias, buenas pr\u00e1cticas educativas y ambientales.<\/span><\/p>\n<p align=\"justify\"><span style=\"color: #333333;font-size: 12pt;font-family: 'comic sans ms', sans-serif\">Red Andaluza de Ecoescuelas<\/span><\/p>\n<\/div>\n<\/div>\n<\/div>\n<\/div>\n<div class=\"et_pb_row et_pb_row_4\">\n<div class=\"et_pb_column et_pb_column_4_4 et_pb_column_4 et_pb_css_mix_blend_mode_passthrough et-last-child\">\n<div class=\"et_pb_module et_pb_text et_pb_text_3 cima_text et_pb_text_align_left et_pb_bg_layout_dark\">\n<div class=\"et_pb_text_inner\">\n<p style=\"text-align: justify\"><span style=\"font-family: 'comic sans ms', sans-serif;font-size: 12pt\">En la Comunidad Aut\u00f3noma de Andaluc\u00eda, la Red Ecoescuelas es impulsada desde el curso 1998\/1999 por la Consejer\u00eda de Desarrollo Educativo y Formaci\u00f3n Profesional a trav\u00e9s de la Direcci\u00f3n General de Innovaci\u00f3n y Formaci\u00f3n del Profesorado bajo la denominaci\u00f3n de \u201cRed Andaluza de Ecoescuelas\u201d.<\/span><\/p>\n<p style=\"text-align: justify\"><span style=\"font-family: 'comic sans ms', sans-serif;font-size: 12pt\">Su vinculaci\u00f3n a la innovaci\u00f3n e investigaci\u00f3n educativa como estrategia para el desarrollo integral de las diferentes l\u00edneas de actuaci\u00f3n de Aldea, Educaci\u00f3n Ambiental para la Sostenibilidad ha posicionado a la Red Andaluza de Ecoescuelas como referente a nivel nacional e internacional no solo por su cantidad sino por su calidad, constituyendo en el curso 2022\/2023 m\u00e1s del 40% de los centros participantes en la Red nacional. En el curso 2023\/2024 se ofertaron 300 plazas para participar y\/o renovar la participaci\u00f3n en la Red Andaluza de Ecoescuelas.<\/span><\/p>\n<\/div>\n<\/div>\n<\/div>\n<\/div>\n","protected":false},"excerpt":{"rendered":"<p>\u00bfEn qu\u00e9 consiste la red Ecoescuelas? Origen y fundamentos Ecoescuelas es un programa de \u00e1mbito internacional coordinado por la Foundation for Environmental Education (FEE) y desarrollado en Espa\u00f1a por la Asociaci\u00f3n de Educaci\u00f3n Ambiental y el Consumidor (ADEAC), miembro de FEE, cuya finalidad es introducir y\/o potenciar a nivel internacional la educaci\u00f3n ambiental para el [&hellip;]<\/p>\n","protected":false},"author":8073,"featured_media":0,"parent":0,"menu_order":0,"comment_status":"closed","ping_status":"closed","template":"","meta":{"_et_pb_use_builder":"","_et_pb_old_content":"","_et_gb_content_width":"","ngg_post_thumbnail":0,"footnotes":""},"aioseo_notices":[],"_links":{"self":[{"href":"https:\/\/blogsaverroes.juntadeandalucia.es\/ceipfranciscobadillo\/wp-json\/wp\/v2\/pages\/2069"}],"collection":[{"href":"https:\/\/blogsaverroes.juntadeandalucia.es\/ceipfranciscobadillo\/wp-json\/wp\/v2\/pages"}],"about":[{"href":"https:\/\/blogsaverroes.juntadeandalucia.es\/ceipfranciscobadillo\/wp-json\/wp\/v2\/types\/page"}],"author":[{"embeddable":true,"href":"https:\/\/blogsaverroes.juntadeandalucia.es\/ceipfranciscobadillo\/wp-json\/wp\/v2\/users\/8073"}],"replies":[{"embeddable":true,"href":"https:\/\/blogsaverroes.juntadeandalucia.es\/ceipfranciscobadillo\/wp-json\/wp\/v2\/comments?post=2069"}],"version-history":[{"count":3,"href":"https:\/\/blogsaverroes.juntadeandalucia.es\/ceipfranciscobadillo\/wp-json\/wp\/v2\/pages\/2069\/revisions"}],"predecessor-version":[{"id":2074,"href":"https:\/\/blogsaverroes.juntadeandalucia.es\/ceipfranciscobadillo\/wp-json\/wp\/v2\/pages\/2069\/revisions\/2074"}],"wp:attachment":[{"href":"https:\/\/blogsaverroes.juntadeandalucia.es\/ceipfranciscobadillo\/wp-json\/wp\/v2\/media?parent=2069"}],"curies":[{"name":"wp","href":"https:\/\/api.w.org\/{rel}","templated":true}]}}