{"id":2196,"date":"2025-09-14T16:18:42","date_gmt":"2025-09-14T15:18:42","guid":{"rendered":"https:\/\/blogsaverroes.juntadeandalucia.es\/ceipfranciscobadillo\/?page_id=2196"},"modified":"2025-09-14T16:18:46","modified_gmt":"2025-09-14T15:18:46","slug":"aula-matinal","status":"publish","type":"page","link":"https:\/\/blogsaverroes.juntadeandalucia.es\/ceipfranciscobadillo\/aula-matinal\/","title":{"rendered":"AULA MATINAL"},"content":{"rendered":"<p>[et_pb_section fb_built=&#8221;1&#8243; _builder_version=&#8221;4.24.2&#8243; _module_preset=&#8221;default&#8221; global_colors_info=&#8221;{}&#8221; theme_builder_area=&#8221;post_content&#8221;][et_pb_row column_structure=&#8221;1_2,1_2&#8243; _builder_version=&#8221;4.24.2&#8243; _module_preset=&#8221;default&#8221; global_colors_info=&#8221;{}&#8221; theme_builder_area=&#8221;post_content&#8221;][et_pb_column type=&#8221;1_2&#8243; _builder_version=&#8221;4.24.2&#8243; _module_preset=&#8221;default&#8221; global_colors_info=&#8221;{}&#8221; theme_builder_area=&#8221;post_content&#8221;][et_pb_text _builder_version=&#8221;4.24.2&#8243; _module_preset=&#8221;default&#8221; hover_enabled=&#8221;0&#8243; global_colors_info=&#8221;{}&#8221; theme_builder_area=&#8221;post_content&#8221; sticky_enabled=&#8221;0&#8243;]<\/p>\n<p>Nuestra Aula Matinal es un servicio complementario que resulta de gran utilidad a padres y madres para ayudarles a conciliar la vida laboral y familiar. Tiene una duraci\u00f3n de hora y media, antes del comienzo de la jornada escolar de la ma\u00f1ana (de <strong>07.30 a 09.00<\/strong>&nbsp;horas).<\/p>\n<p><strong>Precio del Servicio<\/strong>: el precio es 1,33 euros al d\u00eda. Con la bonificaci\u00f3n correspondiente (si la hubiera) y multiplicando por el n\u00famero de d\u00edas de servicio de cada mes se obtiene el recibo mensual.<br \/>(Precio estipulado en el&nbsp;<a href=\"https:\/\/www.juntadeandalucia.es\/boja\/2024\/150\/33\">Acuerdo de 30 de julio de 2024. BOJA 150 de 02\/08\/2024<\/a>)<\/p>\n<p>&nbsp;<\/p>\n<p>[\/et_pb_text][\/et_pb_column][et_pb_column type=&#8221;1_2&#8243; _builder_version=&#8221;4.24.2&#8243; _module_preset=&#8221;default&#8221; global_colors_info=&#8221;{}&#8221; theme_builder_area=&#8221;post_content&#8221;][et_pb_heading title=&#8221;INFORMACION IMPORTANTE PARA LAS FAMILIAS&#8221; _builder_version=&#8221;4.24.2&#8243; _module_preset=&#8221;default&#8221; title_font=&#8221;Angkor|700|||||||&#8221; title_text_color=&#8221;#E02B20&#8243; title_font_size=&#8221;20px&#8221; hover_enabled=&#8221;0&#8243; global_colors_info=&#8221;{}&#8221; theme_builder_area=&#8221;post_content&#8221; sticky_enabled=&#8221;0&#8243;][\/et_pb_heading][et_pb_code _builder_version=&#8221;4.24.2&#8243; _module_preset=&#8221;default&#8221; hover_enabled=&#8221;0&#8243; global_colors_info=&#8221;{}&#8221; theme_builder_area=&#8221;post_content&#8221; sticky_enabled=&#8221;0&#8243;]<iframe loading=\"lazy\" src=\"https:\/\/drive.google.com\/file\/d\/1cMzzVbeyIARbiMhpigjkQqQNTpGndJ2F\/preview\" width=\"640\" height=\"480\"><\/iframe>[\/et_pb_code][\/et_pb_column][\/et_pb_row][\/et_pb_section]<\/p>\n","protected":false},"excerpt":{"rendered":"<p>Nuestra Aula Matinal es un servicio complementario que resulta de gran utilidad a padres y madres para ayudarles a conciliar la vida laboral y familiar. Tiene una duraci\u00f3n de hora y media, antes del comienzo de la jornada escolar de la ma\u00f1ana (de 07.30 a 09.00&nbsp;horas). Precio del Servicio: el precio es 1,33 euros al [&hellip;]<\/p>\n","protected":false},"author":8073,"featured_media":0,"parent":0,"menu_order":0,"comment_status":"closed","ping_status":"closed","template":"","meta":{"_et_pb_use_builder":"on","_et_pb_old_content":"","_et_gb_content_width":"","ngg_post_thumbnail":0,"footnotes":""},"aioseo_notices":[],"_links":{"self":[{"href":"https:\/\/blogsaverroes.juntadeandalucia.es\/ceipfranciscobadillo\/wp-json\/wp\/v2\/pages\/2196"}],"collection":[{"href":"https:\/\/blogsaverroes.juntadeandalucia.es\/ceipfranciscobadillo\/wp-json\/wp\/v2\/pages"}],"about":[{"href":"https:\/\/blogsaverroes.juntadeandalucia.es\/ceipfranciscobadillo\/wp-json\/wp\/v2\/types\/page"}],"author":[{"embeddable":true,"href":"https:\/\/blogsaverroes.juntadeandalucia.es\/ceipfranciscobadillo\/wp-json\/wp\/v2\/users\/8073"}],"replies":[{"embeddable":true,"href":"https:\/\/blogsaverroes.juntadeandalucia.es\/ceipfranciscobadillo\/wp-json\/wp\/v2\/comments?post=2196"}],"version-history":[{"count":2,"href":"https:\/\/blogsaverroes.juntadeandalucia.es\/ceipfranciscobadillo\/wp-json\/wp\/v2\/pages\/2196\/revisions"}],"predecessor-version":[{"id":2199,"href":"https:\/\/blogsaverroes.juntadeandalucia.es\/ceipfranciscobadillo\/wp-json\/wp\/v2\/pages\/2196\/revisions\/2199"}],"wp:attachment":[{"href":"https:\/\/blogsaverroes.juntadeandalucia.es\/ceipfranciscobadillo\/wp-json\/wp\/v2\/media?parent=2196"}],"curies":[{"name":"wp","href":"https:\/\/api.w.org\/{rel}","templated":true}]}}