{"id":4508,"date":"2026-04-13T09:13:48","date_gmt":"2026-04-13T08:13:48","guid":{"rendered":"https:\/\/blogsaverroes.juntadeandalucia.es\/ceipfranciscodevelasco\/?page_id=4508"},"modified":"2026-04-13T09:59:50","modified_gmt":"2026-04-13T08:59:50","slug":"infantil","status":"publish","type":"page","link":"https:\/\/blogsaverroes.juntadeandalucia.es\/ceipfranciscodevelasco\/infantil\/","title":{"rendered":"Infantil"},"content":{"rendered":"<div style=\"width: 100%;padding: 35px;background: #ffe8cc;border-radius: 15px;text-align: center;margin-bottom: 30px;border: 3px solid #ffb86c\">\n<div style=\"font-size: 70px\">\ud83e\uddf8\ud83c\udfa8\ud83d\udcda<\/div>\n<h1 style=\"color: #d17a22;font-size: 40px;margin: 10px 0 0 0\">Educaci\u00f3n Infantil<\/h1>\n<p style=\"color: #8a5a2b;font-size: 22px;margin-top: 10px\">Documentos oficiales y recursos del \u00e1rea<\/p>\n<\/div>\n<p><!-- BLOQUE 1 --><\/p>\n<div style=\"font-size: 60px;text-align: center\">\ud83d\udcd8\u2728<\/div>\n<h2 style=\"color: #4a90e2\">Comunicaci\u00f3n y Representaci\u00f3n de la Realidad<\/h2>\n<div style=\"padding: 20px;border: 3px solid #a3c4f3;border-radius: 12px;background: #f0f6ff;margin-bottom: 25px\">\n<p style=\"font-size: 18px;margin: 0 0 15px 0\">Competencias, criterios y contenidos del \u00e1rea.<\/p>\n<p><a style=\"padding: 12px 25px;background: #4a90e2;color: white;border-radius: 10px;text-decoration: none;font-weight: bold;font-size: 18px\" href=\"https:\/\/drive.google.com\/file\/d\/1AfdHUEryaW2kpQkNLLafMkPRiaSlr4jy\/view?usp=drive_link\" target=\"_blank\" rel=\"noopener\">\ud83d\udcc4 Descargar PDF<\/a><\/p>\n<\/div>\n<p><!-- BLOQUE 2 --><\/p>\n<div style=\"font-size: 60px;text-align: center\">\ud83c\udf31\ud83d\udc9a<\/div>\n<h2 style=\"color: #52b788\">Crecimiento en Armon\u00eda<\/h2>\n<div style=\"padding: 20px;border: 3px solid #b7e4c7;border-radius: 12px;background: #e9f7ef;margin-bottom: 25px\">\n<p style=\"font-size: 18px;margin: 0 0 15px 0\">Desarrollo personal, emocional y social del alumnado.<\/p>\n<p><a style=\"padding: 12px 25px;background: #52b788;color: white;border-radius: 10px;text-decoration: none;font-weight: bold;font-size: 18px\" href=\"https:\/\/drive.google.com\/file\/d\/1GYJHzOm3ZLzrlxaCT290SSWfhdTfWoPp\/view?usp=drive_link\" target=\"_blank\" rel=\"noopener\">\ud83d\udcc4 Descargar PDF<\/a><\/p>\n<\/div>\n<p><!-- BLOQUE 3 --><\/p>\n<div style=\"font-size: 60px;text-align: center\">\ud83e\udded\ud83c\udf0d<\/div>\n<h2 style=\"color: #ff922b\">Descubrimiento y Exploraci\u00f3n del Entorno<\/h2>\n<div style=\"padding: 20px;border: 3px solid #ffd6a5;border-radius: 12px;background: #fff4e6;margin-bottom: 25px\">\n<p style=\"font-size: 18px;margin: 0 0 15px 0\">Conocimiento del entorno natural, social y cultural.<\/p>\n<p><a style=\"padding: 12px 25px;background: #ff922b;color: white;border-radius: 10px;text-decoration: none;font-weight: bold;font-size: 18px\" href=\"https:\/\/drive.google.com\/file\/d\/1HxheAMWWvQFluwtq_hg41vIXdCdJDJtR\/view?usp=drive_link\" target=\"_blank\" rel=\"noopener\">\ud83d\udcc4 Descargar PDF<\/a><\/p>\n<\/div>\n","protected":false},"excerpt":{"rendered":"<p>\ud83e\uddf8\ud83c\udfa8\ud83d\udcda Educaci\u00f3n Infantil Documentos oficiales y recursos del \u00e1rea \ud83d\udcd8\u2728 Comunicaci\u00f3n y Representaci\u00f3n de la Realidad Competencias, criterios y contenidos del \u00e1rea. \ud83d\udcc4 Descargar PDF \ud83c\udf31\ud83d\udc9a Crecimiento en Armon\u00eda Desarrollo personal, emocional y social del alumnado. \ud83d\udcc4 Descargar PDF \ud83e\udded\ud83c\udf0d Descubrimiento y Exploraci\u00f3n del Entorno Conocimiento del entorno natural, social y cultural. \ud83d\udcc4 Descargar PDF<\/p>\n","protected":false},"author":8704,"featured_media":0,"parent":0,"menu_order":0,"comment_status":"closed","ping_status":"closed","template":"","meta":{"ngg_post_thumbnail":0,"footnotes":"","_mc_calendar":[]},"aioseo_notices":[],"_links":{"self":[{"href":"https:\/\/blogsaverroes.juntadeandalucia.es\/ceipfranciscodevelasco\/wp-json\/wp\/v2\/pages\/4508"}],"collection":[{"href":"https:\/\/blogsaverroes.juntadeandalucia.es\/ceipfranciscodevelasco\/wp-json\/wp\/v2\/pages"}],"about":[{"href":"https:\/\/blogsaverroes.juntadeandalucia.es\/ceipfranciscodevelasco\/wp-json\/wp\/v2\/types\/page"}],"author":[{"embeddable":true,"href":"https:\/\/blogsaverroes.juntadeandalucia.es\/ceipfranciscodevelasco\/wp-json\/wp\/v2\/users\/8704"}],"replies":[{"embeddable":true,"href":"https:\/\/blogsaverroes.juntadeandalucia.es\/ceipfranciscodevelasco\/wp-json\/wp\/v2\/comments?post=4508"}],"version-history":[{"count":13,"href":"https:\/\/blogsaverroes.juntadeandalucia.es\/ceipfranciscodevelasco\/wp-json\/wp\/v2\/pages\/4508\/revisions"}],"predecessor-version":[{"id":4534,"href":"https:\/\/blogsaverroes.juntadeandalucia.es\/ceipfranciscodevelasco\/wp-json\/wp\/v2\/pages\/4508\/revisions\/4534"}],"wp:attachment":[{"href":"https:\/\/blogsaverroes.juntadeandalucia.es\/ceipfranciscodevelasco\/wp-json\/wp\/v2\/media?parent=4508"}],"curies":[{"name":"wp","href":"https:\/\/api.w.org\/{rel}","templated":true}]}}