{"id":4537,"date":"2026-04-13T10:11:39","date_gmt":"2026-04-13T09:11:39","guid":{"rendered":"https:\/\/blogsaverroes.juntadeandalucia.es\/ceipfranciscodevelasco\/?page_id=4537"},"modified":"2026-04-13T10:11:39","modified_gmt":"2026-04-13T09:11:39","slug":"segundo-ciclo","status":"publish","type":"page","link":"https:\/\/blogsaverroes.juntadeandalucia.es\/ceipfranciscodevelasco\/segundo-ciclo\/","title":{"rendered":"Segundo ciclo"},"content":{"rendered":"<p><!-- BANNER SUPERIOR --><\/p>\n<div style=\"width: 100%;padding: 35px;background: #fff7d1;border-radius: 15px;text-align: center;margin-bottom: 30px;border: 3px solid #ffd86b\">\n<div style=\"font-size: 70px\">\ud83c\udfeb\u270f\ufe0f\ud83d\udcd0<\/div>\n<h1 style=\"color: #b85c00;font-size: 40px;margin: 10px 0 0 0\">Segundo Ciclo<\/h1>\n<p style=\"color: #7a4a00;font-size: 22px;margin-top: 10px\">Documentos oficiales y criterios de evaluaci\u00f3n<\/p>\n<\/div>\n<p><!-- BLOQUE 1 --><\/p>\n<div style=\"font-size: 60px;text-align: center\">\u270f\ufe0f\ud83d\udcd6<\/div>\n<h2 style=\"color: #1d6fa5\">Criterios de Evaluaci\u00f3n \u2013 Lengua (Segundo Ciclo)<\/h2>\n<div style=\"padding: 20px;border: 3px solid #8ecaff;border-radius: 12px;background: #e8f4ff;margin-bottom: 25px\">\n<p style=\"font-size: 18px;margin: 0 0 15px 0\">Documento oficial del \u00e1rea de Lengua para Segundo Ciclo.<\/p>\n<p><a style=\"padding: 12px 25px;background: #1d6fa5;color: white;border-radius: 10px;text-decoration: none;font-weight: bold;font-size: 18px\" href=\"https:\/\/drive.google.com\/file\/d\/1fO8sZuQorsF9Mc1vgYGkPHSwOZeLwMyB\/view?usp=drive_link\" target=\"_blank\" rel=\"noopener\">\ud83d\udcc4 Descargar PDF<\/a><\/p>\n<\/div>\n<p><!-- BLOQUE 2 --><\/p>\n<div style=\"font-size: 60px;text-align: center\">\ud83d\udcd0\u2797<\/div>\n<h2 style=\"color: #c0392b\">Criterios de Evaluaci\u00f3n \u2013 Matem\u00e1ticas (Segundo Ciclo)<\/h2>\n<div style=\"padding: 20px;border: 3px solid #ffb8a1;border-radius: 12px;background: #ffece6;margin-bottom: 25px\">\n<p style=\"font-size: 18px;margin: 0 0 15px 0\">Documento oficial del \u00e1rea de Matem\u00e1ticas para Segundo Ciclo.<\/p>\n<p><a style=\"padding: 12px 25px;background: #c0392b;color: white;border-radius: 10px;text-decoration: none;font-weight: bold;font-size: 18px\" href=\"https:\/\/drive.google.com\/file\/d\/1-4-Kc0mGBEmHIIYAsJ3Uh3LcCVgG-uVY\/view?usp=drive_link\" target=\"_blank\" rel=\"noopener\">\ud83d\udcc4 Descargar PDF<\/a><\/p>\n<\/div>\n","protected":false},"excerpt":{"rendered":"<p>\ud83c\udfeb\u270f\ufe0f\ud83d\udcd0 Segundo Ciclo Documentos oficiales y criterios de evaluaci\u00f3n \u270f\ufe0f\ud83d\udcd6 Criterios de Evaluaci\u00f3n \u2013 Lengua (Segundo Ciclo) Documento oficial del \u00e1rea de Lengua para Segundo Ciclo. \ud83d\udcc4 Descargar PDF \ud83d\udcd0\u2797 Criterios de Evaluaci\u00f3n \u2013 Matem\u00e1ticas (Segundo Ciclo) Documento oficial del \u00e1rea de Matem\u00e1ticas para Segundo Ciclo. \ud83d\udcc4 Descargar PDF<\/p>\n","protected":false},"author":8704,"featured_media":0,"parent":0,"menu_order":0,"comment_status":"closed","ping_status":"closed","template":"","meta":{"ngg_post_thumbnail":0,"footnotes":"","_mc_calendar":[]},"aioseo_notices":[],"_links":{"self":[{"href":"https:\/\/blogsaverroes.juntadeandalucia.es\/ceipfranciscodevelasco\/wp-json\/wp\/v2\/pages\/4537"}],"collection":[{"href":"https:\/\/blogsaverroes.juntadeandalucia.es\/ceipfranciscodevelasco\/wp-json\/wp\/v2\/pages"}],"about":[{"href":"https:\/\/blogsaverroes.juntadeandalucia.es\/ceipfranciscodevelasco\/wp-json\/wp\/v2\/types\/page"}],"author":[{"embeddable":true,"href":"https:\/\/blogsaverroes.juntadeandalucia.es\/ceipfranciscodevelasco\/wp-json\/wp\/v2\/users\/8704"}],"replies":[{"embeddable":true,"href":"https:\/\/blogsaverroes.juntadeandalucia.es\/ceipfranciscodevelasco\/wp-json\/wp\/v2\/comments?post=4537"}],"version-history":[{"count":1,"href":"https:\/\/blogsaverroes.juntadeandalucia.es\/ceipfranciscodevelasco\/wp-json\/wp\/v2\/pages\/4537\/revisions"}],"predecessor-version":[{"id":4539,"href":"https:\/\/blogsaverroes.juntadeandalucia.es\/ceipfranciscodevelasco\/wp-json\/wp\/v2\/pages\/4537\/revisions\/4539"}],"wp:attachment":[{"href":"https:\/\/blogsaverroes.juntadeandalucia.es\/ceipfranciscodevelasco\/wp-json\/wp\/v2\/media?parent=4537"}],"curies":[{"name":"wp","href":"https:\/\/api.w.org\/{rel}","templated":true}]}}