{"id":4541,"date":"2026-04-13T10:19:18","date_gmt":"2026-04-13T09:19:18","guid":{"rendered":"https:\/\/blogsaverroes.juntadeandalucia.es\/ceipfranciscodevelasco\/?page_id=4541"},"modified":"2026-04-13T10:20:11","modified_gmt":"2026-04-13T09:20:11","slug":"4541-2","status":"publish","type":"page","link":"https:\/\/blogsaverroes.juntadeandalucia.es\/ceipfranciscodevelasco\/4541-2\/","title":{"rendered":"Tercer ciclo"},"content":{"rendered":"<p><!-- BANNER SUPERIOR --><\/p>\n<div style=\"width: 100%;padding: 35px;background: #e8e1ff;border-radius: 15px;text-align: center;margin-bottom: 30px;border: 3px solid #c7b3ff\">\n<div style=\"font-size: 70px\">\ud83c\udfeb\ud83d\udcd8\ud83d\udcd0<\/div>\n<h1 style=\"color: #5e35b1;font-size: 40px;margin: 10px 0 0 0\">Tercer Ciclo<\/h1>\n<p style=\"color: #4527a0;font-size: 22px;margin-top: 10px\">Documentos oficiales y criterios de evaluaci\u00f3n<\/p>\n<\/div>\n<p><!-- BLOQUE 1 --><\/p>\n<div style=\"font-size: 60px;text-align: center\">\u270f\ufe0f\ud83d\udcd6<\/div>\n<h2 style=\"color: #3949ab\">Criterios de Evaluaci\u00f3n \u2013 Lengua (Tercer Ciclo)<\/h2>\n<div style=\"padding: 20px;border: 3px solid #9fa8da;border-radius: 12px;background: #e8eaf6;margin-bottom: 25px\">\n<p style=\"font-size: 18px;margin: 0 0 15px 0\">Documento oficial del \u00e1rea de Lengua para Tercer Ciclo.<\/p>\n<p><a style=\"padding: 12px 25px;background: #3949ab;color: white;border-radius: 10px;text-decoration: none;font-weight: bold;font-size: 18px\" href=\"https:\/\/drive.google.com\/file\/d\/177KFXYIwIxIHK7_vAWh_0_nU9U7gA3_M\/view?usp=drive_link\" target=\"_blank\" rel=\"noopener\">\ud83d\udcc4 Descargar PDF<\/a><\/p>\n<\/div>\n<p><!-- BLOQUE 2 --><\/p>\n<div style=\"font-size: 60px;text-align: center\">\ud83d\udcd0\u2797<\/div>\n<h2 style=\"color: #6a1b9a\">Criterios de Evaluaci\u00f3n \u2013 Matem\u00e1ticas (Tercer Ciclo)<\/h2>\n<div style=\"padding: 20px;border: 3px solid #ce93d8;border-radius: 12px;background: #f3e5f5;margin-bottom: 25px\">\n<p style=\"font-size: 18px;margin: 0 0 15px 0\">Documento oficial del \u00e1rea de Matem\u00e1ticas para Tercer Ciclo.<\/p>\n<p><a style=\"padding: 12px 25px;background: #6a1b9a;color: white;border-radius: 10px;text-decoration: none;font-weight: bold;font-size: 18px\" href=\"https:\/\/drive.google.com\/file\/d\/17bJdgJADYru4ZDyyHw0k-Age3jbWX67E\/view?usp=drive_link\" target=\"_blank\" rel=\"noopener\">\ud83d\udcc4 Descargar PDF<\/a><\/p>\n<\/div>\n","protected":false},"excerpt":{"rendered":"<p>\ud83c\udfeb\ud83d\udcd8\ud83d\udcd0 Tercer Ciclo Documentos oficiales y criterios de evaluaci\u00f3n \u270f\ufe0f\ud83d\udcd6 Criterios de Evaluaci\u00f3n \u2013 Lengua (Tercer Ciclo) Documento oficial del \u00e1rea de Lengua para Tercer Ciclo. \ud83d\udcc4 Descargar PDF \ud83d\udcd0\u2797 Criterios de Evaluaci\u00f3n \u2013 Matem\u00e1ticas (Tercer Ciclo) Documento oficial del \u00e1rea de Matem\u00e1ticas para Tercer Ciclo. \ud83d\udcc4 Descargar PDF<\/p>\n","protected":false},"author":8704,"featured_media":0,"parent":0,"menu_order":0,"comment_status":"closed","ping_status":"closed","template":"","meta":{"ngg_post_thumbnail":0,"footnotes":"","_mc_calendar":[]},"aioseo_notices":[],"_links":{"self":[{"href":"https:\/\/blogsaverroes.juntadeandalucia.es\/ceipfranciscodevelasco\/wp-json\/wp\/v2\/pages\/4541"}],"collection":[{"href":"https:\/\/blogsaverroes.juntadeandalucia.es\/ceipfranciscodevelasco\/wp-json\/wp\/v2\/pages"}],"about":[{"href":"https:\/\/blogsaverroes.juntadeandalucia.es\/ceipfranciscodevelasco\/wp-json\/wp\/v2\/types\/page"}],"author":[{"embeddable":true,"href":"https:\/\/blogsaverroes.juntadeandalucia.es\/ceipfranciscodevelasco\/wp-json\/wp\/v2\/users\/8704"}],"replies":[{"embeddable":true,"href":"https:\/\/blogsaverroes.juntadeandalucia.es\/ceipfranciscodevelasco\/wp-json\/wp\/v2\/comments?post=4541"}],"version-history":[{"count":2,"href":"https:\/\/blogsaverroes.juntadeandalucia.es\/ceipfranciscodevelasco\/wp-json\/wp\/v2\/pages\/4541\/revisions"}],"predecessor-version":[{"id":4544,"href":"https:\/\/blogsaverroes.juntadeandalucia.es\/ceipfranciscodevelasco\/wp-json\/wp\/v2\/pages\/4541\/revisions\/4544"}],"wp:attachment":[{"href":"https:\/\/blogsaverroes.juntadeandalucia.es\/ceipfranciscodevelasco\/wp-json\/wp\/v2\/media?parent=4541"}],"curies":[{"name":"wp","href":"https:\/\/api.w.org\/{rel}","templated":true}]}}