{"id":4569,"date":"2026-04-17T08:39:58","date_gmt":"2026-04-17T07:39:58","guid":{"rendered":"https:\/\/blogsaverroes.juntadeandalucia.es\/ceipfranciscodevelasco\/?page_id=4569"},"modified":"2026-04-17T08:58:24","modified_gmt":"2026-04-17T07:58:24","slug":"erasmus","status":"publish","type":"page","link":"https:\/\/blogsaverroes.juntadeandalucia.es\/ceipfranciscodevelasco\/erasmus\/","title":{"rendered":"Erasmus"},"content":{"rendered":"<div style=\"max-width: 1100px;margin: 0 auto;font-family: system-ui, -apple-system, BlinkMacSystemFont, 'Segoe UI', sans-serif;color: #333333\">\n<p><!-- CABECERA --><\/p>\n<section style=\"text-align: center;margin-bottom: 40px\">\n<h2 style=\"color: #1f3a60;font-size: 2rem;margin-bottom: 10px\">Proyecto Erasmus+ en nuestro centro<\/h2>\n<p style=\"color: #666666;font-size: 1rem;margin: 0\">Un proyecto europeo que abre puertas a nuevas experiencias, culturas y aprendizajes.<\/p>\n<\/section>\n<p><!-- QUE ES ERASMUS --><\/p>\n<section style=\"background: #F2F4F7;padding: 25px 20px;border-radius: 8px;margin-bottom: 40px\">\n<h3 style=\"color: #1f3a60;font-size: 1.4rem;margin-top: 0;margin-bottom: 10px\">\u00bfQu\u00e9 es Erasmus+?<\/h3>\n<p style=\"margin: 0;line-height: 1.6\">Erasmus+ es un programa europeo que impulsa la cooperaci\u00f3n entre centros educativos de distintos pa\u00edses.<br \/>\nGracias a este proyecto, nuestro alumnado y profesorado participa en actividades que fomentan la convivencia,<br \/>\nel aprendizaje de idiomas y el desarrollo de competencias clave.<\/p>\n<\/section>\n<p><!-- GALERIA PRINCIPAL --><\/p>\n<section style=\"margin-bottom: 40px\">\n<h3 style=\"color: #1f3a60;font-size: 1.4rem;margin-bottom: 10px\">Actividades Erasmus+ en Roma<\/h3>\n<p style=\"margin-top: 0;margin-bottom: 20px;line-height: 1.6\">Durante nuestra movilidad Erasmus+, el alumnado ha vivido experiencias inolvidables en Roma:<br \/>\nvisitas culturales, actividades educativas y convivencia con otros centros europeos.<\/p>\n<div style=\"grid-template-columns: repeat(auto-fit,minmax(230px,1fr));gap: 15px\">\n<p><!-- FOTO 1 --><\/p>\n<figure style=\"margin: 0;background: #F9FAFB;padding: 8px;border-radius: 6px\"><img decoding=\"async\" src=\"https:\/\/scontent-mad1-1.xx.fbcdn.net\/v\/t51.82787-15\/656019410_17999884649867290_2336359885707985095_n.jpg?_nc_cat=102&amp;ccb=1-7&amp;_nc_sid=13d280&amp;_nc_ohc=kGb1F79XkSwQ7kNvwEf1p7F&amp;_nc_oc=AdrycSPMrX1EITsyk2JxQ-FFOfht4AV8qTDvU0mmpVDBKRGVfT8e0JpzDrI1fcCC6P4&amp;_nc_zt=23&amp;_nc_ht=scontent-mad1-1.xx&amp;_nc_gid=rRMb0hEpdWhNbFspdbIg2Q&amp;_nc_ss=7a3a8&amp;oh=00_Af2AY78Hh9rObrNooa9xAoGtgNc-5zxfDny5wybC-jCckQ&amp;oe=69E7A984\" alt=\"Puede ser una imagen de texto\"><figcaption style=\"font-size: 0.9rem;color: #555555;margin-top: 6px\">Visita cultural en la plaza principal.<\/figcaption><\/figure>\n<p><!-- FOTO 2 --><\/p>\n<figure style=\"margin: 0;background: #F9FAFB;padding: 8px;border-radius: 6px\"><img decoding=\"async\" src=\"https:\/\/scontent-mad1-1.xx.fbcdn.net\/v\/t51.82787-15\/657456843_17999884610867290_3638356050891394798_n.jpg?_nc_cat=103&amp;ccb=1-7&amp;_nc_sid=13d280&amp;_nc_ohc=wjx_ZVBbNQMQ7kNvwGhVJth&amp;_nc_oc=Adp6ifPYQM8hntxCz15_j9u2tXFoswrJErzxXRWv0mm40tzkIUklxyh_4VD7Gb42jQc&amp;_nc_zt=23&amp;_nc_ht=scontent-mad1-1.xx&amp;_nc_gid=3lXvPC8iVrx67xnzM8HXvw&amp;_nc_ss=7a3a8&amp;oh=00_Af1kSQKWtJ1s4X4naGW7siJ9kOPi6YkRqNXiNfR6yNWfLw&amp;oe=69E7B3BC\" alt=\"Puede ser una imagen de una o varias personas y texto que dice &quot;Cofinanciado por la Uni\u00f3n Europea&quot;\"><figcaption style=\"font-size: 0.9rem;color: #555555;margin-top: 6px\">Inicio del viaje Erasmus+ en el aeropuerto.<\/figcaption><\/figure>\n<p><!-- FOTO 3 --><\/p>\n<figure style=\"margin: 0;background: #F9FAFB;padding: 8px;border-radius: 6px\"><img decoding=\"async\" src=\"https:\/\/scontent-mad2-1.xx.fbcdn.net\/v\/t39.30808-6\/504277680_1268729888589653_2337793316605606493_n.jpg?_nc_cat=108&amp;ccb=1-7&amp;_nc_sid=13d280&amp;_nc_ohc=7pBlvp5j7KEQ7kNvwGNMgUI&amp;_nc_oc=AdqLhzj6dawytmjXL0tDoYl28G5JwMM6jO8Bzdqtcn08SKUuzQj9T0CTue7BcNYi5NM&amp;_nc_zt=23&amp;_nc_ht=scontent-mad2-1.xx&amp;_nc_gid=e_VqaYptGTzhDyDEHBeBnQ&amp;_nc_ss=7a3a8&amp;oh=00_Af0VtPmrYQ3cVRKMifgd2LRGX8QsS_smrYR4fUamhrhw_w&amp;oe=69E79F2E\" alt=\"No hay ninguna descripci\u00f3n de la foto disponible.\"><figcaption style=\"font-size: 0.9rem;color: #555555;margin-top: 6px\">Actividad educativa junto al Coliseo.<\/figcaption><\/figure>\n<p><!-- FOTO 4 --><\/p>\n<figure style=\"margin: 0;background: #F9FAFB;padding: 8px;border-radius: 6px\"><img decoding=\"async\" src=\"https:\/\/scontent-mad1-1.xx.fbcdn.net\/v\/t39.30808-6\/485778132_1167416278512191_4943662669526818484_n.jpg?_nc_cat=102&amp;ccb=1-7&amp;_nc_sid=7b2446&amp;_nc_ohc=ToVrliAz2sEQ7kNvwG13Sbe&amp;_nc_oc=AdqVC1cY-xSc4Kjv94awDfi0p2W9IMqdG5hLUJy_EqC0YdVQkLAMO60bRgYGTQOnXxo&amp;_nc_zt=23&amp;_nc_ht=scontent-mad1-1.xx&amp;_nc_gid=LDHUgALobADiVnZEWCwQsQ&amp;_nc_ss=7a3a8&amp;oh=00_Af0KNTXfGQgd7MzdcD3gN5R0v2cvhMtQxed8xsAk1luPPg&amp;oe=69E7AC93\" alt=\"No hay ninguna descripci\u00f3n de la foto disponible.\"><img decoding=\"async\" src=\"https:\/\/scontent-mad1-1.xx.fbcdn.net\/v\/t51.82787-15\/656683023_17999884601867290_4516480292815019555_n.jpg?_nc_cat=106&amp;ccb=1-7&amp;_nc_sid=13d280&amp;_nc_ohc=oxv1iyxUrG4Q7kNvwHFLmjs&amp;_nc_oc=AdptNN4Ojh9yF-BI4hIza6oQ09CwveCm2LCYUFv_ClhQfFQ3MS7oZ22-kJDQ9mRQNYs&amp;_nc_zt=23&amp;_nc_ht=scontent-mad1-1.xx&amp;_nc_gid=6njO7YdJtzGt7Jv1JcXvsA&amp;_nc_ss=7a3a8&amp;oh=00_Af3a3WomJupWI1wnfx4ZaUf8u1pPulQnbwmbsaUb3sOCPA&amp;oe=69E79C34\" alt=\"Puede ser una imagen de una o varias personas y texto\"><figcaption style=\"font-size: 0.9rem;color: #555555;margin-top: 6px\">Convivencia en el Arco de Constantino.<\/figcaption><\/figure>\n<\/div>\n<\/section>\n<p><!-- TRES COLUMNAS --><\/p>\n<section style=\"margin-bottom: 40px\">\n<div style=\"grid-template-columns: repeat(auto-fit,minmax(220px,1fr));gap: 20px\">\n<div style=\"background: #F9FAFB;padding: 18px;border-radius: 8px;border: 1px solid #E2E8F0\">\n<h3 style=\"margin-top: 0;margin-bottom: 8px;color: #1f3a60;font-size: 1.1rem\">\ud83c\udf0d Intercambio cultural<\/h3>\n<p style=\"margin: 0;line-height: 1.6\">Conocemos nuevas realidades europeas a trav\u00e9s de experiencias directas.<\/p>\n<\/div>\n<div style=\"background: #F9FAFB;padding: 18px;border-radius: 8px;border: 1px solid #E2E8F0\">\n<h3 style=\"margin-top: 0;margin-bottom: 8px;color: #1f3a60;font-size: 1.1rem\">\ud83d\udcd8 Aprendizaje de idiomas<\/h3>\n<p style=\"margin: 0;line-height: 1.6\">Mejoramos la competencia ling\u00fc\u00edstica mediante actividades reales.<\/p>\n<\/div>\n<div style=\"background: #F9FAFB;padding: 18px;border-radius: 8px;border: 1px solid #E2E8F0\">\n<h3 style=\"margin-top: 0;margin-bottom: 8px;color: #1f3a60;font-size: 1.1rem\">\ud83e\udd1d Convivencia y cooperaci\u00f3n<\/h3>\n<p style=\"margin: 0;line-height: 1.6\">Trabajamos junto a otros centros para crecer juntos.<\/p>\n<\/div>\n<\/div>\n<\/section>\n<p><!-- MOVILIDADES --><\/p>\n<section style=\"margin-bottom: 40px\">\n<h3 style=\"color: #1f3a60;font-size: 1.4rem;margin-bottom: 10px\">Movilidades Erasmus+<\/h3>\n<p style=\"margin-top: 0;line-height: 1.6\">Nuestro profesorado participa en movilidades formativas en distintos pa\u00edses europeos,<br \/>\ndonde conocen nuevas metodolog\u00edas, visitan centros educativos y comparten experiencias<br \/>\ncon docentes de toda Europa.<\/p>\n<\/section>\n<p><!-- CIERRE --><\/p>\n<section style=\"text-align: center;margin-bottom: 10px\">\n<p style=\"font-style: italic;color: #555555;margin: 0\">Seguimos trabajando para ofrecer a nuestro alumnado experiencias enriquecedoras,<br \/>\ninternacionales y llenas de aprendizaje.<\/p>\n<\/section>\n<\/div>\n<p>&nbsp;<\/p>\n","protected":false},"excerpt":{"rendered":"<p>Proyecto Erasmus+ en nuestro centro Un proyecto europeo que abre puertas a nuevas experiencias, culturas y aprendizajes. \u00bfQu\u00e9 es Erasmus+? Erasmus+ es un programa europeo que impulsa la cooperaci\u00f3n entre centros educativos de distintos pa\u00edses. Gracias a este proyecto, nuestro alumnado y profesorado participa en actividades que fomentan la convivencia, el aprendizaje de idiomas y &hellip; <\/p>\n<p><a class=\"more-link btn\" href=\"https:\/\/blogsaverroes.juntadeandalucia.es\/ceipfranciscodevelasco\/erasmus\/\">Seguir leyendo<\/a><\/p>\n","protected":false},"author":8704,"featured_media":0,"parent":0,"menu_order":0,"comment_status":"closed","ping_status":"closed","template":"","meta":{"ngg_post_thumbnail":0,"footnotes":"","_mc_calendar":[]},"aioseo_notices":[],"_links":{"self":[{"href":"https:\/\/blogsaverroes.juntadeandalucia.es\/ceipfranciscodevelasco\/wp-json\/wp\/v2\/pages\/4569"}],"collection":[{"href":"https:\/\/blogsaverroes.juntadeandalucia.es\/ceipfranciscodevelasco\/wp-json\/wp\/v2\/pages"}],"about":[{"href":"https:\/\/blogsaverroes.juntadeandalucia.es\/ceipfranciscodevelasco\/wp-json\/wp\/v2\/types\/page"}],"author":[{"embeddable":true,"href":"https:\/\/blogsaverroes.juntadeandalucia.es\/ceipfranciscodevelasco\/wp-json\/wp\/v2\/users\/8704"}],"replies":[{"embeddable":true,"href":"https:\/\/blogsaverroes.juntadeandalucia.es\/ceipfranciscodevelasco\/wp-json\/wp\/v2\/comments?post=4569"}],"version-history":[{"count":4,"href":"https:\/\/blogsaverroes.juntadeandalucia.es\/ceipfranciscodevelasco\/wp-json\/wp\/v2\/pages\/4569\/revisions"}],"predecessor-version":[{"id":4575,"href":"https:\/\/blogsaverroes.juntadeandalucia.es\/ceipfranciscodevelasco\/wp-json\/wp\/v2\/pages\/4569\/revisions\/4575"}],"wp:attachment":[{"href":"https:\/\/blogsaverroes.juntadeandalucia.es\/ceipfranciscodevelasco\/wp-json\/wp\/v2\/media?parent=4569"}],"curies":[{"name":"wp","href":"https:\/\/api.w.org\/{rel}","templated":true}]}}