{"id":2383,"date":"2021-01-11T17:55:36","date_gmt":"2021-01-11T17:55:36","guid":{"rendered":"https:\/\/blogsaverroes.juntadeandalucia.es\/ceipfranciscofernandezpozar\/?page_id=2383"},"modified":"2021-01-11T17:55:36","modified_gmt":"2021-01-11T17:55:36","slug":"plan-de-centro","status":"publish","type":"page","link":"https:\/\/blogsaverroes.juntadeandalucia.es\/ceipfranciscofernandezpozar\/plan-de-centro\/","title":{"rendered":"PLAN DE CENTRO"},"content":{"rendered":"<h2 style=\"text-align: center\"><span style=\"color: #800080\"><strong>PLAN DE CENTRO<\/strong><\/span><\/h2>\n<p>El <strong>Plan de Centro<\/strong> es el documento que expresa nuestras se\u00f1as de identidad. Es el aut\u00e9ntico referente, con car\u00e1cter sist\u00e9mico e integrador, del principio de autonom\u00eda pedag\u00f3gica, de organizaci\u00f3n y de gesti\u00f3n .<\/p>\n<p>La Ley 17\/2007, de 10 de diciembre, de Educaci\u00f3n de Andaluc\u00eda, establece, en su Art.126, los documentos que integran el Plan de Centro. Son los siguientes:<\/p>\n<p>\u2013 El Proyecto Educativo .<\/p>\n<p>\u2013 El Reglamento de Organizaci\u00f3n y Funcionamiento.<\/p>\n<p>\u2013 El Proyecto de Gesti\u00f3n del Centro .<\/p>\n<p>El Plan de Centro se revisa de forma anual, es decir se elabora cada a\u00f1o adapt\u00e1ndose a las circunstancias, dificultades, avances, deliberaciones y acuerdos del Claustro y del Consejo Escolar.<\/p>\n<p><a href=\"https:\/\/blogsaverroes.juntadeandalucia.es\/ceipfranciscofernandezpozar\/files\/2021\/01\/0.0.-PORTADA-PLAN-DE-CENTRO-NOVIEMBRE-2020_page-0001.jpg\"><img loading=\"lazy\" decoding=\"async\" class=\" wp-image-2384 aligncenter\" src=\"https:\/\/blogsaverroes.juntadeandalucia.es\/ceipfranciscofernandezpozar\/files\/2021\/01\/0.0.-PORTADA-PLAN-DE-CENTRO-NOVIEMBRE-2020_page-0001-212x300.jpg\" alt=\"\" width=\"443\" height=\"627\" srcset=\"https:\/\/blogsaverroes.juntadeandalucia.es\/ceipfranciscofernandezpozar\/files\/2021\/01\/0.0.-PORTADA-PLAN-DE-CENTRO-NOVIEMBRE-2020_page-0001-212x300.jpg 212w, https:\/\/blogsaverroes.juntadeandalucia.es\/ceipfranciscofernandezpozar\/files\/2021\/01\/0.0.-PORTADA-PLAN-DE-CENTRO-NOVIEMBRE-2020_page-0001-724x1024.jpg 724w, https:\/\/blogsaverroes.juntadeandalucia.es\/ceipfranciscofernandezpozar\/files\/2021\/01\/0.0.-PORTADA-PLAN-DE-CENTRO-NOVIEMBRE-2020_page-0001-768x1087.jpg 768w, https:\/\/blogsaverroes.juntadeandalucia.es\/ceipfranciscofernandezpozar\/files\/2021\/01\/0.0.-PORTADA-PLAN-DE-CENTRO-NOVIEMBRE-2020_page-0001-1085x1536.jpg 1085w, https:\/\/blogsaverroes.juntadeandalucia.es\/ceipfranciscofernandezpozar\/files\/2021\/01\/0.0.-PORTADA-PLAN-DE-CENTRO-NOVIEMBRE-2020_page-0001-17x24.jpg 17w, https:\/\/blogsaverroes.juntadeandalucia.es\/ceipfranciscofernandezpozar\/files\/2021\/01\/0.0.-PORTADA-PLAN-DE-CENTRO-NOVIEMBRE-2020_page-0001-25x36.jpg 25w, https:\/\/blogsaverroes.juntadeandalucia.es\/ceipfranciscofernandezpozar\/files\/2021\/01\/0.0.-PORTADA-PLAN-DE-CENTRO-NOVIEMBRE-2020_page-0001-34x48.jpg 34w, https:\/\/blogsaverroes.juntadeandalucia.es\/ceipfranciscofernandezpozar\/files\/2021\/01\/0.0.-PORTADA-PLAN-DE-CENTRO-NOVIEMBRE-2020_page-0001.jpg 1130w\" sizes=\"(max-width: 443px) 100vw, 443px\" \/><\/a><\/p>\n","protected":false},"excerpt":{"rendered":"<p>PLAN DE CENTRO El Plan de Centro es el documento que expresa nuestras se\u00f1as de identidad. Es el aut\u00e9ntico referente, con car\u00e1cter sist\u00e9mico e integrador, del principio de autonom\u00eda pedag\u00f3gica, de organizaci\u00f3n y de&#46;&#46;&#46;<\/p>\n","protected":false},"author":10647,"featured_media":0,"parent":0,"menu_order":0,"comment_status":"closed","ping_status":"closed","template":"","meta":{"ngg_post_thumbnail":0,"footnotes":"","_mc_calendar":[]},"aioseo_notices":[],"_links":{"self":[{"href":"https:\/\/blogsaverroes.juntadeandalucia.es\/ceipfranciscofernandezpozar\/wp-json\/wp\/v2\/pages\/2383"}],"collection":[{"href":"https:\/\/blogsaverroes.juntadeandalucia.es\/ceipfranciscofernandezpozar\/wp-json\/wp\/v2\/pages"}],"about":[{"href":"https:\/\/blogsaverroes.juntadeandalucia.es\/ceipfranciscofernandezpozar\/wp-json\/wp\/v2\/types\/page"}],"author":[{"embeddable":true,"href":"https:\/\/blogsaverroes.juntadeandalucia.es\/ceipfranciscofernandezpozar\/wp-json\/wp\/v2\/users\/10647"}],"replies":[{"embeddable":true,"href":"https:\/\/blogsaverroes.juntadeandalucia.es\/ceipfranciscofernandezpozar\/wp-json\/wp\/v2\/comments?post=2383"}],"version-history":[{"count":1,"href":"https:\/\/blogsaverroes.juntadeandalucia.es\/ceipfranciscofernandezpozar\/wp-json\/wp\/v2\/pages\/2383\/revisions"}],"predecessor-version":[{"id":2385,"href":"https:\/\/blogsaverroes.juntadeandalucia.es\/ceipfranciscofernandezpozar\/wp-json\/wp\/v2\/pages\/2383\/revisions\/2385"}],"wp:attachment":[{"href":"https:\/\/blogsaverroes.juntadeandalucia.es\/ceipfranciscofernandezpozar\/wp-json\/wp\/v2\/media?parent=2383"}],"curies":[{"name":"wp","href":"https:\/\/api.w.org\/{rel}","templated":true}]}}