{"id":2388,"date":"2021-01-11T18:01:13","date_gmt":"2021-01-11T18:01:13","guid":{"rendered":"https:\/\/blogsaverroes.juntadeandalucia.es\/ceipfranciscofernandezpozar\/?page_id=2388"},"modified":"2025-11-14T10:57:47","modified_gmt":"2025-11-14T10:57:47","slug":"proyecto-educativo","status":"publish","type":"page","link":"https:\/\/blogsaverroes.juntadeandalucia.es\/ceipfranciscofernandezpozar\/proyecto-educativo\/","title":{"rendered":"PROYECTO EDUCATIVO"},"content":{"rendered":"<h1 style=\"text-align: center\"><span style=\"color: #ff9900\">PROYECTO EDUCATIVO<\/span><\/h1>\n<p style=\"text-align: justify\">El Proyecto Educativo del Centro recoge los valores, los objetivos, las prioridades y las formas de actuaci\u00f3n. Asimismo, incorpora la concreci\u00f3n del curr\u00edculum establecido por la Administraci\u00f3n educativa fijado y aprobado por el Claustro, as\u00ed como el tratamiento transversal en las \u00e1reas, materias o \u00e1mbitos de la educaci\u00f3n en valores y otras ense\u00f1anzas.<\/p>\n<p style=\"text-align: justify\">&nbsp;<\/p>\n<p style=\"text-align: justify\">Este Proyecto, tiene en cuenta las caracter\u00edsticas del entorno social y cultural del Centro, recoge la forma de atenci\u00f3n a la diversidad del alumnado y la acci\u00f3n tutorial, as\u00ed como el plan de convivencia, respetando el principio de no discriminaci\u00f3n y de inclusi\u00f3n educativa como valores fundamentales, as\u00ed como los principios y objetivos recogidos en la L.O.E.\/L.O.M.C.E. (Ley Org\u00e1nica 2\/2006, de 3 de mayo, de Educaci\u00f3n, texto consolidado de la \u00faltima modificaci\u00f3n de 10 de diciembre de 2013), y L.E.A. (Ley 17\/2007, de 10 de diciembre, de Educaci\u00f3n de Andaluc\u00eda).<\/p>\n<h2 style=\"text-align: center\"><span style=\"color: #ff9900\"><strong>INDICE<\/strong><\/span><\/h2>\n<p style=\"text-align: justify\"><span style=\"color: #ff9900\">A. OBJETIVOS PROPIOS PARA LA MEJORA DEL RENDIMIENTO ESCOLAR.<\/span><\/p>\n<p style=\"text-align: justify\"><span style=\"color: #ff9900\">B. L\u00cdNEAS GENERALES DE ACTUACI\u00d3N PEDAG\u00d3GICA.<\/span><\/p>\n<p style=\"text-align: justify\"><span style=\"color: #ff9900\">C. COORDINACI\u00d3N Y CONCRECI\u00d3N DE LOS CONTENIDOS CURRICULARES. TRATAMIENTO TRANSVERSAL EN LAS \u00c1REAS DE LA EDUCACI\u00d3N EN&nbsp;&nbsp;&nbsp; VALORES Y OTRAS ENSE\u00d1ANZAS, INTEGRANDO LA IGUALDAD DE G\u00c9NERO COMO UN OBJETO PRIMORDIAL.<\/span><\/p>\n<p style=\"text-align: justify\"><span style=\"color: #ff9900\">D. CRITERIOS PEDAG\u00d3GICOS PARA LA DETERMINACI\u00d3N DEL HORARIO DEDEDICACI\u00d3N DE LAS PERSONAS RESPONSABLES DE LOS \u00d3RGANOS DE COORDINACI\u00d3N DOCENTE.<\/span><\/p>\n<p style=\"text-align: justify\"><span style=\"color: #ff9900\">E. PROCEDIMIENTOS Y CRITERIOS DE EVALUACI\u00d3N Y PROMOCI\u00d3N DEL ALUMNADO.<\/span><\/p>\n<p style=\"text-align: justify\"><span style=\"color: #ff9900\">F. FORMA DE ATENCI\u00d3N A LA DIVERSIDAD DEL ALUMNADO.<\/span><\/p>\n<p style=\"text-align: justify\"><span style=\"color: #ff9900\">G. ORGANIZACI\u00d3N DE ACTIVIDADES DE REFUERZO Y RECUPERACI\u00d3N.<\/span><\/p>\n<p style=\"text-align: justify\"><span style=\"color: #ff9900\">H. ORIENTACI\u00d3N Y ACCI\u00d3N TUTORIAL.<\/span><\/p>\n<p style=\"text-align: justify\"><span style=\"color: #ff9900\">I. PROCEDIMIENTO PARA SUSCRIBIR COMPROMISOS EDUCATIVOS Y DE CONVIVENCIA CON LAS FAMILIAS.<\/span><\/p>\n<p style=\"text-align: justify\"><span style=\"color: #ff9900\">J. PLAN DE CONVIVENCIA.<\/span><\/p>\n<p style=\"text-align: justify\"><span style=\"color: #ff9900\">K. EL PLAN DE FORMACI\u00d3N DEL PROFESORADO.<\/span><\/p>\n<p style=\"text-align: justify\"><span style=\"color: #ff9900\">L. CRITERIOS PARA ORGANIZAR Y DISTRIBUIR EL TIEMPO ESCOLAR.<\/span><\/p>\n<p style=\"text-align: justify\"><span style=\"color: #ff9900\">M. PROCEDIMIENTOS DE EVALUACI\u00d3N INTERNA.<\/span><\/p>\n<p style=\"text-align: justify\"><span style=\"color: #ff9900\">N. CRITERIOS PARA ESTABLECER LOS AGRUPAMIENTOS DEL ALUMNADO Y LA ASIGNACI\u00d3N DE LAS TUTOR\u00cdAS.<\/span><\/p>\n<p style=\"text-align: justify\"><span style=\"color: #ff9900\">\u00d1. CRITERIOS GENERALES PARA ELABORAR LAS PROGRAMACIONES DID\u00c1CTICAS DE CADA UNA DE LAS \u00c1REAS DE LA EDUCACI\u00d3N PRIMARIA Y DE LA EDUCACI\u00d3N ESPECIAL Y LAS PROPUESTAS PEDAG\u00d3GICAS DE LA EDUCACI\u00d3N INFANTIL. <\/span><\/p>\n<p style=\"text-align: justify\"><span style=\"color: #ff9900\">O. PLANES ESTRAT\u00c9GICOS QUE SE DESARROLLAN EN EL CENTRO.<\/span><\/p>\n<p style=\"text-align: justify\"><span style=\"color: #ff9900\">P. CUALESQUIERA OTROS QUE LE SEAN ATRIBUIDOS POR ORDEN DE LA PERSONA TITULAR DE LA CONSEJER\u00cdA COMPETENTE EN MATERIA DE EDUCACI\u00d3N (ANEXOS)<\/span><\/p>\n<p>&nbsp;<\/p>\n<h2 style=\"text-align: center\"><a href=\"https:\/\/drive.google.com\/file\/d\/1zWJy0d_CNp5P2hCU5XLBE03ytkf9idaU\/view?usp=sharing\"><strong>ACCESO AL DOCUMENTO<\/strong><\/a><\/h2>\n","protected":false},"excerpt":{"rendered":"<p>PROYECTO EDUCATIVO El Proyecto Educativo del Centro recoge los valores, los objetivos, las prioridades y las formas de actuaci\u00f3n. Asimismo, incorpora la concreci\u00f3n del curr\u00edculum establecido por la Administraci\u00f3n educativa fijado y aprobado por&#46;&#46;&#46;<\/p>\n","protected":false},"author":10647,"featured_media":0,"parent":0,"menu_order":0,"comment_status":"closed","ping_status":"closed","template":"","meta":{"ngg_post_thumbnail":0,"footnotes":"","_mc_calendar":[]},"aioseo_notices":[],"_links":{"self":[{"href":"https:\/\/blogsaverroes.juntadeandalucia.es\/ceipfranciscofernandezpozar\/wp-json\/wp\/v2\/pages\/2388"}],"collection":[{"href":"https:\/\/blogsaverroes.juntadeandalucia.es\/ceipfranciscofernandezpozar\/wp-json\/wp\/v2\/pages"}],"about":[{"href":"https:\/\/blogsaverroes.juntadeandalucia.es\/ceipfranciscofernandezpozar\/wp-json\/wp\/v2\/types\/page"}],"author":[{"embeddable":true,"href":"https:\/\/blogsaverroes.juntadeandalucia.es\/ceipfranciscofernandezpozar\/wp-json\/wp\/v2\/users\/10647"}],"replies":[{"embeddable":true,"href":"https:\/\/blogsaverroes.juntadeandalucia.es\/ceipfranciscofernandezpozar\/wp-json\/wp\/v2\/comments?post=2388"}],"version-history":[{"count":9,"href":"https:\/\/blogsaverroes.juntadeandalucia.es\/ceipfranciscofernandezpozar\/wp-json\/wp\/v2\/pages\/2388\/revisions"}],"predecessor-version":[{"id":3036,"href":"https:\/\/blogsaverroes.juntadeandalucia.es\/ceipfranciscofernandezpozar\/wp-json\/wp\/v2\/pages\/2388\/revisions\/3036"}],"wp:attachment":[{"href":"https:\/\/blogsaverroes.juntadeandalucia.es\/ceipfranciscofernandezpozar\/wp-json\/wp\/v2\/media?parent=2388"}],"curies":[{"name":"wp","href":"https:\/\/api.w.org\/{rel}","templated":true}]}}