{"id":2391,"date":"2021-01-11T18:05:32","date_gmt":"2021-01-11T18:05:32","guid":{"rendered":"https:\/\/blogsaverroes.juntadeandalucia.es\/ceipfranciscofernandezpozar\/?page_id=2391"},"modified":"2025-11-12T09:30:48","modified_gmt":"2025-11-12T09:30:48","slug":"reglamento-de-organizacion-y-funcionamiento","status":"publish","type":"page","link":"https:\/\/blogsaverroes.juntadeandalucia.es\/ceipfranciscofernandezpozar\/reglamento-de-organizacion-y-funcionamiento\/","title":{"rendered":"REGLAMENTO DE ORGANIZACI\u00d3N Y FUNCIONAMIENTO"},"content":{"rendered":"<h1 style=\"text-align: center\"><span style=\"color: #0000ff\">REGLAMENTO DE ORGANIZACI\u00d3N Y FUNCIONAMIENTO<\/span><\/h1>\n<p style=\"text-align: justify\">El R.O.F. debe ser un marco que fije las relaciones en la vida del Centro y que sirva de referente permanente. Es el documento que recoge el conjunto de normas que regulan la convivencia y establecen la estructura organizativa, de ah\u00ed su necesidad.<\/p>\n<h2 style=\"text-align: center\"><span style=\"color: #0000ff\">INDICE<\/span><\/h2>\n<p style=\"text-align: justify\"><span style=\"color: #0000ff\">A. LOS CAUCES DE PARTICIPACI\u00d3N DE LOS DISTINTOS SECTORES DE LA COMUNIDAD EDUCATIVA EN TODOS LOS ASPECTOS RECOGIDOS EN EL PLAN DE CENTRO.<\/span><\/p>\n<p style=\"text-align: justify\"><span style=\"color: #0000ff\">B. LOS CRITERIOS Y PROCEDIMIENTOS QUE GARANTICEN EL RIGOR Y LA TRANSPARENCIA EN LA TOMA DE DECISIONES POR LOS DISTINTOS \u00d3RGANOS DE GOBIERNO Y DE COORDINACI\u00d3N DOCENTE, ESPECIALMENTE EN LOS PROCESOS RELACIONADOS CON LA ESCOLARIZACI\u00d3N Y LA EVALUACI\u00d3N DEL ALUMNADO.<\/span><\/p>\n<p style=\"text-align: justify\"><span style=\"color: #0000ff\">C. LA ORGANIZACI\u00d3N DE LOS ESPACIOS, INSTALACIONES Y RECURSOS MATERIALES DEL CENTRO, CON ESPECIAL REFERENCIA AL USO DE LA BIBLIOTECA ESCOLAR, AS\u00cd COMO LAS NORMAS PARA SU USO CORRECTO.<\/span><\/p>\n<p style=\"text-align: justify\"><span style=\"color: #0000ff\">D. LA ORGANIZACI\u00d3N DE LA VIGILANCIA DE LOS TIEMPOS DE RECREO Y DE LOS PERIODOS DE ENTRADA Y SALIDA DE CLASE.<\/span><\/p>\n<p style=\"text-align: justify\"><span style=\"color: #0000ff\">E. LA FORMA DE COLABORACI\u00d3N DE LOS TUTORES Y TUTORAS EN LA GESTI\u00d3N DEL PROGRAMA DE GRATUIDAD DE LIBROS DE TEXTO.<\/span><\/p>\n<p style=\"text-align: justify\"><span style=\"color: #0000ff\">F. PLAN DE AUTOPROTECCI\u00d3N DEL CENTRO.<\/span><\/p>\n<p style=\"text-align: justify\"><span style=\"color: #0000ff\">G. EL PROCEDIMIENTO PARA LA DESIGNACI\u00d3N DE LOS MIEMBROS DE LOS EQUIPOS DE EVALUACI\u00d3N A QUE SE REFIERE EL ART\u00cdCULO 26.5.<\/span><\/p>\n<p style=\"text-align: justify\"><span style=\"color: #0000ff\">H. LAS NORMAS SOBRE LA UTILIZACI\u00d3N EN EL CENTRO DE TEL\u00c9FONOS M\u00d3VILES Y OTROS APARATOS ELECTR\u00d3NICOS, AS\u00cd COMO EL PROCEDIMIENTO PARA GARANTIZAR EL ACCESO SEGURO A INTERNET DEL ALUMNADO, DE ACUERDO CON LO DISPUESTO EN EL DECRETO 25\/2007, DE 6 DE FEBRERO, POR EL QUE SE ESTABLECEN MEDIDAS PARA EL FOMENTO, LA PREVENCI\u00d3N DE RIESGOS Y LA SEGURIDAD EN EL USO DE INTERNET Y LAS TECNOLOG\u00cdAS DE LA INFORMACI\u00d3N Y LA COMUNICACI\u00d3N (TIC) POR PARTE DE LAS PERSONAS MENORES DE EDAD.<\/span><\/p>\n<p style=\"text-align: justify\"><span style=\"color: #0000ff\">I. LA POSIBILIDAD DE ESTABLECER UN UNIFORME PARA EL ALUMNADO.<\/span><\/p>\n<p style=\"text-align: justify\"><span style=\"color: #0000ff\">J. LAS COMPETENCIAS Y FUNCIONES RELATIVAS A LA PREVENCI\u00d3N DE RIESGOS LABORALES.<\/span><\/p>\n<p style=\"text-align: justify\"><span style=\"color: #0000ff\">K. CUALESQUIERA OTROS QUE LE SEAN ATRIBUIDOS POR ORDEN DE LA PERSONA TITULAR DE LA CONSEJER\u00cdA COMPETENTE EN MATERIA DE EDUCACI\u00d3N Y , EN GENERAL, TODOS AQUELLOS ASPECDTOS RELATIVOS A LA ORGANIZACI\u00d3N Y FUNCIONAMIENTO DEL CENTRO NO CONTEMPLADOS POR LA NORMATIVA VIGENTE.&nbsp;<\/span><\/p>\n<p>&nbsp;<\/p>\n<h2 style=\"text-align: center\"><a href=\"https:\/\/drive.google.com\/file\/d\/10DDpJa0hVpiOS3XphZgA1_Evt7CNPDW6\/view?usp=drive_link\"><strong>ACCESO AL DOCUMENTO<\/strong><\/a><\/h2>\n","protected":false},"excerpt":{"rendered":"<p>REGLAMENTO DE ORGANIZACI\u00d3N Y FUNCIONAMIENTO El R.O.F. debe ser un marco que fije las relaciones en la vida del Centro y que sirva de referente permanente. Es el documento que recoge el conjunto de&#46;&#46;&#46;<\/p>\n","protected":false},"author":10647,"featured_media":0,"parent":0,"menu_order":0,"comment_status":"closed","ping_status":"closed","template":"","meta":{"ngg_post_thumbnail":0,"footnotes":"","_mc_calendar":[]},"aioseo_notices":[],"_links":{"self":[{"href":"https:\/\/blogsaverroes.juntadeandalucia.es\/ceipfranciscofernandezpozar\/wp-json\/wp\/v2\/pages\/2391"}],"collection":[{"href":"https:\/\/blogsaverroes.juntadeandalucia.es\/ceipfranciscofernandezpozar\/wp-json\/wp\/v2\/pages"}],"about":[{"href":"https:\/\/blogsaverroes.juntadeandalucia.es\/ceipfranciscofernandezpozar\/wp-json\/wp\/v2\/types\/page"}],"author":[{"embeddable":true,"href":"https:\/\/blogsaverroes.juntadeandalucia.es\/ceipfranciscofernandezpozar\/wp-json\/wp\/v2\/users\/10647"}],"replies":[{"embeddable":true,"href":"https:\/\/blogsaverroes.juntadeandalucia.es\/ceipfranciscofernandezpozar\/wp-json\/wp\/v2\/comments?post=2391"}],"version-history":[{"count":4,"href":"https:\/\/blogsaverroes.juntadeandalucia.es\/ceipfranciscofernandezpozar\/wp-json\/wp\/v2\/pages\/2391\/revisions"}],"predecessor-version":[{"id":3032,"href":"https:\/\/blogsaverroes.juntadeandalucia.es\/ceipfranciscofernandezpozar\/wp-json\/wp\/v2\/pages\/2391\/revisions\/3032"}],"wp:attachment":[{"href":"https:\/\/blogsaverroes.juntadeandalucia.es\/ceipfranciscofernandezpozar\/wp-json\/wp\/v2\/media?parent=2391"}],"curies":[{"name":"wp","href":"https:\/\/api.w.org\/{rel}","templated":true}]}}