{"id":2628,"date":"2022-11-01T09:49:32","date_gmt":"2022-11-01T09:49:32","guid":{"rendered":"https:\/\/blogsaverroes.juntadeandalucia.es\/ceipfranciscofernandezpozar\/?page_id=2628"},"modified":"2022-11-01T09:59:56","modified_gmt":"2022-11-01T09:59:56","slug":"erasmus","status":"publish","type":"page","link":"https:\/\/blogsaverroes.juntadeandalucia.es\/ceipfranciscofernandezpozar\/erasmus\/","title":{"rendered":"ERASMUS +"},"content":{"rendered":"<p>Este curso ampliamos horizontes gracias al <strong>Proyecto Erasmus + KA122-SCH: \u00abDe Coraz\u00f3n a Coraz\u00f3n\u00bb.<\/strong>&nbsp;<\/p>\n<p>Buscando mejorar los procesos de ense\u00f1anza-aprendizaje a trav\u00e9s del fomento de una perspectiva comunitaria dentro de la Uni\u00f3n Europea, que nos permita el intercambio de experiencias en favor de una mejora metodol\u00f3gica y un enriquecimiento pedag\u00f3gico que implique al alumnado y al profesorado a trav\u00e9s de las movilidades solicitadas.&nbsp;<\/p>\n<p>En esta ocasi\u00f3n se pondr\u00e1n en marcha tres actuaciones diferenciadas:&nbsp;<\/p>\n<ol>\n<li>Movilidades formativas para dos docentes, sobre aspectos de innovaci\u00f3n metodol\u00f3gica.&nbsp;<\/li>\n<li>Movilidades para el alumnado, enfocadas en el intercambio de experiencias con coet\u00e1neos de otras nacionalidades.&nbsp;&nbsp;<\/li>\n<li>Movilidades formativas para docentes de los \u00f3rganos de coordinaci\u00f3n, para la observaci\u00f3n de mejoras organizativas.&nbsp;<\/li>\n<\/ol>\n","protected":false},"excerpt":{"rendered":"<p>Este curso ampliamos horizontes gracias al Proyecto Erasmus + KA122-SCH: \u00abDe Coraz\u00f3n a Coraz\u00f3n\u00bb.&nbsp; Buscando mejorar los procesos de ense\u00f1anza-aprendizaje a trav\u00e9s del fomento de una perspectiva comunitaria dentro de la Uni\u00f3n Europea, que&#46;&#46;&#46;<\/p>\n","protected":false},"author":10647,"featured_media":2633,"parent":0,"menu_order":0,"comment_status":"closed","ping_status":"closed","template":"","meta":{"ngg_post_thumbnail":0,"footnotes":"","_mc_calendar":[]},"aioseo_notices":[],"_links":{"self":[{"href":"https:\/\/blogsaverroes.juntadeandalucia.es\/ceipfranciscofernandezpozar\/wp-json\/wp\/v2\/pages\/2628"}],"collection":[{"href":"https:\/\/blogsaverroes.juntadeandalucia.es\/ceipfranciscofernandezpozar\/wp-json\/wp\/v2\/pages"}],"about":[{"href":"https:\/\/blogsaverroes.juntadeandalucia.es\/ceipfranciscofernandezpozar\/wp-json\/wp\/v2\/types\/page"}],"author":[{"embeddable":true,"href":"https:\/\/blogsaverroes.juntadeandalucia.es\/ceipfranciscofernandezpozar\/wp-json\/wp\/v2\/users\/10647"}],"replies":[{"embeddable":true,"href":"https:\/\/blogsaverroes.juntadeandalucia.es\/ceipfranciscofernandezpozar\/wp-json\/wp\/v2\/comments?post=2628"}],"version-history":[{"count":1,"href":"https:\/\/blogsaverroes.juntadeandalucia.es\/ceipfranciscofernandezpozar\/wp-json\/wp\/v2\/pages\/2628\/revisions"}],"predecessor-version":[{"id":2629,"href":"https:\/\/blogsaverroes.juntadeandalucia.es\/ceipfranciscofernandezpozar\/wp-json\/wp\/v2\/pages\/2628\/revisions\/2629"}],"wp:featuredmedia":[{"embeddable":true,"href":"https:\/\/blogsaverroes.juntadeandalucia.es\/ceipfranciscofernandezpozar\/wp-json\/wp\/v2\/media\/2633"}],"wp:attachment":[{"href":"https:\/\/blogsaverroes.juntadeandalucia.es\/ceipfranciscofernandezpozar\/wp-json\/wp\/v2\/media?parent=2628"}],"curies":[{"name":"wp","href":"https:\/\/api.w.org\/{rel}","templated":true}]}}