{"id":2697,"date":"2022-11-23T11:35:19","date_gmt":"2022-11-23T11:35:19","guid":{"rendered":"https:\/\/blogsaverroes.juntadeandalucia.es\/ceipfranciscofernandezpozar\/?page_id=2697"},"modified":"2022-11-24T11:57:47","modified_gmt":"2022-11-24T11:57:47","slug":"tde","status":"publish","type":"page","link":"https:\/\/blogsaverroes.juntadeandalucia.es\/ceipfranciscofernandezpozar\/tde\/","title":{"rendered":"TDE"},"content":{"rendered":"<div style=\"width: 100%\">\n<div><iframe loading=\"lazy\" src=\"https:\/\/view.genial.ly\/62174b96244cda00137e3f52\" width=\"1200\" height=\"675\" frameborder=\"0\" scrolling=\"yes\"><\/iframe><\/div>\n<div>&nbsp;<\/div>\n<div>&nbsp;<\/div>\n<div>&nbsp;<\/div>\n<div>&nbsp;<\/div>\n<h1 style=\"text-align: center\"><span style=\"color: #339966\"><strong>\u00c1REAS DEL MARCO COM\u00daN DE LA COMPETENCIA DIGITAL DOCENTE<\/strong><\/span><\/h1>\n<h5 style=\"text-align: center\"><span style=\"color: #ff0000\">(PINCHA EN LA IMAGEN PARA M\u00c1S INFORMACI\u00d3N)<\/span><a href=\"https:\/\/drive.google.com\/file\/d\/1qAjrfaWjJgwbOyxCVsN8x5cC11VYEhkH\/view?usp=sharing\" target=\"_blank\" rel=\"noopener noreferrer\"><br \/>\n<img loading=\"lazy\" decoding=\"async\" class=\"aligncenter wp-image-2712\" src=\"https:\/\/blogsaverroes.juntadeandalucia.es\/ceipfranciscofernandezpozar\/files\/2022\/11\/Figura-1-Areas-del-Marco-Comun-de-Competencia-Digital-Docente-Fuente-propia-adaptada-de-297x300.jpg\" alt=\"\" width=\"415\" height=\"419\" srcset=\"https:\/\/blogsaverroes.juntadeandalucia.es\/ceipfranciscofernandezpozar\/files\/2022\/11\/Figura-1-Areas-del-Marco-Comun-de-Competencia-Digital-Docente-Fuente-propia-adaptada-de-297x300.jpg 297w, https:\/\/blogsaverroes.juntadeandalucia.es\/ceipfranciscofernandezpozar\/files\/2022\/11\/Figura-1-Areas-del-Marco-Comun-de-Competencia-Digital-Docente-Fuente-propia-adaptada-de-150x150.jpg 150w, https:\/\/blogsaverroes.juntadeandalucia.es\/ceipfranciscofernandezpozar\/files\/2022\/11\/Figura-1-Areas-del-Marco-Comun-de-Competencia-Digital-Docente-Fuente-propia-adaptada-de.jpg 386w\" sizes=\"(max-width: 415px) 100vw, 415px\" \/><\/a><\/h5>\n<div>&nbsp;<\/div>\n<div>&nbsp;<\/div>\n<div>&nbsp;<\/div>\n<div>&nbsp;<\/div>\n<div>&nbsp;<\/div>\n<div>&nbsp;<\/div>\n<div>&nbsp;<\/div>\n<div>&nbsp;<\/div>\n<div>&nbsp;<\/div>\n<div>&nbsp;<\/div>\n<div>&nbsp;<\/div>\n<div>&nbsp;<\/div>\n<div>&nbsp;<\/div>\n<div>&nbsp;<\/div>\n<div>&nbsp;<\/div>\n<div>&nbsp;<\/div>\n<div>&nbsp;<\/div>\n<div>&nbsp;<\/div>\n<div>&nbsp;<\/div>\n<div>&nbsp;<\/div>\n<div>&nbsp;<\/div>\n<div>&nbsp;<\/div>\n<div>&nbsp;<\/div>\n<div>&nbsp;<\/div>\n<div>&nbsp;<\/div>\n<div>&nbsp;<\/div>\n<div>&nbsp;<\/div>\n<div>&nbsp;<\/div>\n<div>&nbsp;<\/div>\n<div>&nbsp;<\/div>\n<div style=\"padding-bottom: 56.25%;padding-top: 0;height: 0\">&nbsp;<\/div>\n<div>&nbsp;<\/div>\n<div>&nbsp;<\/div>\n<div>&nbsp;<\/div>\n<\/div>\n<p><!--nextpage--><\/p>\n","protected":false},"excerpt":{"rendered":"<p>&nbsp; &nbsp; &nbsp; &nbsp; \u00c1REAS DEL MARCO COM\u00daN DE LA COMPETENCIA DIGITAL DOCENTE (PINCHA EN LA IMAGEN PARA M\u00c1S INFORMACI\u00d3N) &nbsp; &nbsp; &nbsp; &nbsp; &nbsp; &nbsp; &nbsp; &nbsp; &nbsp; &nbsp; &nbsp; &nbsp; &nbsp; &nbsp;&#46;&#46;&#46;<\/p>\n","protected":false},"author":10658,"featured_media":0,"parent":0,"menu_order":0,"comment_status":"closed","ping_status":"closed","template":"","meta":{"ngg_post_thumbnail":0,"footnotes":"","_mc_calendar":[]},"aioseo_notices":[],"_links":{"self":[{"href":"https:\/\/blogsaverroes.juntadeandalucia.es\/ceipfranciscofernandezpozar\/wp-json\/wp\/v2\/pages\/2697"}],"collection":[{"href":"https:\/\/blogsaverroes.juntadeandalucia.es\/ceipfranciscofernandezpozar\/wp-json\/wp\/v2\/pages"}],"about":[{"href":"https:\/\/blogsaverroes.juntadeandalucia.es\/ceipfranciscofernandezpozar\/wp-json\/wp\/v2\/types\/page"}],"author":[{"embeddable":true,"href":"https:\/\/blogsaverroes.juntadeandalucia.es\/ceipfranciscofernandezpozar\/wp-json\/wp\/v2\/users\/10658"}],"replies":[{"embeddable":true,"href":"https:\/\/blogsaverroes.juntadeandalucia.es\/ceipfranciscofernandezpozar\/wp-json\/wp\/v2\/comments?post=2697"}],"version-history":[{"count":8,"href":"https:\/\/blogsaverroes.juntadeandalucia.es\/ceipfranciscofernandezpozar\/wp-json\/wp\/v2\/pages\/2697\/revisions"}],"predecessor-version":[{"id":2713,"href":"https:\/\/blogsaverroes.juntadeandalucia.es\/ceipfranciscofernandezpozar\/wp-json\/wp\/v2\/pages\/2697\/revisions\/2713"}],"wp:attachment":[{"href":"https:\/\/blogsaverroes.juntadeandalucia.es\/ceipfranciscofernandezpozar\/wp-json\/wp\/v2\/media?parent=2697"}],"curies":[{"name":"wp","href":"https:\/\/api.w.org\/{rel}","templated":true}]}}