{"id":2770,"date":"2023-08-27T11:31:38","date_gmt":"2023-08-27T11:31:38","guid":{"rendered":"https:\/\/blogsaverroes.juntadeandalucia.es\/ceipfranciscofernandezpozar\/?page_id=2770"},"modified":"2023-08-27T11:39:43","modified_gmt":"2023-08-27T11:39:43","slug":"nuestro-logotipo","status":"publish","type":"page","link":"https:\/\/blogsaverroes.juntadeandalucia.es\/ceipfranciscofernandezpozar\/nuestro-logotipo\/","title":{"rendered":"NUESTRO LOGOTIPO"},"content":{"rendered":"<p style=\"text-align: center\">&nbsp;<\/p>\n<p><a href=\"https:\/\/blogsaverroes.juntadeandalucia.es\/ceipfranciscofernandezpozar\/files\/2023\/08\/LOGO-COLEGIO-1.jpg\"><img loading=\"lazy\" decoding=\"async\" class=\" wp-image-2771 aligncenter\" src=\"https:\/\/blogsaverroes.juntadeandalucia.es\/ceipfranciscofernandezpozar\/files\/2023\/08\/LOGO-COLEGIO-1-300x177.jpg\" alt=\"\" width=\"572\" height=\"338\" srcset=\"https:\/\/blogsaverroes.juntadeandalucia.es\/ceipfranciscofernandezpozar\/files\/2023\/08\/LOGO-COLEGIO-1-300x177.jpg 300w, https:\/\/blogsaverroes.juntadeandalucia.es\/ceipfranciscofernandezpozar\/files\/2023\/08\/LOGO-COLEGIO-1-1024x605.jpg 1024w, https:\/\/blogsaverroes.juntadeandalucia.es\/ceipfranciscofernandezpozar\/files\/2023\/08\/LOGO-COLEGIO-1-768x454.jpg 768w, https:\/\/blogsaverroes.juntadeandalucia.es\/ceipfranciscofernandezpozar\/files\/2023\/08\/LOGO-COLEGIO-1.jpg 1080w\" sizes=\"(max-width: 572px) 100vw, 572px\" \/><\/a><\/p>\n<p>En nuestro logotipo aparece de manera simplificada la representativa <span style=\"color: #999999\"><strong>FACHADA DEL CENTRO<\/strong><\/span>.<\/p>\n<p>En ella podemos observar un <span style=\"color: #99cc00\"><strong>\u00c1RBOL VERDE<\/strong><\/span> en forma de flecha ascendente, que a\u00fana nuestro esp\u00edritu por el cuidados del medio ambiente y nuestro camino hacia la innovaci\u00f3n. as\u00ed como un resplandeciente <span style=\"color: #ffff00\"><strong>SOL<\/strong><\/span>, que nos recuerda las virtudes de nuestro entorno siempre presente.<\/p>\n<p>As\u00ed mismo, en la esquina derecha, aparece la palabra <span style=\"color: #3366ff\"><strong>POZAR<\/strong><\/span>, donde su letra inicial en may\u00fascula, de color morado, pasa a convertirse en <span style=\"color: #800080\"><strong>P de \u00abPersona\u00bb<\/strong><\/span>, foco principal de nuestro trabajo en favor de la igualdad.<\/p>\n<p>Todo esto en una <strong>variedad de colores<\/strong> que visibiliza, como no pod\u00eda ser de otra forma, <span style=\"text-decoration: underline\">la riqueza que nos aporta la<\/span> <strong><span style=\"color: #339966\">D<\/span><span style=\"color: #ff6600\">I<\/span><span style=\"color: #ff00ff\">V<\/span><span style=\"color: #0000ff\">E<\/span><span style=\"color: #00ff00\">R<\/span><span style=\"color: #ff0000\">S<\/span><span style=\"color: #33cccc\">I<\/span><span style=\"color: #993300\"><span style=\"color: #808000\">D<\/span>A<\/span><span style=\"color: #808080\">D<\/span><\/strong>.<\/p>\n","protected":false},"excerpt":{"rendered":"<p>&nbsp; En nuestro logotipo aparece de manera simplificada la representativa FACHADA DEL CENTRO. En ella podemos observar un \u00c1RBOL VERDE en forma de flecha ascendente, que a\u00fana nuestro esp\u00edritu por el cuidados del medio&#46;&#46;&#46;<\/p>\n","protected":false},"author":10658,"featured_media":0,"parent":0,"menu_order":0,"comment_status":"closed","ping_status":"closed","template":"","meta":{"ngg_post_thumbnail":0,"footnotes":"","_mc_calendar":[]},"aioseo_notices":[],"_links":{"self":[{"href":"https:\/\/blogsaverroes.juntadeandalucia.es\/ceipfranciscofernandezpozar\/wp-json\/wp\/v2\/pages\/2770"}],"collection":[{"href":"https:\/\/blogsaverroes.juntadeandalucia.es\/ceipfranciscofernandezpozar\/wp-json\/wp\/v2\/pages"}],"about":[{"href":"https:\/\/blogsaverroes.juntadeandalucia.es\/ceipfranciscofernandezpozar\/wp-json\/wp\/v2\/types\/page"}],"author":[{"embeddable":true,"href":"https:\/\/blogsaverroes.juntadeandalucia.es\/ceipfranciscofernandezpozar\/wp-json\/wp\/v2\/users\/10658"}],"replies":[{"embeddable":true,"href":"https:\/\/blogsaverroes.juntadeandalucia.es\/ceipfranciscofernandezpozar\/wp-json\/wp\/v2\/comments?post=2770"}],"version-history":[{"count":5,"href":"https:\/\/blogsaverroes.juntadeandalucia.es\/ceipfranciscofernandezpozar\/wp-json\/wp\/v2\/pages\/2770\/revisions"}],"predecessor-version":[{"id":2780,"href":"https:\/\/blogsaverroes.juntadeandalucia.es\/ceipfranciscofernandezpozar\/wp-json\/wp\/v2\/pages\/2770\/revisions\/2780"}],"wp:attachment":[{"href":"https:\/\/blogsaverroes.juntadeandalucia.es\/ceipfranciscofernandezpozar\/wp-json\/wp\/v2\/media?parent=2770"}],"curies":[{"name":"wp","href":"https:\/\/api.w.org\/{rel}","templated":true}]}}