{"id":44,"date":"2015-03-13T08:42:15","date_gmt":"2015-03-13T08:42:15","guid":{"rendered":"http:\/\/blogsaverroes.juntadeandalucia.es\/pre\/ceip\/?page_id=44"},"modified":"2022-02-09T12:09:46","modified_gmt":"2022-02-09T12:09:46","slug":"planes-y-proyectos","status":"publish","type":"page","link":"https:\/\/blogsaverroes.juntadeandalucia.es\/ceipfranciscosaizsanz\/planes-y-proyectos\/","title":{"rendered":"Planes y Programas"},"content":{"rendered":"<p>Este curso nuestro centro cuenta con los siguientes Planes y Programas:<\/p>\n<ul>\n<li><strong>Plan de Igualdad<\/strong><\/li>\n<\/ul>\n<p style=\"text-align: justify\">Coordinadora: D\u00f1a M\u00aa Jos\u00e9 Lajara Blesa.<\/p>\n<ul>\n<li><strong>Programa ALDEA<\/strong><\/li>\n<\/ul>\n<p>Coordinadora: Do\u00f1a M\u00aa Jos\u00e9 Cabello G\u00f3mez<\/p>\n<ul>\n<li><strong>Creciendo en Salud:<\/strong><\/li>\n<\/ul>\n<p style=\"text-align: justify\">Coordinador: Don Javier Heredia Rojo.<\/p>\n<ul>\n<li><strong>Biblioteca<\/strong><\/li>\n<\/ul>\n<p>Coordinador: Don Eduardo Mart\u00ednez.<\/p>\n<ul>\n<li><strong>Autoprotecci\u00f3n<\/strong><\/li>\n<\/ul>\n<p>Coordinadora: D\u00f1a Susana Sierra Lirola.<\/p>\n<ul>\n<li><strong>Escuela Espacio de Paz<\/strong><\/li>\n<\/ul>\n<p>Coordinador: Don Jes\u00fas Salda\u00f1a Rodr\u00edguez<\/p>\n<ul>\n<li><strong>TDE<\/strong><\/li>\n<\/ul>\n<p>Coordinadora: D\u00f1a Nabila Touati<\/p>\n","protected":false},"excerpt":{"rendered":"<p>Este curso nuestro centro cuenta con los siguientes Planes y Programas: Plan de Igualdad Coordinadora: D\u00f1a M\u00aa Jos\u00e9 Lajara Blesa. Programa ALDEA Coordinadora: Do\u00f1a M\u00aa Jos\u00e9 Cabello G\u00f3mez Creciendo en Salud: Coordinador: Don Javier Heredia Rojo. Biblioteca Coordinador: Don Eduardo&#46;&#46;&#46;<\/p>\n","protected":false},"author":1,"featured_media":0,"parent":0,"menu_order":0,"comment_status":"closed","ping_status":"closed","template":"","meta":{"ngg_post_thumbnail":0,"footnotes":"","_mc_calendar":[]},"aioseo_notices":[],"_links":{"self":[{"href":"https:\/\/blogsaverroes.juntadeandalucia.es\/ceipfranciscosaizsanz\/wp-json\/wp\/v2\/pages\/44"}],"collection":[{"href":"https:\/\/blogsaverroes.juntadeandalucia.es\/ceipfranciscosaizsanz\/wp-json\/wp\/v2\/pages"}],"about":[{"href":"https:\/\/blogsaverroes.juntadeandalucia.es\/ceipfranciscosaizsanz\/wp-json\/wp\/v2\/types\/page"}],"author":[{"embeddable":true,"href":"https:\/\/blogsaverroes.juntadeandalucia.es\/ceipfranciscosaizsanz\/wp-json\/wp\/v2\/users\/1"}],"replies":[{"embeddable":true,"href":"https:\/\/blogsaverroes.juntadeandalucia.es\/ceipfranciscosaizsanz\/wp-json\/wp\/v2\/comments?post=44"}],"version-history":[{"count":16,"href":"https:\/\/blogsaverroes.juntadeandalucia.es\/ceipfranciscosaizsanz\/wp-json\/wp\/v2\/pages\/44\/revisions"}],"predecessor-version":[{"id":2757,"href":"https:\/\/blogsaverroes.juntadeandalucia.es\/ceipfranciscosaizsanz\/wp-json\/wp\/v2\/pages\/44\/revisions\/2757"}],"wp:attachment":[{"href":"https:\/\/blogsaverroes.juntadeandalucia.es\/ceipfranciscosaizsanz\/wp-json\/wp\/v2\/media?parent=44"}],"curies":[{"name":"wp","href":"https:\/\/api.w.org\/{rel}","templated":true}]}}