{"id":871,"date":"2020-12-18T08:57:29","date_gmt":"2020-12-18T07:57:29","guid":{"rendered":"https:\/\/blogsaverroes.juntadeandalucia.es\/pre\/plantilla-pencil\/?page_id=871"},"modified":"2022-02-15T19:11:45","modified_gmt":"2022-02-15T18:11:45","slug":"comedor-escolar","status":"publish","type":"page","link":"https:\/\/blogsaverroes.juntadeandalucia.es\/ceipfranciscovillaespesa\/comedor-escolar\/","title":{"rendered":"Comedor escolar"},"content":{"rendered":"<p>[et_pb_section fb_built=&#8221;1&#8243; _builder_version=&#8221;3.23.3&#8243; custom_padding=&#8221;0px||0px|&#8221; z_index_tablet=&#8221;500&#8243; box_shadow_horizontal_tablet=&#8221;0px&#8221; box_shadow_vertical_tablet=&#8221;0px&#8221; box_shadow_blur_tablet=&#8221;40px&#8221; box_shadow_spread_tablet=&#8221;0px&#8221; global_colors_info=&#8221;{}&#8221;][et_pb_row _builder_version=&#8221;3.25&#8243; background_size=&#8221;initial&#8221; background_position=&#8221;top_left&#8221; background_repeat=&#8221;repeat&#8221; global_colors_info=&#8221;{}&#8221;][et_pb_column type=&#8221;4_4&#8243; _builder_version=&#8221;3.25&#8243; custom_padding=&#8221;|||&#8221; global_colors_info=&#8221;{}&#8221; custom_padding__hover=&#8221;|||&#8221;][et_pb_image src=&#8221;https:\/\/blogsaverroes.juntadeandalucia.es\/ceipfranciscovillaespesa\/files\/2020\/01\/cabecera-interior-2-1.jpg&#8221; title_text=&#8221;cabecera-interior-2-1&#8243; admin_label=&#8221;Imagen de la portada&#8221; _builder_version=&#8221;4.5.0&#8243; z_index_tablet=&#8221;500&#8243; box_shadow_horizontal_tablet=&#8221;0px&#8221; box_shadow_vertical_tablet=&#8221;0px&#8221; box_shadow_blur_tablet=&#8221;40px&#8221; box_shadow_spread_tablet=&#8221;0px&#8221; global_colors_info=&#8221;{}&#8221;][\/et_pb_image][et_pb_text admin_label=&#8221;Texto descriptivo&#8221; _builder_version=&#8221;3.27.4&#8243; z_index_tablet=&#8221;500&#8243; text_text_shadow_horizontal_length_tablet=&#8221;0px&#8221; text_text_shadow_vertical_length_tablet=&#8221;0px&#8221; text_text_shadow_blur_strength_tablet=&#8221;1px&#8221; link_text_shadow_horizontal_length_tablet=&#8221;0px&#8221; link_text_shadow_vertical_length_tablet=&#8221;0px&#8221; link_text_shadow_blur_strength_tablet=&#8221;1px&#8221; ul_text_shadow_horizontal_length_tablet=&#8221;0px&#8221; ul_text_shadow_vertical_length_tablet=&#8221;0px&#8221; ul_text_shadow_blur_strength_tablet=&#8221;1px&#8221; ol_text_shadow_horizontal_length_tablet=&#8221;0px&#8221; ol_text_shadow_vertical_length_tablet=&#8221;0px&#8221; ol_text_shadow_blur_strength_tablet=&#8221;1px&#8221; quote_text_shadow_horizontal_length_tablet=&#8221;0px&#8221; quote_text_shadow_vertical_length_tablet=&#8221;0px&#8221; quote_text_shadow_blur_strength_tablet=&#8221;1px&#8221; header_text_shadow_horizontal_length_tablet=&#8221;0px&#8221; header_text_shadow_vertical_length_tablet=&#8221;0px&#8221; header_text_shadow_blur_strength_tablet=&#8221;1px&#8221; header_2_text_shadow_horizontal_length_tablet=&#8221;0px&#8221; header_2_text_shadow_vertical_length_tablet=&#8221;0px&#8221; header_2_text_shadow_blur_strength_tablet=&#8221;1px&#8221; header_3_text_shadow_horizontal_length_tablet=&#8221;0px&#8221; header_3_text_shadow_vertical_length_tablet=&#8221;0px&#8221; header_3_text_shadow_blur_strength_tablet=&#8221;1px&#8221; header_4_text_shadow_horizontal_length_tablet=&#8221;0px&#8221; header_4_text_shadow_vertical_length_tablet=&#8221;0px&#8221; header_4_text_shadow_blur_strength_tablet=&#8221;1px&#8221; header_5_text_shadow_horizontal_length_tablet=&#8221;0px&#8221; header_5_text_shadow_vertical_length_tablet=&#8221;0px&#8221; header_5_text_shadow_blur_strength_tablet=&#8221;1px&#8221; header_6_text_shadow_horizontal_length_tablet=&#8221;0px&#8221; header_6_text_shadow_vertical_length_tablet=&#8221;0px&#8221; header_6_text_shadow_blur_strength_tablet=&#8221;1px&#8221; box_shadow_horizontal_tablet=&#8221;0px&#8221; box_shadow_vertical_tablet=&#8221;0px&#8221; box_shadow_blur_tablet=&#8221;40px&#8221; box_shadow_spread_tablet=&#8221;0px&#8221; global_colors_info=&#8221;{}&#8221;]<\/p>\n<h2>\u00a0 Comedor escolar.<\/h2>\n<p>(Los men\u00fas mensuales al final de la p\u00e1gina)<\/p>\n<p>El comedor escolar es un servicio capaz de cumplir, al menos, tres funciones: la alimentaci\u00f3n, la socializaci\u00f3n y la educaci\u00f3n de los escolares. A trav\u00e9s de ellas se persigue una correcta nutrici\u00f3n y la adquisici\u00f3n de h\u00e1bitos relacionados con la alimentaci\u00f3n, que influyan positivamente en la salud.<\/p>\n<p>El C.E.I.P. \u201cFrancisco Villaespesa\u201d dispone del servicio de Comedor Escolar para su utilizaci\u00f3n por el alumnado y profesores del Centro, en la modalidad de gesti\u00f3n contratada.<\/p>\n<p>Durante el curso escolar 2021-2022 se tiene contratado este servicio a la empresa Aramark.<\/p>\n<p>Hacen uso del Comedor Escolar durante el curso una media diaria de 130 alumnos\/as.<\/p>\n<p>A primeros de cada mes se suministra por la empresa el conjunto de men\u00fas mensual, junto a la aportaci\u00f3n cal\u00f3rica de cada uno de ellos.<\/p>\n<p>El Comedor Escolar comienza el primer d\u00eda lectivo del Calendario Escolar y finaliza el \u00faltimo d\u00eda lectivo del mes de junio y su horario es de 14 a 16 horas<\/p>\n<p>NORMAS DE CONVIVENCIA<\/p>\n<p>\u00a0 Entrar de forma ordenada y sin gritar.<br \/>&#8211; Dejar las mochilas y los abrigos en los sitios indicados<br \/>&#8211; Esperar con paciencia y compostura a que se sirva la comida.<br \/>&#8211; Respetar las instalaciones, el mobiliario y hacer un uso adecuado de los mismos.<br \/>&#8211; Respetar los lugares establecidos para cada comensal, salvo otras indicaciones de los responsables.<br \/>&#8211; Trabajar h\u00e1bitos de higiene antes y despu\u00e9s de las comidas (lavarse las manos antes de comer, retirar platos y cubiertos despu\u00e9s de comer.<br \/>&#8211; Adquirir buenos h\u00e1bitos de alimentaci\u00f3n y comer de todo lo que se le ofrezca.<br \/>&#8211; Mantener la mesa limpia y en orden y no dejar caer la comida.<br \/>&#8211; Hablar en un tono de voz adecuado.<br \/>&#8211; Seguir las normas establecidas a la hora de comer:<br \/>\u00a0\u00a0\u00a0 \u00a0\u00a0\u00a0\u00a0\u00a0\u00a0\u00a0\u00a0usar correctamente los utensilios de comedor,<br \/>\u00a0\u00a0\u00a0 \u00a0\u00a0\u00a0\u00a0\u00a0\u00a0\u00a0\u00a0utilizar las servilletas, masticar con la boca cerrada,<br \/>\u00a0\u00a0\u00a0 \u00a0\u00a0\u00a0\u00a0\u00a0\u00a0\u00a0\u00a0no hablar con la boca llena,<br \/>\u00a0\u00a0\u00a0 \u00a0\u00a0\u00a0\u00a0\u00a0\u00a0\u00a0\u00a0pedir las cosas por favor y dar las gracias,<br \/>\u00a0\u00a0\u00a0\u00a0\u00a0\u00a0\u00a0\u00a0\u00a0\u00a0\u00a0 tratar con respeto y obedecer a los\/las encargados\/as del servicio del comedor.<br \/>&#8211; Durante el periodo posterior a la comida, en el uso del\u00a0 patios de recreo, y hasta el comienzo de las actividades extraescolares o programas de acompa\u00f1amiento, deber\u00e1n respetarse las normas establecidas por el personal vigilante de los patios.<\/p>\n<table>\n<tbody>\n<tr>\n<td width=\"186\">\n<p><strong>TIPOS DE BONIFICACIONES<\/strong><\/p>\n<\/td>\n<td width=\"272\">\n<p><strong>CANTIDAD APORTADA POR EL USUARIO<\/strong><\/p>\n<\/td>\n<\/tr>\n<tr>\n<td width=\"186\">\n<p><strong>100%<\/strong><\/p>\n<\/td>\n<td width=\"272\">\n<p><strong>0 \u20ac<\/strong><\/p>\n<\/td>\n<\/tr>\n<tr>\n<td width=\"186\">\n<p><strong>50 %<\/strong><\/p>\n<\/td>\n<td width=\"272\">\n<p><strong>2,25 \u20ac<\/strong><\/p>\n<\/td>\n<\/tr>\n<tr>\n<td width=\"186\">\n<p><strong>42 %<\/strong><\/p>\n<\/td>\n<td width=\"272\">\n<p><strong>2,61 \u20ac\u00a0<\/strong><\/p>\n<\/td>\n<\/tr>\n<tr>\n<td width=\"186\">\n<p><strong>34 %<\/strong><\/p>\n<\/td>\n<td width=\"272\">\n<p><strong>2,97 \u20ac<\/strong><\/p>\n<\/td>\n<\/tr>\n<tr>\n<td width=\"186\">\n<p><strong>26 %<\/strong><\/p>\n<\/td>\n<td width=\"272\">\n<p><strong>3,33 \u20ac<\/strong><\/p>\n<\/td>\n<\/tr>\n<tr>\n<td width=\"186\">\n<p><strong>18 %<\/strong><\/p>\n<\/td>\n<td width=\"272\">\n<p><strong>3,69 \u20ac<\/strong><\/p>\n<\/td>\n<\/tr>\n<tr>\n<td width=\"186\">\n<p><strong>10 %<\/strong><\/p>\n<\/td>\n<td width=\"272\">\n<p><strong>4,05 \u20ac<\/strong><\/p>\n<\/td>\n<\/tr>\n<tr>\n<td width=\"186\">\n<p><strong>0 %<\/strong><\/p>\n<\/td>\n<td width=\"272\">\n<p><strong>4,50 \u20ac<\/strong><\/p>\n<\/td>\n<\/tr>\n<\/tbody>\n<\/table>\n<p>&nbsp;<\/p>\n<p>[\/et_pb_text][\/et_pb_column][\/et_pb_row][\/et_pb_section]<\/p>\n","protected":false},"excerpt":{"rendered":"<p>\u00a0 Comedor escolar. (Los men\u00fas mensuales al final de la p\u00e1gina) El comedor escolar es un servicio capaz de cumplir, al menos, tres funciones: la alimentaci\u00f3n, la socializaci\u00f3n y la educaci\u00f3n de los escolares. A trav\u00e9s de ellas se persigue una correcta nutrici\u00f3n y la adquisici\u00f3n de h\u00e1bitos relacionados con la alimentaci\u00f3n, que influyan positivamente [&hellip;]<\/p>\n","protected":false},"author":14008,"featured_media":0,"parent":0,"menu_order":0,"comment_status":"closed","ping_status":"closed","template":"","meta":{"_et_pb_use_builder":"on","_et_pb_old_content":"","_et_gb_content_width":"","ngg_post_thumbnail":0,"footnotes":""},"aioseo_notices":[],"_links":{"self":[{"href":"https:\/\/blogsaverroes.juntadeandalucia.es\/ceipfranciscovillaespesa\/wp-json\/wp\/v2\/pages\/871"}],"collection":[{"href":"https:\/\/blogsaverroes.juntadeandalucia.es\/ceipfranciscovillaespesa\/wp-json\/wp\/v2\/pages"}],"about":[{"href":"https:\/\/blogsaverroes.juntadeandalucia.es\/ceipfranciscovillaespesa\/wp-json\/wp\/v2\/types\/page"}],"author":[{"embeddable":true,"href":"https:\/\/blogsaverroes.juntadeandalucia.es\/ceipfranciscovillaespesa\/wp-json\/wp\/v2\/users\/14008"}],"replies":[{"embeddable":true,"href":"https:\/\/blogsaverroes.juntadeandalucia.es\/ceipfranciscovillaespesa\/wp-json\/wp\/v2\/comments?post=871"}],"version-history":[{"count":2,"href":"https:\/\/blogsaverroes.juntadeandalucia.es\/ceipfranciscovillaespesa\/wp-json\/wp\/v2\/pages\/871\/revisions"}],"predecessor-version":[{"id":1047,"href":"https:\/\/blogsaverroes.juntadeandalucia.es\/ceipfranciscovillaespesa\/wp-json\/wp\/v2\/pages\/871\/revisions\/1047"}],"wp:attachment":[{"href":"https:\/\/blogsaverroes.juntadeandalucia.es\/ceipfranciscovillaespesa\/wp-json\/wp\/v2\/media?parent=871"}],"curies":[{"name":"wp","href":"https:\/\/api.w.org\/{rel}","templated":true}]}}