{"id":2132,"date":"2019-03-21T18:35:48","date_gmt":"2019-03-21T18:35:48","guid":{"rendered":"https:\/\/blogsaverroes.juntadeandalucia.es\/ceipfrayalbinocor\/?page_id=2132"},"modified":"2021-02-08T17:22:58","modified_gmt":"2021-02-08T17:22:58","slug":"el-centro","status":"publish","type":"page","link":"https:\/\/blogsaverroes.juntadeandalucia.es\/ceipfrayalbinocor\/el-centro\/","title":{"rendered":"CENTRO"},"content":{"rendered":"<h3>&nbsp;<\/h3>\n<p>&nbsp;&nbsp;<strong><em>&nbsp;<\/em><\/strong><strong><em>&nbsp;Nuestra finalidad&nbsp;es&#8230;&nbsp;<\/em><\/strong><\/p>\n<p>&nbsp;<strong><em>\u00bb PREPARAR&nbsp; CON&nbsp; AYUDA&nbsp; DE&nbsp; LA&nbsp; FAMILIA, PERSONAS LIBRES, RESPONSABLES Y CON SENTIDO CR\u00cdTICO, QUE SEAN CAPACES DE VIVIR EN UNA SOCIEDAD DEMOCR\u00c1TICA Y JUSTA, AL MISMO TIEMPO QUE SIENTAN EL ORGULLO &nbsp;Y LA RESPONSABILIDAD DE SER ESPA\u00d1OLES Y ANDALUCES\u00bb.<\/em><\/strong><\/p>\n<h3>&nbsp;<\/h3>\n<h3>OBJETIVOS PARA EL CURSO 2020-2021<\/h3>\n<h4>1.- Continuar desarrollando actuaciones conducentes a la mejora de las competencias en comunicaci\u00f3n ling\u00fc\u00edstica, haciendo hincapi\u00e9 en la expresi\u00f3n oral y escrita.<\/h4>\n<h4>2.- Desarrollar actuaciones para mejorar las competencias en resoluci\u00f3n de problemas y c\u00e1lculo.<\/h4>\n<h4>3- Proponer actuaciones colectivas para mejorar la convivencia entre el alumnado y promover actitudes positivas en las relaciones.<\/h4>\n<!--themify_builder_content-->\n<div id=\"themify_builder_content-2132\" data-postid=\"2132\" class=\"themify_builder_content themify_builder_content-2132 themify_builder tf_clear\">\n    <\/div>\n<!--\/themify_builder_content-->\n","protected":false},"excerpt":{"rendered":"<p>&nbsp; &nbsp;&nbsp;&nbsp;&nbsp;Nuestra finalidad&nbsp;es&#8230;&nbsp; &nbsp;\u00bb PREPARAR&nbsp; CON&nbsp; AYUDA&nbsp; DE&nbsp; LA&nbsp; FAMILIA, PERSONAS LIBRES, RESPONSABLES Y CON SENTIDO CR\u00cdTICO, QUE SEAN CAPACES DE VIVIR EN UNA SOCIEDAD DEMOCR\u00c1TICA Y JUSTA, AL MISMO TIEMPO QUE SIENTAN EL ORGULLO &nbsp;Y LA RESPONSABILIDAD DE SER ESPA\u00d1OLES Y ANDALUCES\u00bb. &nbsp; OBJETIVOS PARA EL CURSO 2020-2021 1.- Continuar desarrollando actuaciones conducentes a [&hellip;]<\/p>\n","protected":false},"author":6521,"featured_media":0,"parent":0,"menu_order":0,"comment_status":"closed","ping_status":"closed","template":"","meta":{"ngg_post_thumbnail":0,"footnotes":"","_mc_calendar":[]},"aioseo_notices":[],"_links":{"self":[{"href":"https:\/\/blogsaverroes.juntadeandalucia.es\/ceipfrayalbinocor\/wp-json\/wp\/v2\/pages\/2132"}],"collection":[{"href":"https:\/\/blogsaverroes.juntadeandalucia.es\/ceipfrayalbinocor\/wp-json\/wp\/v2\/pages"}],"about":[{"href":"https:\/\/blogsaverroes.juntadeandalucia.es\/ceipfrayalbinocor\/wp-json\/wp\/v2\/types\/page"}],"author":[{"embeddable":true,"href":"https:\/\/blogsaverroes.juntadeandalucia.es\/ceipfrayalbinocor\/wp-json\/wp\/v2\/users\/6521"}],"replies":[{"embeddable":true,"href":"https:\/\/blogsaverroes.juntadeandalucia.es\/ceipfrayalbinocor\/wp-json\/wp\/v2\/comments?post=2132"}],"version-history":[{"count":8,"href":"https:\/\/blogsaverroes.juntadeandalucia.es\/ceipfrayalbinocor\/wp-json\/wp\/v2\/pages\/2132\/revisions"}],"predecessor-version":[{"id":3095,"href":"https:\/\/blogsaverroes.juntadeandalucia.es\/ceipfrayalbinocor\/wp-json\/wp\/v2\/pages\/2132\/revisions\/3095"}],"wp:attachment":[{"href":"https:\/\/blogsaverroes.juntadeandalucia.es\/ceipfrayalbinocor\/wp-json\/wp\/v2\/media?parent=2132"}],"curies":[{"name":"wp","href":"https:\/\/api.w.org\/{rel}","templated":true}]}}