{"id":2142,"date":"2019-03-21T18:39:49","date_gmt":"2019-03-21T18:39:49","guid":{"rendered":"https:\/\/blogsaverroes.juntadeandalucia.es\/ceipfrayalbinocor\/?page_id=2142"},"modified":"2022-02-18T12:33:12","modified_gmt":"2022-02-18T12:33:12","slug":"ampa","status":"publish","type":"page","link":"https:\/\/blogsaverroes.juntadeandalucia.es\/ceipfrayalbinocor\/ampa\/","title":{"rendered":"AMPA"},"content":{"rendered":"<h4>&nbsp; &nbsp;<strong>Del 9 de marzo de 1971 data el acta fundacional de la llamada en ese momento&nbsp;<em>Asociaci\u00f3n de Padres de Alumnos y amigos del Colegio Nacional Fray Albino, Patronato de San Alberto<\/em>&nbsp;Magno\u00bb, siendo director del centro D. Francisco Gracia Trenas.<\/strong><\/h4>\n<h4><strong>&nbsp; &nbsp; Como dato curioso hay que se\u00f1alar que en ese momento la Junta directiva estaba compuesta por diez padres, el Director del centro y dos profesores \u00abcomo asesores y orientadores\u00bb. Tambi\u00e9n pod\u00edan pertenecer a ella personas que, sin tener hijos en el colegio, se inscribieran en ella \u00abpor sentir un inter\u00e9s manifiesto en los problemas de la ense\u00f1anza\u00bb.&nbsp;<\/strong><\/h4>\n<h4><strong>&nbsp; &nbsp; &nbsp;M\u00e1s tarde adopt\u00f3 el nombre de ASOCIACI\u00d3N DE PADRES DE ALUMNOS \u00abLA VERDAD\u00bb, DEL COLEGIO P\u00daBLICO FRAY ALBINO, desapareciendo de su directiva el director y profesores.<\/strong><\/h4>\n<h4><strong>&nbsp; &nbsp; &nbsp;&nbsp;&nbsp;Seg\u00fan el Art. 6 del cap\u00edtulo II de los Estatutos de la AMPA \u00abLa Verdad\u00bb:<\/strong><\/h4>\n<h4><strong>1.-&nbsp; FINES DE LA ASOCIACI\u00d3N<\/strong><\/h4>\n<h4><strong>&nbsp;&nbsp; &nbsp; &nbsp; &nbsp;Los fines de esta Asociaci\u00f3n se encaminan a apoyar, animar y orientar a los padres y madres de alumn@s del C.E.I.P. FRAY ALBINO, en aras de conseguir para sus hij@s o pupil@s una educaci\u00f3n conforme a la Constituci\u00f3n y a las normas vigentes. A estos efectos son fines primordiales los siguientes:<\/strong><\/h4>\n<ol>\n<li>\n<h4><strong>Asistir a los padres y madres o tutores en todo aquello que concierne a la educaci\u00f3n de sus hij@s o pupil@s.<\/strong><\/h4>\n<\/li>\n<li>\n<h4><strong>Promover la participaci\u00f3n de los padres y madres de alumn@s en la gesti\u00f3n del Centro.<\/strong><\/h4>\n<\/li>\n<li>\n<h4><strong>Asistir a los padres y madres de alumn@s en el ejercicio de su derecho a intervenir en el control y gesti\u00f3n de los Centros sostenidos con fondos p\u00fablicos.<\/strong><\/h4>\n<\/li>\n<li>\n<h4><strong>Facilitar la representaci\u00f3n y la participaci\u00f3n de los padres y madres de alumn@s en el Consejo Escolar del Centro, para lo cu\u00e1l podr\u00e1n presentar candidaturas en los correspondientes procesos electorales.<\/strong><\/h4>\n<\/li>\n<li>\n<h4><strong>Representar a los padres y madres asociados a la misma, ante las instancias educativas y otros organismos.<\/strong><\/h4>\n<\/li>\n<li>\n<h4><strong>Cualesquiera otros que, en el marco de la normativa vigente, le asignen sus Estatutos.<\/strong><\/h4>\n<\/li>\n<\/ol>\n<h4><strong>&nbsp; &nbsp; &nbsp; &nbsp;Concretamente, las actividades que a lo largo del curso escolar desarrolla el AMPA son:<\/strong><\/h4>\n<h4>&nbsp;&nbsp; <strong>a.- Escuela de Padres y Madres<\/strong><\/h4>\n<h4><strong>&nbsp;&nbsp;&nbsp;&nbsp;&nbsp;&nbsp;&nbsp;&nbsp;&nbsp;&nbsp; <\/strong>Se pretende ayudar a los padres y madres en su labor educadora, proporcion\u00e1ndoles los medios necesarios para mejorar su formaci\u00f3n en temas como:<\/h4>\n<ul>\n<li>\n<h4>Prevenir la violencia y favorecer la convivencia en paz.<\/h4>\n<\/li>\n<li>\n<h4>Autoestima y desarrollo personal.<\/h4>\n<\/li>\n<li>\n<h4>Educaci\u00f3n afectivo \u2013 sexual.<\/h4>\n<\/li>\n<li>\n<h4>Educaci\u00f3n en valores.<\/h4>\n<\/li>\n<\/ul>\n<h4>&nbsp; &nbsp; &nbsp; Para ello, el AMPA cuenta con el PLAN DIRECTOR.<\/h4>\n<h4>&nbsp;&nbsp;&nbsp;&nbsp; <strong>b.- Actividad social y colaboraciones<\/strong><\/h4>\n<ul>\n<li>\n<h4>Gestionar la contrataci\u00f3n del Seguro Escolar.<\/h4>\n<\/li>\n<li>\n<h4>Fiesta de Halloween<\/h4>\n<\/li>\n<li>\n<h4>Fiesta de Navidad<\/h4>\n<\/li>\n<li>\n<h4>Fiesta de Carnaval<\/h4>\n<\/li>\n<li>\n<h4>Desayuno andaluz para celebrar el D\u00eda de Andaluc\u00eda.<\/h4>\n<\/li>\n<li>\n<h4>Celebraci\u00f3n del D\u00eda del Libro.<\/h4>\n<\/li>\n<li>\n<h4>Festejos del mes de mayo.<\/h4>\n<\/li>\n<li>\n<h4>Ayudas para la financiaci\u00f3n de las actividades extraescolares que realiza el alumnado, aprobadas en el PC.<\/h4>\n<\/li>\n<li>\n<h4>Fiesta Fin de Curso.<\/h4>\n<\/li>\n<li>\n<h4>Realizaci\u00f3n de salidas para conocer nuestro entorno y potenciar la convivencia entre las familias del colegio.<\/h4>\n<\/li>\n<\/ul>\n<h4><strong>&nbsp; &nbsp; &nbsp;c.- Horario de atenci\u00f3n a padres y madres:<\/strong><\/h4>\n<h4>El horario de atenci\u00f3n a padres y madres del AMPA, este curso, ser\u00e1 <strong>los martes de 17:00 a 18:00 horas.<\/strong><\/h4>\n<h4><strong>&nbsp; &nbsp; &nbsp;2.-&nbsp;&nbsp;<u>DIRECTIVA ACTUAL DEL AMPA \u00abLA VERDAD\u00bb<\/u><\/strong>&nbsp;<\/h4>\n<p>Tras las lecciones en Noviembre 2021:<\/p>\n<h4><strong>&nbsp;<\/strong>PRESIDENTA: <strong>Mar\u00eda Auxiliadora D\u00edaz L\u00f3pez<\/strong><\/h4>\n<h4>SECRETARIA: <strong>M\u00aa<\/strong> <strong>Isabel \u00c1lvarez Hern\u00e1ndez<\/strong><\/h4>\n<h4>TESORERA: <strong>M\u00f3nica Rojas Puerto<\/strong><\/h4>\n<h4>VOCAL: <strong>Isabel L\u00f3pez Alfaro<\/strong><\/h4>\n<h4>VOCAL: <strong>Rafael P\u00e9rez Moreno<\/strong><\/h4>\n<p><strong>&nbsp; &nbsp; &nbsp;<\/strong>&nbsp;<\/p>\n<p>&nbsp;&nbsp;&nbsp;&nbsp;&nbsp;&nbsp;<\/p>\n<!--themify_builder_content-->\n<div id=\"themify_builder_content-2142\" data-postid=\"2142\" class=\"themify_builder_content themify_builder_content-2142 themify_builder tf_clear\">\n    <\/div>\n<!--\/themify_builder_content-->\n","protected":false},"excerpt":{"rendered":"<p>&nbsp; &nbsp;Del 9 de marzo de 1971 data el acta fundacional de la llamada en ese momento&nbsp;Asociaci\u00f3n de Padres de Alumnos y amigos del Colegio Nacional Fray Albino, Patronato de San Alberto&nbsp;Magno\u00bb, siendo director del centro D. Francisco Gracia Trenas. &nbsp; &nbsp; Como dato curioso hay que se\u00f1alar que en ese momento la Junta directiva [&hellip;]<\/p>\n","protected":false},"author":6521,"featured_media":0,"parent":0,"menu_order":0,"comment_status":"closed","ping_status":"closed","template":"","meta":{"ngg_post_thumbnail":0,"footnotes":"","_mc_calendar":[]},"aioseo_notices":[],"_links":{"self":[{"href":"https:\/\/blogsaverroes.juntadeandalucia.es\/ceipfrayalbinocor\/wp-json\/wp\/v2\/pages\/2142"}],"collection":[{"href":"https:\/\/blogsaverroes.juntadeandalucia.es\/ceipfrayalbinocor\/wp-json\/wp\/v2\/pages"}],"about":[{"href":"https:\/\/blogsaverroes.juntadeandalucia.es\/ceipfrayalbinocor\/wp-json\/wp\/v2\/types\/page"}],"author":[{"embeddable":true,"href":"https:\/\/blogsaverroes.juntadeandalucia.es\/ceipfrayalbinocor\/wp-json\/wp\/v2\/users\/6521"}],"replies":[{"embeddable":true,"href":"https:\/\/blogsaverroes.juntadeandalucia.es\/ceipfrayalbinocor\/wp-json\/wp\/v2\/comments?post=2142"}],"version-history":[{"count":9,"href":"https:\/\/blogsaverroes.juntadeandalucia.es\/ceipfrayalbinocor\/wp-json\/wp\/v2\/pages\/2142\/revisions"}],"predecessor-version":[{"id":3857,"href":"https:\/\/blogsaverroes.juntadeandalucia.es\/ceipfrayalbinocor\/wp-json\/wp\/v2\/pages\/2142\/revisions\/3857"}],"wp:attachment":[{"href":"https:\/\/blogsaverroes.juntadeandalucia.es\/ceipfrayalbinocor\/wp-json\/wp\/v2\/media?parent=2142"}],"curies":[{"name":"wp","href":"https:\/\/api.w.org\/{rel}","templated":true}]}}