{"id":2419,"date":"2019-04-17T12:48:10","date_gmt":"2019-04-17T12:48:10","guid":{"rendered":"https:\/\/blogsaverroes.juntadeandalucia.es\/ceipfrayalbinocor\/?page_id=2419"},"modified":"2019-05-21T19:24:56","modified_gmt":"2019-05-21T19:24:56","slug":"catalogo","status":"publish","type":"page","link":"https:\/\/blogsaverroes.juntadeandalucia.es\/ceipfrayalbinocor\/biblioteca\/catalogo\/","title":{"rendered":"CAT\u00c1LOGO"},"content":{"rendered":"<h4><strong>&nbsp;<\/strong> &nbsp;La Biblioteca&nbsp;<em>\u00abV\u00edctor Manuel Cuello Gij\u00f3n\u00bb<\/em>, del colegio, es nuestro&nbsp;Centro de&nbsp;Recursos de&nbsp;Ense\u00f1anza y&nbsp;Aprendizaje, y extiende sus brazos a todos los lugares del centro.<\/h4>\n<p>Actualmente contamos con casi 12.000 ejemplares catalogados, gestionados a trav\u00e9s de la aplicaci\u00f3n Biblioweb2.<\/p>\n<p>A trav\u00e9s del enlace podemos acceder al cat\u00e1logo y ejemplares prestados, por ejemplo.<\/p>\n<p>Puedes pasear por nuestro cat\u00e1logo a trav\u00e9s de la imagen:<\/p>\n<figure id=\"attachment_2625\" aria-describedby=\"caption-attachment-2625\" style=\"width: 269px\" class=\"wp-caption aligncenter\"><a href=\"http:\/\/www.juntadeandalucia.es\/averroes\/centros-tic\/14002248\/biblioweb2\/14002248\/inicio\"><img loading=\"lazy\" decoding=\"async\" class=\"size-medium wp-image-2625\" src=\"https:\/\/blogsaverroes.juntadeandalucia.es\/ceipfrayalbinocor\/files\/2019\/05\/talentin-269x300.png\" alt=\"\" width=\"269\" height=\"300\" srcset=\"https:\/\/blogsaverroes.juntadeandalucia.es\/ceipfrayalbinocor\/files\/2019\/05\/talentin-269x300.png 269w, https:\/\/blogsaverroes.juntadeandalucia.es\/ceipfrayalbinocor\/files\/2019\/05\/talentin-768x857.png 768w, https:\/\/blogsaverroes.juntadeandalucia.es\/ceipfrayalbinocor\/files\/2019\/05\/talentin-917x1024.png 917w, https:\/\/blogsaverroes.juntadeandalucia.es\/ceipfrayalbinocor\/files\/2019\/05\/talentin-21x24.png 21w, https:\/\/blogsaverroes.juntadeandalucia.es\/ceipfrayalbinocor\/files\/2019\/05\/talentin-32x36.png 32w, https:\/\/blogsaverroes.juntadeandalucia.es\/ceipfrayalbinocor\/files\/2019\/05\/talentin-43x48.png 43w, https:\/\/blogsaverroes.juntadeandalucia.es\/ceipfrayalbinocor\/files\/2019\/05\/talentin.png 1433w\" sizes=\"(max-width: 269px) 100vw, 269px\" \/><\/a><figcaption id=\"caption-attachment-2625\" class=\"wp-caption-text\">Talent\u00edn. Nuestra mascota.<\/figcaption><\/figure>\n<p>&nbsp;<\/p>\n<p>&nbsp; &nbsp;<\/p>\n","protected":false},"excerpt":{"rendered":"<p>&nbsp; &nbsp;La Biblioteca&nbsp;\u00abV\u00edctor Manuel Cuello Gij\u00f3n\u00bb, del colegio, es nuestro&nbsp;Centro de&nbsp;Recursos de&nbsp;Ense\u00f1anza y&nbsp;Aprendizaje, y extiende sus brazos a todos los lugares del centro. Actualmente contamos con casi 12.000 ejemplares catalogados, gestionados a trav\u00e9s de la aplicaci\u00f3n Biblioweb2. A trav\u00e9s del enlace podemos acceder al cat\u00e1logo y ejemplares prestados, por ejemplo. Puedes pasear por nuestro cat\u00e1logo [&hellip;]<\/p>\n","protected":false},"author":6521,"featured_media":0,"parent":2140,"menu_order":0,"comment_status":"closed","ping_status":"closed","template":"","meta":{"ngg_post_thumbnail":0,"footnotes":"","_mc_calendar":[]},"aioseo_notices":[],"_links":{"self":[{"href":"https:\/\/blogsaverroes.juntadeandalucia.es\/ceipfrayalbinocor\/wp-json\/wp\/v2\/pages\/2419"}],"collection":[{"href":"https:\/\/blogsaverroes.juntadeandalucia.es\/ceipfrayalbinocor\/wp-json\/wp\/v2\/pages"}],"about":[{"href":"https:\/\/blogsaverroes.juntadeandalucia.es\/ceipfrayalbinocor\/wp-json\/wp\/v2\/types\/page"}],"author":[{"embeddable":true,"href":"https:\/\/blogsaverroes.juntadeandalucia.es\/ceipfrayalbinocor\/wp-json\/wp\/v2\/users\/6521"}],"replies":[{"embeddable":true,"href":"https:\/\/blogsaverroes.juntadeandalucia.es\/ceipfrayalbinocor\/wp-json\/wp\/v2\/comments?post=2419"}],"version-history":[{"count":5,"href":"https:\/\/blogsaverroes.juntadeandalucia.es\/ceipfrayalbinocor\/wp-json\/wp\/v2\/pages\/2419\/revisions"}],"predecessor-version":[{"id":2627,"href":"https:\/\/blogsaverroes.juntadeandalucia.es\/ceipfrayalbinocor\/wp-json\/wp\/v2\/pages\/2419\/revisions\/2627"}],"up":[{"embeddable":true,"href":"https:\/\/blogsaverroes.juntadeandalucia.es\/ceipfrayalbinocor\/wp-json\/wp\/v2\/pages\/2140"}],"wp:attachment":[{"href":"https:\/\/blogsaverroes.juntadeandalucia.es\/ceipfrayalbinocor\/wp-json\/wp\/v2\/media?parent=2419"}],"curies":[{"name":"wp","href":"https:\/\/api.w.org\/{rel}","templated":true}]}}