{"id":2432,"date":"2019-04-17T12:52:56","date_gmt":"2019-04-17T12:52:56","guid":{"rendered":"https:\/\/blogsaverroes.juntadeandalucia.es\/ceipfrayalbinocor\/?page_id=2432"},"modified":"2026-03-14T09:47:17","modified_gmt":"2026-03-14T09:47:17","slug":"orientacion","status":"publish","type":"page","link":"https:\/\/blogsaverroes.juntadeandalucia.es\/ceipfrayalbinocor\/orientacion\/","title":{"rendered":"ORIENTACI\u00d3N"},"content":{"rendered":"<p>&nbsp;&nbsp;El Equipo de Orientaci\u00f3n del centro est\u00e1 compuesto por las unidades y personal que atiende al alumnado con necesidades espec\u00edficas de apoyo educativo.<\/p>\n<p>&nbsp; Est\u00e1 integrado por:<\/p>\n<ul>\n<li>AULA DE PEDAGOG\u00cdA TERAP\u00c9UTICA (APOYO A LA INTEGRACI\u00d3N). Titular: D\u00f1a.&nbsp;<strong>M\u00aa Sierra Rold\u00e1n Ruiz y Luc\u00eda Tapiador Vacas<\/strong><\/li>\n<li>AULA DE AUDICI\u00d3N Y LENGUAJE (APOYO A LA INTEGRACI\u00d3N). Titular: D\u00f1a.&nbsp;<strong>Elena S\u00e1nchez \u00c1lvarez.<\/strong><\/li>\n<li>AULA ESPEC\u00cdFICA DE EDUCACI\u00d3N ESPECIAL. Tutor: D\u00f1a.&nbsp; <b>Roc\u00edo L\u00f3pez Carreras <strong>(Coordinadora).<\/strong><\/b><\/li>\n<\/ul>\n<p><strong>&nbsp; &nbsp;<\/strong>Tanto la aulas de Apoyo a la Integraci\u00f3n como el Aula Espec\u00edfica son abiertas, las primeras por su naturaleza y la \u00faltima porque en nuestro centro, como en la mayor\u00eda, consideramos que el alumnado debe permanecer integrado en grupos ordinarios para todas aquellas actividades en las que pueda desarrollar sus capacidades y socializarse.<\/p>\n<p>&nbsp; &nbsp;El alumnado atendido en estas aulas tiene, si as\u00ed lo especifica su dictamen de escolarizaci\u00f3n, la asistencia de Personal T\u00e9cnico de Integraci\u00f3n Social (PTIS), que les ayudan en su integraci\u00f3n, h\u00e1bitos, desplazamientos, control de conductas y acceso a recursos educativos.<\/p>\n<p>&nbsp; &nbsp; &nbsp; &nbsp;&nbsp;Nuestras PTIS son:<\/p>\n<ul>\n<li>D\u00f1a<strong>.&nbsp;Paqui Polaina Lillo<\/strong><\/li>\n<li>D\u00f1a<strong>.&nbsp; Loli G\u00f3mez S\u00e1nchez<\/strong><\/li>\n<\/ul>\n<p><strong>&nbsp; &nbsp; &nbsp; &nbsp;<\/strong><\/p>\n<p>&nbsp;<\/p>\n<p>&nbsp;<\/p>\n<p>&nbsp;<\/p>\n<p>&nbsp;<\/p>\n","protected":false},"excerpt":{"rendered":"<p>&nbsp;&nbsp;El Equipo de Orientaci\u00f3n del centro est\u00e1 compuesto por las unidades y personal que atiende al alumnado con necesidades espec\u00edficas de apoyo educativo. &nbsp; Est\u00e1 integrado por: AULA DE PEDAGOG\u00cdA TERAP\u00c9UTICA (APOYO A LA INTEGRACI\u00d3N). Titular: D\u00f1a.&nbsp;M\u00aa Sierra Rold\u00e1n Ruiz y Luc\u00eda Tapiador Vacas AULA DE AUDICI\u00d3N Y LENGUAJE (APOYO A LA INTEGRACI\u00d3N). Titular: D\u00f1a.&nbsp;Elena [&hellip;]<\/p>\n","protected":false},"author":6521,"featured_media":0,"parent":0,"menu_order":0,"comment_status":"closed","ping_status":"closed","template":"","meta":{"ngg_post_thumbnail":0,"footnotes":"","_mc_calendar":[]},"aioseo_notices":[],"_links":{"self":[{"href":"https:\/\/blogsaverroes.juntadeandalucia.es\/ceipfrayalbinocor\/wp-json\/wp\/v2\/pages\/2432"}],"collection":[{"href":"https:\/\/blogsaverroes.juntadeandalucia.es\/ceipfrayalbinocor\/wp-json\/wp\/v2\/pages"}],"about":[{"href":"https:\/\/blogsaverroes.juntadeandalucia.es\/ceipfrayalbinocor\/wp-json\/wp\/v2\/types\/page"}],"author":[{"embeddable":true,"href":"https:\/\/blogsaverroes.juntadeandalucia.es\/ceipfrayalbinocor\/wp-json\/wp\/v2\/users\/6521"}],"replies":[{"embeddable":true,"href":"https:\/\/blogsaverroes.juntadeandalucia.es\/ceipfrayalbinocor\/wp-json\/wp\/v2\/comments?post=2432"}],"version-history":[{"count":19,"href":"https:\/\/blogsaverroes.juntadeandalucia.es\/ceipfrayalbinocor\/wp-json\/wp\/v2\/pages\/2432\/revisions"}],"predecessor-version":[{"id":6557,"href":"https:\/\/blogsaverroes.juntadeandalucia.es\/ceipfrayalbinocor\/wp-json\/wp\/v2\/pages\/2432\/revisions\/6557"}],"wp:attachment":[{"href":"https:\/\/blogsaverroes.juntadeandalucia.es\/ceipfrayalbinocor\/wp-json\/wp\/v2\/media?parent=2432"}],"curies":[{"name":"wp","href":"https:\/\/api.w.org\/{rel}","templated":true}]}}