{"id":2438,"date":"2019-04-17T12:55:56","date_gmt":"2019-04-17T12:55:56","guid":{"rendered":"https:\/\/blogsaverroes.juntadeandalucia.es\/ceipfrayalbinocor\/?page_id=2438"},"modified":"2022-06-17T17:46:47","modified_gmt":"2022-06-17T17:46:47","slug":"bilinguismo","status":"publish","type":"page","link":"https:\/\/blogsaverroes.juntadeandalucia.es\/ceipfrayalbinocor\/bilinguismo\/","title":{"rendered":"BILING\u00dcISMO"},"content":{"rendered":"<div style=\"width: 100%\">\n<div><strong>Informaci\u00f3n para el auxiliar de conversaci\u00f3n\/language assistant:&nbsp;<\/strong><\/div>\n<div><a href=\"https:\/\/blogsaverroes.juntadeandalucia.es\/ceipfrayalbinocor\/files\/2022\/04\/WhatsApp-Image-2022-04-18-at-9.23.06-AM.jpeg\"><img loading=\"lazy\" decoding=\"async\" class=\"aligncenter size-medium wp-image-3981\" src=\"https:\/\/blogsaverroes.juntadeandalucia.es\/ceipfrayalbinocor\/files\/2022\/04\/WhatsApp-Image-2022-04-18-at-9.23.06-AM-207x300.jpeg\" alt=\"\" width=\"207\" height=\"300\" srcset=\"https:\/\/blogsaverroes.juntadeandalucia.es\/ceipfrayalbinocor\/files\/2022\/04\/WhatsApp-Image-2022-04-18-at-9.23.06-AM-207x300.jpeg 207w, https:\/\/blogsaverroes.juntadeandalucia.es\/ceipfrayalbinocor\/files\/2022\/04\/WhatsApp-Image-2022-04-18-at-9.23.06-AM-708x1024.jpeg 708w, https:\/\/blogsaverroes.juntadeandalucia.es\/ceipfrayalbinocor\/files\/2022\/04\/WhatsApp-Image-2022-04-18-at-9.23.06-AM-768x1110.jpeg 768w, https:\/\/blogsaverroes.juntadeandalucia.es\/ceipfrayalbinocor\/files\/2022\/04\/WhatsApp-Image-2022-04-18-at-9.23.06-AM.jpeg 971w\" sizes=\"(max-width: 207px) 100vw, 207px\" \/><\/a><\/div>\n<div><a href=\"https:\/\/blogsaverroes.juntadeandalucia.es\/ceipfrayalbinocor\/files\/2022\/04\/Information-Sheet-for-LANGUAGE-Assistants-1.pdf\">Information Sheet for LANGUAGE Assistants (1)<\/a> <a href=\"https:\/\/blogsaverroes.juntadeandalucia.es\/ceipfrayalbinocor\/files\/2022\/04\/3.-FICHA-AUXILIAR-CONVERSACI\u00d3N-1.pdf\">3. FICHA AUXILIAR CONVERSACI\u00d3N (1)<\/a><\/div>\n<\/div>\n<div>&nbsp;<\/div>\n<div>Os dejamos a continuaci\u00f3n alguno de los resultados del proyecto biling\u00fce 21\/22<\/div>\n<div>\n<p><iframe class=\"wp-embedded-content\" sandbox=\"allow-scripts\" security=\"restricted\" title=\"BILING\u00dcE 2\u00ba\" frameborder='0' width='1200' height='675' src='https:\/\/view.genial.ly\/629c80d9e733fb0010d73e3a#?secret=gjm0GdNGcI' data-secret='gjm0GdNGcI' scrolling='yes'><\/iframe><\/p>\n<\/div>\n<div>\n<p><iframe class=\"wp-embedded-content\" sandbox=\"allow-scripts\" security=\"restricted\" title=\"Di\u00e1logo, narraci\u00f3n y debate 3\u00baA\" frameborder='0' width='1200' height='675' src='https:\/\/view.genial.ly\/62992e3e4271640018d649c3#?secret=JfJegFtzfy' data-secret='JfJegFtzfy' scrolling='yes'><\/iframe><\/p>\n<\/div>\n<div style=\"width: 100%\">\n<div>&nbsp;<\/div>\n<div><strong>Os dejamos el proyecto biling\u00fce del curso 20-21, disfrutad:<\/strong><\/div>\n<\/div>\n<!--themify_builder_content-->\n<div id=\"themify_builder_content-2438\" data-postid=\"2438\" class=\"themify_builder_content themify_builder_content-2438 themify_builder tf_clear\">\n    <\/div>\n<!--\/themify_builder_content-->\n","protected":false},"excerpt":{"rendered":"<p>Informaci\u00f3n para el auxiliar de conversaci\u00f3n\/language assistant:&nbsp; Information Sheet for LANGUAGE Assistants (1) 3. FICHA AUXILIAR CONVERSACI\u00d3N (1) &nbsp; Os dejamos a continuaci\u00f3n alguno de los resultados del proyecto biling\u00fce 21\/22 &nbsp; Os dejamos el proyecto biling\u00fce del curso 20-21, disfrutad:<\/p>\n","protected":false},"author":6521,"featured_media":0,"parent":0,"menu_order":0,"comment_status":"closed","ping_status":"closed","template":"","meta":{"ngg_post_thumbnail":0,"footnotes":"","_mc_calendar":[]},"aioseo_notices":[],"_links":{"self":[{"href":"https:\/\/blogsaverroes.juntadeandalucia.es\/ceipfrayalbinocor\/wp-json\/wp\/v2\/pages\/2438"}],"collection":[{"href":"https:\/\/blogsaverroes.juntadeandalucia.es\/ceipfrayalbinocor\/wp-json\/wp\/v2\/pages"}],"about":[{"href":"https:\/\/blogsaverroes.juntadeandalucia.es\/ceipfrayalbinocor\/wp-json\/wp\/v2\/types\/page"}],"author":[{"embeddable":true,"href":"https:\/\/blogsaverroes.juntadeandalucia.es\/ceipfrayalbinocor\/wp-json\/wp\/v2\/users\/6521"}],"replies":[{"embeddable":true,"href":"https:\/\/blogsaverroes.juntadeandalucia.es\/ceipfrayalbinocor\/wp-json\/wp\/v2\/comments?post=2438"}],"version-history":[{"count":21,"href":"https:\/\/blogsaverroes.juntadeandalucia.es\/ceipfrayalbinocor\/wp-json\/wp\/v2\/pages\/2438\/revisions"}],"predecessor-version":[{"id":4179,"href":"https:\/\/blogsaverroes.juntadeandalucia.es\/ceipfrayalbinocor\/wp-json\/wp\/v2\/pages\/2438\/revisions\/4179"}],"wp:attachment":[{"href":"https:\/\/blogsaverroes.juntadeandalucia.es\/ceipfrayalbinocor\/wp-json\/wp\/v2\/media?parent=2438"}],"curies":[{"name":"wp","href":"https:\/\/api.w.org\/{rel}","templated":true}]}}