{"id":2450,"date":"2019-04-17T13:06:27","date_gmt":"2019-04-17T13:06:27","guid":{"rendered":"https:\/\/blogsaverroes.juntadeandalucia.es\/ceipfrayalbinocor\/?page_id=2450"},"modified":"2019-04-18T12:34:19","modified_gmt":"2019-04-18T12:34:19","slug":"historia","status":"publish","type":"page","link":"https:\/\/blogsaverroes.juntadeandalucia.es\/ceipfrayalbinocor\/el-centro\/historia\/","title":{"rendered":"HISTORIA"},"content":{"rendered":"<p style=\"text-align: justify\">El actual CEIP Fray Albino, de C\u00f3rdoba -\u201cGrupo Escolar de ni\u00f1os Fray Albino\u201d en su inicio-, fue creado por Orden Ministerial de 31 de octubre de 1949 (BOE 21\/11\/49) junto con el \u201cGrupo Escolar de ni\u00f1as La Sagrada Familia\u201d -hoy \u201cNuestra Se\u00f1ora de las Mercedes\u201d-, situado en el n\u00ba 4 de la misma calle. Ambos edificios eran id\u00e9nticos, y se comunicaban con la tribuna del colindante estadio \u201cSan Eulogio\u201d por respectivas escaleras.<br \/>\nAmbos centros se inauguraron en el curso 1950\/51. El de ni\u00f1as, regido por la Orden de las Mercedarias. El de ni\u00f1os, por los Hermanos de las Escuelas Cristianas, asistidos por cuatro maestros seglares.<br \/>\nHay que destacar que estos dos centros de ense\u00f1anza se crearon cuatro a\u00f1os despu\u00e9s de llegar a C\u00f3rdoba el obispo Fray Albino, con 65 a\u00f1os, procedente de Tenerife, y responden a su prop\u00f3sito:<br \/>\n\u201cHay que hacer viviendas dignas para los cuerpos, templos para las almas y escuelas para educar a la infancia\u201d.&nbsp;<!--more--><br \/>\nEl colegio, que acogi\u00f3 en su inicio a 500 alumnos, repartidos en diez clases, una de ellas de iniciaci\u00f3n profesional, en la que las sesiones te\u00f3ricas se alternaban con talleres de carpinter\u00eda, herrer\u00eda, mec\u00e1nica, alba\u00f1iler\u00eda, etc, durante dos horas tras las clases de las tardes.<\/p>\n<p>&nbsp;<\/p>\n<p style=\"text-align: justify\">Asimismo, el alumnado de 2\u00ba a 4\u00ba recib\u00eda clase de M\u00fasica por las tardes, de 5 a 6. A partir de dichas clase se organiz\u00f3 la llamada \u201cestudiantina infantil Fray Albino\u201d, con instrumentistas de bandurria, la\u00fad, guitarra y percusi\u00f3n (panderetas), as\u00ed como cantores. Se impart\u00edan, adem\u00e1s, clases nocturnas a 160 j\u00f3venes obreros, para completar su formaci\u00f3n.<br \/>\nEl Patronato de Obras Sociales San Eulogio hab\u00eda organizado diversos talleres de aprendices de madera, electricidad, alba\u00f1iler\u00eda y herrer\u00eda en locales de la calle Adalid, a los que iba el alumnado de m\u00e1s edad al finalizar la jornada y el que acababa los esrudios primarios (catorce a\u00f1os).<br \/>\nHay que destacar que tambi\u00e9n el equipo de f\u00fatbol filial de la barriada -San \u00c1lvaro juvenil- se nutri\u00f3 en gran parte por alumnos de este colegio.<br \/>\nA finales del curso 1959\/60 salen del colegio los Hermanos de las Escuelas Cristianas, y vienen a ocupar su lugar maestros del Grupo Escolar \u201c\u00c1ngel de la Guarda\u201d, tambi\u00e9n dependiente del Consejo Escolar Primario \u201cSan Alberto Magno\u201d, que ocupaban instalaciones de las antiguas \u201cEscuelas del Ave Mar\u00eda\u201d, pertenecientes en su origen al convento de San Francisco y ubicadas en el ruinoso edificio de la calle Armas n\u00ba 12. Son doce maestros cuyas plazas, ganadas por oposici\u00f3n, estaban en distintos pueblos de la provincia, siendo su director <strong>D. Francisco Gracia Trenas<\/strong>, que hab\u00eda conseguido el cargo por oposici\u00f3n al Cuerpo Nacional de directores Escolares en 1952.<br \/>\nAnte el \u00e9xito del colegio, cuyo cambio de personal no gust\u00f3 en principio a la barriada, la demanda de plazas fue aumentando de manera que tambi\u00e9n lo tuvo que ser la de unidades, que se fueron creando en 1961, 1962, 1968, y 1969, llegando a tener el centro 819 plazas escolares.<br \/>\nDesde el curso 1973\/74 al 1976\/77, el colegio recibe las subvenciones que el MEC destinaba a las escuelas de Patronato, constituy\u00e9ndose en \u201cColegio Nacional de r\u00e9gimen ordinario\u201d a partir de 1978 (O.M. de 19\/10\/1978. BOE 21\/12\/78), tras la cesi\u00f3n del uso del edificio al MEC por la Asociaci\u00f3n \u201cLa Sagrada Familia\u201d, propietaria del mismo. A partir de este momento el colegio pasa a ser mixto, contando con 16 unidades de EGB, 1 plaza de E. F\u00edsica y una plaza de direcci\u00f3n, sin tutor\u00eda.<br \/>\nHasta este momento, el colegio hab\u00eda contado con dos unidades de p\u00e1rvulos, que pasaron a anexionarse al colegio Trinidad, ubic\u00e1ndose en locales de la calle Colina y Bur\u00f3n (Ciudad Jard\u00edn).<br \/>\nEn enero de 1983 se produce el traspaso de competencias educativas a la Junta de Andaluc\u00eda, pasando el colegio a depender de la Consejer\u00eda de Educaci\u00f3n y Ciencia.<br \/>\nEn agosto de 1984 se produce una remodelaci\u00f3n de unidades que suprime la especialidad de E. F\u00edsica y crea una de E. Especial, quedando el centro con 16 unidades mixtas de EGB, una de E. Especial una Direcci\u00f3n sin curso.<br \/>\nAl jubilarse D. Francisco Gracia en noviembre de 1984, la Delegaci\u00f3n Provincial de E. y Ciencia, a propuesta del Consejo Escolar del centro, nombra a <strong>D. Juan Antonio Polo Molina<\/strong> para el cargo de Director del mismo.<br \/>\nPor Orden de 13 de octubre de 1989 se produce la integraci\u00f3n en el Colegio Fray Albino de las unidades que pertenec\u00edan al Colegio P\u00fablio \u201cRey Heredia\u201d, quedando la composici\u00f3n del centro con 20 unidades de EGB, 2 de Preescolar, una de Pedagog\u00eda Terap\u00e9utica y una Direcci\u00f3n con funci\u00f3n docente.<br \/>\nEn sucesivos a\u00f1os se han producido distintas remodelaciones, para ajustarse a las novedades en el sistema educativo correspondientes, hasta llegar a la composici\u00f3n actual, descrita en esta misma secci\u00f3n Nuestro Centro.<br \/>\nTras la jubilaci\u00f3n de D. Juan Antonio Polo Molina en junio de 2000, fue nombrado director <strong>D. Jos\u00e9 Luis Mart\u00ednez Villoslada<\/strong>, que ocup\u00f3 dicho cargo hasta su jubilaci\u00f3n en 2004, sucedi\u00e9ndole <strong>D. V\u00edctor Manuel Cuello Gij\u00f3n<\/strong>, director desde el curso 2004\/05 hasta 2008\/09. Desde el curso 2009\/10 ha dirigido el centro <strong>D. Antonio Rojas Mu\u00f1oz,<\/strong> hasta la fecha de su jubilaci\u00f3n, el 30 de noviembre de 2013. Desde el 1 de diciembre de 2013 ocupa la direcci\u00f3n del colegio <strong>D\u00f1a. M\u00aa Jos\u00e9 Bastante Jim\u00e9nez.<\/strong><br \/>\nEs muy importante destacar, aunque se menciona en otros apartados de este sitio, la reedificaci\u00f3n del colegio, sobre su mismo solar, que nos lleva a la inauguraci\u00f3n del nuevo edificio en enero del 2012, habiendo sido trasladado su alumnado y personal, desde junio de 2010, a dependencias del antiguo colegio \u201cCalifato\u201d en el Parque Figueroa de nuestra ciudad.<br \/>\nNOTA: En la elaboraci\u00f3n de este art\u00edculo se ha tomado como referencia el libro El Colegio P\u00fablico Fray Albino, de POLO MOLINA, J.A. C\u00f3rdoba, 2001<\/p>\n","protected":false},"excerpt":{"rendered":"<p>El actual CEIP Fray Albino, de C\u00f3rdoba -\u201cGrupo Escolar de ni\u00f1os Fray Albino\u201d en su inicio-, fue creado por Orden Ministerial de 31 de octubre de 1949 (BOE 21\/11\/49) junto con el \u201cGrupo Escolar de ni\u00f1as La Sagrada Familia\u201d -hoy \u201cNuestra Se\u00f1ora de las Mercedes\u201d-, situado en el n\u00ba 4 de la misma calle. Ambos [&hellip;]<\/p>\n","protected":false},"author":6521,"featured_media":0,"parent":2132,"menu_order":0,"comment_status":"closed","ping_status":"closed","template":"","meta":{"ngg_post_thumbnail":0,"footnotes":"","_mc_calendar":[]},"aioseo_notices":[],"_links":{"self":[{"href":"https:\/\/blogsaverroes.juntadeandalucia.es\/ceipfrayalbinocor\/wp-json\/wp\/v2\/pages\/2450"}],"collection":[{"href":"https:\/\/blogsaverroes.juntadeandalucia.es\/ceipfrayalbinocor\/wp-json\/wp\/v2\/pages"}],"about":[{"href":"https:\/\/blogsaverroes.juntadeandalucia.es\/ceipfrayalbinocor\/wp-json\/wp\/v2\/types\/page"}],"author":[{"embeddable":true,"href":"https:\/\/blogsaverroes.juntadeandalucia.es\/ceipfrayalbinocor\/wp-json\/wp\/v2\/users\/6521"}],"replies":[{"embeddable":true,"href":"https:\/\/blogsaverroes.juntadeandalucia.es\/ceipfrayalbinocor\/wp-json\/wp\/v2\/comments?post=2450"}],"version-history":[{"count":22,"href":"https:\/\/blogsaverroes.juntadeandalucia.es\/ceipfrayalbinocor\/wp-json\/wp\/v2\/pages\/2450\/revisions"}],"predecessor-version":[{"id":2574,"href":"https:\/\/blogsaverroes.juntadeandalucia.es\/ceipfrayalbinocor\/wp-json\/wp\/v2\/pages\/2450\/revisions\/2574"}],"up":[{"embeddable":true,"href":"https:\/\/blogsaverroes.juntadeandalucia.es\/ceipfrayalbinocor\/wp-json\/wp\/v2\/pages\/2132"}],"wp:attachment":[{"href":"https:\/\/blogsaverroes.juntadeandalucia.es\/ceipfrayalbinocor\/wp-json\/wp\/v2\/media?parent=2450"}],"curies":[{"name":"wp","href":"https:\/\/api.w.org\/{rel}","templated":true}]}}