{"id":2452,"date":"2019-04-17T13:07:42","date_gmt":"2019-04-17T13:07:42","guid":{"rendered":"https:\/\/blogsaverroes.juntadeandalucia.es\/ceipfrayalbinocor\/?page_id=2452"},"modified":"2026-03-14T09:50:02","modified_gmt":"2026-03-14T09:50:02","slug":"organigrama","status":"publish","type":"page","link":"https:\/\/blogsaverroes.juntadeandalucia.es\/ceipfrayalbinocor\/el-centro\/organigrama\/","title":{"rendered":"ORGANIGRAMA"},"content":{"rendered":"<blockquote><p>EQUIPO DIRECTIVO<\/p><\/blockquote>\n<p>DIRECCI\u00d3N: M\u00aa Jos\u00e9 Bastante Jim\u00e9nez&nbsp;<br \/>\nJEFATURA DE ESTUDIOS: Ana Merino Escribano&nbsp;<br \/>\nSECRETAR\u00cdA: Lourdes Bueno Serrano&nbsp;<\/p>\n<blockquote><p>TUTOR\u00edAS<\/p><\/blockquote>\n<p>3 A\u00d1OS A : Eva M\u00aa Ramos Su\u00e1rez<br \/>\n3 A\u00d1OS B: Lourdes Bueno Serrano<\/p>\n<p>4 A\u00d1OS A: M\u00aa Carmen Aguilera Casta\u00f1o<br \/>\n4 A\u00d1OS B: Lola S\u00e1nchez Morillo&nbsp;<\/p>\n<p>5 A\u00d1OS A: M\u00aa del Mar Luque Rodr\u00edguez<br \/>\n5 A\u00d1OS B: \u00c1ngela L\u00f3pez Obrero-Cabello<\/p>\n<p>1\u00ba EPO A: Carolina Aguayo Jim\u00e9nez&nbsp; (Coord. Biling\u00fce)<br \/>\n1\u00ba EPO B: M\u00aa \u00c1ngeles Anguita Cabrera<\/p>\n<p>2\u00ba EPO A: Inma Barberena M\u00e9ndez<br \/>\n2\u00ba EPO B: Marisa Bruna Rodr\u00edguez (Coord. 1\u00ba ciclo)<\/p>\n<p>3\u00ba EPO A: Inmaculada Jim\u00e9nez Zafra<br \/>\n3\u00ba EPO B: Deli Rubio Jim\u00e9nez (Franc\u00e9s)<\/p>\n<p>4\u00ba EPO A: M\u00f3nica Gordo Malag\u00f3n&nbsp;<br \/>\n4\u00ba EPO B: M\u00f3nica Ruiz Escobar (Coord. 2\u00ba ciclo)<\/p>\n<p>5\u00ba EPO A: Arantxa Valero Romero<br \/>\n5\u00ba EPO B: Rosa Escribano L\u00f3pez<\/p>\n<p>6\u00ba EPO A: Ana Merino Escribano<br \/>\n6\u00ba EPO B: Lola Raya Luna (Coord. 3\u00ba ciclo)<br \/>\nAEE: Roc\u00edo L\u00f3pez Carreras (Coord. Orientaci\u00f3n)<\/p>\n<blockquote><p>ESPECIALIDADES<\/p><\/blockquote>\n<p>Pedagog\u00eda Terap\u00e9utica: Mar\u00eda de la Sierra Rold\u00e1n Ruiz (Coord. STEAM)<\/p>\n<p>Pedagog\u00eda Terap\u00e9utica: Luc\u00eda Tapiador Vacas<br \/>\nAudici\u00f3n y Lenguaje: Elena S\u00e1nchez \u00c1lvarez<br \/>\nEducaci\u00f3n F\u00edsica: Jos\u00e9 A. Cobos Pino<\/p>\n<p>M\u00fasica: Luis Santiago L\u00f3pez Rodr\u00edguez ( Coord. TDE)<br \/>\nIngl\u00e9s: Araceli Almagro Cabeza<br \/>\nReligi\u00f3n infantil: Esperanza Salinas Pleguezuelo<br \/>\nReligi\u00f3n Infantil y Primaria: Carmen Castro Gavil\u00e1n<br \/>\nRefuerzo Infantil: Cristoba Serrano L\u00f3pez (Coord. Infantil)<\/p>\n<p>Refuerzo Primaria: Pepi del Rey Escobar<\/p>\n<p>&nbsp;<\/p>\n<blockquote><p>PERSONAL NO DOCENTE:<\/p><\/blockquote>\n<p>MONITORA ESCOLAR (ADMINISTRATIVA): Rosal\u00eda Cuenca Cazalilla\/Eva Ridruejo Jim\u00e9nez<br \/>\nPTIS: Paqui Polaina Lillo y Loli G\u00f3mez S\u00e1nchez<\/p>\n","protected":false},"excerpt":{"rendered":"<p>EQUIPO DIRECTIVO DIRECCI\u00d3N: M\u00aa Jos\u00e9 Bastante Jim\u00e9nez&nbsp; JEFATURA DE ESTUDIOS: Ana Merino Escribano&nbsp; SECRETAR\u00cdA: Lourdes Bueno Serrano&nbsp; TUTOR\u00edAS 3 A\u00d1OS A : Eva M\u00aa Ramos Su\u00e1rez 3 A\u00d1OS B: Lourdes Bueno Serrano 4 A\u00d1OS A: M\u00aa Carmen Aguilera Casta\u00f1o 4 A\u00d1OS B: Lola S\u00e1nchez Morillo&nbsp; 5 A\u00d1OS A: M\u00aa del Mar Luque Rodr\u00edguez 5 A\u00d1OS [&hellip;]<\/p>\n","protected":false},"author":6521,"featured_media":0,"parent":2132,"menu_order":0,"comment_status":"closed","ping_status":"closed","template":"","meta":{"ngg_post_thumbnail":0,"footnotes":"","_mc_calendar":[]},"aioseo_notices":[],"_links":{"self":[{"href":"https:\/\/blogsaverroes.juntadeandalucia.es\/ceipfrayalbinocor\/wp-json\/wp\/v2\/pages\/2452"}],"collection":[{"href":"https:\/\/blogsaverroes.juntadeandalucia.es\/ceipfrayalbinocor\/wp-json\/wp\/v2\/pages"}],"about":[{"href":"https:\/\/blogsaverroes.juntadeandalucia.es\/ceipfrayalbinocor\/wp-json\/wp\/v2\/types\/page"}],"author":[{"embeddable":true,"href":"https:\/\/blogsaverroes.juntadeandalucia.es\/ceipfrayalbinocor\/wp-json\/wp\/v2\/users\/6521"}],"replies":[{"embeddable":true,"href":"https:\/\/blogsaverroes.juntadeandalucia.es\/ceipfrayalbinocor\/wp-json\/wp\/v2\/comments?post=2452"}],"version-history":[{"count":30,"href":"https:\/\/blogsaverroes.juntadeandalucia.es\/ceipfrayalbinocor\/wp-json\/wp\/v2\/pages\/2452\/revisions"}],"predecessor-version":[{"id":6560,"href":"https:\/\/blogsaverroes.juntadeandalucia.es\/ceipfrayalbinocor\/wp-json\/wp\/v2\/pages\/2452\/revisions\/6560"}],"up":[{"embeddable":true,"href":"https:\/\/blogsaverroes.juntadeandalucia.es\/ceipfrayalbinocor\/wp-json\/wp\/v2\/pages\/2132"}],"wp:attachment":[{"href":"https:\/\/blogsaverroes.juntadeandalucia.es\/ceipfrayalbinocor\/wp-json\/wp\/v2\/media?parent=2452"}],"curies":[{"name":"wp","href":"https:\/\/api.w.org\/{rel}","templated":true}]}}