{"id":2456,"date":"2019-04-17T13:09:46","date_gmt":"2019-04-17T13:09:46","guid":{"rendered":"https:\/\/blogsaverroes.juntadeandalucia.es\/ceipfrayalbinocor\/?page_id=2456"},"modified":"2025-11-20T18:47:33","modified_gmt":"2025-11-20T18:47:33","slug":"proyecto-educativo","status":"publish","type":"page","link":"https:\/\/blogsaverroes.juntadeandalucia.es\/ceipfrayalbinocor\/el-centro\/proyecto-educativo\/","title":{"rendered":"PLAN DE CENTRO"},"content":{"rendered":"<h3>El Plan de Centro es el conjunto de documentos donde se expresan nuestras se\u00f1as de identidad.<\/h3>\n<h3>Aunque fundament\u00e1ndose en la legislaci\u00f3n vigente, en \u00e9l se pone de manifiesto nuestra l\u00ednea pedag\u00f3gica y organizativa.<\/h3>\n<h3>Se enlazan a continuaci\u00f3n los documentos que lo integran:<\/h3>\n<p><a href=\"https:\/\/blogsaverroes.juntadeandalucia.es\/ceipfrayalbinocor\/files\/2025\/11\/NUEVO-PLAN-DE-CENTRO-FRAY-ALBINO-24-25-1.pdf\">NUEVO PLAN DE CENTRO FRAY ALBINO 24-25 (1)<\/a><\/p>\n<h3><a href=\"https:\/\/blogsaverroes.juntadeandalucia.es\/ceipfrayalbinocor\/files\/2025\/11\/NUEVO-PLAN-DE-CENTRO-FRAY-ALBINO-24-25-1.pdf\"><img loading=\"lazy\" decoding=\"async\" class=\"aligncenter wp-image-5897 size-full\" src=\"https:\/\/blogsaverroes.juntadeandalucia.es\/ceipfrayalbinocor\/files\/2024\/11\/PROYECTO-EDUCATIVO.jpg\" alt=\"\" width=\"200\" height=\"200\" srcset=\"https:\/\/blogsaverroes.juntadeandalucia.es\/ceipfrayalbinocor\/files\/2024\/11\/PROYECTO-EDUCATIVO.jpg 200w, https:\/\/blogsaverroes.juntadeandalucia.es\/ceipfrayalbinocor\/files\/2024\/11\/PROYECTO-EDUCATIVO-150x150.jpg 150w\" sizes=\"(max-width: 200px) 100vw, 200px\" \/><\/a><a href=\"https:\/\/blogsaverroes.juntadeandalucia.es\/ceipfrayalbinocor\/files\/2025\/11\/ROF-CURSO-2024-2025.pdf\"><img loading=\"lazy\" decoding=\"async\" class=\"aligncenter wp-image-5896 size-full\" src=\"https:\/\/blogsaverroes.juntadeandalucia.es\/ceipfrayalbinocor\/files\/2024\/11\/ROF.png\" alt=\"\" width=\"225\" height=\"225\" srcset=\"https:\/\/blogsaverroes.juntadeandalucia.es\/ceipfrayalbinocor\/files\/2024\/11\/ROF.png 225w, https:\/\/blogsaverroes.juntadeandalucia.es\/ceipfrayalbinocor\/files\/2024\/11\/ROF-150x150.png 150w\" sizes=\"(max-width: 225px) 100vw, 225px\" \/><\/a><\/h3>\n<p>&nbsp;<\/p>\n<h3><a href=\"https:\/\/blogsaverroes.juntadeandalucia.es\/ceipfrayalbinocor\/files\/2023\/01\/2.-PLAN-DE-CONVIVENCIA-.-1.pdf\"><img loading=\"lazy\" decoding=\"async\" class=\"aligncenter wp-image-2639 size-medium\" src=\"https:\/\/blogsaverroes.juntadeandalucia.es\/ceipfrayalbinocor\/files\/2019\/05\/plan-convivencia-300x300.png\" alt=\"\" width=\"300\" height=\"300\" srcset=\"https:\/\/blogsaverroes.juntadeandalucia.es\/ceipfrayalbinocor\/files\/2019\/05\/plan-convivencia-300x300.png 300w, https:\/\/blogsaverroes.juntadeandalucia.es\/ceipfrayalbinocor\/files\/2019\/05\/plan-convivencia-150x150.png 150w, https:\/\/blogsaverroes.juntadeandalucia.es\/ceipfrayalbinocor\/files\/2019\/05\/plan-convivencia-100x100.png 100w, https:\/\/blogsaverroes.juntadeandalucia.es\/ceipfrayalbinocor\/files\/2019\/05\/plan-convivencia-24x24.png 24w, https:\/\/blogsaverroes.juntadeandalucia.es\/ceipfrayalbinocor\/files\/2019\/05\/plan-convivencia-36x36.png 36w, https:\/\/blogsaverroes.juntadeandalucia.es\/ceipfrayalbinocor\/files\/2019\/05\/plan-convivencia-48x48.png 48w, https:\/\/blogsaverroes.juntadeandalucia.es\/ceipfrayalbinocor\/files\/2019\/05\/plan-convivencia.png 419w\" sizes=\"(max-width: 300px) 100vw, 300px\" \/><\/a><\/h3>\n<h3>&nbsp;<\/h3>\n<h3>&nbsp;<\/h3>\n<h3><a href=\"https:\/\/blogsaverroes.juntadeandalucia.es\/ceipfrayalbinocor\/files\/2025\/11\/3.-PROYECTO-DE-GESTION-2024-2025.pdf\"><img loading=\"lazy\" decoding=\"async\" class=\"aligncenter wp-image-2644 size-full\" src=\"https:\/\/blogsaverroes.juntadeandalucia.es\/ceipfrayalbinocor\/files\/2019\/04\/gestion.jpg\" alt=\"\" width=\"237\" height=\"212\" srcset=\"https:\/\/blogsaverroes.juntadeandalucia.es\/ceipfrayalbinocor\/files\/2019\/04\/gestion.jpg 237w, https:\/\/blogsaverroes.juntadeandalucia.es\/ceipfrayalbinocor\/files\/2019\/04\/gestion-24x21.jpg 24w, https:\/\/blogsaverroes.juntadeandalucia.es\/ceipfrayalbinocor\/files\/2019\/04\/gestion-36x32.jpg 36w, https:\/\/blogsaverroes.juntadeandalucia.es\/ceipfrayalbinocor\/files\/2019\/04\/gestion-48x43.jpg 48w\" sizes=\"(max-width: 237px) 100vw, 237px\" \/><\/a><\/h3>\n<h3>&nbsp;<\/h3>\n<h3>&nbsp; &nbsp; &nbsp; &nbsp; &nbsp; &nbsp; &nbsp; &nbsp; &nbsp; &nbsp; &nbsp;&nbsp;<strong> &nbsp;<\/strong><\/h3>\n","protected":false},"excerpt":{"rendered":"<p>El Plan de Centro es el conjunto de documentos donde se expresan nuestras se\u00f1as de identidad. Aunque fundament\u00e1ndose en la legislaci\u00f3n vigente, en \u00e9l se pone de manifiesto nuestra l\u00ednea pedag\u00f3gica y organizativa. Se enlazan a continuaci\u00f3n los documentos que lo integran: NUEVO PLAN DE CENTRO FRAY ALBINO 24-25 (1) &nbsp; &nbsp; &nbsp; &nbsp; &nbsp; [&hellip;]<\/p>\n","protected":false},"author":6521,"featured_media":0,"parent":2132,"menu_order":0,"comment_status":"closed","ping_status":"closed","template":"","meta":{"ngg_post_thumbnail":0,"footnotes":"","_mc_calendar":[]},"aioseo_notices":[],"_links":{"self":[{"href":"https:\/\/blogsaverroes.juntadeandalucia.es\/ceipfrayalbinocor\/wp-json\/wp\/v2\/pages\/2456"}],"collection":[{"href":"https:\/\/blogsaverroes.juntadeandalucia.es\/ceipfrayalbinocor\/wp-json\/wp\/v2\/pages"}],"about":[{"href":"https:\/\/blogsaverroes.juntadeandalucia.es\/ceipfrayalbinocor\/wp-json\/wp\/v2\/types\/page"}],"author":[{"embeddable":true,"href":"https:\/\/blogsaverroes.juntadeandalucia.es\/ceipfrayalbinocor\/wp-json\/wp\/v2\/users\/6521"}],"replies":[{"embeddable":true,"href":"https:\/\/blogsaverroes.juntadeandalucia.es\/ceipfrayalbinocor\/wp-json\/wp\/v2\/comments?post=2456"}],"version-history":[{"count":59,"href":"https:\/\/blogsaverroes.juntadeandalucia.es\/ceipfrayalbinocor\/wp-json\/wp\/v2\/pages\/2456\/revisions"}],"predecessor-version":[{"id":6368,"href":"https:\/\/blogsaverroes.juntadeandalucia.es\/ceipfrayalbinocor\/wp-json\/wp\/v2\/pages\/2456\/revisions\/6368"}],"up":[{"embeddable":true,"href":"https:\/\/blogsaverroes.juntadeandalucia.es\/ceipfrayalbinocor\/wp-json\/wp\/v2\/pages\/2132"}],"wp:attachment":[{"href":"https:\/\/blogsaverroes.juntadeandalucia.es\/ceipfrayalbinocor\/wp-json\/wp\/v2\/media?parent=2456"}],"curies":[{"name":"wp","href":"https:\/\/api.w.org\/{rel}","templated":true}]}}