{"id":4516,"date":"2023-02-22T12:48:03","date_gmt":"2023-02-22T12:48:03","guid":{"rendered":"https:\/\/blogsaverroes.juntadeandalucia.es\/ceipfrayalbinocor\/?page_id=4516"},"modified":"2023-02-22T12:48:17","modified_gmt":"2023-02-22T12:48:17","slug":"plan-de-autoproteccion","status":"publish","type":"page","link":"https:\/\/blogsaverroes.juntadeandalucia.es\/ceipfrayalbinocor\/plan-de-autoproteccion\/","title":{"rendered":"Plan de Autoprotecci\u00f3n"},"content":{"rendered":"<p>El&nbsp; plan de autoprotecci\u00f3n es un documento que recoge el conjunto de medidas dise\u00f1adas e implantadas para evitar la materializaci\u00f3n de situaciones de emergencia, y en su caso, para minimizar las consecuencias derivadas de un siniestro y optimizar los recursos disponibles existentes al respecto. Toda esta informaci\u00f3n debe estar debidamente recogida y ser conocida por todos los ocupantes del centro para evitar respuestas improvisadas que conduzcan a la desorganizaci\u00f3n y el caos durante una eventual y urgente evacuaci\u00f3n.<\/p>\n<p>A continuaci\u00f3n, pinchando en la imagen, pueden descargar el plan de autoprotecci\u00f3n del CEIP Fray Albino.&nbsp;<\/p>\n<p><a href=\"https:\/\/blogsaverroes.juntadeandalucia.es\/ceipfrayalbinocor\/files\/2023\/02\/PLAN-DE-AUTOPROTECCI\u00d3N_WEB.pdf\"><br \/>\n<img loading=\"lazy\" decoding=\"async\" class=\"aligncenter size-medium wp-image-4518\" src=\"https:\/\/blogsaverroes.juntadeandalucia.es\/ceipfrayalbinocor\/files\/2023\/02\/descargaautoproteccion-300x108.png\" alt=\"\" width=\"300\" height=\"108\" srcset=\"https:\/\/blogsaverroes.juntadeandalucia.es\/ceipfrayalbinocor\/files\/2023\/02\/descargaautoproteccion-300x108.png 300w, https:\/\/blogsaverroes.juntadeandalucia.es\/ceipfrayalbinocor\/files\/2023\/02\/descargaautoproteccion.png 374w\" sizes=\"(max-width: 300px) 100vw, 300px\" \/><\/a><\/p>\n<!--themify_builder_content-->\n<div id=\"themify_builder_content-4516\" data-postid=\"4516\" class=\"themify_builder_content themify_builder_content-4516 themify_builder tf_clear\">\n    <\/div>\n<!--\/themify_builder_content-->\n","protected":false},"excerpt":{"rendered":"<p>El&nbsp; plan de autoprotecci\u00f3n es un documento que recoge el conjunto de medidas dise\u00f1adas e implantadas para evitar la materializaci\u00f3n de situaciones de emergencia, y en su caso, para minimizar las consecuencias derivadas de un siniestro y optimizar los recursos disponibles existentes al respecto. Toda esta informaci\u00f3n debe estar debidamente recogida y ser conocida por [&hellip;]<\/p>\n","protected":false},"author":6521,"featured_media":0,"parent":0,"menu_order":0,"comment_status":"closed","ping_status":"closed","template":"","meta":{"ngg_post_thumbnail":0,"footnotes":"","_mc_calendar":[]},"aioseo_notices":[],"_links":{"self":[{"href":"https:\/\/blogsaverroes.juntadeandalucia.es\/ceipfrayalbinocor\/wp-json\/wp\/v2\/pages\/4516"}],"collection":[{"href":"https:\/\/blogsaverroes.juntadeandalucia.es\/ceipfrayalbinocor\/wp-json\/wp\/v2\/pages"}],"about":[{"href":"https:\/\/blogsaverroes.juntadeandalucia.es\/ceipfrayalbinocor\/wp-json\/wp\/v2\/types\/page"}],"author":[{"embeddable":true,"href":"https:\/\/blogsaverroes.juntadeandalucia.es\/ceipfrayalbinocor\/wp-json\/wp\/v2\/users\/6521"}],"replies":[{"embeddable":true,"href":"https:\/\/blogsaverroes.juntadeandalucia.es\/ceipfrayalbinocor\/wp-json\/wp\/v2\/comments?post=4516"}],"version-history":[{"count":5,"href":"https:\/\/blogsaverroes.juntadeandalucia.es\/ceipfrayalbinocor\/wp-json\/wp\/v2\/pages\/4516\/revisions"}],"predecessor-version":[{"id":4523,"href":"https:\/\/blogsaverroes.juntadeandalucia.es\/ceipfrayalbinocor\/wp-json\/wp\/v2\/pages\/4516\/revisions\/4523"}],"wp:attachment":[{"href":"https:\/\/blogsaverroes.juntadeandalucia.es\/ceipfrayalbinocor\/wp-json\/wp\/v2\/media?parent=4516"}],"curies":[{"name":"wp","href":"https:\/\/api.w.org\/{rel}","templated":true}]}}