{"id":5352,"date":"2024-02-07T07:49:14","date_gmt":"2024-02-07T07:49:14","guid":{"rendered":"https:\/\/blogsaverroes.juntadeandalucia.es\/ceipfrayalbinocor\/?page_id=5352"},"modified":"2024-02-07T07:49:14","modified_gmt":"2024-02-07T07:49:14","slug":"classroom-g-educaand-es","status":"publish","type":"page","link":"https:\/\/blogsaverroes.juntadeandalucia.es\/ceipfrayalbinocor\/classroom-g-educaand-es\/","title":{"rendered":"Classroom &amp; G.educaand.es"},"content":{"rendered":"<p>Queridas familias, la contrase\u00f1a de Classroom es la misma que la de PASEN del<strong> alumno.<\/strong><\/p>\n<p>\u00a1OJO! nos referimos a PASEN de ALUMNO, no PASEN del tutor legal.<br \/>\nEntonces \u00bfC\u00f3mo resetear la contrase\u00f1a de PASEN de mi hijo\/a si la he perdido, olvidado o la desconozco?<\/p>\n<p>Aqu\u00ed os dejamos el tutorial.<\/p>\n<div class=\"post-video\"><iframe loading=\"lazy\" title=\"Restablecer contrase\u00f1a iPasen desde tel\u00e9fono m\u00f3vil a nuestros hijos.\" width=\"1165\" height=\"655\" src=\"https:\/\/www.youtube.com\/embed\/pNn9YMeL_10?feature=oembed\" frameborder=\"0\" allow=\"accelerometer; autoplay; clipboard-write; encrypted-media; gyroscope; picture-in-picture; web-share\" allowfullscreen><\/iframe><\/div>\n<p>Pero, \u00a1OJO! esta nueva contrase\u00f1a<strong> caduca<\/strong> pronto, por lo que el ALUMNO debe pone poner una PROPIA y ORIGINAL que recordar\u00e1 y ser\u00e1 m\u00e1s duradera. \u00bfC\u00f3mo lo hago?<\/p>\n<p>A continuaci\u00f3n, os dejamos los pasos a seguir, pichad y descargad: <a href=\"https:\/\/blogsaverroes.juntadeandalucia.es\/ceipfrayalbinocor\/files\/2024\/02\/Contrase\u00f1a-classroomipasen-2.pdf\">Contrase\u00f1a classroom=ipasen (2)<\/a><\/p>\n<p>&nbsp;<\/p>\n<!--themify_builder_content-->\n<div id=\"themify_builder_content-5352\" data-postid=\"5352\" class=\"themify_builder_content themify_builder_content-5352 themify_builder tf_clear\">\n    <\/div>\n<!--\/themify_builder_content-->\n","protected":false},"excerpt":{"rendered":"<p>Queridas familias, la contrase\u00f1a de Classroom es la misma que la de PASEN del alumno. \u00a1OJO! nos referimos a PASEN de ALUMNO, no PASEN del tutor legal. Entonces \u00bfC\u00f3mo resetear la contrase\u00f1a de PASEN de mi hijo\/a si la he perdido, olvidado o la desconozco? Aqu\u00ed os dejamos el tutorial. Pero, \u00a1OJO! esta nueva contrase\u00f1a [&hellip;]<\/p>\n","protected":false},"author":6521,"featured_media":0,"parent":0,"menu_order":0,"comment_status":"closed","ping_status":"closed","template":"","meta":{"ngg_post_thumbnail":0,"footnotes":"","_mc_calendar":[]},"aioseo_notices":[],"_links":{"self":[{"href":"https:\/\/blogsaverroes.juntadeandalucia.es\/ceipfrayalbinocor\/wp-json\/wp\/v2\/pages\/5352"}],"collection":[{"href":"https:\/\/blogsaverroes.juntadeandalucia.es\/ceipfrayalbinocor\/wp-json\/wp\/v2\/pages"}],"about":[{"href":"https:\/\/blogsaverroes.juntadeandalucia.es\/ceipfrayalbinocor\/wp-json\/wp\/v2\/types\/page"}],"author":[{"embeddable":true,"href":"https:\/\/blogsaverroes.juntadeandalucia.es\/ceipfrayalbinocor\/wp-json\/wp\/v2\/users\/6521"}],"replies":[{"embeddable":true,"href":"https:\/\/blogsaverroes.juntadeandalucia.es\/ceipfrayalbinocor\/wp-json\/wp\/v2\/comments?post=5352"}],"version-history":[{"count":2,"href":"https:\/\/blogsaverroes.juntadeandalucia.es\/ceipfrayalbinocor\/wp-json\/wp\/v2\/pages\/5352\/revisions"}],"predecessor-version":[{"id":5355,"href":"https:\/\/blogsaverroes.juntadeandalucia.es\/ceipfrayalbinocor\/wp-json\/wp\/v2\/pages\/5352\/revisions\/5355"}],"wp:attachment":[{"href":"https:\/\/blogsaverroes.juntadeandalucia.es\/ceipfrayalbinocor\/wp-json\/wp\/v2\/media?parent=5352"}],"curies":[{"name":"wp","href":"https:\/\/api.w.org\/{rel}","templated":true}]}}