{"id":6447,"date":"2026-01-30T18:22:24","date_gmt":"2026-01-30T18:22:24","guid":{"rendered":"https:\/\/blogsaverroes.juntadeandalucia.es\/ceipfrayalbinocor\/?page_id=6447"},"modified":"2026-04-18T08:01:11","modified_gmt":"2026-04-18T08:01:11","slug":"steam-4-0","status":"publish","type":"page","link":"https:\/\/blogsaverroes.juntadeandalucia.es\/ceipfrayalbinocor\/steam-4-0\/","title":{"rendered":"STEAM 4.0"},"content":{"rendered":"<h3>El programa STEAM 4.0 de la Junta de Andaluc\u00eda (enmarcado en el C\u00f3digo Escuela 4.0) integra rob\u00f3tica, programaci\u00f3n, inteligencia artificial y pensamiento computacional en Infantil, Primaria y ESO durante los cursos 2025-2027.&nbsp;<\/h3>\n<p>En esta secci\u00f3n de nuestra web, os compartiremos el taller que venimos realizando semanalmente con alumnado de 3\u00ba a 6\u00ba EPO, con materiales LEGO Education WE.DO 2.0. Adem\u00e1s durante los talleres, el alumnado comprueba el funcionamiento de las impresoras 3D&nbsp; de reciente incorporaci\u00f3n a nuestra escuela y que son de gran utilidad para aprendizajes relacionados con el dise\u00f1o.<\/p>\n<p>A continuaci\u00f3n os dejamos la galer\u00eda de im\u00e1genes del mes de ENERO:&nbsp;<\/p>\nngg_shortcode_0_placeholder\n<p>El m\u00e9s de Febrero se han realizado 3 talleres de rob\u00f3tica y por primera vez un par de parejas consiguieron ensamblar a la abejita con zumbido.&nbsp; Uno de los talleres coincidi\u00f3 con la celebraci\u00f3n del carnaval, y por lo que demuestran las fotos, nuestro alumnado se encontraba en un mood muy divertido.&nbsp;<\/p>\n<p>ngg_shortcode_1_placeholderDurante el mes de Marzo hemos realizado 4 talleres de rob\u00f3tica, os dejamos las im\u00e1genes y algunos videos.&nbsp;<\/p>\n<p>ngg_shortcode_2_placeholder<div style=\"width: 848px;\" class=\"wp-video\"><!--[if lt IE 9]><script>document.createElement('video');<\/script><![endif]-->\n<video class=\"wp-video-shortcode\" id=\"video-6447-1\" width=\"848\" height=\"478\" preload=\"metadata\" controls=\"controls\"><source type=\"video\/mp4\" src=\"https:\/\/blogsaverroes.juntadeandalucia.es\/ceipfrayalbinocor\/files\/2026\/03\/WhatsApp-Video-2026-03-01-at-10.46.18.mp4?_=1\" \/><a href=\"https:\/\/blogsaverroes.juntadeandalucia.es\/ceipfrayalbinocor\/files\/2026\/03\/WhatsApp-Video-2026-03-01-at-10.46.18.mp4\">https:\/\/blogsaverroes.juntadeandalucia.es\/ceipfrayalbinocor\/files\/2026\/03\/WhatsApp-Video-2026-03-01-at-10.46.18.mp4<\/a><\/video><\/div><\/p>\n<div style=\"width: 848px;\" class=\"wp-video\"><video class=\"wp-video-shortcode\" id=\"video-6447-2\" width=\"848\" height=\"478\" preload=\"metadata\" controls=\"controls\"><source type=\"video\/mp4\" src=\"https:\/\/blogsaverroes.juntadeandalucia.es\/ceipfrayalbinocor\/files\/2026\/03\/WhatsApp-Video-2026-03-01-at-10.46.14.mp4?_=2\" \/><a href=\"https:\/\/blogsaverroes.juntadeandalucia.es\/ceipfrayalbinocor\/files\/2026\/03\/WhatsApp-Video-2026-03-01-at-10.46.14.mp4\">https:\/\/blogsaverroes.juntadeandalucia.es\/ceipfrayalbinocor\/files\/2026\/03\/WhatsApp-Video-2026-03-01-at-10.46.14.mp4<\/a><\/video><\/div>\n<p>Dejamos a continuaci\u00f3n las im\u00e1genes del reconocimiento realizado por la AAVV a la escuela p\u00fablica en relaci\u00f3n a sus buenas pr\u00e1cticas en que nuetro centro fue reconocido nuetro proyecto de biblioteca&nbsp; y taller de rob\u00f3tica.&nbsp;&nbsp;<a href=\"https:\/\/www.diariocordoba.com\/educacion\/2026\/03\/25\/homenaje-vecinal-pone-educacion-publica-128367550.html\">https:\/\/www.diariocordoba.com\/educacion\/2026\/03\/25\/homenaje-vecinal-pone-educacion-publica-128367550.html<\/a><\/p>\n<p>&nbsp;<\/p>\n<p><a href=\"https:\/\/blogsaverroes.juntadeandalucia.es\/ceipfrayalbinocor\/files\/2026\/04\/WhatsApp-Image-2026-04-18-at-09.55.30.jpeg\"><img loading=\"lazy\" decoding=\"async\" class=\"aligncenter size-medium wp-image-6614\" src=\"https:\/\/blogsaverroes.juntadeandalucia.es\/ceipfrayalbinocor\/files\/2026\/04\/WhatsApp-Image-2026-04-18-at-09.55.30-226x300.jpeg\" alt=\"\" width=\"226\" height=\"300\" srcset=\"https:\/\/blogsaverroes.juntadeandalucia.es\/ceipfrayalbinocor\/files\/2026\/04\/WhatsApp-Image-2026-04-18-at-09.55.30-226x300.jpeg 226w, https:\/\/blogsaverroes.juntadeandalucia.es\/ceipfrayalbinocor\/files\/2026\/04\/WhatsApp-Image-2026-04-18-at-09.55.30-771x1024.jpeg 771w, https:\/\/blogsaverroes.juntadeandalucia.es\/ceipfrayalbinocor\/files\/2026\/04\/WhatsApp-Image-2026-04-18-at-09.55.30-768x1020.jpeg 768w, https:\/\/blogsaverroes.juntadeandalucia.es\/ceipfrayalbinocor\/files\/2026\/04\/WhatsApp-Image-2026-04-18-at-09.55.30-1157x1536.jpeg 1157w, https:\/\/blogsaverroes.juntadeandalucia.es\/ceipfrayalbinocor\/files\/2026\/04\/WhatsApp-Image-2026-04-18-at-09.55.30.jpeg 1205w\" sizes=\"(max-width: 226px) 100vw, 226px\" \/><\/a><\/p>\n","protected":false},"excerpt":{"rendered":"<p>El programa STEAM 4.0 de la Junta de Andaluc\u00eda (enmarcado en el C\u00f3digo Escuela 4.0) integra rob\u00f3tica, programaci\u00f3n, inteligencia artificial y pensamiento computacional en Infantil, Primaria y ESO durante los cursos 2025-2027.&nbsp; En esta secci\u00f3n de nuestra web, os compartiremos el taller que venimos realizando semanalmente con alumnado de 3\u00ba a 6\u00ba EPO, con materiales [&hellip;]<\/p>\n","protected":false},"author":6521,"featured_media":0,"parent":0,"menu_order":0,"comment_status":"closed","ping_status":"closed","template":"","meta":{"ngg_post_thumbnail":0,"footnotes":"","_mc_calendar":[]},"aioseo_notices":[],"_links":{"self":[{"href":"https:\/\/blogsaverroes.juntadeandalucia.es\/ceipfrayalbinocor\/wp-json\/wp\/v2\/pages\/6447"}],"collection":[{"href":"https:\/\/blogsaverroes.juntadeandalucia.es\/ceipfrayalbinocor\/wp-json\/wp\/v2\/pages"}],"about":[{"href":"https:\/\/blogsaverroes.juntadeandalucia.es\/ceipfrayalbinocor\/wp-json\/wp\/v2\/types\/page"}],"author":[{"embeddable":true,"href":"https:\/\/blogsaverroes.juntadeandalucia.es\/ceipfrayalbinocor\/wp-json\/wp\/v2\/users\/6521"}],"replies":[{"embeddable":true,"href":"https:\/\/blogsaverroes.juntadeandalucia.es\/ceipfrayalbinocor\/wp-json\/wp\/v2\/comments?post=6447"}],"version-history":[{"count":19,"href":"https:\/\/blogsaverroes.juntadeandalucia.es\/ceipfrayalbinocor\/wp-json\/wp\/v2\/pages\/6447\/revisions"}],"predecessor-version":[{"id":6601,"href":"https:\/\/blogsaverroes.juntadeandalucia.es\/ceipfrayalbinocor\/wp-json\/wp\/v2\/pages\/6447\/revisions\/6601"}],"wp:attachment":[{"href":"https:\/\/blogsaverroes.juntadeandalucia.es\/ceipfrayalbinocor\/wp-json\/wp\/v2\/media?parent=6447"}],"curies":[{"name":"wp","href":"https:\/\/api.w.org\/{rel}","templated":true}]}}