{"id":99,"date":"2022-02-01T10:56:54","date_gmt":"2022-02-01T09:56:54","guid":{"rendered":"http:\/\/blogsaverroes.juntadeandalucia.es\/pre\/ceip\/?page_id=99"},"modified":"2022-02-01T11:02:00","modified_gmt":"2022-02-01T10:02:00","slug":"comedor-escolar","status":"publish","type":"page","link":"https:\/\/blogsaverroes.juntadeandalucia.es\/ceipfreinet\/?page_id=99","title":{"rendered":"Comedor escolar"},"content":{"rendered":"<h4>La empresa que gestiona el comedor de nuestro centro es:<br \/>\n<b>el grupo Mediterr\u00e1nea de catering<\/b><\/h4>\n<p>El horario de comedor es de Lunes a Viernes de <strong>14 a 16 horas<\/strong>.<\/p>\n<p>Normativa de la empresa:<\/p>\n<p>Los recibos de las cuotas del comedor se emiten a mes vencido entre el 1 y el 5 del siguiente mes. El pago es por domiciliaci\u00f3n bancaria.<\/p>\n<p>En el supuesto de falta de asistencia ( d\u00edas sueltos), el comensal deber\u00e1 abonar el 100% si no existe preaviso de tres d\u00edas.<\/p>\n<p>La notificaci\u00f3n de la no asistencia o faltas se debe tramitar a trav\u00e9s del correo:<\/p>\n<p>administracion.andalucia@mediterranea-group-com<\/p>\n<p>con un preaviso de 3 d\u00edas ( no se contesta a estos mail, existe una respuesta autom\u00e1tica para garantizar su recepci\u00f3n.<\/p>\n<p>En el caso de enfermedad, se le descontar\u00e1 la no asistencia del alumno al comedor hasta el mismo d\u00eda del servicio, aportando justificaci\u00f3n m\u00e9dica al mismo correo electr\u00f3nico.<\/p>\n<p>El resto de las incidencias se tramitar\u00e1n a trav\u00e9s del mismo mail y se le dar\u00e1 una contestaci\u00f3n a la mayor brevedad posible.<\/p>\n<p>Si el alumno requiere dieta especial debe aportar informe del alerg\u00f3logo y la diete la recibir\u00e1n en el centro a los 10 d\u00edas de la recepci\u00f3n del informe m\u00e9dico al mail: dietetica.andalucia@mediterranea-group.com<\/p>\n<p>La petici\u00f3n de baja del servicio de comedor deber\u00e1 hacerse antes del d\u00eda 25 de cada mes.<\/p>\n<p>&nbsp;<\/p>\n","protected":false},"excerpt":{"rendered":"<p>La empresa que gestiona el comedor de nuestro centro es: el grupo Mediterr\u00e1nea de catering El horario de comedor es de Lunes a Viernes de 14 a 16 horas. Normativa de la empresa: Los recibos de las cuotas del comedor se emiten a mes vencido entre el 1 y el 5 del siguiente mes. El &hellip; <a href=\"https:\/\/blogsaverroes.juntadeandalucia.es\/ceipfreinet\/?page_id=99\" class=\"more-link\">Sigue leyendo <span class=\"screen-reader-text\">Comedor escolar<\/span><\/a><\/p>\n","protected":false},"author":1,"featured_media":0,"parent":0,"menu_order":0,"comment_status":"closed","ping_status":"open","template":"","meta":{"ngg_post_thumbnail":0,"footnotes":"","_mc_calendar":[]},"aioseo_notices":[],"_links":{"self":[{"href":"https:\/\/blogsaverroes.juntadeandalucia.es\/ceipfreinet\/index.php?rest_route=\/wp\/v2\/pages\/99"}],"collection":[{"href":"https:\/\/blogsaverroes.juntadeandalucia.es\/ceipfreinet\/index.php?rest_route=\/wp\/v2\/pages"}],"about":[{"href":"https:\/\/blogsaverroes.juntadeandalucia.es\/ceipfreinet\/index.php?rest_route=\/wp\/v2\/types\/page"}],"author":[{"embeddable":true,"href":"https:\/\/blogsaverroes.juntadeandalucia.es\/ceipfreinet\/index.php?rest_route=\/wp\/v2\/users\/1"}],"replies":[{"embeddable":true,"href":"https:\/\/blogsaverroes.juntadeandalucia.es\/ceipfreinet\/index.php?rest_route=%2Fwp%2Fv2%2Fcomments&post=99"}],"version-history":[{"count":17,"href":"https:\/\/blogsaverroes.juntadeandalucia.es\/ceipfreinet\/index.php?rest_route=\/wp\/v2\/pages\/99\/revisions"}],"predecessor-version":[{"id":3298,"href":"https:\/\/blogsaverroes.juntadeandalucia.es\/ceipfreinet\/index.php?rest_route=\/wp\/v2\/pages\/99\/revisions\/3298"}],"wp:attachment":[{"href":"https:\/\/blogsaverroes.juntadeandalucia.es\/ceipfreinet\/index.php?rest_route=%2Fwp%2Fv2%2Fmedia&parent=99"}],"curies":[{"name":"wp","href":"https:\/\/api.w.org\/{rel}","templated":true}]}}