{"id":44,"date":"2015-03-13T08:42:15","date_gmt":"2015-03-13T08:42:15","guid":{"rendered":"http:\/\/blogsaverroes.juntadeandalucia.es\/pre\/ceip\/?page_id=44"},"modified":"2024-05-16T10:23:13","modified_gmt":"2024-05-16T10:23:13","slug":"planes-y-proyectos","status":"publish","type":"page","link":"https:\/\/blogsaverroes.juntadeandalucia.es\/ceipfuensanta\/planes-y-proyectos\/","title":{"rendered":"Planes y Programas"},"content":{"rendered":"<p>&nbsp;<\/p>\n<p><a href=\"https:\/\/blogsaverroes.juntadeandalucia.es\/ceipfuensanta\/files\/2024\/05\/FSE.-Prioridad-3.-PT-PROA-Refuerzo-Estival.png\"><img loading=\"lazy\" decoding=\"async\" class=\"alignnone size-medium wp-image-2250\" src=\"https:\/\/blogsaverroes.juntadeandalucia.es\/ceipfuensanta\/files\/2024\/05\/FSE.-Prioridad-3.-PT-PROA-Refuerzo-Estival-212x300.png\" alt=\"\" width=\"212\" height=\"300\" srcset=\"https:\/\/blogsaverroes.juntadeandalucia.es\/ceipfuensanta\/files\/2024\/05\/FSE.-Prioridad-3.-PT-PROA-Refuerzo-Estival-212x300.png 212w, https:\/\/blogsaverroes.juntadeandalucia.es\/ceipfuensanta\/files\/2024\/05\/FSE.-Prioridad-3.-PT-PROA-Refuerzo-Estival-724x1024.png 724w, https:\/\/blogsaverroes.juntadeandalucia.es\/ceipfuensanta\/files\/2024\/05\/FSE.-Prioridad-3.-PT-PROA-Refuerzo-Estival-768x1086.png 768w, https:\/\/blogsaverroes.juntadeandalucia.es\/ceipfuensanta\/files\/2024\/05\/FSE.-Prioridad-3.-PT-PROA-Refuerzo-Estival-1086x1536.png 1086w, https:\/\/blogsaverroes.juntadeandalucia.es\/ceipfuensanta\/files\/2024\/05\/FSE.-Prioridad-3.-PT-PROA-Refuerzo-Estival-1448x2048.png 1448w, https:\/\/blogsaverroes.juntadeandalucia.es\/ceipfuensanta\/files\/2024\/05\/FSE.-Prioridad-3.-PT-PROA-Refuerzo-Estival.png 1131w\" sizes=\"(max-width: 212px) 100vw, 212px\" \/><\/a><\/p>\n<p>Cada centro personaliza y adapta su Proyecto Educativo adhiri\u00e9ndose a diferentes <strong>Planes y Programas<\/strong> promovidos desde la Consejer\u00eda de Educaci\u00f3n, Cultura y Deporte.<\/p>\n<p>Este apartado recoge estos Planes y Programas desarrollados por el centro:<\/p>\n<p>&nbsp;<\/p>\n<ul>\n<li><strong>Plan de igualdad.<\/strong><\/li>\n<li><strong>Plan de apertura.&nbsp;<\/strong><\/li>\n<li><strong>Proyecto biling\u00fce.<\/strong><\/li>\n<li><strong>Programa <em>M\u00e1s Deporte<\/em> (deporte en la escuela).<\/strong><\/li>\n<li><strong>Plan de Salud Laboral y P.R.L.<\/strong><\/li>\n<li><strong>Planes de compensaci\u00f3n educativa<\/strong><\/li>\n<li><strong>PROA+ \u00abTRANSF\u00d3RMATE\u00bb<\/strong><\/li>\n<li><strong>Programa de Educaci\u00f3n Inclusiva.<\/strong><\/li>\n<li><strong>Transformaci\u00f3n Digital Educativa<\/strong><\/li>\n<li><strong>Unidades de acompa\u00f1amiento.<\/strong><\/li>\n<li><strong>Organizaci\u00f3n y Funcionamiento de las Bibliotecas Escolares.<\/strong><\/li>\n<li><strong>Proa. Programa de acompa\u00f1amiento.<\/strong><\/li>\n<li><strong>Programa CIMA.<\/strong><\/li>\n<\/ul>\n<p>&nbsp;<\/p>\n","protected":false},"excerpt":{"rendered":"<p>&nbsp; Cada centro personaliza y adapta su Proyecto Educativo adhiri\u00e9ndose a diferentes Planes y Programas promovidos desde la Consejer\u00eda de Educaci\u00f3n, Cultura y Deporte. Este apartado recoge estos Planes y Programas desarrollados por el&#46;&#46;&#46;<\/p>\n","protected":false},"author":1,"featured_media":0,"parent":0,"menu_order":0,"comment_status":"closed","ping_status":"closed","template":"page-cs.php","meta":{"ngg_post_thumbnail":0,"footnotes":"","_mc_calendar":[]},"aioseo_notices":[],"_links":{"self":[{"href":"https:\/\/blogsaverroes.juntadeandalucia.es\/ceipfuensanta\/wp-json\/wp\/v2\/pages\/44"}],"collection":[{"href":"https:\/\/blogsaverroes.juntadeandalucia.es\/ceipfuensanta\/wp-json\/wp\/v2\/pages"}],"about":[{"href":"https:\/\/blogsaverroes.juntadeandalucia.es\/ceipfuensanta\/wp-json\/wp\/v2\/types\/page"}],"author":[{"embeddable":true,"href":"https:\/\/blogsaverroes.juntadeandalucia.es\/ceipfuensanta\/wp-json\/wp\/v2\/users\/1"}],"replies":[{"embeddable":true,"href":"https:\/\/blogsaverroes.juntadeandalucia.es\/ceipfuensanta\/wp-json\/wp\/v2\/comments?post=44"}],"version-history":[{"count":7,"href":"https:\/\/blogsaverroes.juntadeandalucia.es\/ceipfuensanta\/wp-json\/wp\/v2\/pages\/44\/revisions"}],"predecessor-version":[{"id":2256,"href":"https:\/\/blogsaverroes.juntadeandalucia.es\/ceipfuensanta\/wp-json\/wp\/v2\/pages\/44\/revisions\/2256"}],"wp:attachment":[{"href":"https:\/\/blogsaverroes.juntadeandalucia.es\/ceipfuensanta\/wp-json\/wp\/v2\/media?parent=44"}],"curies":[{"name":"wp","href":"https:\/\/api.w.org\/{rel}","templated":true}]}}