{"id":1474,"date":"2022-12-08T14:27:43","date_gmt":"2022-12-08T13:27:43","guid":{"rendered":"https:\/\/blogsaverroes.juntadeandalucia.es\/ceipfuentealegre\/?page_id=1474"},"modified":"2022-12-08T17:34:18","modified_gmt":"2022-12-08T16:34:18","slug":"borrador-automatico","status":"publish","type":"page","link":"https:\/\/blogsaverroes.juntadeandalucia.es\/ceipfuentealegre\/borrador-automatico\/","title":{"rendered":"Bienvenida"},"content":{"rendered":"<p>[et_pb_section fb_built=&#8221;1&#8243; _builder_version=&#8221;3.23.3&#8243; inner_width_tablet=&#8221;50px&#8221; inner_max_width_tablet=&#8221;50px&#8221; custom_padding=&#8221;0px||0px|&#8221; z_index_tablet=&#8221;500&#8243; box_shadow_horizontal_tablet=&#8221;0px&#8221; box_shadow_vertical_tablet=&#8221;0px&#8221; box_shadow_blur_tablet=&#8221;40px&#8221; box_shadow_spread_tablet=&#8221;0px&#8221; global_colors_info=&#8221;{}&#8221;][et_pb_row _builder_version=&#8221;3.25&#8243; background_size=&#8221;initial&#8221; background_position=&#8221;top_left&#8221; background_repeat=&#8221;repeat&#8221; global_colors_info=&#8221;{}&#8221;][et_pb_column type=&#8221;4_4&#8243; _builder_version=&#8221;3.25&#8243; custom_padding=&#8221;|||&#8221; global_colors_info=&#8221;{}&#8221; custom_padding__hover=&#8221;|||&#8221;][et_pb_text _builder_version=&#8221;4.14.5&#8243; hover_enabled=&#8221;0&#8243; global_colors_info=&#8221;{}&#8221; sticky_enabled=&#8221;0&#8243;]<\/p>\n<p>Bienvenidos a la p\u00e1gina web del Ceip Fuente Alegre.<\/p>\n<p>En la siguiente presentaci\u00f3n conocer\u00e9is qu\u00e9 secciones y contenidos podr\u00e9is encontrar en nuestra web.<\/p>\n<p>\u00a1Gracias!<\/p>\n<div style=\"width: 1080px;\" class=\"wp-video\"><!--[if lt IE 9]><script>document.createElement('video');<\/script><![endif]-->\n<video class=\"wp-video-shortcode\" id=\"video-1474-1\" width=\"1080\" height=\"608\" preload=\"metadata\" controls=\"controls\"><source type=\"video\/mp4\" src=\"https:\/\/blogsaverroes.juntadeandalucia.es\/ceipfuentealegre\/files\/2022\/12\/Presentaci\u00f3n-bienvenida.mp4?_=1\" \/><a href=\"https:\/\/blogsaverroes.juntadeandalucia.es\/ceipfuentealegre\/files\/2022\/12\/Presentaci\u00f3n-bienvenida.mp4\">https:\/\/blogsaverroes.juntadeandalucia.es\/ceipfuentealegre\/files\/2022\/12\/Presentaci\u00f3n-bienvenida.mp4<\/a><\/video><\/div>\n<p>&nbsp;<\/p>\n<p>[\/et_pb_text][\/et_pb_column][\/et_pb_row][\/et_pb_section]<\/p>\n","protected":false},"excerpt":{"rendered":"<p>Bienvenidos a la p\u00e1gina web del Ceip Fuente Alegre. En la siguiente presentaci\u00f3n conocer\u00e9is qu\u00e9 secciones y contenidos podr\u00e9is encontrar en nuestra web. \u00a1Gracias! <div style=\"width: 1080px;\" class=\"wp-video\"><video class=\"wp-video-shortcode\" id=\"video-1474-2\" width=\"1080\" height=\"608\" preload=\"metadata\" controls=\"controls\"><source type=\"video\/mp4\" src=\"https:\/\/blogsaverroes.juntadeandalucia.es\/ceipfuentealegre\/files\/2022\/12\/Presentaci\u00f3n-bienvenida.mp4?_=2\" \/><a href=\"https:\/\/blogsaverroes.juntadeandalucia.es\/ceipfuentealegre\/files\/2022\/12\/Presentaci\u00f3n-bienvenida.mp4\">https:\/\/blogsaverroes.juntadeandalucia.es\/ceipfuentealegre\/files\/2022\/12\/Presentaci\u00f3n-bienvenida.mp4<\/a><\/video><\/div> &nbsp;<\/p>\n","protected":false},"author":10626,"featured_media":0,"parent":0,"menu_order":0,"comment_status":"closed","ping_status":"closed","template":"","meta":{"_et_pb_use_builder":"on","_et_pb_old_content":"","_et_gb_content_width":"","ngg_post_thumbnail":0,"footnotes":""},"aioseo_notices":[],"_links":{"self":[{"href":"https:\/\/blogsaverroes.juntadeandalucia.es\/ceipfuentealegre\/wp-json\/wp\/v2\/pages\/1474"}],"collection":[{"href":"https:\/\/blogsaverroes.juntadeandalucia.es\/ceipfuentealegre\/wp-json\/wp\/v2\/pages"}],"about":[{"href":"https:\/\/blogsaverroes.juntadeandalucia.es\/ceipfuentealegre\/wp-json\/wp\/v2\/types\/page"}],"author":[{"embeddable":true,"href":"https:\/\/blogsaverroes.juntadeandalucia.es\/ceipfuentealegre\/wp-json\/wp\/v2\/users\/10626"}],"replies":[{"embeddable":true,"href":"https:\/\/blogsaverroes.juntadeandalucia.es\/ceipfuentealegre\/wp-json\/wp\/v2\/comments?post=1474"}],"version-history":[{"count":5,"href":"https:\/\/blogsaverroes.juntadeandalucia.es\/ceipfuentealegre\/wp-json\/wp\/v2\/pages\/1474\/revisions"}],"predecessor-version":[{"id":1508,"href":"https:\/\/blogsaverroes.juntadeandalucia.es\/ceipfuentealegre\/wp-json\/wp\/v2\/pages\/1474\/revisions\/1508"}],"wp:attachment":[{"href":"https:\/\/blogsaverroes.juntadeandalucia.es\/ceipfuentealegre\/wp-json\/wp\/v2\/media?parent=1474"}],"curies":[{"name":"wp","href":"https:\/\/api.w.org\/{rel}","templated":true}]}}