{"id":1757,"date":"2024-02-26T22:37:53","date_gmt":"2024-02-26T21:37:53","guid":{"rendered":"https:\/\/blogsaverroes.juntadeandalucia.es\/ceipfuentealegre\/?page_id=1757"},"modified":"2024-02-26T22:46:48","modified_gmt":"2024-02-26T21:46:48","slug":"a-m-p-a","status":"publish","type":"page","link":"https:\/\/blogsaverroes.juntadeandalucia.es\/ceipfuentealegre\/a-m-p-a\/","title":{"rendered":"A.M.P.A."},"content":{"rendered":"<p><span style=\"color: #000000\"><strong><span style=\"font-size: 12pt\">\u00bfQu\u00e9 es la A.M.P.A.?<\/span><\/strong><\/span><\/p>\n<p>La<strong> A.M.P.A.<\/strong> es una asociaci\u00f3n sin \u00e1nimo de lucro que est\u00e1 formada por los padres y madres de todo el alumnado del Colegio. Es un punto de encuentro y de trabajo independiente, abierto y plural. Desde la A.M.P.A. se contribuye a la mejora de la calidad de la educaci\u00f3n, de la convivencia del centro y de las instalaciones.<\/p>\n<p style=\"text-align: left\"><span style=\"color: #000000\"><strong><span style=\"font-size: 12pt\">\u00bfPor qu\u00e9 es importante vuestra participaci\u00f3n?<\/span><\/strong><\/span><\/p>\n<p style=\"text-align: left\">En el colegio existen espacios de participaci\u00f3n, siendo la A.M.P.A . el \u00fanico espacio de&nbsp; participaci\u00f3n aut\u00f3nomo de padres y madres. La A.M.P.A. es importante porque:<\/p>\n<ul>\n<li>Somos corresponsables de la educaci\u00f3n que nuestros hijos\/as reciben en el colegio.<\/li>\n<li>Es un espacio para aportar iniciativas y trabajar con la direcci\u00f3n del Centro, sin depender de \u00e9sta.<\/li>\n<\/ul>\n<h3><strong><span style=\"font-size: 12pt;color: #000000\">\u00bfC\u00f3mo puedes participar?<\/span><\/strong><\/h3>\n<p>Participar es muy f\u00e1cil y cada uno\/a decide el nivel de implicaci\u00f3n. Pod\u00e9is asociaros en cualquier momento, aunque se entrega a las familias una ficha de inscripci\u00f3n con la matr\u00edcula en la que se indica la cuota anual por cada familia (la cuota es por familia no por ni\u00f1o\/a).<\/p>\n<p>Pod\u00e9is participar:<\/p>\n<ul>\n<li>A trav\u00e9s de las asambleas, incorpor\u00e1ndote a las reuniones abiertas que se convoquen.<\/li>\n<li>Colaborando en los diferentes grupos de trabajo o en actividades puntuales que se organizan desde la A.M.P.A. a lo largo del curso.<\/li>\n<li>Proponiendo iniciativas, planteando temas de debate, organizando actividades, etc., &nbsp;dirigi\u00e9ndote a cualquier miembro de la junta directiva o a trav\u00e9s del centro.<\/li>\n<\/ul>\n<p>Como ves, hay muchas formas de participar y es muy importante que m\u00e1s padres y madres pas\u00e9is a la participa-ACCI\u00d3N,&nbsp;&nbsp;de forma activa y colectiva.<\/p>\n<h3><span style=\"font-size: 12pt\"><strong>\u00bfPara qu\u00e9 sirve?<\/strong><\/span><\/h3>\n<ul>\n<li>Para defender y velar por el derecho a una educaci\u00f3n de calidad, democr\u00e1tica, atendiendo a las necesidades de todos los ni\u00f1os\/as.<\/li>\n<li>Para promover la participaci\u00f3n de padres y madres en la vida del centro, defendiendo los intereses del alumnado y de toda la comunidad educativa.<\/li>\n<li>Para buscar soluciones de forma colectiva a temas relacionados con la ense\u00f1anza y educaci\u00f3n de vuestros\/as hijos\/as.<\/li>\n<li>Para crear espacios de encuentro y trabajo con el resto de los miembros de la comunidad educativa y con el entorno.<\/li>\n<li>Para crear espacios de reflexi\u00f3n y participaci\u00f3n compartida sobre la educaci\u00f3n de vuestros\/as hijos\/as.<\/li>\n<li>Para participar en la gesti\u00f3n del colegio.<\/li>\n<\/ul>\n<h3><strong><span style=\"font-size: 12pt\">\u00bfC\u00f3mo se financia?<\/span><\/strong><\/h3>\n<p>La A.M.P.A.&nbsp; se financia a trav\u00e9s de las cuotas de socios\/as. La cuota de los\/as socios\/as es el \u00fanico pago que realizan las familias y que gestiona la A.M.P.A. para el beneficio exclusivo de la comunidad educativa y en definitiva de la educaci\u00f3n que reciben vuestros\/as hijos\/as en el Centro.<\/p>\n<p>Aqu\u00ed os dejamos una muestra de las actividades organizadas o en las que ha colaborado este curso nuestra A.M.P.A. &#8220;La Alegr\u00eda&#8221;:<\/p>\n<div style=\"width: 1080px;\" class=\"wp-video\"><!--[if lt IE 9]><script>document.createElement('video');<\/script><![endif]-->\n<video class=\"wp-video-shortcode\" id=\"video-1757-1\" width=\"1080\" height=\"608\" preload=\"metadata\" controls=\"controls\"><source type=\"video\/mp4\" src=\"https:\/\/blogsaverroes.juntadeandalucia.es\/ceipfuentealegre\/files\/2024\/02\/Presentaci\u00f3n-Proyecto-Trabajo-Creativo-Infantil-Doodle-Multicolor.mp4?_=1\" \/><a href=\"https:\/\/blogsaverroes.juntadeandalucia.es\/ceipfuentealegre\/files\/2024\/02\/Presentaci\u00f3n-Proyecto-Trabajo-Creativo-Infantil-Doodle-Multicolor.mp4\">https:\/\/blogsaverroes.juntadeandalucia.es\/ceipfuentealegre\/files\/2024\/02\/Presentaci\u00f3n-Proyecto-Trabajo-Creativo-Infantil-Doodle-Multicolor.mp4<\/a><\/video><\/div>\n<p style=\"text-align: center\">&nbsp;<\/p>\n<p>&nbsp;<\/p>\n<p>&nbsp;<\/p>\n","protected":false},"excerpt":{"rendered":"<p>\u00bfQu\u00e9 es la A.M.P.A.? La A.M.P.A. es una asociaci\u00f3n sin \u00e1nimo de lucro que est\u00e1 formada por los padres y madres de todo el alumnado del Colegio. Es un punto de encuentro y de trabajo independiente, abierto y plural. Desde la A.M.P.A. se contribuye a la mejora de la calidad de la educaci\u00f3n, de la [&hellip;]<\/p>\n","protected":false},"author":10626,"featured_media":0,"parent":0,"menu_order":0,"comment_status":"closed","ping_status":"closed","template":"","meta":{"_et_pb_use_builder":"","_et_pb_old_content":"","_et_gb_content_width":"","ngg_post_thumbnail":0,"footnotes":""},"aioseo_notices":[],"_links":{"self":[{"href":"https:\/\/blogsaverroes.juntadeandalucia.es\/ceipfuentealegre\/wp-json\/wp\/v2\/pages\/1757"}],"collection":[{"href":"https:\/\/blogsaverroes.juntadeandalucia.es\/ceipfuentealegre\/wp-json\/wp\/v2\/pages"}],"about":[{"href":"https:\/\/blogsaverroes.juntadeandalucia.es\/ceipfuentealegre\/wp-json\/wp\/v2\/types\/page"}],"author":[{"embeddable":true,"href":"https:\/\/blogsaverroes.juntadeandalucia.es\/ceipfuentealegre\/wp-json\/wp\/v2\/users\/10626"}],"replies":[{"embeddable":true,"href":"https:\/\/blogsaverroes.juntadeandalucia.es\/ceipfuentealegre\/wp-json\/wp\/v2\/comments?post=1757"}],"version-history":[{"count":4,"href":"https:\/\/blogsaverroes.juntadeandalucia.es\/ceipfuentealegre\/wp-json\/wp\/v2\/pages\/1757\/revisions"}],"predecessor-version":[{"id":1764,"href":"https:\/\/blogsaverroes.juntadeandalucia.es\/ceipfuentealegre\/wp-json\/wp\/v2\/pages\/1757\/revisions\/1764"}],"wp:attachment":[{"href":"https:\/\/blogsaverroes.juntadeandalucia.es\/ceipfuentealegre\/wp-json\/wp\/v2\/media?parent=1757"}],"curies":[{"name":"wp","href":"https:\/\/api.w.org\/{rel}","templated":true}]}}