{"id":1777,"date":"2024-02-27T21:29:13","date_gmt":"2024-02-27T20:29:13","guid":{"rendered":"https:\/\/blogsaverroes.juntadeandalucia.es\/ceipfuentealegre\/?page_id=1777"},"modified":"2025-02-23T21:02:43","modified_gmt":"2025-02-23T20:02:43","slug":"comedor-escolar","status":"publish","type":"page","link":"https:\/\/blogsaverroes.juntadeandalucia.es\/ceipfuentealegre\/comedor-escolar\/","title":{"rendered":"Comedor Escolar"},"content":{"rendered":"<div id=\"sidenav-container\">\n<div id=\"content\">\n<div id=\"thumbnails\" role=\"tablist\">\n<div id=\"pageNumber\">El servicio de comedor escolar ofrece comida diaria (dos platos, pan, agua y postre),&nbsp; servida &nbsp;por la empresa Mediterr\u00e1nea, contratado por la Junta de Andaluc\u00eda.<\/div>\n<\/div>\n<\/div>\n<\/div>\n<div>&nbsp;<\/div>\n<div style=\"text-align: center\"><a href=\"https:\/\/andalucia.mediterranea-group.com\/\">\ud83d\udd17<strong>Acceso web padres empresa Mediterr\u00e1nea <\/strong><\/a><\/div>\n<div id=\"sidenav-container\">\n<div id=\"content\">\n<div id=\"thumbnails\" role=\"tablist\">\n<div>&nbsp;<\/div>\n<div>Nuestro servicio de comedor pertenece a la modalidad de <strong>comedor con cocina propia<\/strong> elaborando los men\u00fas a diario en nuestra cocina.<\/div>\n<div>\n<p>El servicio se ofrece de lunes a viernes de 14 a 16 h., y en \u00e9l se pretende que sea continuaci\u00f3n de la tarea educativa. El comedor escolar debe entenderse como un servicio educativo que completa la labor del centro docente, por lo que en \u00e9l deben desarrollarse las siguientes funciones:<\/p>\n<ul>\n<li>Educar en h\u00e1bitos alimentarios saludables utilizando un plan de alimentaci\u00f3n equilibrado.<\/li>\n<li>Promover la adaptaci\u00f3n del alumnado a una diversidad de men\u00fas y a una disciplina que incluya la cortes\u00eda, la tolerancia, la solidaridad y la educaci\u00f3n para la convivencia (educaci\u00f3n en la mesa, postura correcta\u2026).<\/li>\n<li>Ofrecer una planificaci\u00f3n alimentaria que aporte las sustancias nutritivas que los alumnos y alumnas necesitan para su normal desarrollo.<\/li>\n<li>Contribuir a la conciliaci\u00f3n familiar en la medida que facilite a los padres y madres el ejercicio de sus funciones laborales y sociales.<\/li>\n<li>Interesar a las familias en los beneficios que puedan obtenerse de una colaboraci\u00f3n conjunta con los responsables del comedor escolar, tanto en lo referido a la salud como en su educaci\u00f3n nutricional.<\/li>\n<li>Concienciar a las familias en los patrones de conducta adquiridos en el comedor del centro escolar.<\/li>\n<li>Informar y concienciar a los alumnos y alumnas de programas y pr\u00e1cticas de higiene personal: aseo general, lavado de manos, manipulaci\u00f3n en el consumo de alimentos,\u2026<\/li>\n<li>Educar a los alumnos y alumnas en la relaci\u00f3n social: fomento de la comunicaci\u00f3n, la buena convivencia y&nbsp; las buenas relaciones con los compa\u00f1eros y compa\u00f1eras.<\/li>\n<\/ul>\n<p>&nbsp;<\/p>\n<ul>\n<li><a href=\"http:\/\/blogsaverroes.juntadeandalucia.es\/ceipborbolla\/files\/2015\/12\/pdf-icono.gif\"><img loading=\"lazy\" decoding=\"async\" class=\" size-full wp-image-2203 alignleft\" src=\"http:\/\/blogsaverroes.juntadeandalucia.es\/ceipborbolla\/files\/2015\/12\/pdf-icono.gif\" alt=\"pdf-icono\" width=\"18\" height=\"18\"><\/a><a href=\"https:\/\/www.juntadeandalucia.es\/educacion\/portals\/delegate\/content\/6c4342f7-1581-4c26-bc7e-2e49b4b64cee\/Anexo%20II.-%20Servicio%20de%20Aula%20Matinal,%20Comedor%20Escolar%20y%20actividades%20Extraescolares\" target=\"_blank\" rel=\"noopener noreferrer\">Anexo II.- Servicio de Aula Matinal, Comedor Escolar y actividades Extraescolares<\/a><\/li>\n<li><a title=\"Precio servicios complementarios\" href=\"https:\/\/blogsaverroes.juntadeandalucia.es\/ceipfuentealegre\/files\/2025\/02\/ACUERDO-REVISION-DE-CUANTIA-PRECIO-S.-COMP.pdf\"><img loading=\"lazy\" decoding=\"async\" class=\" size-full wp-image-2203 alignleft\" src=\"http:\/\/blogsaverroes.juntadeandalucia.es\/ceipborbolla\/files\/2015\/12\/pdf-icono.gif\" alt=\"pdf-icono\" width=\"18\" height=\"18\">Precios Servicios Complementarios<\/a><\/li>\n<li><a href=\"http:\/\/blogsaverroes.juntadeandalucia.es\/ceipborbolla\/files\/2015\/12\/pdf-icono.gif\"><img loading=\"lazy\" decoding=\"async\" class=\" size-full wp-image-2203 alignleft\" src=\"http:\/\/blogsaverroes.juntadeandalucia.es\/ceipborbolla\/files\/2015\/12\/pdf-icono.gif\" alt=\"pdf-icono\" width=\"18\" height=\"18\"><\/a><a href=\"https:\/\/blogsaverroes.juntadeandalucia.es\/ceipfuentealegre\/files\/2024\/02\/1.-Solicitud__baja-comedor_.pdf\" target=\"_blank\" rel=\"noopener noreferrer\">Solicitud de baja del comedor<\/a><\/li>\n<li><a href=\"http:\/\/blogsaverroes.juntadeandalucia.es\/ceipborbolla\/files\/2015\/12\/pdf-icono.gif\"><img loading=\"lazy\" decoding=\"async\" class=\" size-full wp-image-2203 alignleft\" src=\"http:\/\/blogsaverroes.juntadeandalucia.es\/ceipborbolla\/files\/2015\/12\/pdf-icono.gif\" alt=\"pdf-icono\" width=\"18\" height=\"18\"><\/a><a href=\"http:\/\/www.juntadeandalucia.es\/educacion\/portals\/web\/ced\/comedor-escolar\" target=\"_blank\" rel=\"noopener noreferrer\">Normativa Web Consejer\u00eda Educaci\u00f3n<\/a><\/li>\n<li><a href=\"http:\/\/blogsaverroes.juntadeandalucia.es\/ceipborbolla\/files\/2015\/12\/pdf-icono.gif\"><img loading=\"lazy\" decoding=\"async\" class=\" size-full wp-image-2203 alignleft\" src=\"http:\/\/blogsaverroes.juntadeandalucia.es\/ceipborbolla\/files\/2015\/12\/pdf-icono.gif\" alt=\"pdf-icono\" width=\"18\" height=\"18\"><\/a><a href=\"https:\/\/blogsaverroes.juntadeandalucia.es\/ceipfuentealegre\/files\/2024\/02\/REGISTRO-WEB-PADRES-005.pdf\" target=\"_blank\" rel=\"noopener noreferrer\">Manual registro web padres empresa Mediterr\u00e1nea<\/a><\/li>\n<li><a title=\"Carta presentaci\u00f3n empresa Mediterr\u00e1nea curso 2024\/2025\" href=\"https:\/\/blogsaverroes.juntadeandalucia.es\/ceipfuentealegre\/files\/2025\/02\/CARTA-PRESENTACION-CURSO-2024-25.pdf\"><img loading=\"lazy\" decoding=\"async\" class=\" size-full wp-image-2203 alignleft\" src=\"http:\/\/blogsaverroes.juntadeandalucia.es\/ceipborbolla\/files\/2015\/12\/pdf-icono.gif\" alt=\"pdf-icono\" width=\"18\" height=\"18\">Carta presentaci\u00f3n empresa Mediterr\u00e1nea curso 2024\/2025<\/a><\/li>\n<\/ul>\n<\/div>\n<\/div>\n<\/div>\n<\/div>\n<p style=\"text-align: center\">&nbsp;<\/p>\n","protected":false},"excerpt":{"rendered":"<p>El servicio de comedor escolar ofrece comida diaria (dos platos, pan, agua y postre),&nbsp; servida &nbsp;por la empresa Mediterr\u00e1nea, contratado por la Junta de Andaluc\u00eda. &nbsp; \ud83d\udd17Acceso web padres empresa Mediterr\u00e1nea &nbsp; Nuestro servicio de comedor pertenece a la modalidad de comedor con cocina propia elaborando los men\u00fas a diario en nuestra cocina. El servicio [&hellip;]<\/p>\n","protected":false},"author":10626,"featured_media":0,"parent":0,"menu_order":0,"comment_status":"closed","ping_status":"closed","template":"","meta":{"_et_pb_use_builder":"","_et_pb_old_content":"","_et_gb_content_width":"","ngg_post_thumbnail":0,"footnotes":""},"aioseo_notices":[],"_links":{"self":[{"href":"https:\/\/blogsaverroes.juntadeandalucia.es\/ceipfuentealegre\/wp-json\/wp\/v2\/pages\/1777"}],"collection":[{"href":"https:\/\/blogsaverroes.juntadeandalucia.es\/ceipfuentealegre\/wp-json\/wp\/v2\/pages"}],"about":[{"href":"https:\/\/blogsaverroes.juntadeandalucia.es\/ceipfuentealegre\/wp-json\/wp\/v2\/types\/page"}],"author":[{"embeddable":true,"href":"https:\/\/blogsaverroes.juntadeandalucia.es\/ceipfuentealegre\/wp-json\/wp\/v2\/users\/10626"}],"replies":[{"embeddable":true,"href":"https:\/\/blogsaverroes.juntadeandalucia.es\/ceipfuentealegre\/wp-json\/wp\/v2\/comments?post=1777"}],"version-history":[{"count":17,"href":"https:\/\/blogsaverroes.juntadeandalucia.es\/ceipfuentealegre\/wp-json\/wp\/v2\/pages\/1777\/revisions"}],"predecessor-version":[{"id":2262,"href":"https:\/\/blogsaverroes.juntadeandalucia.es\/ceipfuentealegre\/wp-json\/wp\/v2\/pages\/1777\/revisions\/2262"}],"wp:attachment":[{"href":"https:\/\/blogsaverroes.juntadeandalucia.es\/ceipfuentealegre\/wp-json\/wp\/v2\/media?parent=1777"}],"curies":[{"name":"wp","href":"https:\/\/api.w.org\/{rel}","templated":true}]}}