{"id":1794,"date":"2024-02-28T09:17:49","date_gmt":"2024-02-28T08:17:49","guid":{"rendered":"https:\/\/blogsaverroes.juntadeandalucia.es\/ceipfuentealegre\/?page_id=1794"},"modified":"2025-02-23T21:08:06","modified_gmt":"2025-02-23T20:08:06","slug":"actividades-extraescolares","status":"publish","type":"page","link":"https:\/\/blogsaverroes.juntadeandalucia.es\/ceipfuentealegre\/actividades-extraescolares\/","title":{"rendered":"Actividades Extraescolares"},"content":{"rendered":"<p>La empresa encargada de realizar estas actividades es Anthea. Se realizan en horario de tarde de lunes a jueves. Cada taller se imparte dos d\u00edas a la semana, con una duraci\u00f3n de 1h. por sesi\u00f3n, a excepci\u00f3n del taller de cocina creativa que, por sus caracter\u00edsticas, se realiza un d\u00eda de la semana y tiene una duraci\u00f3n de 2h.<\/p>\n<p>Aqu\u00ed puede descargar los documentos necesarios para la solicitud de las actividades extraescolares que tiene programadas el Centro para este Curso y adem\u00e1s, encontrar\u00e1 informaci\u00f3n que puede resultar de inter\u00e9s:<\/p>\n<ul>\n<li><a href=\"http:\/\/blogsaverroes.juntadeandalucia.es\/ceipborbolla\/files\/2015\/12\/pdf-icono.gif\"><img loading=\"lazy\" decoding=\"async\" class=\"alignleft wp-image-2203 size-full\" src=\"https:\/\/blogsaverroes.juntadeandalucia.es\/ceipborbolla\/files\/2015\/12\/pdf-icono.gif\" alt=\"\" width=\"18\" height=\"18\"><\/a><a href=\"https:\/\/www.juntadeandalucia.es\/educacion\/portals\/delegate\/content\/6c4342f7-1581-4c26-bc7e-2e49b4b64cee\/Anexo%20II.-%20Servicio%20de%20Aula%20Matinal,%20Comedor%20Escolar%20y%20actividades%20Extraescolares\" target=\"_blank\" rel=\"noopener noreferrer\">Anexo II.- Servicio de Aula Matinal, Comedor Escolar y actividades Extraescolares<\/a><\/li>\n<li><a href=\"http:\/\/blogsaverroes.juntadeandalucia.es\/ceipborbolla\/files\/2015\/12\/pdf-icono.gif\"><img loading=\"lazy\" decoding=\"async\" class=\"alignleft wp-image-2203 size-full\" src=\"http:\/\/blogsaverroes.juntadeandalucia.es\/ceipborbolla\/files\/2015\/12\/pdf-icono.gif\" alt=\"\" width=\"18\" height=\"18\"><\/a><a href=\"https:\/\/blogsaverroes.juntadeandalucia.es\/ceipfuentealegre\/files\/2024\/02\/3_Solicitud_baja-Actividades_Extraescolares_.pdf\" target=\"_blank\" rel=\"noopener noreferrer\">Solicitud de baja actividades extraescolares<\/a><\/li>\n<li><a href=\"http:\/\/blogsaverroes.juntadeandalucia.es\/ceipborbolla\/files\/2015\/12\/pdf-icono.gif\"><img loading=\"lazy\" decoding=\"async\" class=\"alignleft wp-image-2203 size-full\" src=\"http:\/\/blogsaverroes.juntadeandalucia.es\/ceipborbolla\/files\/2015\/12\/pdf-icono.gif\" alt=\"\" width=\"18\" height=\"18\"><\/a><a href=\"http:\/\/www.juntadeandalucia.es\/educacion\/portals\/web\/ced\/actividades-extraescolares\" target=\"_blank\" rel=\"noopener noreferrer\">Normativa Web Consejer\u00eda Educaci\u00f3n<\/a><\/li>\n<li><a title=\"Precio servicios complementarios\" href=\"https:\/\/blogsaverroes.juntadeandalucia.es\/ceipfuentealegre\/files\/2025\/02\/ACUERDO-REVISION-DE-CUANTIA-PRECIO-S.-COMP.pdf\"><img loading=\"lazy\" decoding=\"async\" class=\"alignleft wp-image-2203 size-full\" src=\"http:\/\/blogsaverroes.juntadeandalucia.es\/ceipborbolla\/files\/2015\/12\/pdf-icono.gif\" alt=\"\" width=\"18\" height=\"18\">Precios Servicios Complementarios curso 2024\/2025<\/a><\/li>\n<\/ul>\n<p>&nbsp;<\/p>\n<p><span style=\"text-decoration: underline\">Las actividades que se desarrollan finalmente este curso escolar son<\/span>:&nbsp;<\/p>\n<p><strong>COCINA CREATIVA<\/strong> (Infantil y Primaria):&nbsp; &nbsp; &nbsp; &nbsp; &nbsp; &nbsp; &nbsp; &nbsp; &nbsp; lunes 16-18 h&nbsp;<\/p>\n<p><strong>BAILE MODERNO\/ZUMBA<\/strong> (Primaria):&nbsp; &nbsp; &nbsp; &nbsp; &nbsp; lunes y mi\u00e9rcoles 16-17 h&nbsp; &nbsp;<\/p>\n<p><strong>MULTIDEPORTE 1\/JUEGOS INFANTILES&nbsp;<\/strong> (Infantil y a 2\u00ba de Primaria):&nbsp; &nbsp; &nbsp; lunes y mi\u00e9rcoles&nbsp; 16-17 h&nbsp; &nbsp; &nbsp;<\/p>\n<p><strong>INGL\u00c9S<\/strong> (Primaria):&nbsp; &nbsp; &nbsp; martes y jueves&nbsp; &nbsp;16-17 h&nbsp; &nbsp;&nbsp;<\/p>\n<p><strong>GIMNASIA R\u00cdTMICA<\/strong> (Infantil 5 a\u00f1os a 6\u00ba Primaria):&nbsp; &nbsp; &nbsp; martes y jueves&nbsp; &nbsp;16-17 h&nbsp; &nbsp;&nbsp;<\/p>\n<p><strong>MULTIDEPORTE 2<\/strong> (3\u00ba a 6\u00ba Primaria):&nbsp; &nbsp; &nbsp; martes y jueves&nbsp; &nbsp;16-17 h&nbsp; &nbsp;&nbsp;<\/p>\n","protected":false},"excerpt":{"rendered":"<p>La empresa encargada de realizar estas actividades es Anthea. Se realizan en horario de tarde de lunes a jueves. Cada taller se imparte dos d\u00edas a la semana, con una duraci\u00f3n de 1h. por sesi\u00f3n, a excepci\u00f3n del taller de cocina creativa que, por sus caracter\u00edsticas, se realiza un d\u00eda de la semana y tiene [&hellip;]<\/p>\n","protected":false},"author":10626,"featured_media":0,"parent":0,"menu_order":0,"comment_status":"closed","ping_status":"closed","template":"","meta":{"_et_pb_use_builder":"","_et_pb_old_content":"","_et_gb_content_width":"","ngg_post_thumbnail":0,"footnotes":""},"aioseo_notices":[],"_links":{"self":[{"href":"https:\/\/blogsaverroes.juntadeandalucia.es\/ceipfuentealegre\/wp-json\/wp\/v2\/pages\/1794"}],"collection":[{"href":"https:\/\/blogsaverroes.juntadeandalucia.es\/ceipfuentealegre\/wp-json\/wp\/v2\/pages"}],"about":[{"href":"https:\/\/blogsaverroes.juntadeandalucia.es\/ceipfuentealegre\/wp-json\/wp\/v2\/types\/page"}],"author":[{"embeddable":true,"href":"https:\/\/blogsaverroes.juntadeandalucia.es\/ceipfuentealegre\/wp-json\/wp\/v2\/users\/10626"}],"replies":[{"embeddable":true,"href":"https:\/\/blogsaverroes.juntadeandalucia.es\/ceipfuentealegre\/wp-json\/wp\/v2\/comments?post=1794"}],"version-history":[{"count":7,"href":"https:\/\/blogsaverroes.juntadeandalucia.es\/ceipfuentealegre\/wp-json\/wp\/v2\/pages\/1794\/revisions"}],"predecessor-version":[{"id":2263,"href":"https:\/\/blogsaverroes.juntadeandalucia.es\/ceipfuentealegre\/wp-json\/wp\/v2\/pages\/1794\/revisions\/2263"}],"wp:attachment":[{"href":"https:\/\/blogsaverroes.juntadeandalucia.es\/ceipfuentealegre\/wp-json\/wp\/v2\/media?parent=1794"}],"curies":[{"name":"wp","href":"https:\/\/api.w.org\/{rel}","templated":true}]}}