{"id":1813,"date":"2024-02-28T19:52:44","date_gmt":"2024-02-28T18:52:44","guid":{"rendered":"https:\/\/blogsaverroes.juntadeandalucia.es\/ceipfuentealegre\/?page_id=1813"},"modified":"2024-02-28T20:05:43","modified_gmt":"2024-02-28T19:05:43","slug":"escuela-espacio-de-paz","status":"publish","type":"page","link":"https:\/\/blogsaverroes.juntadeandalucia.es\/ceipfuentealegre\/escuela-espacio-de-paz\/","title":{"rendered":"&#8220;Escuela: Espacio de Paz&#8221;"},"content":{"rendered":"<p>La Red Andaluza \u00abEscuela: Espacio de Paz\u00bb es una red de centros interesados en compartir iniciativas, recursos y experiencias para la mejora de la convivencia escolar y la difusi\u00f3n de la Cultura de Paz, contrayendo un compromiso de profundizaci\u00f3n en aspectos concretos de nuestro Plan de Convivencia.&nbsp;<\/p>\n<p>Entre las se\u00f1as de identidad de los centros que integran la Red Andaluza \u00abEscuela: Espacio de Paz\u00bb destacan la <strong>promoci\u00f3n de los valores propios de una sociedad democr\u00e1tica<\/strong>, <strong>el respeto mutuo<\/strong>, <strong>la igualdad<\/strong>, <strong>el di\u00e1logo<\/strong>, <strong>la solidaridad<\/strong> y <strong>la resoluci\u00f3n pac\u00edfica de los conflictos<\/strong>, contando con la <strong>participaci\u00f3n de toda la comunidad educativa<\/strong> en la vida de los centros y la vinculaci\u00f3n e implicaci\u00f3n con su entorno.<\/p>\n<p>Desde la \u00abEscuela: Espacio de Paz\u00bb se proponen seis \u00e1mbitos de actuaci\u00f3n y profundizaci\u00f3n para la mejora de la convivencia escolar:<\/p>\n<ul>\n<li>&nbsp;&nbsp;&nbsp; Mejora desde la gesti\u00f3n y organizaci\u00f3n.<\/li>\n<li>&nbsp;&nbsp;&nbsp; Desarrollo de la participaci\u00f3n.<\/li>\n<li>&nbsp;&nbsp;&nbsp; Promoci\u00f3n de la convivencia: desarrollo de valores, actitudes, habilidades y h\u00e1bitos.<\/li>\n<li>&nbsp;&nbsp;&nbsp; Prevenci\u00f3n de situaciones de riesgo para la convivencia.<\/li>\n<li>&nbsp;&nbsp;&nbsp; Intervenci\u00f3n ante conductas contrarias a la convivencia.<\/li>\n<li>&nbsp;&nbsp;&nbsp; Reeducaci\u00f3n de actitudes y restauraci\u00f3n de la convivencia.<\/li>\n<\/ul>\n<p>En definitiva, el objetivo principal es la adquisici\u00f3n por parte de todos los miembros de la comunidad educativa de una cultura de paz y no violencia que nos sea \u00fatil en la vida del Centro y se proyecte en la sociedad, lo que se traduce en:<\/p>\n<p>I) Respeto a los derechos y libertades, la tolerancia y la solidaridad.<br \/>\nII) Promoci\u00f3n de actitudes responsables y respetuosas, tanto con las personas como con los bienes materiales.<br \/>\nIII) Compromiso con la paz.<br \/>\nIV) Potenciar los valores democr\u00e1ticos, los h\u00e1bitos de convivencia y el respeto mutuo.<br \/>\nV) Promover la formaci\u00f3n plena del alumnado como persona.<\/p>\n<p>Aqu\u00ed os dejamos una peque\u00f1a muestra de las actividades realizadas dentro de este Plan:<\/p>\n<div style=\"width: 754px;\" class=\"wp-video\"><!--[if lt IE 9]><script>document.createElement('video');<\/script><![endif]-->\n<video class=\"wp-video-shortcode\" id=\"video-1813-1\" width=\"754\" height=\"1132\" preload=\"metadata\" controls=\"controls\"><source type=\"video\/mp4\" src=\"https:\/\/blogsaverroes.juntadeandalucia.es\/ceipfuentealegre\/files\/2024\/02\/Pink-Minimalist-Aesthetic-Photo-Collage.mp4?_=1\" \/><a href=\"https:\/\/blogsaverroes.juntadeandalucia.es\/ceipfuentealegre\/files\/2024\/02\/Pink-Minimalist-Aesthetic-Photo-Collage.mp4\">https:\/\/blogsaverroes.juntadeandalucia.es\/ceipfuentealegre\/files\/2024\/02\/Pink-Minimalist-Aesthetic-Photo-Collage.mp4<\/a><\/video><\/div>\n<p style=\"text-align: center\">&nbsp;<\/p>\n<p>&nbsp;<\/p>\n","protected":false},"excerpt":{"rendered":"<p>La Red Andaluza \u00abEscuela: Espacio de Paz\u00bb es una red de centros interesados en compartir iniciativas, recursos y experiencias para la mejora de la convivencia escolar y la difusi\u00f3n de la Cultura de Paz, contrayendo un compromiso de profundizaci\u00f3n en aspectos concretos de nuestro Plan de Convivencia.&nbsp; Entre las se\u00f1as de identidad de los centros [&hellip;]<\/p>\n","protected":false},"author":10626,"featured_media":0,"parent":0,"menu_order":0,"comment_status":"closed","ping_status":"closed","template":"","meta":{"_et_pb_use_builder":"","_et_pb_old_content":"","_et_gb_content_width":"","ngg_post_thumbnail":0,"footnotes":""},"aioseo_notices":[],"_links":{"self":[{"href":"https:\/\/blogsaverroes.juntadeandalucia.es\/ceipfuentealegre\/wp-json\/wp\/v2\/pages\/1813"}],"collection":[{"href":"https:\/\/blogsaverroes.juntadeandalucia.es\/ceipfuentealegre\/wp-json\/wp\/v2\/pages"}],"about":[{"href":"https:\/\/blogsaverroes.juntadeandalucia.es\/ceipfuentealegre\/wp-json\/wp\/v2\/types\/page"}],"author":[{"embeddable":true,"href":"https:\/\/blogsaverroes.juntadeandalucia.es\/ceipfuentealegre\/wp-json\/wp\/v2\/users\/10626"}],"replies":[{"embeddable":true,"href":"https:\/\/blogsaverroes.juntadeandalucia.es\/ceipfuentealegre\/wp-json\/wp\/v2\/comments?post=1813"}],"version-history":[{"count":3,"href":"https:\/\/blogsaverroes.juntadeandalucia.es\/ceipfuentealegre\/wp-json\/wp\/v2\/pages\/1813\/revisions"}],"predecessor-version":[{"id":1817,"href":"https:\/\/blogsaverroes.juntadeandalucia.es\/ceipfuentealegre\/wp-json\/wp\/v2\/pages\/1813\/revisions\/1817"}],"wp:attachment":[{"href":"https:\/\/blogsaverroes.juntadeandalucia.es\/ceipfuentealegre\/wp-json\/wp\/v2\/media?parent=1813"}],"curies":[{"name":"wp","href":"https:\/\/api.w.org\/{rel}","templated":true}]}}