{"id":1819,"date":"2024-02-28T20:12:53","date_gmt":"2024-02-28T19:12:53","guid":{"rendered":"https:\/\/blogsaverroes.juntadeandalucia.es\/ceipfuentealegre\/?page_id=1819"},"modified":"2024-02-28T20:21:24","modified_gmt":"2024-02-28T19:21:24","slug":"tde-2","status":"publish","type":"page","link":"https:\/\/blogsaverroes.juntadeandalucia.es\/ceipfuentealegre\/tde-2\/","title":{"rendered":"TDE"},"content":{"rendered":"<p style=\"text-align: justify;background: white;vertical-align: baseline;margin: 3.0pt 0cm 9.0pt 0cm\"><span style=\"font-size: 11.5pt;font-family: 'Arial',sans-serif;color: #303030\">El concepto de Transformaci\u00f3n Digital Educativa (TDE) incluye el conjunto de actuaciones orientadas a la mejora y modernizaci\u00f3n de los procesos, los procedimientos, los h\u00e1bitos y comportamientos de las organizaciones educativas y de las personas que, haciendo uso de las tecnolog\u00edas digitales, desarrollen su capacidad de hacer frente a los retos de la sociedad actual. <\/span><\/p>\n<p style=\"text-align: justify;background: white;vertical-align: baseline;margin: 3.0pt 0cm 9.0pt 0cm\"><span style=\"font-size: 11.5pt;font-family: 'Arial',sans-serif;color: #303030\">De esta forma, la TDE supondr\u00e1 una contribuci\u00f3n en el aprendizaje competencial, en la consecuci\u00f3n de los resultados de aprendizaje del alumnado y en el acceso a las tecnolog\u00edas desde un principio de equidad, bas\u00e1ndonos en los Marcos de Referencia Europeos relativos a la competencia digital. <\/span><\/p>\n<p style=\"text-align: justify;background: white;vertical-align: baseline;margin: 3.0pt 0cm 9.0pt 0cm\"><span style=\"font-size: 11.5pt;font-family: 'Arial',sans-serif;color: #303030\">Tiene como punto de partida el diagn\u00f3stico del centro realizado a principios de curso y se desarrolla a trav\u00e9s del Plan de Actuaci\u00f3n Digital y el Plan de Formaci\u00f3n del Profesorado. Dicha Transformaci\u00f3n digital educativa engloba tres \u00e1mbitos de actuaci\u00f3n: el de organizaci\u00f3n y gesti\u00f3n de los centros docentes, el de los procesos de ense\u00f1anza-aprendizaje, y el de la informaci\u00f3n y comunicaci\u00f3n, tanto interna como externa. <\/span><\/p>\n<p style=\"text-align: justify;background: white;vertical-align: baseline;margin: 3.0pt 0cm 9.0pt 0cm\"><span style=\"font-size: 11.5pt;font-family: 'Arial',sans-serif;color: #303030\">Algunas de las actuaciones llevadas a cabo dentro de nuestro Plan de Actuaci\u00f3n Digital son: <\/span><\/p>\n<p style=\"text-align: justify;background: white;vertical-align: baseline;margin: 3.0pt 0cm 9.0pt 0cm\"><span style=\"font-size: 11.5pt;font-family: 'Arial',sans-serif;color: #303030\">&#8211; Formaci\u00f3n del profesorado en herramientas digitales. <\/span><\/p>\n<p style=\"text-align: justify;background: white;vertical-align: baseline;margin: 3.0pt 0cm 9.0pt 0cm\"><span style=\"font-size: 11.5pt;font-family: 'Arial',sans-serif;color: #303030\">&#8211; Digitalizaci\u00f3n de las aulas con port\u00e1tiles y pizarras o proyectores en las mismas. <\/span><\/p>\n<p style=\"text-align: justify;background: white;vertical-align: baseline;margin: 3.0pt 0cm 9.0pt 0cm\"><span style=\"font-size: 11.5pt;font-family: 'Arial',sans-serif;color: #303030\">&#8211; Cobertura wifi en todas las dependencias del centro. <\/span><\/p>\n<p style=\"text-align: justify;background: white;vertical-align: baseline;margin: 3.0pt 0cm 9.0pt 0cm\"><span style=\"font-size: 11.5pt;font-family: 'Arial',sans-serif;color: #303030\">&#8211; Aula de inform\u00e1tica con dispositivos chromebook para todo el alumnado. <\/span><\/p>\n<p style=\"text-align: justify;background: white;vertical-align: baseline;margin: 3.0pt 0cm 9.0pt 0cm\"><span style=\"font-size: 11.5pt;font-family: 'Arial',sans-serif;color: #303030\">&#8211; Trabajo en el aula de inform\u00e1tica donde se desarrollan m\u00faltiples herramientas digitales. <\/span><\/p>\n<p style=\"text-align: justify;background: white;vertical-align: baseline;margin: 3.0pt 0cm 9.0pt 0cm\"><span style=\"font-size: 11.5pt;font-family: 'Arial',sans-serif;color: #303030\">&#8211; Formaci\u00f3n del alumnado en nuevas tecnolog\u00edas en colaboraci\u00f3n con el Programa PROA+ desarrollado tambi\u00e9n en nuestro centro. <\/span><\/p>\n<p style=\"text-align: justify;background: white;vertical-align: baseline;margin: 3.0pt 0cm 9.0pt 0cm\"><span style=\"font-size: 11.5pt;font-family: 'Arial',sans-serif;color: #303030\">&#8211; Puntos de digitalizaci\u00f3n en biblioteca para el uso del alumnado, profesorado y familias. <\/span><\/p>\n<p style=\"text-align: justify;background: white;vertical-align: baseline;margin: 3.0pt 0cm 9.0pt 0cm\"><span style=\"font-size: 11.5pt;font-family: 'Arial',sans-serif;color: #303030\">&#8211; Creaci\u00f3n de puntos de digitalizaci\u00f3n en las aulas de 3\u00ba ciclo.<\/span><\/p>\n<p>&nbsp;<\/p>\n<p>&nbsp;<\/p>\n<p>&nbsp;<\/p>\n<p style=\"text-align: justify;background: white;vertical-align: baseline;margin: 3.0pt 0cm 9.0pt 0cm\">&nbsp;<\/p>\n","protected":false},"excerpt":{"rendered":"<p>El concepto de Transformaci\u00f3n Digital Educativa (TDE) incluye el conjunto de actuaciones orientadas a la mejora y modernizaci\u00f3n de los procesos, los procedimientos, los h\u00e1bitos y comportamientos de las organizaciones educativas y de las personas que, haciendo uso de las tecnolog\u00edas digitales, desarrollen su capacidad de hacer frente a los retos de la sociedad actual. [&hellip;]<\/p>\n","protected":false},"author":10626,"featured_media":0,"parent":0,"menu_order":0,"comment_status":"closed","ping_status":"closed","template":"","meta":{"_et_pb_use_builder":"","_et_pb_old_content":"","_et_gb_content_width":"","ngg_post_thumbnail":0,"footnotes":""},"aioseo_notices":[],"_links":{"self":[{"href":"https:\/\/blogsaverroes.juntadeandalucia.es\/ceipfuentealegre\/wp-json\/wp\/v2\/pages\/1819"}],"collection":[{"href":"https:\/\/blogsaverroes.juntadeandalucia.es\/ceipfuentealegre\/wp-json\/wp\/v2\/pages"}],"about":[{"href":"https:\/\/blogsaverroes.juntadeandalucia.es\/ceipfuentealegre\/wp-json\/wp\/v2\/types\/page"}],"author":[{"embeddable":true,"href":"https:\/\/blogsaverroes.juntadeandalucia.es\/ceipfuentealegre\/wp-json\/wp\/v2\/users\/10626"}],"replies":[{"embeddable":true,"href":"https:\/\/blogsaverroes.juntadeandalucia.es\/ceipfuentealegre\/wp-json\/wp\/v2\/comments?post=1819"}],"version-history":[{"count":4,"href":"https:\/\/blogsaverroes.juntadeandalucia.es\/ceipfuentealegre\/wp-json\/wp\/v2\/pages\/1819\/revisions"}],"predecessor-version":[{"id":1823,"href":"https:\/\/blogsaverroes.juntadeandalucia.es\/ceipfuentealegre\/wp-json\/wp\/v2\/pages\/1819\/revisions\/1823"}],"wp:attachment":[{"href":"https:\/\/blogsaverroes.juntadeandalucia.es\/ceipfuentealegre\/wp-json\/wp\/v2\/media?parent=1819"}],"curies":[{"name":"wp","href":"https:\/\/api.w.org\/{rel}","templated":true}]}}