{"id":1860,"date":"2024-02-29T13:32:50","date_gmt":"2024-02-29T12:32:50","guid":{"rendered":"https:\/\/blogsaverroes.juntadeandalucia.es\/ceipfuentealegre\/?page_id=1860"},"modified":"2024-02-29T13:36:09","modified_gmt":"2024-02-29T12:36:09","slug":"presentacion-telematica-solicitud-de-admision","status":"publish","type":"page","link":"https:\/\/blogsaverroes.juntadeandalucia.es\/ceipfuentealegre\/presentacion-telematica-solicitud-de-admision\/","title":{"rendered":"Presentaci\u00f3n telem\u00e1tica solicitud de admisi\u00f3n"},"content":{"rendered":"<table>\n<tbody>\n<tr>\n<td>\n<h4><span style=\"font-size: 12pt\">1. Descripci\u00f3n del procedimiento de presentaci\u00f3n de solicitud telem\u00e1tica de admisi\u00f3n en los centros educativos andaluces.<\/span><\/h4>\n<\/td>\n<\/tr>\n<tr>\n<td><iframe loading=\"lazy\" src=\"https:\/\/www.youtube.com\/embed\/ksm-g4kbVnQ\" width=\"560\" height=\"315\" frameborder=\"0\"><\/iframe><\/td>\n<\/tr>\n<\/tbody>\n<\/table>\n<p>&nbsp;<\/p>\n<table>\n<tbody>\n<tr>\n<td>\n<h4><span style=\"font-size: 12pt\">2. Descripci\u00f3n del procedimiento de presentaci\u00f3n de solicitud telem\u00e1tica de admisi\u00f3n en los centros educativos andaluces (sin certificado digital)<\/span><\/h4>\n<\/td>\n<\/tr>\n<tr>\n<td><iframe loading=\"lazy\" src=\"https:\/\/www.youtube.com\/embed\/0jzsoje-GyQ\" width=\"560\" height=\"315\" frameborder=\"0\"><\/iframe><\/td>\n<\/tr>\n<\/tbody>\n<\/table>\n","protected":false},"excerpt":{"rendered":"<p>1. Descripci\u00f3n del procedimiento de presentaci\u00f3n de solicitud telem\u00e1tica de admisi\u00f3n en los centros educativos andaluces. &nbsp; 2. Descripci\u00f3n del procedimiento de presentaci\u00f3n de solicitud telem\u00e1tica de admisi\u00f3n en los centros educativos andaluces (sin certificado digital)<\/p>\n","protected":false},"author":10626,"featured_media":0,"parent":0,"menu_order":0,"comment_status":"closed","ping_status":"closed","template":"","meta":{"_et_pb_use_builder":"","_et_pb_old_content":"","_et_gb_content_width":"","ngg_post_thumbnail":0,"footnotes":""},"aioseo_notices":[],"_links":{"self":[{"href":"https:\/\/blogsaverroes.juntadeandalucia.es\/ceipfuentealegre\/wp-json\/wp\/v2\/pages\/1860"}],"collection":[{"href":"https:\/\/blogsaverroes.juntadeandalucia.es\/ceipfuentealegre\/wp-json\/wp\/v2\/pages"}],"about":[{"href":"https:\/\/blogsaverroes.juntadeandalucia.es\/ceipfuentealegre\/wp-json\/wp\/v2\/types\/page"}],"author":[{"embeddable":true,"href":"https:\/\/blogsaverroes.juntadeandalucia.es\/ceipfuentealegre\/wp-json\/wp\/v2\/users\/10626"}],"replies":[{"embeddable":true,"href":"https:\/\/blogsaverroes.juntadeandalucia.es\/ceipfuentealegre\/wp-json\/wp\/v2\/comments?post=1860"}],"version-history":[{"count":1,"href":"https:\/\/blogsaverroes.juntadeandalucia.es\/ceipfuentealegre\/wp-json\/wp\/v2\/pages\/1860\/revisions"}],"predecessor-version":[{"id":1861,"href":"https:\/\/blogsaverroes.juntadeandalucia.es\/ceipfuentealegre\/wp-json\/wp\/v2\/pages\/1860\/revisions\/1861"}],"wp:attachment":[{"href":"https:\/\/blogsaverroes.juntadeandalucia.es\/ceipfuentealegre\/wp-json\/wp\/v2\/media?parent=1860"}],"curies":[{"name":"wp","href":"https:\/\/api.w.org\/{rel}","templated":true}]}}