{"id":1952,"date":"2024-03-01T13:52:47","date_gmt":"2024-03-01T12:52:47","guid":{"rendered":"https:\/\/blogsaverroes.juntadeandalucia.es\/ceipfuentealegre\/?page_id=1952"},"modified":"2024-03-01T14:24:59","modified_gmt":"2024-03-01T13:24:59","slug":"tutorial-autorregistro-en-ipasen","status":"publish","type":"page","link":"https:\/\/blogsaverroes.juntadeandalucia.es\/ceipfuentealegre\/tutorial-autorregistro-en-ipasen\/","title":{"rendered":"Tutorial autorregistro en iPASEN"},"content":{"rendered":"<p>&nbsp;<\/p>\n<table>\n<tbody>\n<tr>\n<td><span style=\"color: #000000;font-size: 12pt\">Este tutorial sirve para ayudar a las familias a realizar el autorregistro o autologin en iPASEN: para los padres o madres que a\u00fan no se han instalado la aplicaci\u00f3n, para aquellas familias nuevas que tengan problemas de acceso cuando provienen de otro centro o para las familias que se matriculan por primera vez en nuestro colegio.<\/span><\/p>\n<p><span style=\"color: #000000;font-size: 12pt\">Les recordamos que en primer lugar deber\u00e1n instalar la aplicaci\u00f3n. Si ya la ten\u00edan deber\u00e1n desinstal\u00e1rsela e instalarla de nuevo.<\/span><\/td>\n<\/tr>\n<tr>\n<td><iframe loading=\"lazy\" src=\"\/\/www.youtube.com\/embed\/Gywfd_XncSA?si=PeX4naLGXQ3bKL9c\" width=\"560\" height=\"315\" frameborder=\"0\"><\/iframe><\/td>\n<\/tr>\n<\/tbody>\n<\/table>\n<p>&nbsp;<\/p>\n<p>&nbsp;<\/p>\n","protected":false},"excerpt":{"rendered":"<p>&nbsp; Este tutorial sirve para ayudar a las familias a realizar el autorregistro o autologin en iPASEN: para los padres o madres que a\u00fan no se han instalado la aplicaci\u00f3n, para aquellas familias nuevas que tengan problemas de acceso cuando provienen de otro centro o para las familias que se matriculan por primera vez en [&hellip;]<\/p>\n","protected":false},"author":10626,"featured_media":0,"parent":0,"menu_order":0,"comment_status":"closed","ping_status":"closed","template":"","meta":{"_et_pb_use_builder":"","_et_pb_old_content":"","_et_gb_content_width":"","ngg_post_thumbnail":0,"footnotes":""},"aioseo_notices":[],"_links":{"self":[{"href":"https:\/\/blogsaverroes.juntadeandalucia.es\/ceipfuentealegre\/wp-json\/wp\/v2\/pages\/1952"}],"collection":[{"href":"https:\/\/blogsaverroes.juntadeandalucia.es\/ceipfuentealegre\/wp-json\/wp\/v2\/pages"}],"about":[{"href":"https:\/\/blogsaverroes.juntadeandalucia.es\/ceipfuentealegre\/wp-json\/wp\/v2\/types\/page"}],"author":[{"embeddable":true,"href":"https:\/\/blogsaverroes.juntadeandalucia.es\/ceipfuentealegre\/wp-json\/wp\/v2\/users\/10626"}],"replies":[{"embeddable":true,"href":"https:\/\/blogsaverroes.juntadeandalucia.es\/ceipfuentealegre\/wp-json\/wp\/v2\/comments?post=1952"}],"version-history":[{"count":4,"href":"https:\/\/blogsaverroes.juntadeandalucia.es\/ceipfuentealegre\/wp-json\/wp\/v2\/pages\/1952\/revisions"}],"predecessor-version":[{"id":1957,"href":"https:\/\/blogsaverroes.juntadeandalucia.es\/ceipfuentealegre\/wp-json\/wp\/v2\/pages\/1952\/revisions\/1957"}],"wp:attachment":[{"href":"https:\/\/blogsaverroes.juntadeandalucia.es\/ceipfuentealegre\/wp-json\/wp\/v2\/media?parent=1952"}],"curies":[{"name":"wp","href":"https:\/\/api.w.org\/{rel}","templated":true}]}}