{"id":2170,"date":"2024-11-25T18:29:03","date_gmt":"2024-11-25T17:29:03","guid":{"rendered":"https:\/\/blogsaverroes.juntadeandalucia.es\/ceipfuentealegre\/?page_id=2170"},"modified":"2025-02-23T18:43:51","modified_gmt":"2025-02-23T17:43:51","slug":"plan-de-centro-2","status":"publish","type":"page","link":"https:\/\/blogsaverroes.juntadeandalucia.es\/ceipfuentealegre\/plan-de-centro-2\/","title":{"rendered":"Plan de Centro"},"content":{"rendered":"<p><span style=\"font-size: 10pt;color: #000000\">En el CEIP Fuente Alegre, trabajamos cada curso escolar para ofrecer a nuestro alumnado una educaci\u00f3n integral, de calidad y adaptada a sus necesidades. Nuestro <strong>Plan de Centro<\/strong> es el documento que recoge los principios organizativos, pedag\u00f3gicos y de gesti\u00f3n que gu\u00edan nuestro proyecto educativo. Este plan, elaborado y revisado con la participaci\u00f3n de toda la comunidad educativa, asegura que nuestra labor docente se desarrolle con rigor y transparencia.<\/span><\/p>\n<h4><span style=\"font-size: 12pt\"><strong>Documentos del Plan de Centro<\/strong><\/span><\/h4>\n<p><span style=\"font-size: 10pt;color: #000000\">El <strong>Plan de Centro<\/strong> se estructura en tres documentos fundamentales, que estar\u00e1n disponibles para su consulta y descarga en esta p\u00e1gina:<\/span><\/p>\n<ol>\n<li><span style=\"font-size: 10pt;color: #000000\"><strong>Proyecto Educativo:<\/strong><\/span><br \/>\n<span style=\"font-size: 10pt;color: #000000\">Define los objetivos, los valores, las se\u00f1as de identidad de nuestro centro y las estrategias pedag\u00f3gicas que aplicamos para alcanzarlos.<\/span><\/li>\n<li><span style=\"font-size: 10pt;color: #000000\"><strong>Reglamento de Organizaci\u00f3n y Funcionamiento (ROF):<\/strong><\/span><br \/>\n<span style=\"font-size: 10pt;color: #000000\">Establece las normas que regulan la convivencia, la organizaci\u00f3n interna y el funcionamiento de todos los sectores de la comunidad educativa.<\/span><\/li>\n<li><span style=\"font-size: 10pt;color: #000000\"><strong>Proyecto de Gesti\u00f3n:<\/strong><\/span><br \/>\n<span style=\"font-size: 10pt;color: #000000\">Detalla los aspectos econ\u00f3micos, materiales y administrativos que garantizan el buen desarrollo de la actividad educativa.<\/span><\/li>\n<\/ol>\n<h4><span style=\"font-size: 12pt;color: #000000\"><strong>Consulta y descarga<\/strong><\/span><\/h4>\n<p><span style=\"font-size: 10pt;color: #000000\">A continuaci\u00f3n, puedes acceder a los documentos oficiales del <strong>Plan de Centro 2024\/2025<\/strong>.<\/span><br \/>\n<span style=\"font-size: 10pt;color: #000000\">Haz clic en los enlaces para consultar o descargar cada uno de ellos:<\/span><\/p>\n<ul>\n<li><span style=\"font-size: 10pt;color: #000000\">Proyecto Educativo 2024\/2025 (PDF) <a style=\"color: #000000\" href=\"https:\/\/drive.google.com\/file\/d\/1Hg_92ZVInfTi5wTGXt88lOQQL6DHIwIv\/view?usp=sharing\">(enlace aqu\u00ed)<\/a><\/span><\/li>\n<li><span style=\"font-size: 10pt;color: #000000\">Reglamento de Organizaci\u00f3n y Funcionamiento 2024\/2025 (PDF)&nbsp;<a style=\"color: #000000\" href=\"https:\/\/drive.google.com\/file\/d\/1aeiiWWeSnFFkyrcioDTdvFQiY1djD9Yn\/view?usp=sharing\">(enlace aqu\u00ed)<\/a><\/span><\/li>\n<li><span style=\"font-size: 10pt;color: #000000\">Proyecto de Gesti\u00f3n 2024\/2025 (PDF)&nbsp;<a style=\"color: #000000\" href=\"https:\/\/drive.google.com\/file\/d\/1h8lryPji5Xm2JHYm6I8L7ort5me7kR3-\/view?usp=sharing\">(enlace aqu\u00ed)<\/a><\/span><\/li>\n<\/ul>\n<h4>&nbsp;<\/h4>\n<h4><span style=\"font-size: 12pt;color: #000000\"><strong>Compromiso con la mejora continua<\/strong><\/span><\/h4>\n<h4><span style=\"font-size: 10pt;color: #000000\">En el CEIP Fuente Alegre, creemos firmemente en la necesidad de revisar y actualizar nuestros planes para adaptarnos a los cambios y mejorar cada d\u00eda. Por ello, agradecemos las aportaciones y sugerencias de todas las familias, docentes y dem\u00e1s miembros de la comunidad educativa.<\/span><\/h4>\n","protected":false},"excerpt":{"rendered":"<p>En el CEIP Fuente Alegre, trabajamos cada curso escolar para ofrecer a nuestro alumnado una educaci\u00f3n integral, de calidad y adaptada a sus necesidades. Nuestro Plan de Centro es el documento que recoge los principios organizativos, pedag\u00f3gicos y de gesti\u00f3n que gu\u00edan nuestro proyecto educativo. Este plan, elaborado y revisado con la participaci\u00f3n de toda [&hellip;]<\/p>\n","protected":false},"author":10626,"featured_media":0,"parent":0,"menu_order":0,"comment_status":"closed","ping_status":"closed","template":"","meta":{"_et_pb_use_builder":"","_et_pb_old_content":"","_et_gb_content_width":"","ngg_post_thumbnail":0,"footnotes":""},"aioseo_notices":[],"_links":{"self":[{"href":"https:\/\/blogsaverroes.juntadeandalucia.es\/ceipfuentealegre\/wp-json\/wp\/v2\/pages\/2170"}],"collection":[{"href":"https:\/\/blogsaverroes.juntadeandalucia.es\/ceipfuentealegre\/wp-json\/wp\/v2\/pages"}],"about":[{"href":"https:\/\/blogsaverroes.juntadeandalucia.es\/ceipfuentealegre\/wp-json\/wp\/v2\/types\/page"}],"author":[{"embeddable":true,"href":"https:\/\/blogsaverroes.juntadeandalucia.es\/ceipfuentealegre\/wp-json\/wp\/v2\/users\/10626"}],"replies":[{"embeddable":true,"href":"https:\/\/blogsaverroes.juntadeandalucia.es\/ceipfuentealegre\/wp-json\/wp\/v2\/comments?post=2170"}],"version-history":[{"count":2,"href":"https:\/\/blogsaverroes.juntadeandalucia.es\/ceipfuentealegre\/wp-json\/wp\/v2\/pages\/2170\/revisions"}],"predecessor-version":[{"id":2219,"href":"https:\/\/blogsaverroes.juntadeandalucia.es\/ceipfuentealegre\/wp-json\/wp\/v2\/pages\/2170\/revisions\/2219"}],"wp:attachment":[{"href":"https:\/\/blogsaverroes.juntadeandalucia.es\/ceipfuentealegre\/wp-json\/wp\/v2\/media?parent=2170"}],"curies":[{"name":"wp","href":"https:\/\/api.w.org\/{rel}","templated":true}]}}