{"id":2124,"date":"2016-02-03T12:04:05","date_gmt":"2016-02-03T12:04:05","guid":{"rendered":"http:\/\/blogsaverroes.juntadeandalucia.es\/ceipfuentedelbaden\/?page_id=2124"},"modified":"2025-01-21T10:07:58","modified_gmt":"2025-01-21T09:07:58","slug":"nuestra-biblioteca","status":"publish","type":"page","link":"https:\/\/blogsaverroes.juntadeandalucia.es\/ceipfuentedelbaden\/nuestra-biblioteca\/","title":{"rendered":"PREX"},"content":{"rendered":"<div class=\"page-title pad group\">\n<h1 style=\"text-align: center\"><strong>PREX<\/strong>&nbsp;\u2013 <span style=\"color: #000080\">ACOMPA\u00d1AMIENTO ESCOLAR EN LENGUA EXTRANJERA EN PRIMARIA<\/span><\/h1>\n<\/div>\n<div class=\"pad group\">\n<article class=\"group post-3728 page type-page status-publish hentry\">\n<div class=\"entry themeform\">\n<div class=\"separacionCapas\" style=\"text-align: center\"><span style=\"color: #339966\">&nbsp;El Programa tiene como objetivo el apoyo del aprendizaje de la primera lengua extranjera incidiendo en la comprensi\u00f3n y expresi\u00f3n oral para mejorar la competencia del alumnado.<\/span><\/div>\n<div class=\"separacionCapas\" style=\"text-align: center\"><span style=\"color: #339966\">Est\u00e1 dirigido al alumnado de&nbsp;<strong>1\u00ba a 3\u00ba de Primaria<\/strong>&nbsp;de centros escolares no biling\u00fces.<\/span><\/div>\n<div class=\"separacionCapas\" style=\"text-align: center\"><span style=\"color: #339966\">El Acompa\u00f1amiento se lleva a cabo en horario extraescolar.&nbsp;<\/span><\/div>\n<div>&nbsp;<\/div>\n<div style=\"text-align: center\"><span style=\"text-decoration: underline\"><span style=\"color: #008000\"><strong>El programa PREX se desarrollar\u00e1 en el siguiente horario: Lunes y mi\u00e9rcoles de 17:00 a 18:00<\/strong><\/span><\/span><\/div>\n<\/div>\n<\/article>\n<\/div>\n","protected":false},"excerpt":{"rendered":"<p>PREX&nbsp;\u2013 ACOMPA\u00d1AMIENTO ESCOLAR EN LENGUA EXTRANJERA EN PRIMARIA &nbsp;El Programa tiene como objetivo el apoyo del aprendizaje de la primera lengua extranjera incidiendo en la comprensi\u00f3n y expresi\u00f3n oral para mejorar la competencia del alumnado. Est\u00e1 dirigido al alumnado de&nbsp;1\u00ba a 3\u00ba de Primaria&nbsp;de centros escolares no biling\u00fces. El Acompa\u00f1amiento se lleva a cabo en &hellip; <\/p>\n<p class=\"link-more\"><a href=\"https:\/\/blogsaverroes.juntadeandalucia.es\/ceipfuentedelbaden\/nuestra-biblioteca\/\" class=\"more-link\">Continuar leyendo<span class=\"screen-reader-text\"> \u00abPREX\u00bb<\/span><\/a><\/p>\n","protected":false},"author":1990,"featured_media":0,"parent":0,"menu_order":0,"comment_status":"open","ping_status":"open","template":"","meta":{"ngg_post_thumbnail":0,"footnotes":"","_mc_calendar":[]},"aioseo_notices":[],"_links":{"self":[{"href":"https:\/\/blogsaverroes.juntadeandalucia.es\/ceipfuentedelbaden\/wp-json\/wp\/v2\/pages\/2124"}],"collection":[{"href":"https:\/\/blogsaverroes.juntadeandalucia.es\/ceipfuentedelbaden\/wp-json\/wp\/v2\/pages"}],"about":[{"href":"https:\/\/blogsaverroes.juntadeandalucia.es\/ceipfuentedelbaden\/wp-json\/wp\/v2\/types\/page"}],"author":[{"embeddable":true,"href":"https:\/\/blogsaverroes.juntadeandalucia.es\/ceipfuentedelbaden\/wp-json\/wp\/v2\/users\/1990"}],"replies":[{"embeddable":true,"href":"https:\/\/blogsaverroes.juntadeandalucia.es\/ceipfuentedelbaden\/wp-json\/wp\/v2\/comments?post=2124"}],"version-history":[{"count":6,"href":"https:\/\/blogsaverroes.juntadeandalucia.es\/ceipfuentedelbaden\/wp-json\/wp\/v2\/pages\/2124\/revisions"}],"predecessor-version":[{"id":7340,"href":"https:\/\/blogsaverroes.juntadeandalucia.es\/ceipfuentedelbaden\/wp-json\/wp\/v2\/pages\/2124\/revisions\/7340"}],"wp:attachment":[{"href":"https:\/\/blogsaverroes.juntadeandalucia.es\/ceipfuentedelbaden\/wp-json\/wp\/v2\/media?parent=2124"}],"curies":[{"name":"wp","href":"https:\/\/api.w.org\/{rel}","templated":true}]}}